{"id":11927,"date":"2023-08-09T19:31:33","date_gmt":"2023-08-09T19:31:33","guid":{"rendered":"https:\/\/www.theirvinglawfirm.com\/?page_id=11927"},"modified":"2024-02-29T03:55:56","modified_gmt":"2024-02-29T03:55:56","slug":"como-se-decide-la-custodia-de-los-hijos-en-un-divorcio-en-virginia","status":"publish","type":"page","link":"https:\/\/www.theirvinglawfirm.com\/es\/areas-de-practica\/derecho-de-familia\/abogado-de-divorcio\/como-se-decide-la-custodia-de-los-hijos-en-un-divorcio-en-virginia\/","title":{"rendered":"\u00bfC\u00f3mo Se Decide La Custodia De Los Hijos En Un Divorcio En Virginia?"},"content":{"rendered":"<p><img decoding=\"async\" class=\"aligncenter wp-image-11942 size-full\" src=\"https:\/\/www.theirvinglawfirm.com\/wp-content\/uploads\/2023\/08\/equilibrio-paternidad-descifrar-la-custodia-de-los-hijos-en-virginia-divorcio.jpg\" alt=\"Determinaci\u00f3n De La Custodia De Los Hijos En El Divorcio De Virginia: Desvelando El Proceso\" width=\"100%\" height=\"801\" srcset=\"https:\/\/www.theirvinglawfirm.com\/wp-content\/uploads\/2023\/08\/equilibrio-paternidad-descifrar-la-custodia-de-los-hijos-en-virginia-divorcio-200x134.jpg 200w, https:\/\/www.theirvinglawfirm.com\/wp-content\/uploads\/2023\/08\/equilibrio-paternidad-descifrar-la-custodia-de-los-hijos-en-virginia-divorcio-300x200.jpg 300w, https:\/\/www.theirvinglawfirm.com\/wp-content\/uploads\/2023\/08\/equilibrio-paternidad-descifrar-la-custodia-de-los-hijos-en-virginia-divorcio-400x267.jpg 400w, https:\/\/www.theirvinglawfirm.com\/wp-content\/uploads\/2023\/08\/equilibrio-paternidad-descifrar-la-custodia-de-los-hijos-en-virginia-divorcio-600x401.jpg 600w, https:\/\/www.theirvinglawfirm.com\/wp-content\/uploads\/2023\/08\/equilibrio-paternidad-descifrar-la-custodia-de-los-hijos-en-virginia-divorcio-768x513.jpg 768w, https:\/\/www.theirvinglawfirm.com\/wp-content\/uploads\/2023\/08\/equilibrio-paternidad-descifrar-la-custodia-de-los-hijos-en-virginia-divorcio-800x534.jpg 800w, https:\/\/www.theirvinglawfirm.com\/wp-content\/uploads\/2023\/08\/equilibrio-paternidad-descifrar-la-custodia-de-los-hijos-en-virginia-divorcio-1024x684.jpg 1024w, https:\/\/www.theirvinglawfirm.com\/wp-content\/uploads\/2023\/08\/equilibrio-paternidad-descifrar-la-custodia-de-los-hijos-en-virginia-divorcio.jpg 1200w\" sizes=\"(max-width: 1200px) 100vw, 1200px\" \/><\/p>\n<p>Crear un plan con los padres puede ser uno de los m\u00e9todos m\u00e1s r\u00e1pidos para resolver una disputa sobre la custodia en el divorcio. Si usted y su ex pareja pueden colaborar y cooperar en cada uno de los t\u00e9rminos de un acuerdo de custodia, el tribunal autorizar\u00e1 su acuerdo si las disposiciones parecen redundar en beneficio del menor.<\/p>\n<p>Si tienen dificultades para llegar a un acuerdo sobre todas las descripciones de la custodia, podr\u00edan considerar la posibilidad de acudir juntos a mediaci\u00f3n.<\/p>\n<p>Supongamos que ya ha solicitado el divorcio, aunque no haya llegado a un acuerdo sobre la custodia. En ese caso, se le obligar\u00e1 a asistir a un programa de orientaci\u00f3n sobre mediaci\u00f3n y es posible que se le indique que participe en la mediaci\u00f3n.<\/p>\n<h2>Tipos De Custodia De Menores<\/h2>\n<p>En <a href=\"https:\/\/es.wikipedia.org\/wiki\/Virginia\" target=\"_blank\" rel=\"noopener\">Virginia<\/a>, existen dos tipos de custodia: F\u00edsica y legal . La custodia legal se refiere a la autoridad de un progenitor para decidir sobre el bienestar de su hijo, como la escolarizaci\u00f3n, las pr\u00e1cticas religiosas y la atenci\u00f3n sanitaria primaria.<\/p>\n<p>Mientras tanto, la custodia f\u00edsica se refiere al progenitor que proporciona al ni\u00f1o la residencia principal. El juez tiene potestad para conceder la custodia legal compartida, la custodia total o una combinaci\u00f3n de ambas.<\/p>\n<h3>Custodia Compartida<\/h3>\n<p>La <a href=\"https:\/\/selfhelp.courts.ca.gov\/es\/que-necesita-saber-sobre-el-tiempo-de-crianza-custodia-de-los-hijos#:~:text=Custodia%20legal%20conjunta%3A%20ambos%20padres,tiene%20este%20derecho%20y%20responsabilidad.\" target=\"_blank\" rel=\"noopener\">custodia legal conjunta<\/a> indica que ambas personas comparten la obligaci\u00f3n y el poder de custodia y supervisi\u00f3n de los hijos. La custodia f\u00edsica conjunta indica que ambos progenitores aceptan una responsabilidad fisiol\u00f3gica y de custodia del menor sustancial, aunque no necesariamente igual.<\/p>\n<h3>Custodia Exclusiva<\/h3>\n<p>La custodia legal exclusiva indica que s\u00f3lo uno de los progenitores tiene supervisi\u00f3n y jurisdicci\u00f3n sobre la custodia y supervisi\u00f3n del menor. La custodia f\u00edsica exclusiva implica que el ni\u00f1o vive con un solo progenitor, estableciendo el progenitor no custodio derechos de visita independientes.<\/p>\n<p>Un progenitor nunca podr\u00eda refutar o limitar los derechos de visita del otro progenitor con los hijos \u00fanicamente porque ese progenitor a\u00fan no ha contribuido a la manutenci\u00f3n de los hijos. La manutenci\u00f3n de los hijos y el derecho de visita son cuestiones jur\u00eddicamente distintas, por lo que ambos progenitores tienen derecho a mantener un contacto significativo con sus hijos.<\/p>\n<p>En lo que respecta a la manutenci\u00f3n de los hijos y el derecho de visita, si uno de los progenitores se niega a conceder al otro el derecho de visita, el progenitor que aporta la manutenci\u00f3n de los hijos no puede utilizar esto como justificaci\u00f3n para retirar o dejar de pagar la manutenci\u00f3n de los hijos.<\/p>\n<h2>Factores Que Afectan A La Custodia De Los Hijos<\/h2>\n<p><img decoding=\"async\" class=\"alignright wp-image-11944 size-full\" src=\"https:\/\/www.theirvinglawfirm.com\/wp-content\/uploads\/2023\/08\/como-se-decide-la-custodia-de-los-hijos-analisis-de-los-factores-determinantes.jpg\" alt=\"Elementos Influyentes En Las Decisiones Sobre La Custodia De Los Hijos: Explorando Los Factores Clave\" width=\"400\" height=\"267\" srcset=\"https:\/\/www.theirvinglawfirm.com\/wp-content\/uploads\/2023\/08\/como-se-decide-la-custodia-de-los-hijos-analisis-de-los-factores-determinantes-200x134.jpg 200w, https:\/\/www.theirvinglawfirm.com\/wp-content\/uploads\/2023\/08\/como-se-decide-la-custodia-de-los-hijos-analisis-de-los-factores-determinantes-300x200.jpg 300w, https:\/\/www.theirvinglawfirm.com\/wp-content\/uploads\/2023\/08\/como-se-decide-la-custodia-de-los-hijos-analisis-de-los-factores-determinantes.jpg 400w\" sizes=\"(max-width: 400px) 100vw, 400px\" \/>Para determinar los derechos de custodia de su hijo se tiene en cuenta su inter\u00e9s superior. El juez debe tener en cuenta diversas variables, como:<\/p>\n<h3>Tutor Principal<\/h3>\n<p>El juez debe saber cu\u00e1l de los progenitores es el principal responsable de los asuntos y actividades cotidianas de los hijos. Abarca lo siguiente:<\/p>\n<ul>\n<li aria-level=\"1\">Edad, estado f\u00edsico y psicol\u00f3gico de cada progenitor.<\/li>\n<\/ul>\n<ul>\n<li aria-level=\"1\">La edad del ni\u00f1o y su situaci\u00f3n psicol\u00f3gica y f\u00edsica, teniendo en cuenta la evoluci\u00f3n de sus necesidades de aprendizaje y desarrollo.<\/li>\n<\/ul>\n<ul>\n<li aria-level=\"1\">Las necesidades del ni\u00f1o, teniendo en cuenta otras relaciones significativas en su vida, como hermanos, amigos y parientes.<\/li>\n<\/ul>\n<ul>\n<li aria-level=\"1\">La capacidad de evaluar y satisfacer adecuadamente las necesidades emocionales, intelectuales y fisiol\u00f3gicas del ni\u00f1o.<\/li>\n<\/ul>\n<ul>\n<li aria-level=\"1\">La capacidad de cada progenitor para cumplir y resolver conflictos relativos a asuntos relacionados con el menor.<\/li>\n<li aria-level=\"1\">La tendencia de cada progenitor a apoyar con entusiasmo la conexi\u00f3n y el estrecho v\u00ednculo del ni\u00f1o con el otro progenitor, incluyendo lo que un progenitor ha rechazado irracionalmente a la otra pareja de los derechos plenos o la custodia compartida con el ni\u00f1o.<\/li>\n<\/ul>\n<h3>La Relaci\u00f3n Entre Padres E Hijos<\/h3>\n<p>Los tribunales tendr\u00e1n que evaluar la conexi\u00f3n entre cada progenitor y los hijos. Esto incluye:<\/p>\n<ul>\n<li aria-level=\"1\">Existe una conexi\u00f3n entre cada progenitor y cada ni\u00f1o, y se presta especial atenci\u00f3n al apoyo eficaz y adecuado en el desarrollo del ni\u00f1o.<\/li>\n<\/ul>\n<ul>\n<li aria-level=\"1\">La implicaci\u00f3n que cada progenitor ha desempe\u00f1ado y desempe\u00f1ar\u00e1 en el bienestar y tratamiento del menor.<\/li>\n<li aria-level=\"1\">La determinaci\u00f3n relativa de cada progenitor y su capacidad demostrada para mantener un v\u00ednculo estrecho y persistente con el hijo.<\/li>\n<\/ul>\n<h3>La Preferencia Razonable Del Ni\u00f1o<\/h3>\n<p>Esta consideraci\u00f3n primordial dirige al juez a considerar la \u00abpreferencia razonable\u00bb del menor para la custodia y los derechos de visita.<\/p>\n<p>Abarca la elecci\u00f3n sensata del menor si el juez considera que el menor est\u00e1 en pleno uso de sus facultades mentales, de comprensi\u00f3n, de edad y de conocimiento para hacer tal elecci\u00f3n.<\/p>\n<p>Los jueces ni siquiera pueden favorecer a un progenitor m\u00e1s que a otro por raz\u00f3n de sexo. En la parte posterior, tienen mucho margen de maniobra cuando se trata de la elecci\u00f3n de la patria potestad, y pueden determinar c\u00f3mo sopesar estos diversos factores. No obstante, los jueces deben exponer las justificaciones de sus elecciones.<\/p>\n<h2>Resumen<\/h2>\n<p>Supongamos que una pareja que se divorcia no puede decidir responsablemente la custodia en inter\u00e9s de sus hijos. Entonces, para determinar la custodia, un tribunal debe intervenir y evaluar indicadores espec\u00edficos. A la hora de elegir la custodia de los hijos entre los progenitores, los jueces tienen en cuenta diversos factores.<\/p>\n<p>No se puede exagerar la implicaci\u00f3n de cada progenitor en el crecimiento del ni\u00f1o. El inter\u00e9s superior del menor suele influir en la decisi\u00f3n sobre la custodia, junto con los numerosos criterios explicados en el\u00a0 <a href=\"https:\/\/law.lis.virginia.gov\/vacode\/title20\/chapter6.1\/section20-124.3\/\" target=\"_blank\" rel=\"noopener\">C\u00f3digo de Virginia 20-124.3.<\/a><\/p>\n<p><a href=\"https:\/\/www.theirvinglawfirm.com\/es\">The Irving Law\u00a0Firm<\/a> podr\u00eda guiarle con las opciones de visitas y custodia de los hijos si est\u00e1 contemplando el divorcio. Los <a href=\"https:\/\/www.theirvinglawfirm.com\/es\/derecho-de-familia\/abogado-de-divorcio\/\">abogados de familia y divorcio<\/a> de la firma han sido un valioso recurso legal en Virginia durante muchos a\u00f1os.<\/p>\n<p>The Irving Law Firm puede ponerle en contacto con un abogado eficiente que le ayudar\u00e1 durante todo el proceso, transmitiendo informaci\u00f3n y trabajando incansablemente para lograr el mejor resultado posible para usted.<\/p>\n<p><a href=\"https:\/\/www.theirvinglawfirm.com\/es\/derecho-de-familia\/abogado-de-divorcio\/como-funciona-la-manutencion-conyugal-en-el-divorcio-de-virginia\/\" target=\"_blank\" rel=\"noopener\">Esta Interesado En: \u00bfC\u00f3mo Funciona La Manutenci\u00f3n Conyugal En El Divorcio De Virginia?<\/a><\/p>\n","protected":false},"excerpt":{"rendered":"<p>Crear un plan con los padres puede ser uno de  [&#8230;]<\/p>\n","protected":false},"author":3,"featured_media":0,"parent":8344,"menu_order":0,"comment_status":"closed","ping_status":"closed","template":"","meta":{"_analytify_skip_tracking":false,"rank_math_title":"Factores Del Divorcio Que Afectan A La Custodia Y El R\u00e9gimen De Visitas De Los Hijos | The Irving Law Firm","rank_math_description":"El inter\u00e9s superior del menor desempe\u00f1a un papel a la hora de determinar la custodia. Siga leyendo para conocer los factores que influyen y maximizar sus posibilidades de obtener la custodia.","rank_math_focus_keyword":"custodia","rank_math_canonical_url":"","footnotes":""},"class_list":["post-11927","page","type-page","status-publish","hentry"],"acf":[],"_links":{"self":[{"href":"https:\/\/www.theirvinglawfirm.com\/es\/wp-json\/wp\/v2\/pages\/11927","targetHints":{"allow":["GET"]}}],"collection":[{"href":"https:\/\/www.theirvinglawfirm.com\/es\/wp-json\/wp\/v2\/pages"}],"about":[{"href":"https:\/\/www.theirvinglawfirm.com\/es\/wp-json\/wp\/v2\/types\/page"}],"author":[{"embeddable":true,"href":"https:\/\/www.theirvinglawfirm.com\/es\/wp-json\/wp\/v2\/users\/3"}],"replies":[{"embeddable":true,"href":"https:\/\/www.theirvinglawfirm.com\/es\/wp-json\/wp\/v2\/comments?post=11927"}],"version-history":[{"count":0,"href":"https:\/\/www.theirvinglawfirm.com\/es\/wp-json\/wp\/v2\/pages\/11927\/revisions"}],"up":[{"embeddable":true,"href":"https:\/\/www.theirvinglawfirm.com\/es\/wp-json\/wp\/v2\/pages\/8344"}],"wp:attachment":[{"href":"https:\/\/www.theirvinglawfirm.com\/es\/wp-json\/wp\/v2\/media?parent=11927"}],"curies":[{"name":"wp","href":"https:\/\/api.w.org\/{rel}","templated":true}]}}