{"id":11913,"date":"2023-08-10T02:09:50","date_gmt":"2023-08-10T02:09:50","guid":{"rendered":"https:\/\/www.theirvinglawfirm.com\/?page_id=11913"},"modified":"2024-03-05T18:20:59","modified_gmt":"2024-03-05T18:20:59","slug":"que-es-un-contrato-de-fideicomiso-revocable","status":"publish","type":"page","link":"https:\/\/www.theirvinglawfirm.com\/es\/areas-de-practica\/abogado-de-planificacion-patrimonial\/que-es-un-contrato-de-fideicomiso-revocable\/","title":{"rendered":"Planificaci\u00f3n Patrimonial: \u00bfQu\u00e9 Es Un Contrato De Fideicomiso Revocable?"},"content":{"rendered":"<p><span style=\"font-weight: 400;\">La <a href=\"https:\/\/economipedia.com\/definiciones\/planificacion-patrimonial.html\" target=\"_blank\" rel=\"noopener\">planificaci\u00f3n patrimonial<\/a> es un proceso necesario que toda persona debe llevar a cabo para garantizar que sus bienes se distribuyan de acuerdo con sus deseos tras su fallecimiento. Implica tomar decisiones sobre diversas cuestiones, como la tutela de hijos menores, el reparto de bienes, la minimizaci\u00f3n de impuestos y la salvaguarda de la intimidad. <\/span><\/p>\n<p><span style=\"font-weight: 400;\">Una herramienta popular de planificaci\u00f3n patrimonial que las personas en Manassas, Virginia, pueden utilizar es un acuerdo de fideicomiso revocable. Este blog explorar\u00e1 un acuerdo de fideicomiso revocable y por qu\u00e9 puede ser una opci\u00f3n valiosa para sus necesidades de planificaci\u00f3n patrimonial.<\/span><\/p>\n<p><img decoding=\"async\" class=\"alignnone size-full wp-image-12158\" src=\"https:\/\/www.theirvinglawfirm.com\/wp-content\/uploads\/2023\/08\/aprenda-mas-sobre-lo-que-es-un-acuerdo-de-fideicomiso-revocable-y-como-un-abogado-de-planificacion-patrimonial-puede-ayudarle.jpg\" alt=\"Aprenda M\u00e1s Sobre Lo Que Es Un Acuerdo De Fideicomiso Revocable Y C\u00f3mo Un Abogado De Planificaci\u00f3n Patrimonial Puede Ayudarle\" width=\"100%\" height=\"978\" srcset=\"https:\/\/www.theirvinglawfirm.com\/wp-content\/uploads\/2023\/08\/aprenda-mas-sobre-lo-que-es-un-acuerdo-de-fideicomiso-revocable-y-como-un-abogado-de-planificacion-patrimonial-puede-ayudarle-200x140.jpg 200w, https:\/\/www.theirvinglawfirm.com\/wp-content\/uploads\/2023\/08\/aprenda-mas-sobre-lo-que-es-un-acuerdo-de-fideicomiso-revocable-y-como-un-abogado-de-planificacion-patrimonial-puede-ayudarle-300x210.jpg 300w, https:\/\/www.theirvinglawfirm.com\/wp-content\/uploads\/2023\/08\/aprenda-mas-sobre-lo-que-es-un-acuerdo-de-fideicomiso-revocable-y-como-un-abogado-de-planificacion-patrimonial-puede-ayudarle-400x279.jpg 400w, https:\/\/www.theirvinglawfirm.com\/wp-content\/uploads\/2023\/08\/aprenda-mas-sobre-lo-que-es-un-acuerdo-de-fideicomiso-revocable-y-como-un-abogado-de-planificacion-patrimonial-puede-ayudarle-600x419.jpg 600w, https:\/\/www.theirvinglawfirm.com\/wp-content\/uploads\/2023\/08\/aprenda-mas-sobre-lo-que-es-un-acuerdo-de-fideicomiso-revocable-y-como-un-abogado-de-planificacion-patrimonial-puede-ayudarle-768x537.jpg 768w, https:\/\/www.theirvinglawfirm.com\/wp-content\/uploads\/2023\/08\/aprenda-mas-sobre-lo-que-es-un-acuerdo-de-fideicomiso-revocable-y-como-un-abogado-de-planificacion-patrimonial-puede-ayudarle-800x559.jpg 800w, https:\/\/www.theirvinglawfirm.com\/wp-content\/uploads\/2023\/08\/aprenda-mas-sobre-lo-que-es-un-acuerdo-de-fideicomiso-revocable-y-como-un-abogado-de-planificacion-patrimonial-puede-ayudarle-1024x715.jpg 1024w, https:\/\/www.theirvinglawfirm.com\/wp-content\/uploads\/2023\/08\/aprenda-mas-sobre-lo-que-es-un-acuerdo-de-fideicomiso-revocable-y-como-un-abogado-de-planificacion-patrimonial-puede-ayudarle-1200x838.jpg 1200w, https:\/\/www.theirvinglawfirm.com\/wp-content\/uploads\/2023\/08\/aprenda-mas-sobre-lo-que-es-un-acuerdo-de-fideicomiso-revocable-y-como-un-abogado-de-planificacion-patrimonial-puede-ayudarle.jpg 1400w\" sizes=\"(max-width: 1400px) 100vw, 1400px\" \/><\/p>\n<h2>\u00bfQu\u00e9 Es Un Contrato De Fideicomiso Revocable?<\/h2>\n<p><span style=\"font-weight: 400;\">Un contrato de fideicomiso revocable es un documento legal que describe c\u00f3mo se gestionar\u00e1n y distribuir\u00e1n los bienes de una persona durante su vida y tras su fallecimiento. Como su nombre indica, puede ser modificado o cancelado por el fideicomitente o el fideicomitente (la persona que crea el fideicomiso) en cualquier momento de su vida. <\/span><\/p>\n<p><span style=\"font-weight: 400;\">El otorgante tambi\u00e9n puede actuar como fideicomisario, lo que significa que mantiene el control sobre los activos del fideicomiso. Cuando el otorgante fallece, el fideicomiso se convierte en irrevocable y un fideicomisario sucesor asume la gesti\u00f3n de los activos del fideicomiso. Un contrato de fideicomiso revocable tiene algunas ventajas.<\/span><\/p>\n<h3>Evitar La Sucesi\u00f3n<\/h3>\n<p><span style=\"font-weight: 400;\">La sucesi\u00f3n es el proceso legal por el que se resuelve el patrimonio de una persona fallecida y se distribuye entre sus herederos. La sucesi\u00f3n puede ser un proceso largo y costoso, y a menudo es necesaria cuando una persona fallece con o sin testamento. Mediante la creaci\u00f3n de un fideicomiso revocable, el otorgante puede transferir sus activos al fideicomiso y evitar por completo el proceso sucesorio. Esto puede ahorrar a los beneficiarios del otorgante tiempo, dinero y frustraci\u00f3n.<\/span><\/p>\n<h3>Privacidad<\/h3>\n<p><span style=\"font-weight: 400;\">Cuando la sucesi\u00f3n de una persona se somete a un proceso sucesorio, los detalles de sus bienes, deudas y beneficiarios pasan a ser de dominio p\u00fablico. La creaci\u00f3n de un contrato de fideicomiso revocable permite al otorgante mantener sus asuntos en privado y fuera del ojo p\u00fablico. Esto puede ser especialmente importante para las personas que valoran su intimidad o temen que posibles acreedores u otras partes accedan a su informaci\u00f3n personal.<\/span><\/p>\n<h3>Flexibilidad<\/h3>\n<p><span style=\"font-weight: 400;\">Un contrato de fideicomiso revocable es una herramienta flexible de planificaci\u00f3n patrimonial que puede adaptarse a las necesidades y objetivos espec\u00edficos de cada persona. El otorgante puede especificar c\u00f3mo se gestionar\u00e1n y distribuir\u00e1n sus activos y cualquier condici\u00f3n o requisito particular que deba cumplirse antes de que un beneficiario pueda recibir su herencia. Adem\u00e1s, el fideicomiso puede modificarse o cancelarse en cualquier momento en vida del otorgante, lo que le permite hacer cambios a medida que cambian sus circunstancias o deseos.<\/span><\/p>\n<h2>C\u00f3mo Crear Un Contrato De Fideicomiso Revocable<\/h2>\n<p><span style=\"font-weight: 400;\">Un contrato de fideicomiso revocable es una valiosa herramienta de planificaci\u00f3n patrimonial. Estos son los pasos para crear uno que sea v\u00e1lido. Consulte a un abogado especializado en planificaci\u00f3n patrimonial para que le asesore sobre c\u00f3mo seguir el proceso correcto.<\/span><\/p>\n<h3>Identificar Activos<\/h3>\n<p><span style=\"font-weight: 400;\">Antes de crear un contrato de fideicomiso revocable, el otorgante debe identificar qu\u00e9 activos desea transferir al fideicomiso. Esto puede incluir bienes inmuebles, cuentas bancarias, cuentas de inversi\u00f3n, intereses empresariales y bienes personales. Con la ayuda de su abogado especializado en planificaci\u00f3n patrimonial, puede hacer una lista para no olvidarse de nada, sobre todo si tiene propiedades en otros estados.<\/span><\/p>\n<h3>Elegir Un Fideicomisario Y Nombrar A Los Beneficiarios<\/h3>\n<p><span style=\"font-weight: 400;\">El otorgante debe elegir un fideicomisario o fideicomisario sucesor para gestionar los activos del fideicomiso tras su fallecimiento. El fideicomisario puede ser un particular, como un familiar o amigo, o un fideicomisario profesional, como un banco o una sociedad fiduciaria. El fideicomitente debe elegir a una persona de su confianza con los conocimientos y la experiencia necesarios para gestionar los activos del fideicomiso.<\/span><\/p>\n<p><span style=\"font-weight: 400;\">Para mantener el control de los bienes y beneficiarse de ellos, el otorgante puede ser el fideicomisario y el beneficiario. Sin embargo, debe haber un fideicomisario sucesor y beneficiarios secundarios a su fallecimiento. Se trata de garantizar que se cumplan los deseos del otorgante en cuanto a la distribuci\u00f3n de los activos del fideicomiso.<\/span><\/p>\n<h3>Redactar El Contrato De Fideicomiso<\/h3>\n<p><span style=\"font-weight: 400;\">El fideicomitente debe redactar el contrato de fideicomiso, en el que se establecen los t\u00e9rminos y condiciones del fideicomiso. Esto puede incluir instrucciones sobre c\u00f3mo se gestionan y distribuyen los activos y cualquier necesidad o requisito espec\u00edfico que deba cumplirse antes de que un beneficiario pueda recibir su herencia. <\/span><\/p>\n<h3>Financiar El Fondo Fiduciario<\/h3>\n<p><span style=\"font-weight: 400;\">Para que un contrato de fideicomiso revocable funcione, el otorgante debe financiarlo transfiri\u00e9ndole activos. Esto puede incluir poner una propiedad inmobiliaria bajo la titularidad del fideicomiso, retitular cuentas bancarias y de inversi\u00f3n a su nombre y transferir otros activos, como herencias familiares, al fideicomiso. Trabajar con un\u00a0<a href=\"https:\/\/www.theirvinglawfirm.com\/es\/abogado-de-planificacion-patrimonial\/\">abogado experto en planificaci\u00f3n patrimonial<\/a> garantiza que se tomen todas las medidas necesarias para financiar el fideicomiso adecuadamente.<\/span><\/p>\n<h3>Revisi\u00f3n Y Actualizaci\u00f3n<\/h3>\n<p><span style=\"font-weight: 400;\">Es esencial revisar y actualizar peri\u00f3dicamente un acuerdo de fideicomiso revocable para que sea v\u00e1lido. Tambi\u00e9n, para asegurarse de que refleja los deseos y circunstancias actuales del otorgante. Los cambios en la din\u00e1mica familiar, la situaci\u00f3n financiera o la legislaci\u00f3n fiscal pueden hacer necesario actualizar el contrato de fideicomiso. Las revisiones y actualizaciones peri\u00f3dicas pueden garantizar que el fideicomiso siga satisfaciendo las necesidades y objetivos del otorgante.<\/span><\/p>\n<h2>Por Qu\u00e9 Necesita The Irving Law Firm<\/h2>\n<p><span style=\"font-weight: 400;\">The Irving Law Firm es una opci\u00f3n de primera clase para las personas que buscan representaci\u00f3n legal para la planificaci\u00f3n del patrimonio y asuntos de sucesi\u00f3n. Con d\u00e9cadas de experiencia y un equipo de abogados dedicado y galardonado, The Irving Law Firm ofrece servicios legales personalizados y completos para satisfacer las necesidades de los clientes. <\/span><\/p>\n<p><span style=\"font-weight: 400;\">The Irving Law Firm tiene las habilidades y conocimientos para ayudar a los clientes a alcanzar sus objetivos de planificaci\u00f3n patrimonial. Con un compromiso con la excelencia y un enfoque en la satisfacci\u00f3n del cliente, The Irving Law Firm es la opci\u00f3n ideal para todas las necesidades de planificaci\u00f3n patrimonial.<\/span><\/p>\n<h2>Resumen<\/h2>\n<p><span style=\"font-weight: 400;\">Un acuerdo de fideicomiso revocable puede ser una valiosa herramienta de planificaci\u00f3n patrimonial para las personas que desean evitar la sucesi\u00f3n, mantener la privacidad y conservar la flexibilidad en sus planes patrimoniales. Trabajar con un abogado con experiencia en planificaci\u00f3n patrimonial en <a href=\"http:\/\/theirvinglawfirm.com\/es\">The Irving Law Firm<\/a> en Manassas, Virginia permite a las personas crear un acuerdo de fideicomiso revocable que satisfaga sus necesidades y objetivos espec\u00edficos. <\/span><\/p>\n<p><span style=\"font-weight: 400;\">Las revisiones y actualizaciones peri\u00f3dicas mantienen la validez del fideicomiso y pueden garantizar que siga cumpliendo los deseos y circunstancias del otorgante. Con una planificaci\u00f3n patrimonial adecuada, las personas pueden asegurarse de que sus bienes se distribuyan de acuerdo con sus deseos y de que sus seres queridos sean atendidos tras su fallecimiento.<\/span><\/p>\n<p><a href=\"https:\/\/www.theirvinglawfirm.com\/es\/abogado-de-planificacion-patrimonial\/cuando-se-necesita-un-fideicomiso-revocable\/\">Investigue M\u00e1s Sobre Planificaci\u00f3n Patrimonial<\/a><\/p>\n","protected":false},"excerpt":{"rendered":"<p>La planificaci\u00f3n patrimonial es un proceso necesario que toda persona  [&#8230;]<\/p>\n","protected":false},"author":3,"featured_media":0,"parent":8797,"menu_order":0,"comment_status":"closed","ping_status":"closed","template":"","meta":{"_analytify_skip_tracking":false,"rank_math_title":"Planificaci\u00f3n Patrimonial: C\u00f3mo Entender Un Acuerdo De Fideicomiso Revocable | The Irving Law Firm","rank_math_description":"Descubra las ventajas de un contrato de fideicomiso revocable para la planificaci\u00f3n del patrimonio. Aprenda c\u00f3mo The Irving Law Firm puede ayudarle a crear un plan de sucesi\u00f3n personalizado.","rank_math_focus_keyword":"fideicomiso revocable","rank_math_canonical_url":"","footnotes":""},"class_list":["post-11913","page","type-page","status-publish","hentry"],"acf":[],"_links":{"self":[{"href":"https:\/\/www.theirvinglawfirm.com\/es\/wp-json\/wp\/v2\/pages\/11913","targetHints":{"allow":["GET"]}}],"collection":[{"href":"https:\/\/www.theirvinglawfirm.com\/es\/wp-json\/wp\/v2\/pages"}],"about":[{"href":"https:\/\/www.theirvinglawfirm.com\/es\/wp-json\/wp\/v2\/types\/page"}],"author":[{"embeddable":true,"href":"https:\/\/www.theirvinglawfirm.com\/es\/wp-json\/wp\/v2\/users\/3"}],"replies":[{"embeddable":true,"href":"https:\/\/www.theirvinglawfirm.com\/es\/wp-json\/wp\/v2\/comments?post=11913"}],"version-history":[{"count":0,"href":"https:\/\/www.theirvinglawfirm.com\/es\/wp-json\/wp\/v2\/pages\/11913\/revisions"}],"up":[{"embeddable":true,"href":"https:\/\/www.theirvinglawfirm.com\/es\/wp-json\/wp\/v2\/pages\/8797"}],"wp:attachment":[{"href":"https:\/\/www.theirvinglawfirm.com\/es\/wp-json\/wp\/v2\/media?parent=11913"}],"curies":[{"name":"wp","href":"https:\/\/api.w.org\/{rel}","templated":true}]}}