{"id":11911,"date":"2023-08-10T02:09:44","date_gmt":"2023-08-10T02:09:44","guid":{"rendered":"https:\/\/www.theirvinglawfirm.com\/?page_id=11911"},"modified":"2024-03-05T18:15:36","modified_gmt":"2024-03-05T18:15:36","slug":"ultima-voluntad-y-testamento","status":"publish","type":"page","link":"https:\/\/www.theirvinglawfirm.com\/es\/areas-de-practica\/abogado-de-planificacion-patrimonial\/ultima-voluntad-y-testamento\/","title":{"rendered":"Conceptos B\u00e1sicos De Planificaci\u00f3n Patrimonial &#8211; \u00bfQu\u00e9 Es Un Testamento?"},"content":{"rendered":"<p><span style=\"font-weight: 400;\">La planificaci\u00f3n patrimonial puede resultar desalentadora para muchas personas, ya que implica decidir c\u00f3mo se distribuir\u00e1n sus bienes tras su fallecimiento. Un documento esencial en la planificaci\u00f3n del patrimonio es la \u00faltima voluntad, com\u00fanmente conocida como \u00abtestamento\u00bb. Un testamento es un documento legal que establece c\u00f3mo se repartir\u00e1n sus bienes, qui\u00e9n se encargar\u00e1 de administrar su patrimonio y qui\u00e9n ser\u00e1 el tutor de sus hijos si son menores. <\/span><\/p>\n<p><span style=\"font-weight: 400;\">Esta entrada del blog explorar\u00e1 los fundamentos de una \u00faltima voluntad y por qu\u00e9 es una parte esencial de la planificaci\u00f3n del patrimonio para las personas en Manassas, Virginia.<\/span><\/p>\n<p><img decoding=\"async\" class=\"alignnone size-full wp-image-12141\" src=\"https:\/\/www.theirvinglawfirm.com\/wp-content\/uploads\/2023\/08\/de-que-trata-un-testamento-y-como-este-documento-puede-ayudarle-legalmente-en-su-toma-de-decisiones.jpg\" alt=\"De Qu\u00e9 Trata Un Testamento Y C\u00f3mo Este Documento Puede Ayudarle Legalmente En Su Toma De Decisiones\" width=\"100%\" height=\"933\" srcset=\"https:\/\/www.theirvinglawfirm.com\/wp-content\/uploads\/2023\/08\/de-que-trata-un-testamento-y-como-este-documento-puede-ayudarle-legalmente-en-su-toma-de-decisiones-200x133.jpg 200w, https:\/\/www.theirvinglawfirm.com\/wp-content\/uploads\/2023\/08\/de-que-trata-un-testamento-y-como-este-documento-puede-ayudarle-legalmente-en-su-toma-de-decisiones-300x200.jpg 300w, https:\/\/www.theirvinglawfirm.com\/wp-content\/uploads\/2023\/08\/de-que-trata-un-testamento-y-como-este-documento-puede-ayudarle-legalmente-en-su-toma-de-decisiones-400x267.jpg 400w, https:\/\/www.theirvinglawfirm.com\/wp-content\/uploads\/2023\/08\/de-que-trata-un-testamento-y-como-este-documento-puede-ayudarle-legalmente-en-su-toma-de-decisiones-600x400.jpg 600w, https:\/\/www.theirvinglawfirm.com\/wp-content\/uploads\/2023\/08\/de-que-trata-un-testamento-y-como-este-documento-puede-ayudarle-legalmente-en-su-toma-de-decisiones-768x512.jpg 768w, https:\/\/www.theirvinglawfirm.com\/wp-content\/uploads\/2023\/08\/de-que-trata-un-testamento-y-como-este-documento-puede-ayudarle-legalmente-en-su-toma-de-decisiones-800x533.jpg 800w, https:\/\/www.theirvinglawfirm.com\/wp-content\/uploads\/2023\/08\/de-que-trata-un-testamento-y-como-este-documento-puede-ayudarle-legalmente-en-su-toma-de-decisiones-1024x682.jpg 1024w, https:\/\/www.theirvinglawfirm.com\/wp-content\/uploads\/2023\/08\/de-que-trata-un-testamento-y-como-este-documento-puede-ayudarle-legalmente-en-su-toma-de-decisiones-1200x800.jpg 1200w, https:\/\/www.theirvinglawfirm.com\/wp-content\/uploads\/2023\/08\/de-que-trata-un-testamento-y-como-este-documento-puede-ayudarle-legalmente-en-su-toma-de-decisiones.jpg 1400w\" sizes=\"(max-width: 1400px) 100vw, 1400px\" \/><\/p>\n<h2>\u00bfQu\u00e9 Es Un Testamento?<\/h2>\n<p><span style=\"font-weight: 400;\">Un<a href=\"https:\/\/es.wikipedia.org\/wiki\/Testamento\" target=\"_blank\" rel=\"noopener\"> testamento<\/a> es un documento legal que establece c\u00f3mo se distribuir\u00e1n los bienes de una persona a su muerte. Permite a una persona nombrar beneficiarios para sus bienes, designar un albacea para gestionar la distribuci\u00f3n de los activos y nombrar un tutor para sus hijos menores. Un testamento tambi\u00e9n puede incluir instrucciones espec\u00edficas para la distribuci\u00f3n de bienes y prever el pago de deudas e impuestos.<\/span><\/p>\n<h3>\u00bfPor Qu\u00e9 Es Importante Un Testamento?<\/h3>\n<p><span style=\"font-weight: 400;\">La creaci\u00f3n de un testamento es crucial para cualquiera que desee controlar c\u00f3mo se distribuyen sus bienes tras su muerte. Si una persona fallece sin testamento, sus bienes se distribuir\u00e1n de acuerdo con la legislaci\u00f3n estatal, que puede no coincidir con sus deseos. <\/span><\/p>\n<p><span style=\"font-weight: 400;\">Adem\u00e1s, un testamento puede aclarar y prevenir posibles conflictos entre los miembros de la familia al definir la distribuci\u00f3n de los bienes y las instrucciones espec\u00edficas para la gesti\u00f3n del patrimonio. Por eso es vital que la planificaci\u00f3n del patrimonio forme parte de la vida de cada uno para proteger el legado y mantener unida a la familia.<\/span><\/p>\n<h3>\u00bfQu\u00e9 Ocurre Si Muere Sin Testamento?<\/h3>\n<p><span style=\"font-weight: 400;\">Si una persona fallece sin testamento, sus bienes se distribuir\u00e1n de acuerdo con la legislaci\u00f3n estatal. Este proceso se denomina \u00absucesi\u00f3n intestada\u00bb. Las normas sobre intestado suelen establecer que los bienes pasen primero al c\u00f3nyuge superviviente y a los hijos, y despu\u00e9s a los padres, hermanos y parientes lejanos. <\/span><\/p>\n<p><span style=\"font-weight: 400;\">Este reparto puede no ajustarse a los deseos de la persona, y puede causar conflictos familiares y retrasos en la distribuci\u00f3n de los bienes. As\u00ed que comience a planificar su patrimonio ahora <a href=\"https:\/\/www.theirvinglawfirm.com\/es\/abogado-de-planificacion-patrimonial\/\">poni\u00e9ndose en contacto con un abogado competente<\/a> en Manassas, Virginia en The Irving Law Firm. Pueden asesorar sobre c\u00f3mo redactar un testamento para garantizar que se cumplan los deseos de las personas cuando fallezcan.<\/span><\/p>\n<h3>\u00bfQu\u00e9 Debe Incluir Un Testamento?<\/h3>\n<p><span style=\"font-weight: 400;\">Un testamento debe incluir la siguiente informaci\u00f3n.<\/span><\/p>\n<ul>\n<li style=\"font-weight: 400;\" aria-level=\"1\"><span style=\"font-weight: 400;\">El nombre del testador (la persona que crea el testamento).<\/span><\/li>\n<li style=\"font-weight: 400;\" aria-level=\"1\"><span style=\"font-weight: 400;\">Una declaraci\u00f3n de que el documento es una \u00faltima voluntad.<\/span><\/li>\n<li style=\"font-weight: 400;\" aria-level=\"1\"><span style=\"font-weight: 400;\">Designaci\u00f3n de un albacea para gestionar el patrimonio y de beneficiarios para heredar los bienes.<\/span><\/li>\n<li style=\"font-weight: 400;\" aria-level=\"1\"><span style=\"font-weight: 400;\">Instrucciones espec\u00edficas para la distribuci\u00f3n de los bienes.<\/span><\/li>\n<li style=\"font-weight: 400;\" aria-level=\"1\"><span style=\"font-weight: 400;\">Disposiciones para el pago de deudas e impuestos, y disposiciones para el cuidado de los hijos menores.<\/span><\/li>\n<li style=\"font-weight: 400;\" aria-level=\"1\"><span style=\"font-weight: 400;\">Un requisito para la distribuci\u00f3n de cualquier activo restante.<\/span><\/li>\n<\/ul>\n<h3>\u00bfQui\u00e9n Puede Otorgar Un Testamento?<\/h3>\n<p><span style=\"font-weight: 400;\">Cualquier persona mayor de 18 a\u00f1os y en pleno uso de sus facultades mentales puede otorgar su \u00faltima voluntad en el marco de la planificaci\u00f3n de su patrimonio. Se recomienda que las personas revisen y actualicen su testamento peri\u00f3dicamente para mantener su validez y asegurarse de que refleja sus deseos y circunstancias actuales.<\/span><\/p>\n<h3>\u00bfQu\u00e9 Ocurre Despu\u00e9s De Otorgar La \u00daltima Voluntad?<\/h3>\n<p><span style=\"font-weight: 400;\">Una vez redactado el testamento, debe conservarse en un lugar seguro y accesible. El albacea testamentario debe ser informado de su funci\u00f3n y responsabilidades. Tras el fallecimiento del testador, el albacea presentar\u00e1 el testamento ante el tribunal testamentario competente de Manassas, Virginia, y gestionar\u00e1 la distribuci\u00f3n de los bienes de acuerdo con las instrucciones recogidas en el testamento.<\/span><\/p>\n<h2>C\u00f3mo Ayuda The Irving Law Firm<\/h2>\n<p><span style=\"font-weight: 400;\">The Irving Law Firm es un equipo galardonado de abogados expertos en planificaci\u00f3n patrimonial que pueden proporcionar la orientaci\u00f3n y apoyo legal necesarios para crear un plan patrimonial completo, incluida una \u00faltima voluntad. El equipo comprende la importancia de la planificaci\u00f3n patrimonial y puede ayudar a los clientes a navegar por las complejidades de la creaci\u00f3n de un testamento. As\u00ed se garantiza que refleje sus deseos y cumpla todos los requisitos legales. <\/span><\/p>\n<p><span style=\"font-weight: 400;\">Ellos pueden ayudar con la revisi\u00f3n y actualizaci\u00f3n de los testamentos existentes para asegurarse de que reflejan los cambios en las circunstancias de un individuo. <a href=\"http:\/\/theirvinglawfirm.com\/es\">The Irving Law Firm<\/a> en Manassas, Virginia, se compromete a proporcionar un servicio personalizado y compasivo a nuestros clientes para ayudarles a alcanzar sus metas de planificaci\u00f3n patrimonial.<\/span><\/p>\n<h2>Resumen<\/h2>\n<p><span style=\"font-weight: 400;\">La creaci\u00f3n de un testamento es una parte fundamental de la planificaci\u00f3n patrimonial que permite a las personas controlar c\u00f3mo se distribuyen sus bienes tras su fallecimiento. Puede aportar claridad y evitar posibles conflictos entre los miembros de la familia. The Irving Law Firm en Manassas, Virginia entiende que la planificaci\u00f3n del patrimonio puede ser abrumadora y est\u00e1 aqu\u00ed para ayudarle a navegar el proceso. P\u00f3ngase en contacto con ellos hoy mismo para programar una consulta y obtener m\u00e1s informaci\u00f3n sobre c\u00f3mo podemos ayudarle con sus necesidades de planificaci\u00f3n patrimonial.<\/span><\/p>\n<p><a href=\"https:\/\/www.theirvinglawfirm.com\/es\/abogado-de-planificacion-patrimonial\/proposito-de-la-planificacion-patrimonial\/\">M\u00e1s Informaci\u00f3n Sobre Planificaci\u00f3n Patrimonial<\/a><\/p>\n","protected":false},"excerpt":{"rendered":"<p>La planificaci\u00f3n patrimonial puede resultar desalentadora para muchas personas, ya  [&#8230;]<\/p>\n","protected":false},"author":3,"featured_media":0,"parent":8797,"menu_order":0,"comment_status":"closed","ping_status":"closed","template":"","meta":{"_analytify_skip_tracking":false,"rank_math_title":"Comprendiendo Un Testamento Y La \u00daltima Voluntad | The Irving Law Firm","rank_math_description":"Conozca los aspectos esenciales de la creaci\u00f3n de un testamento. Descubra por qu\u00e9 es crucial, qu\u00e9 incluir y c\u00f3mo The Irving Law Firm puede ayudarle con la planificaci\u00f3n del patrimonio y \u00faltima voluntad.","rank_math_focus_keyword":"testamento","rank_math_canonical_url":"","footnotes":""},"class_list":["post-11911","page","type-page","status-publish","hentry"],"acf":[],"_links":{"self":[{"href":"https:\/\/www.theirvinglawfirm.com\/es\/wp-json\/wp\/v2\/pages\/11911","targetHints":{"allow":["GET"]}}],"collection":[{"href":"https:\/\/www.theirvinglawfirm.com\/es\/wp-json\/wp\/v2\/pages"}],"about":[{"href":"https:\/\/www.theirvinglawfirm.com\/es\/wp-json\/wp\/v2\/types\/page"}],"author":[{"embeddable":true,"href":"https:\/\/www.theirvinglawfirm.com\/es\/wp-json\/wp\/v2\/users\/3"}],"replies":[{"embeddable":true,"href":"https:\/\/www.theirvinglawfirm.com\/es\/wp-json\/wp\/v2\/comments?post=11911"}],"version-history":[{"count":0,"href":"https:\/\/www.theirvinglawfirm.com\/es\/wp-json\/wp\/v2\/pages\/11911\/revisions"}],"up":[{"embeddable":true,"href":"https:\/\/www.theirvinglawfirm.com\/es\/wp-json\/wp\/v2\/pages\/8797"}],"wp:attachment":[{"href":"https:\/\/www.theirvinglawfirm.com\/es\/wp-json\/wp\/v2\/media?parent=11911"}],"curies":[{"name":"wp","href":"https:\/\/api.w.org\/{rel}","templated":true}]}}