{"id":11910,"date":"2023-08-10T02:09:44","date_gmt":"2023-08-10T02:09:44","guid":{"rendered":"https:\/\/www.theirvinglawfirm.com\/?page_id=11910"},"modified":"2024-03-05T18:17:53","modified_gmt":"2024-03-05T18:17:53","slug":"testamentos-y-designacion-de-beneficiarios","status":"publish","type":"page","link":"https:\/\/www.theirvinglawfirm.com\/es\/areas-de-practica\/abogado-de-planificacion-patrimonial\/testamentos-y-designacion-de-beneficiarios\/","title":{"rendered":"Planificaci\u00f3n Patrimonial: \u00bfEst\u00e1n Sujetas Al Testamento Las Designaciones De Beneficiarios?"},"content":{"rendered":"<p><span style=\"font-weight: 400;\">Muchas personas en Manassas, Virginia, no est\u00e1n seguras de la relaci\u00f3n entre las designaciones de beneficiarios y los testamentos en lo que respecta a <a href=\"https:\/\/economipedia.com\/definiciones\/planificacion-patrimonial.html\" target=\"_blank\" rel=\"noopener\">la planificaci\u00f3n patrimonial<\/a>. Comprender las diferencias y similitudes entre estos dos documentos jur\u00eddicos es crucial. <\/span><\/p>\n<p><span style=\"font-weight: 400;\">Este blog explorar\u00e1 en detalle el tema de las designaciones de beneficiarios y los testamentos, incluidas las diferencias entre ambos y c\u00f3mo se relacionan entre s\u00ed.<\/span><\/p>\n<p><img decoding=\"async\" class=\"alignnone size-full wp-image-12134\" src=\"https:\/\/www.theirvinglawfirm.com\/wp-content\/uploads\/2023\/08\/un-abogado-especializado-en-casos-de-planificacion-patrimonial-le-puede-ayudar-a-comenzar-su-testamento.jpg\" alt=\"Un Abogado Especializado En Casos De Planificaci\u00f3n Patrimonial Le Puede Ayudar A Comenzar Su Testamento\" width=\"100%\" height=\"929\" srcset=\"https:\/\/www.theirvinglawfirm.com\/wp-content\/uploads\/2023\/08\/un-abogado-especializado-en-casos-de-planificacion-patrimonial-le-puede-ayudar-a-comenzar-su-testamento-200x133.jpg 200w, https:\/\/www.theirvinglawfirm.com\/wp-content\/uploads\/2023\/08\/un-abogado-especializado-en-casos-de-planificacion-patrimonial-le-puede-ayudar-a-comenzar-su-testamento-300x199.jpg 300w, https:\/\/www.theirvinglawfirm.com\/wp-content\/uploads\/2023\/08\/un-abogado-especializado-en-casos-de-planificacion-patrimonial-le-puede-ayudar-a-comenzar-su-testamento-400x265.jpg 400w, https:\/\/www.theirvinglawfirm.com\/wp-content\/uploads\/2023\/08\/un-abogado-especializado-en-casos-de-planificacion-patrimonial-le-puede-ayudar-a-comenzar-su-testamento-600x398.jpg 600w, https:\/\/www.theirvinglawfirm.com\/wp-content\/uploads\/2023\/08\/un-abogado-especializado-en-casos-de-planificacion-patrimonial-le-puede-ayudar-a-comenzar-su-testamento-768x510.jpg 768w, https:\/\/www.theirvinglawfirm.com\/wp-content\/uploads\/2023\/08\/un-abogado-especializado-en-casos-de-planificacion-patrimonial-le-puede-ayudar-a-comenzar-su-testamento-800x531.jpg 800w, https:\/\/www.theirvinglawfirm.com\/wp-content\/uploads\/2023\/08\/un-abogado-especializado-en-casos-de-planificacion-patrimonial-le-puede-ayudar-a-comenzar-su-testamento-1024x679.jpg 1024w, https:\/\/www.theirvinglawfirm.com\/wp-content\/uploads\/2023\/08\/un-abogado-especializado-en-casos-de-planificacion-patrimonial-le-puede-ayudar-a-comenzar-su-testamento-1200x796.jpg 1200w, https:\/\/www.theirvinglawfirm.com\/wp-content\/uploads\/2023\/08\/un-abogado-especializado-en-casos-de-planificacion-patrimonial-le-puede-ayudar-a-comenzar-su-testamento.jpg 1400w\" sizes=\"(max-width: 1400px) 100vw, 1400px\" \/><\/p>\n<h2>\u00bfC\u00f3mo Funciona La Designaci\u00f3n De Beneficiarios?<\/h2>\n<p><span style=\"font-weight: 400;\">Las designaciones de beneficiarios son documentos legales que especifican qui\u00e9n recibir\u00e1 determinados activos tras el fallecimiento del titular. Suelen utilizarse para p\u00f3lizas de seguro de vida, cuentas de jubilaci\u00f3n y otras cuentas financieras. Al establecer una designaci\u00f3n de beneficiarios, debe nombrar a un beneficiario o beneficiarios que heredar\u00e1n los bienes en caso de fallecimiento.<\/span><\/p>\n<p><span style=\"font-weight: 400;\">Es esencial mantener actualizadas las designaciones de beneficiarios, sobre todo si se han producido cambios significativos en su vida. Por ejemplo, supongamos que se casa o se divorcia, tiene un hijo o experimenta cualquier otro cambio importante en su vida. En ese caso, es posible que tenga que actualizar sus designaciones de beneficiarios para asegurarse de que sus activos van a la persona adecuada.<\/span><\/p>\n<h2>\u00bfQu\u00e9 Es Un Testamento?<\/h2>\n<p><span style=\"font-weight: 400;\">El testamento es un documento legal que establece c\u00f3mo se distribuir\u00e1n sus bienes en caso de fallecimiento. Se trata de un documento exhaustivo que abarca todos sus bienes, incluida su vivienda, veh\u00edculos, cuentas bancarias, inversiones y propiedades personales. Tambi\u00e9n nombrar\u00e1 a un albacea responsable de gestionar su patrimonio y distribuir sus bienes seg\u00fan sus deseos al fallecer.<\/span><\/p>\n<p><span style=\"font-weight: 400;\">Su testamento es esencial para la planificaci\u00f3n de su patrimonio, ya que explica c\u00f3mo se distribuir\u00e1n sus bienes. Es fundamental mantener actualizado su testamento, sobre todo si experimenta cambios importantes en su vida o en sus bienes.<\/span><\/p>\n<h2>\u00bfEst\u00e1n Sujetas Al Testamento Las Designaciones De Beneficiarios?<\/h2>\n<p><span style=\"font-weight: 400;\">Muchas personas en Manassas, Virginia, asumen que las designaciones de beneficiarios est\u00e1n sujetas a los testamentos, pero este no es el caso. Las designaciones de beneficiarios son documentos legales independientes de los testamentos, y normalmente anulan cualquier instrucci\u00f3n contenida en un testamento.<\/span><\/p>\n<p><span style=\"font-weight: 400;\">Por ejemplo, usted tiene una p\u00f3liza de seguro de vida cuyo beneficiario es su c\u00f3nyuge. Si tambi\u00e9n ha otorgado un testamento en el que deja todos sus bienes a sus hijos, su c\u00f3nyuge seguir\u00e1 recibiendo el producto de la p\u00f3liza de seguro de vida porque la designaci\u00f3n del beneficiario prevalece sobre las instrucciones del testamento.<\/span><\/p>\n<p><span style=\"font-weight: 400;\">Sin embargo, es esencial tener en cuenta que no todas las designaciones de beneficiarios anulan un testamento. En algunos casos, una designaci\u00f3n de beneficiario puede estar sujeta a un testamento si no se ejecuta correctamente o si hay problemas con la designaci\u00f3n.<\/span><\/p>\n<h2>Integraci\u00f3n De Designaciones De Beneficiarios Y Testamentos<\/h2>\n<p><span style=\"font-weight: 400;\">Aunque las designaciones de beneficiarios no est\u00e1n sujetas a los testamentos, garantizar que funcionen a la perfecci\u00f3n es una parte esencial de la planificaci\u00f3n patrimonial. Puede considerar los siguientes pasos para integrar sus designaciones de beneficiarios y su testamento.<\/span><\/p>\n<ul>\n<li style=\"font-weight: 400;\" aria-level=\"1\"><span style=\"font-weight: 400;\">Revise sus designaciones de beneficiarios: Revise peri\u00f3dicamente sus designaciones de beneficiarios para asegurarse de que est\u00e1n actualizadas y reflejan sus deseos.<\/span><\/li>\n<li style=\"font-weight: 400;\" aria-level=\"1\"><span style=\"font-weight: 400;\">Coord\u00ednelo con su testamento: Aseg\u00farese de que sus designaciones de beneficiarios est\u00e9n coordinadas con su testamento para evitar conflictos o confusiones.<\/span><\/li>\n<li style=\"font-weight: 400;\" aria-level=\"1\"><span style=\"font-weight: 400;\">Consulte con un abogado: Un abogado de planificaci\u00f3n patrimonial en Manassas, Virginia, puede garantizar que sus designaciones de beneficiarios y su testamento se ejecuten correctamente y que funcionen juntos a la perfecci\u00f3n.<\/span><\/li>\n<\/ul>\n<h2>C\u00f3mo Puede Guiarle The Irving Law Firm<\/h2>\n<p><span style=\"font-weight: 400;\">Si no est\u00e1 seguro de c\u00f3mo integrar sus designaciones de beneficiarios y su testamento o tiene cualquier otra duda con respecto a su plan de sucesi\u00f3n, The Irving Law Firm en Manassas, Virginia puede guiarle a trav\u00e9s del proceso. Sus galardonados y experimentados abogados pueden ayudarle en la planificaci\u00f3n de su patrimonio para garantizar que sus designaciones de beneficiarios funcionen a la perfecci\u00f3n. <\/span><\/p>\n<p><span style=\"font-weight: 400;\">Pueden revisar su plan de sucesi\u00f3n actual, ayudarle a actualizar las designaciones de beneficiarios y asegurarse de que todos los documentos legales se ejecuten correctamente. Con sus conocimientos, puede estar tranquilo sabiendo que sus bienes se distribuir\u00e1n seg\u00fan sus deseos y que sus seres queridos estar\u00e1n atendidos cuando usted falte.<\/span><\/p>\n<h2>Resumen<\/h2>\n<p><span style=\"font-weight: 400;\">La designaci\u00f3n de beneficiarios y los testamentos son componentes esenciales de cualquier plan sucesorio. Aunque se trata de documentos jur\u00eddicos independientes, es necesario asegurarse de que funcionen juntos a la perfecci\u00f3n para evitar cualquier conflicto o confusi\u00f3n. Revise peri\u00f3dicamente sus designaciones de beneficiarios, coord\u00ednelas con su testamento y consulte a un <a href=\"https:\/\/www.theirvinglawfirm.com\/es\/abogado-de-planificacion-patrimonial\/\">abogado especializado en planificaci\u00f3n patrimonial<\/a> para asegurarse de que sus deseos se cumplen correctamente. <\/span><\/p>\n<p><span style=\"font-weight: 400;\">Tomando estas medidas, puede asegurarse de que sus bienes se distribuyan de acuerdo con sus deseos y de que sus seres queridos est\u00e9n atendidos cuando usted falte. P\u00f3ngase en contacto con<a href=\"http:\/\/theirvinglawfirm.com\/es\"> The Irving Law Firm<\/a> en Manassas, Virginia hoy para asegurar tanto su designaci\u00f3n de beneficiario y trabajar\u00e1 en conjunto para asegurar sus activos y legado.<\/span><\/p>\n<p><a href=\"https:\/\/www.theirvinglawfirm.com\/es\/abogado-de-planificacion-patrimonial\/ultima-voluntad-y-testamento\/\">Conozca M\u00e1s Sobre La Planificaci\u00f3n Patrimonial<\/a><\/p>\n","protected":false},"excerpt":{"rendered":"<p>Muchas personas en Manassas, Virginia, no est\u00e1n seguras de la  [&#8230;]<\/p>\n","protected":false},"author":3,"featured_media":0,"parent":8797,"menu_order":0,"comment_status":"closed","ping_status":"closed","template":"","meta":{"_analytify_skip_tracking":false,"rank_math_title":"Planificaci\u00f3n Patrimonial: Testamentos Y Designaci\u00f3n De Beneficiarios | The Irving Law Firm","rank_math_description":"\u00bfEst\u00e1n sujetas a testamento las designaciones de beneficiarios? Integre estos dos documentos legales para asegurarse de que sus bienes se distribuyen de acuerdo con sus deseos.","rank_math_focus_keyword":"testamento","rank_math_canonical_url":"","footnotes":""},"class_list":["post-11910","page","type-page","status-publish","hentry"],"acf":[],"_links":{"self":[{"href":"https:\/\/www.theirvinglawfirm.com\/es\/wp-json\/wp\/v2\/pages\/11910","targetHints":{"allow":["GET"]}}],"collection":[{"href":"https:\/\/www.theirvinglawfirm.com\/es\/wp-json\/wp\/v2\/pages"}],"about":[{"href":"https:\/\/www.theirvinglawfirm.com\/es\/wp-json\/wp\/v2\/types\/page"}],"author":[{"embeddable":true,"href":"https:\/\/www.theirvinglawfirm.com\/es\/wp-json\/wp\/v2\/users\/3"}],"replies":[{"embeddable":true,"href":"https:\/\/www.theirvinglawfirm.com\/es\/wp-json\/wp\/v2\/comments?post=11910"}],"version-history":[{"count":0,"href":"https:\/\/www.theirvinglawfirm.com\/es\/wp-json\/wp\/v2\/pages\/11910\/revisions"}],"up":[{"embeddable":true,"href":"https:\/\/www.theirvinglawfirm.com\/es\/wp-json\/wp\/v2\/pages\/8797"}],"wp:attachment":[{"href":"https:\/\/www.theirvinglawfirm.com\/es\/wp-json\/wp\/v2\/media?parent=11910"}],"curies":[{"name":"wp","href":"https:\/\/api.w.org\/{rel}","templated":true}]}}