{"id":11909,"date":"2023-08-10T02:09:39","date_gmt":"2023-08-10T02:09:39","guid":{"rendered":"https:\/\/www.theirvinglawfirm.com\/?page_id=11909"},"modified":"2024-03-05T18:11:48","modified_gmt":"2024-03-05T18:11:48","slug":"que-son-los-servicios-de-planificacion-patrimonial","status":"publish","type":"page","link":"https:\/\/www.theirvinglawfirm.com\/es\/areas-de-practica\/abogado-de-planificacion-patrimonial\/que-son-los-servicios-de-planificacion-patrimonial\/","title":{"rendered":"\u00bfQu\u00e9 Son Los Servicios De Planificaci\u00f3n Patrimonial Y Por Qu\u00e9 Los Necesita?"},"content":{"rendered":"<p><span style=\"font-weight: 400;\">La <a href=\"https:\/\/economipedia.com\/definiciones\/planificacion-patrimonial.html\" target=\"_blank\" rel=\"noopener\">planificaci\u00f3n patrimonial<\/a> es una de las decisiones financieras m\u00e1s importantes que puede tomar en su vida. Le permite asegurarse de que sus bienes se entregan de acuerdo con sus deseos tras su fallecimiento y de que sus seres queridos est\u00e1n protegidos. Pero, \u00bfqu\u00e9 son exactamente los servicios de planificaci\u00f3n patrimonial? <\/span><\/p>\n<p><span style=\"font-weight: 400;\">Este blog explorar\u00e1 los diferentes tipos de servicios de planificaci\u00f3n patrimonial disponibles para las personas en Manassas, Virginia, y c\u00f3mo pueden beneficiarle a usted y a su familia.<\/span><\/p>\n<p><img decoding=\"async\" class=\"alignnone size-full wp-image-12117\" src=\"https:\/\/www.theirvinglawfirm.com\/wp-content\/uploads\/2023\/08\/por-que-un-individuo-necesita-comenzar-un-proceso-de-planificacion-patrimonial-en-virginia.jpg\" alt=\"Por Qu\u00e9 Un Individuo Necesita Comenzar Un Proceso De Planificaci\u00f3n Patrimonial En Virginia?\" width=\"100%\" height=\"933\" srcset=\"https:\/\/www.theirvinglawfirm.com\/wp-content\/uploads\/2023\/08\/por-que-un-individuo-necesita-comenzar-un-proceso-de-planificacion-patrimonial-en-virginia-200x133.jpg 200w, https:\/\/www.theirvinglawfirm.com\/wp-content\/uploads\/2023\/08\/por-que-un-individuo-necesita-comenzar-un-proceso-de-planificacion-patrimonial-en-virginia-300x200.jpg 300w, https:\/\/www.theirvinglawfirm.com\/wp-content\/uploads\/2023\/08\/por-que-un-individuo-necesita-comenzar-un-proceso-de-planificacion-patrimonial-en-virginia-400x267.jpg 400w, https:\/\/www.theirvinglawfirm.com\/wp-content\/uploads\/2023\/08\/por-que-un-individuo-necesita-comenzar-un-proceso-de-planificacion-patrimonial-en-virginia-600x400.jpg 600w, https:\/\/www.theirvinglawfirm.com\/wp-content\/uploads\/2023\/08\/por-que-un-individuo-necesita-comenzar-un-proceso-de-planificacion-patrimonial-en-virginia-768x512.jpg 768w, https:\/\/www.theirvinglawfirm.com\/wp-content\/uploads\/2023\/08\/por-que-un-individuo-necesita-comenzar-un-proceso-de-planificacion-patrimonial-en-virginia-800x533.jpg 800w, https:\/\/www.theirvinglawfirm.com\/wp-content\/uploads\/2023\/08\/por-que-un-individuo-necesita-comenzar-un-proceso-de-planificacion-patrimonial-en-virginia-1024x682.jpg 1024w, https:\/\/www.theirvinglawfirm.com\/wp-content\/uploads\/2023\/08\/por-que-un-individuo-necesita-comenzar-un-proceso-de-planificacion-patrimonial-en-virginia-1200x800.jpg 1200w, https:\/\/www.theirvinglawfirm.com\/wp-content\/uploads\/2023\/08\/por-que-un-individuo-necesita-comenzar-un-proceso-de-planificacion-patrimonial-en-virginia.jpg 1400w\" sizes=\"(max-width: 1400px) 100vw, 1400px\" \/><\/p>\n<h2>\u00bfQu\u00e9 Es La Planificaci\u00f3n Patrimonial?<\/h2>\n<p><span style=\"font-weight: 400;\">La planificaci\u00f3n patrimonial consiste en organizar sus bienes, incluidas sus propiedades, finanzas y pertenencias personales, para garantizar que se distribuyan de acuerdo con sus deseos tras su fallecimiento. Un plan sucesorio completo tambi\u00e9n debe abordar cuestiones como qui\u00e9n cuidar\u00e1 de sus hijos menores, qui\u00e9n decidir\u00e1 si usted queda incapacitado y c\u00f3mo le gustar\u00eda que le recordaran.<\/span><\/p>\n<h2>\u00bfQu\u00e9 Son Los Servicios De Planificaci\u00f3n Patrimonial?<\/h2>\n<p><span style=\"font-weight: 400;\">Los servicios de planificaci\u00f3n patrimonial suelen incluir una serie de estrategias y documentos jur\u00eddicos y financieros dise\u00f1ados para ayudarle a alcanzar sus objetivos de planificaci\u00f3n patrimonial. Existen servicios comunes de planificaci\u00f3n patrimonial que puede utilizar.<\/span><\/p>\n<h3>Testamento Y Fideicomisos<\/h3>\n<p><span style=\"font-weight: 400;\">Un testamento es un instrumento legal que define sus deseos sobre el destino de sus bienes tras su fallecimiento. Por el contrario, un fideicomiso es un acuerdo legal que le permite transferir la propiedad de sus activos al fideicomiso. A continuaci\u00f3n, usted nombra a un fideicomisario o fideicomisario sucesor que se encargar\u00e1 de gestionarlos y asignarlos en funci\u00f3n de sus deseos en el momento de su fallecimiento.<\/span><\/p>\n<h3>Poder De Representaci\u00f3n<\/h3>\n<p><span style=\"font-weight: 400;\">Un poder notarial es un instrumento legal que designa a una persona para que tome decisiones en su nombre en situaciones en las que usted no pueda hacerlo. Estas decisiones pueden referirse a sus finanzas, decisiones sanitarias y asuntos personales.<\/span><\/p>\n<h3>Directivas Sanitarias<\/h3>\n<p><span style=\"font-weight: 400;\">Las directrices sanitarias son documentos legales que le permiten especificar sus deseos respecto al tratamiento m\u00e9dico en caso de que no pueda tomar decisiones por s\u00ed mismo. Esto puede incluir instrucciones sobre el tratamiento de soporte vital, la donaci\u00f3n de \u00f3rganos y otras cuestiones relacionadas con el final de la vida.<\/span><\/p>\n<h3>Planificaci\u00f3n Fiscal Del Patrimonio<\/h3>\n<p><span style=\"font-weight: 400;\">La planificaci\u00f3n fiscal del patrimonio es el proceso de minimizar la carga fiscal de su patrimonio tras su fallecimiento. Esto puede incluir estrategias como la donaci\u00f3n, las donaciones ben\u00e9ficas y la creaci\u00f3n de fideicomisos. De este modo, se asegura de que la mayor parte de su patrimonio va a parar a sus leg\u00edtimos beneficiarios.<\/span><\/p>\n<h2>\u00bfPor Qu\u00e9 Debe Recurrir A Los Servicios De Planificaci\u00f3n Patrimonial?<\/h2>\n<p><span style=\"font-weight: 400;\">Hay muchas razones por las que deber\u00eda plantearse recurrir a servicios de planificaci\u00f3n patrimonial. Pero antes de hacerlo, solicite asesoramiento legal para elegir las herramientas adecuadas para usted y su familia, a fin de obtener las diversas ventajas de contar con servicios de planificaci\u00f3n patrimonial.<\/span><\/p>\n<h3>Proteja A Sus Seres Queridos<\/h3>\n<p><span style=\"font-weight: 400;\">Mediante la creaci\u00f3n de un plan de sucesi\u00f3n integral, puede asegurarse de que sus seres queridos est\u00e9n protegidos y atendidos tras su fallecimiento. Esto puede incluir atender a sus necesidades econ\u00f3micas y tomar medidas para su cuidado si son menores o tienen necesidades especiales.<\/span><\/p>\n<h3>Minimizar Impuestos<\/h3>\n<p><span style=\"font-weight: 400;\">La planificaci\u00f3n fiscal del patrimonio puede ayudar a minimizar la carga fiscal de su patrimonio, lo que significa que una mayor parte de sus activos ir\u00e1 a parar a sus beneficiarios en lugar de al gobierno. Herramientas de planificaci\u00f3n patrimonial como los fideicomisos, las donaciones vitalicias y las donaciones ben\u00e9ficas pueden ayudar a minimizar las obligaciones fiscales. <\/span><\/p>\n<p><span style=\"font-weight: 400;\">Los fideicomisos pueden transferir activos a los beneficiarios al tiempo que evitan o reducen los impuestos sobre el patrimonio. Las donaciones en vida permiten a los particulares transferir su patrimonio sin pagar impuestos y mantener el control sobre sus bienes. Las donaciones ben\u00e9ficas a organizaciones ben\u00e9ficas de Manassas, Virginia, tambi\u00e9n pueden minimizar las obligaciones fiscales al permitir que las personas reciban deducciones fiscales por sus donaciones.<\/span><\/p>\n<h3>Evitar La Sucesi\u00f3n<\/h3>\n<p><span style=\"font-weight: 400;\">La sucesi\u00f3n es el proceso legal de distribuci\u00f3n de sus bienes tras su fallecimiento. Puede llevar mucho tiempo y ser costoso, adem\u00e1s de estresante para sus seres queridos. Utilizar los servicios de planificaci\u00f3n patrimonial puede ayudar a sus seres queridos a evitar la sucesi\u00f3n y garantizar una transici\u00f3n m\u00e1s fluida tras su fallecimiento.<\/span><\/p>\n<h3>Garantizar El Cumplimiento De Los Deseos<\/h3>\n<p><span style=\"font-weight: 400;\">La creaci\u00f3n de un plan sucesorio exhaustivo garantiza que se cumplan sus deseos tras su fallecimiento. Esto puede incluir desde qui\u00e9n hereda sus bienes hasta c\u00f3mo quiere que le recuerden.<\/span><\/p>\n<h2>C\u00f3mo The Irving Law Firm Puede Ayudar Con La Planificaci\u00f3n Patrimonial<\/h2>\n<p><span style=\"font-weight: 400;\"><a href=\"http:\/\/theirvinglawfirm.com\/es\">The Irving Law Firm<\/a> en Manassas, Virginia ofrece una amplia gama de servicios de planificaci\u00f3n patrimonial para ayudarle a crear un plan integral que satisfaga sus necesidades y objetivos. Sus galardonados y <a href=\"https:\/\/www.theirvinglawfirm.com\/es\/abogado-de-planificacion-patrimonial\/\">experimentados abogados<\/a> pueden ayudarle con testamentos y fideicomisos, poderes notariales y directivas de asistencia sanitaria, planificaci\u00f3n fiscal del patrimonio y administraci\u00f3n de sucesiones y herencias. <\/span><\/p>\n<p><span style=\"font-weight: 400;\">Adem\u00e1s, ofrecen servicios personalizados de planificaci\u00f3n patrimonial y orientaci\u00f3n para garantizar que se cumplan sus deseos y se proteja a sus seres queridos. P\u00f3ngase en contacto con The Irving Law Firm hoy mismo para saber c\u00f3mo pueden ayudarle con sus necesidades de planificaci\u00f3n patrimonial.<\/span><\/p>\n<h2>Resumen<\/h2>\n<p><span style=\"font-weight: 400;\">Los servicios de planificaci\u00f3n patrimonial son una parte fundamental de la planificaci\u00f3n financiera para todos. Pueden ayudarle a garantizar que sus seres queridos est\u00e9n protegidos y atendidos tras su fallecimiento, a minimizar sus obligaciones fiscales y a cumplir sus deseos. Si a\u00fan no ha creado un plan de sucesi\u00f3n, ahora es el momento. Hable con un abogado experto en planificaci\u00f3n patrimonial de The Irving Law Firm para obtener m\u00e1s informaci\u00f3n sobre sus opciones y crear un plan que satisfaga sus necesidades y objetivos.<\/span><\/p>\n<p><a href=\"https:\/\/www.theirvinglawfirm.com\/es\/abogado-de-planificacion-patrimonial\/testamentos-y-designacion-de-beneficiarios\/\">Inf\u00f3rmese A Fondo Sobre La Planificaci\u00f3n Patrimonial<\/a><\/p>\n","protected":false},"excerpt":{"rendered":"<p>La planificaci\u00f3n patrimonial es una de las decisiones financieras m\u00e1s  [&#8230;]<\/p>\n","protected":false},"author":3,"featured_media":0,"parent":8797,"menu_order":0,"comment_status":"closed","ping_status":"closed","template":"","meta":{"_analytify_skip_tracking":false,"rank_math_title":"Servicios De Planificaci\u00f3n Patrimonial Para Proteger Su Legado | The Irving Law Firm","rank_math_description":"Conozca la importancia de los servicios de planificaci\u00f3n patrimonial y c\u00f3mo The Irving Law Firm puede ayudarle a proteger su legado. P\u00f3ngase en contacto con ellos hoy mismo para recibir orientaci\u00f3n jur\u00eddica.","rank_math_focus_keyword":"planificaci\u00f3n patrimonial","rank_math_canonical_url":"","footnotes":""},"class_list":["post-11909","page","type-page","status-publish","hentry"],"acf":[],"_links":{"self":[{"href":"https:\/\/www.theirvinglawfirm.com\/es\/wp-json\/wp\/v2\/pages\/11909","targetHints":{"allow":["GET"]}}],"collection":[{"href":"https:\/\/www.theirvinglawfirm.com\/es\/wp-json\/wp\/v2\/pages"}],"about":[{"href":"https:\/\/www.theirvinglawfirm.com\/es\/wp-json\/wp\/v2\/types\/page"}],"author":[{"embeddable":true,"href":"https:\/\/www.theirvinglawfirm.com\/es\/wp-json\/wp\/v2\/users\/3"}],"replies":[{"embeddable":true,"href":"https:\/\/www.theirvinglawfirm.com\/es\/wp-json\/wp\/v2\/comments?post=11909"}],"version-history":[{"count":0,"href":"https:\/\/www.theirvinglawfirm.com\/es\/wp-json\/wp\/v2\/pages\/11909\/revisions"}],"up":[{"embeddable":true,"href":"https:\/\/www.theirvinglawfirm.com\/es\/wp-json\/wp\/v2\/pages\/8797"}],"wp:attachment":[{"href":"https:\/\/www.theirvinglawfirm.com\/es\/wp-json\/wp\/v2\/media?parent=11909"}],"curies":[{"name":"wp","href":"https:\/\/api.w.org\/{rel}","templated":true}]}}