{"id":11886,"date":"2023-08-09T19:30:12","date_gmt":"2023-08-09T19:30:12","guid":{"rendered":"https:\/\/www.theirvinglawfirm.com\/?page_id=11886"},"modified":"2024-02-29T04:08:50","modified_gmt":"2024-02-29T04:08:50","slug":"cuanto-demora-un-divorcio-en-virginia","status":"publish","type":"page","link":"https:\/\/www.theirvinglawfirm.com\/es\/areas-de-practica\/derecho-de-familia\/abogado-de-divorcio\/cuanto-demora-un-divorcio-en-virginia\/","title":{"rendered":"\u00bfCu\u00e1nto Tiempo Se Tarda En Divorciarse En Virginia?"},"content":{"rendered":"<p><img decoding=\"async\" class=\"aligncenter wp-image-11894 size-full\" src=\"https:\/\/www.theirvinglawfirm.com\/wp-content\/uploads\/2023\/08\/virginia-divorcio-desvelando-los-trayectos-duracion-y-hitos.jpg\" alt=\"Cronolog\u00eda Del Divorcio En Virginia: Qu\u00e9 Esperar Para La Duraci\u00f3n\" width=\"100%\" height=\"749\" srcset=\"https:\/\/www.theirvinglawfirm.com\/wp-content\/uploads\/2023\/08\/virginia-divorcio-desvelando-los-trayectos-duracion-y-hitos-200x133.jpg 200w, https:\/\/www.theirvinglawfirm.com\/wp-content\/uploads\/2023\/08\/virginia-divorcio-desvelando-los-trayectos-duracion-y-hitos-300x200.jpg 300w, https:\/\/www.theirvinglawfirm.com\/wp-content\/uploads\/2023\/08\/virginia-divorcio-desvelando-los-trayectos-duracion-y-hitos-400x267.jpg 400w, https:\/\/www.theirvinglawfirm.com\/wp-content\/uploads\/2023\/08\/virginia-divorcio-desvelando-los-trayectos-duracion-y-hitos-600x400.jpg 600w, https:\/\/www.theirvinglawfirm.com\/wp-content\/uploads\/2023\/08\/virginia-divorcio-desvelando-los-trayectos-duracion-y-hitos-768x512.jpg 768w, https:\/\/www.theirvinglawfirm.com\/wp-content\/uploads\/2023\/08\/virginia-divorcio-desvelando-los-trayectos-duracion-y-hitos-800x533.jpg 800w, https:\/\/www.theirvinglawfirm.com\/wp-content\/uploads\/2023\/08\/virginia-divorcio-desvelando-los-trayectos-duracion-y-hitos-1024x682.jpg 1024w, https:\/\/www.theirvinglawfirm.com\/wp-content\/uploads\/2023\/08\/virginia-divorcio-desvelando-los-trayectos-duracion-y-hitos.jpg 1124w\" sizes=\"(max-width: 1124px) 100vw, 1124px\" \/><\/p>\n<p>El divorcio puede ser un proceso largo y dif\u00edcil. Si ambas partes pueden llegar a un entendimiento sobre las condiciones de la separaci\u00f3n y renunciar a litigar el asunto, el procedimiento puede ser razonablemente sencillo.<\/p>\n<p>Sin embargo, si las partes implicadas no pueden llegar a un compromiso, aumenta el n\u00famero de medidas que debe tomar. Debe asegurarse de que se cumplen las disposiciones incluso en los casos de acuerdo sin culpa.<\/p>\n<p>La decisi\u00f3n de iniciar los procedimientos de divorcio puede ser intimidante, y la probabilidad de un curso de acci\u00f3n de meses de duraci\u00f3n para cumplirla puede hacer que lo sea a\u00fan m\u00e1s. El <a href=\"https:\/\/www.theirvinglawfirm.com\/es\/derecho-de-familia\/abogado-de-divorcio\/\">experimentado equipo legal<\/a> de The Irving Law Firm est\u00e1 aqu\u00ed para asistirle durante todo el proceso.<\/p>\n<h2>Divorcio De Mutuo Acuerdo<\/h2>\n<p>Un<a href=\"https:\/\/dpej.rae.es\/lema\/divorcio-por-mutuo-acuerdo-o-consentimiento\" target=\"_blank\" rel=\"noopener\"> divorcio de mutuo acuerdo<\/a> se produce una vez que usted y su pareja est\u00e1n de acuerdo con todos los aspectos y condiciones de la disoluci\u00f3n de su matrimonio, como la divisi\u00f3n de bienes, la patria potestad, la manutenci\u00f3n del c\u00f3nyuge y las condiciones de manutenci\u00f3n de los hijos.<\/p>\n<p>El tiempo que se tarda en finalizar un divorcio de mutuo acuerdo depende de la inmediatez con que se llegue a un acuerdo y del tiempo que el tribunal gestione su caso. Abarca todo el proceso que va desde la presentaci\u00f3n inicial y la finalizaci\u00f3n de la duraci\u00f3n de la separaci\u00f3n.<\/p>\n<p>Tras seis meses o un a\u00f1o de separaci\u00f3n, puede finalizar el proceso de divorcio de mutuo acuerdo con razonable rapidez. Su divorcio puede hacerse oficial en uno o dos meses, dependiendo de la rapidez con la que pueda cumplir y firmar un acuerdo legal patrimonial y de la disponibilidad del juez.<\/p>\n<p>Incluso podr\u00eda ser capaz de completarlo sin asistir a una comparecencia ante el tribunal si presenta una declaraci\u00f3n jurada o un testimonio jurado. Si usted y su c\u00f3nyuge tienen pocas o ninguna reserva sobre la conformidad de su divorcio, el tribunal podr\u00eda resolver su situaci\u00f3n en un plazo de entre seis y ocho semanas (<a href=\"https:\/\/www.divorcenet.com\/states\/virginia\/virginia_divorce_law#five\" target=\"_blank\" rel=\"noopener\">divorcio en Virginia<\/a>).<\/p>\n<p>Es importante recordar que redactar, refrendar y presentar cualquier papeleo lleva un tiempo. Puede presentar muchos documentos simult\u00e1neamente; sin embargo, el plazo estar\u00e1 determinado por lo proactiva que sea la otra parte.<\/p>\n<p>Por \u00faltimo, la duraci\u00f3n viene determinada por el tiempo de respuesta de las partes, los abogados y el presidente del tribunal. Usted debe desempe\u00f1ar sistem\u00e1ticamente su papel respondiendo a las consultas de su abogado lo antes posible.<\/p>\n<h2>Divorcio Contencioso<\/h2>\n<p><span style=\"font-weight: 400;\"><img decoding=\"async\" class=\"alignright wp-image-11898 size-full\" src=\"https:\/\/www.theirvinglawfirm.com\/wp-content\/uploads\/2023\/08\/desentranar-complejidades-divorcio-navegar-un-divorcio-confutado.jpg\" alt=\"Navegar Por Las Complejidades: Comprender Un Divorcio Impugnado\" width=\"400\" height=\"277\" srcset=\"https:\/\/www.theirvinglawfirm.com\/wp-content\/uploads\/2023\/08\/desentranar-complejidades-divorcio-navegar-un-divorcio-confutado-200x139.jpg 200w, https:\/\/www.theirvinglawfirm.com\/wp-content\/uploads\/2023\/08\/desentranar-complejidades-divorcio-navegar-un-divorcio-confutado-300x208.jpg 300w, https:\/\/www.theirvinglawfirm.com\/wp-content\/uploads\/2023\/08\/desentranar-complejidades-divorcio-navegar-un-divorcio-confutado.jpg 400w\" sizes=\"(max-width: 400px) 100vw, 400px\" \/><\/span><\/p>\n<p>Debe presentar una demanda de divorcio contencioso si usted y su pareja no pueden decidir si divorciarse o las implicaciones de su disoluci\u00f3n matrimonial. Si su divorcio es impugnado ante los tribunales, debe esperar que la disoluci\u00f3n de su matrimonio dure m\u00e1s de un a\u00f1o.<\/p>\n<p>En primer lugar, debe decidir qu\u00e9 motivos de divorcio va a presentar.<\/p>\n<p>Despu\u00e9s de presentarla, debe esperar a que la parte contraria responda. A continuaci\u00f3n, deber\u00e1 someterse al proceso de proposici\u00f3n de prueba, que puede durar varios meses, adem\u00e1s de fijar las fechas del juicio ante el tribunal.<\/p>\n<p>Sea cual sea el motivo de su divorcio, podr\u00eda verse obligado a estar separado durante un a\u00f1o. Tanto si no es necesaria la separaci\u00f3n como si no, el procedimiento puede llevar mucho tiempo.<\/p>\n<p>Cada causa de una falta requiere pruebas. Esto hace las cosas m\u00e1s complejas y desafiantes, sin embargo, podr\u00eda ser ventajoso en litigios relativos a la pensi\u00f3n alimenticia impugnada o bienes conyugales.<\/p>\n<p>Los abogados expertos de The Irving Law Firm est\u00e1n aqu\u00ed para guiarle a trav\u00e9s de los procedimientos y responder a sus preguntas.<\/p>\n<p>Si usted y su pareja aprobaron un acuerdo prenupcial, podr\u00eda ayudar a agilizar la divisi\u00f3n de los bienes y las condiciones de la pensi\u00f3n alimenticia. Un acuerdo prenupcial puede reconocer la custodia de los hijos.<\/p>\n<p>A\u00fan as\u00ed, el juez del tribunal de familia puede no aplicar un acuerdo prenupcial si determina que ya no es apropiado en las situaciones que se han revelado al tribunal.<\/p>\n<p>El tribunal puede iniciar el procedimiento de divorcio con relativa rapidez. No obstante, vale la pena detenerse a pensar por qu\u00e9 tiene tanta prisa. Aunque haya deseado independizarse f\u00edsica y psicol\u00f3gicamente de su c\u00f3nyuge de inmediato, el divorcio es una decisi\u00f3n que debe meditar a fondo.<\/p>\n<h2>Resumen<\/h2>\n<p>Virginia no tiene un periodo de gracia legal antes de que un tribunal de justicia conceda su sentencia de divorcio completa. La duracion de su divorcio variara segun su caso particular.<\/p>\n<p>Cuando usted solicita un divorcio no disputado en Virginia, deberia tener exito en obtener su sentencia final de divorcio poco despues de presentar toda la documentacion necesaria. Si se trata de un divorcio impugnado, deber\u00e1 cumplir muchas fases judiciales, que pueden prolongarse durante meses.<\/p>\n<p>Y si usted y su c\u00f3nyuge no consiguen llegar a un entendimiento en un momento determinado del proceso, acudir a los tribunales le llevar\u00e1 a\u00fan m\u00e1s tiempo. El divorcio puede ser un reto, pero un abogado adecuado puede guiarle. <a href=\"https:\/\/www.theirvinglawfirm.com\/es\" target=\"_blank\" rel=\"noopener\">The Irving Law Firm<\/a> puede ayudarle a navegar por el proceso y apoyarle durante este estresante periodo.<\/p>\n<p>Los abogados de The Irving Law Firm son litigantes altamente experimentados y h\u00e1biles en casos de derecho de familia y divorcio. El equipo legal de la firma est\u00e1 aqu\u00ed para ayudarle a determinar qu\u00e9 curso de acci\u00f3n es ideal para usted.<\/p>\n<p>La firma tiene como objetivo ayudarle a lograr el resultado \u00f3ptimo de sus condiciones. Usted puede confiar en que su asesor legal le puede ayudar en la custodia de sus hijos y bienes conyugales y disminuir su responsabilidad financiera por cualquier saldo pendiente que tengan como pareja. \u00a1P\u00f3ngase en contacto con The Irving Law Firm hoy mismo!<\/p>\n<p><a href=\"https:\/\/www.theirvinglawfirm.com\/es\/derecho-de-familia\/abogado-de-divorcio\/como-se-decide-la-custodia-de-los-hijos-en-un-divorcio-en-virginia\/\" target=\"_blank\" rel=\"noopener\">Lea Tambi\u00e9n Esto: \u00bfc\u00f3mo Se Decide La Custodia De Los Hijos En Un Divorcio En Virginia?<\/a><\/p>\n","protected":false},"excerpt":{"rendered":"<p>El divorcio puede ser un proceso largo y dif\u00edcil. Si  [&#8230;]<\/p>\n","protected":false},"author":3,"featured_media":0,"parent":8344,"menu_order":0,"comment_status":"closed","ping_status":"closed","template":"","meta":{"_analytify_skip_tracking":false,"rank_math_title":"Duraci\u00f3n Y Condiciones Del Proceso De Divorcio En Virginia | The Irving Law Firm","rank_math_description":"Una vez que haya decidido divorciarse, querr\u00e1 que la soluci\u00f3n sea lo m\u00e1s sencilla posible. Conoce estos factores que determinan la duraci\u00f3n del divorcio.","rank_math_focus_keyword":"divorcio","rank_math_canonical_url":"","footnotes":""},"class_list":["post-11886","page","type-page","status-publish","hentry"],"acf":[],"_links":{"self":[{"href":"https:\/\/www.theirvinglawfirm.com\/es\/wp-json\/wp\/v2\/pages\/11886","targetHints":{"allow":["GET"]}}],"collection":[{"href":"https:\/\/www.theirvinglawfirm.com\/es\/wp-json\/wp\/v2\/pages"}],"about":[{"href":"https:\/\/www.theirvinglawfirm.com\/es\/wp-json\/wp\/v2\/types\/page"}],"author":[{"embeddable":true,"href":"https:\/\/www.theirvinglawfirm.com\/es\/wp-json\/wp\/v2\/users\/3"}],"replies":[{"embeddable":true,"href":"https:\/\/www.theirvinglawfirm.com\/es\/wp-json\/wp\/v2\/comments?post=11886"}],"version-history":[{"count":0,"href":"https:\/\/www.theirvinglawfirm.com\/es\/wp-json\/wp\/v2\/pages\/11886\/revisions"}],"up":[{"embeddable":true,"href":"https:\/\/www.theirvinglawfirm.com\/es\/wp-json\/wp\/v2\/pages\/8344"}],"wp:attachment":[{"href":"https:\/\/www.theirvinglawfirm.com\/es\/wp-json\/wp\/v2\/media?parent=11886"}],"curies":[{"name":"wp","href":"https:\/\/api.w.org\/{rel}","templated":true}]}}