{"id":11817,"date":"2023-08-09T19:28:57","date_gmt":"2023-08-09T19:28:57","guid":{"rendered":"https:\/\/www.theirvinglawfirm.com\/?page_id=11817"},"modified":"2024-02-29T03:49:27","modified_gmt":"2024-02-29T03:49:27","slug":"pautas-de-manutencion-infantil-en-virginia","status":"publish","type":"page","link":"https:\/\/www.theirvinglawfirm.com\/es\/areas-de-practica\/derecho-de-familia\/abogado-de-divorcio\/pautas-de-manutencion-infantil-en-virginia\/","title":{"rendered":"\u00bfCu\u00e1les Son Las Pautas De Manutenci\u00f3n Infantil En Virginia?"},"content":{"rendered":"<p><img decoding=\"async\" class=\"aligncenter wp-image-11857 size-full\" src=\"https:\/\/www.theirvinglawfirm.com\/wp-content\/uploads\/2023\/08\/manutencion-de-los-hijos-virginia-descifrar-las-directrices-para-la-atencion-financiera.jpg\" alt=\"Comprender Las Pautas De Manutenci\u00f3n Infantil En Virginia: Una Visi\u00f3n General\" width=\"100%\" height=\"749\" srcset=\"https:\/\/www.theirvinglawfirm.com\/wp-content\/uploads\/2023\/08\/manutencion-de-los-hijos-virginia-descifrar-las-directrices-para-la-atencion-financiera-200x133.jpg 200w, https:\/\/www.theirvinglawfirm.com\/wp-content\/uploads\/2023\/08\/manutencion-de-los-hijos-virginia-descifrar-las-directrices-para-la-atencion-financiera-300x200.jpg 300w, https:\/\/www.theirvinglawfirm.com\/wp-content\/uploads\/2023\/08\/manutencion-de-los-hijos-virginia-descifrar-las-directrices-para-la-atencion-financiera-400x267.jpg 400w, https:\/\/www.theirvinglawfirm.com\/wp-content\/uploads\/2023\/08\/manutencion-de-los-hijos-virginia-descifrar-las-directrices-para-la-atencion-financiera-600x400.jpg 600w, https:\/\/www.theirvinglawfirm.com\/wp-content\/uploads\/2023\/08\/manutencion-de-los-hijos-virginia-descifrar-las-directrices-para-la-atencion-financiera-768x512.jpg 768w, https:\/\/www.theirvinglawfirm.com\/wp-content\/uploads\/2023\/08\/manutencion-de-los-hijos-virginia-descifrar-las-directrices-para-la-atencion-financiera-800x533.jpg 800w, https:\/\/www.theirvinglawfirm.com\/wp-content\/uploads\/2023\/08\/manutencion-de-los-hijos-virginia-descifrar-las-directrices-para-la-atencion-financiera-1024x682.jpg 1024w, https:\/\/www.theirvinglawfirm.com\/wp-content\/uploads\/2023\/08\/manutencion-de-los-hijos-virginia-descifrar-las-directrices-para-la-atencion-financiera.jpg 1124w\" sizes=\"(max-width: 1124px) 100vw, 1124px\" \/><\/p>\n<p>En Manassas, Virginia, ambos padres deben mantener a sus hijos, est\u00e9n casados o divorciados. Las <a href=\"https:\/\/selfhelp.courts.ca.gov\/es\/manutencion-de-los-hijos\" target=\"_blank\" rel=\"noopener\">pautas de manutenci\u00f3n de los hijos<\/a> se calculan seg\u00fan los ingresos combinados de los padres biol\u00f3gicos.<\/p>\n<p>El salario bruto de ambos padres se suma para calcular los ingresos familiares. La manutenci\u00f3n de otros hijos, la pensi\u00f3n alimenticia, as\u00ed como determinadas prestaciones estatales, pueden deducirse de los ingresos brutos de uno de los progenitores.<\/p>\n<p>La tabla estatal muestra la cantidad que podr\u00edan reservarse los progenitores con distintos niveles de ingresos mensuales para las responsabilidades de manutenci\u00f3n de los hijos en hogares con uno a seis hijos. El gasto del seguro m\u00e9dico y los gastos de guarder\u00eda relacionados con el trabajo tambi\u00e9n se tienen en cuenta en el c\u00e1lculo de la manutenci\u00f3n.<\/p>\n<p>La familia queda fuera de la tabla si los ingresos acumulados del hogar superan los 35.000 $ mensuales. En ese caso, la manutenci\u00f3n se basar\u00e1 en el porcentaje de sus ingresos. Seg\u00fan las <a href=\"https:\/\/law.lis.virginia.gov\/vacode\/title20\/chapter6\/section20-108.2\/\" target=\"_blank\" rel=\"noopener\">directrices<\/a>, oscilar\u00e1 entre el 2,6% por un hijo y el 5% por seis hijos.<\/p>\n<p>La responsabilidad \u00faltima de la manutenci\u00f3n de los hijos se divide entre los progenitores en funci\u00f3n de sus ingresos. Por ejemplo, si uno de los progenitores gana el 60% de los ingresos familiares combinados, ser\u00e1 responsable del 60% de la pensi\u00f3n alimenticia.<\/p>\n<p>El pago se calcula en funci\u00f3n del acuerdo de custodia de los hijos. Adem\u00e1s, el progenitor que no tiene la custodia tambi\u00e9n pagar\u00eda al progenitor que tiene la custodia la manutenci\u00f3n de los hijos cada mes. Ese mismo progenitor tambi\u00e9n es responsable de una parte de los gastos dentales y m\u00e9dicos razonables y necesarios no reembolsados.<\/p>\n<h2>\u00bfCu\u00e1l Es El Progenitor Responsable Del Pago De La Pensi\u00f3n Alimenticia?<\/h2>\n<p><img decoding=\"async\" class=\"alignleft wp-image-11860 size-full\" src=\"https:\/\/www.theirvinglawfirm.com\/wp-content\/uploads\/2023\/08\/manutencion-de-los-hijos-responsabilidades-desvinculacion-parental-compromisos-financieros.jpg\" alt=\"Determinaci\u00f3n De La Responsabilidad Alimenticia De Los Hijos: Obligaciones Econ\u00f3micas De Los Padres\" width=\"300\" height=\"200\" srcset=\"https:\/\/www.theirvinglawfirm.com\/wp-content\/uploads\/2023\/08\/manutencion-de-los-hijos-responsabilidades-desvinculacion-parental-compromisos-financieros-200x133.jpg 200w, https:\/\/www.theirvinglawfirm.com\/wp-content\/uploads\/2023\/08\/manutencion-de-los-hijos-responsabilidades-desvinculacion-parental-compromisos-financieros.jpg 300w\" sizes=\"(max-width: 300px) 100vw, 300px\" \/><\/p>\n<p>Una vez que tenga un valor aproximado de la manutenci\u00f3n de su hijo, no significa que uno de los progenitores deba pagar todo el importe. Tenga en cuenta que cada progenitor aporta la parte que le corresponde.<\/p>\n<p>Su acuerdo de custodia determina la forma en que se divide el dinero. La manutenci\u00f3n de los hijos se reparte en base a un porcentaje de lo que cada progenitor aporta a los ingresos combinados en el caso de un \u00abacuerdo de custodia exclusiva\u00bb, lo que significa que el hijo vive con uno de los progenitores a tiempo completo.<\/p>\n<p>Las directrices de Manassas, Virginia, tambien proporcionan formas de determinar la manutencion de los hijos en dos casos significativos: \u00abcustodia dividida\u00bb y \u00abcustodia compartida\u00bb. Cuando los padres tienen mas de un hijo, se produce la custodia dividida, y cada padre debe tener la custodia de al menos uno de los hijos. Por el contrario, la pauta de custodia compartida se utiliza si los padres tienen m\u00e1s de 90 d\u00edas al a\u00f1o. (C\u00f3digo de Va. \u00a7 20-108.2)<\/p>\n<h3>Modificaci\u00f3n De La Orden De Manutenci\u00f3n De Los Hijos En Virginia<\/h3>\n<p>Naturalmente, usted tiene el privilegio de solicitar una evaluaci\u00f3n de su orden de manutenci\u00f3n por el DSS de Virginia cada tres a\u00f1os. Si su orden fue ingresada, revisada o modificada en los \u00faltimos tres a\u00f1os, a\u00fan podr\u00eda evaluar bajo las siguientes circunstancias particulares:<\/p>\n<ul>\n<li aria-level=\"1\">Al menos el 25% de los ingresos de uno de los progenitores ha cambiado.<\/li>\n<li aria-level=\"1\">La cobertura sanitaria ha aumentado o disminuido en un 25%.<\/li>\n<li aria-level=\"1\">La actual orden de pensi\u00f3n alimenticia no prev\u00e9 el pago de los gastos dentales o sanitarios no reembolsados.<\/li>\n<li aria-level=\"1\">El gasto sanitario diario relacionado con el trabajo ha aumentado al menos un 25%.<\/li>\n<li aria-level=\"1\">Hay que a\u00f1adir o quitar un hijo del pedido.<\/li>\n<li aria-level=\"1\">Debido a una modificaci\u00f3n de la custodia f\u00edsica o una vez que el hijo se emancip\u00f3 legalmente, uno de los hijos cubiertos por la orden ya no tiene derecho a la manutenci\u00f3n continuada.<\/li>\n<\/ul>\n<p>Si la revisi\u00f3n determina que sus circunstancias hacen necesario modificar la cuant\u00eda de la ayuda, el Departamento de Servicios Sociales de Virginia (DSS) puede presentar una solicitud de modificaci\u00f3n ante el tribunal. Las familias tambi\u00e9n pueden presentar sus peticiones de modificaci\u00f3n. En cualquiera de los casos, el juez s\u00f3lo ordenar\u00e1 una revisi\u00f3n si considera que un cambio de circunstancias lo justifica.<\/p>\n<p>El divorcio es un proceso complicado, y obtener ayuda en Manassas, Virginia, puede ser dificil. Es esencial contar con un abogado experto en manutenci\u00f3n infantil. Los abogados de The Irving Law Firm tienen un amplio conocimiento y experiencia en el divorcio, manutenci\u00f3n de los hijos, custodia de los hijos, y otras \u00e1reas. Ll\u00e1melos hoy para empezar.<\/p>\n<h2>Abogado De Manutenci\u00f3n Infantil En Virginia<\/h2>\n<p><img decoding=\"async\" class=\"alignright wp-image-11862 size-full\" src=\"https:\/\/www.theirvinglawfirm.com\/wp-content\/uploads\/2023\/08\/orientacion-abogados-de-manutencion-de-hijos-en-virginias-experiencia-legal.jpg\" alt=\"Abogado De Manutenci\u00f3n Infantil En Virginia: Experiencia Legal Para La Atenci\u00f3n Financiera\" width=\"300\" height=\"200\" srcset=\"https:\/\/www.theirvinglawfirm.com\/wp-content\/uploads\/2023\/08\/orientacion-abogados-de-manutencion-de-hijos-en-virginias-experiencia-legal-200x133.jpg 200w, https:\/\/www.theirvinglawfirm.com\/wp-content\/uploads\/2023\/08\/orientacion-abogados-de-manutencion-de-hijos-en-virginias-experiencia-legal.jpg 300w\" sizes=\"(max-width: 300px) 100vw, 300px\" \/><\/p>\n<p>En cuanto a la custodia de los hijos, el estado de Virginia permite tanto la mediaci\u00f3n como los procedimientos judiciales. Si el otro progenitor ha contratado a un abogado para la custodia de los hijos, puede que a usted le convenga hacer lo mismo. Incluso si usted y su c\u00f3nyuge ya han acordado verbalmente tener la custodia del ni\u00f1o o ni\u00f1os en cuesti\u00f3n, hacer oficial ese acuerdo es tranquilizador.<\/p>\n<p>The Irving Law Firm tiene un historial de representar a sus clientes a trav\u00e9s de casi cualquier procedimiento y proporcionar asesoramiento experto en custodia de menores para ayudarle a salvaguardar los intereses de su familia.<\/p>\n<h2>Resumen<\/h2>\n<p>Ya est\u00e9n casados, separados, divorciados o no se hayan casado nunca, los padres tienen la obligaci\u00f3n legal de mantener econ\u00f3micamente a sus hijos. Cada progenitor es plenamente responsable de un determinado porcentaje de los gastos de crianza del hijo.<\/p>\n<p>Aunque ambos progenitores deben contribuir econ\u00f3micamente con el ni\u00f1o, s\u00f3lo el progenitor que tiene la custodia tiene derecho a solicitar la manutenci\u00f3n de los hijos, y s\u00f3lo el progenitor que no tiene la custodia tiene derecho a que se le ordene pagar la manutenci\u00f3n de los hijos.<\/p>\n<p>Adem\u00e1s, las cuestiones monetarias son siempre delicadas, ya sea la manutenci\u00f3n de los hijos o la del c\u00f3nyuge. Es dif\u00edcil luchar por el dinero que uno sabe que necesita y merece, y mantenerse firme es a\u00fan m\u00e1s dif\u00edcil cuando uno est\u00e1 obligado a pagar una cantidad injusta.<\/p>\n<p>Cuando usted trabaja con <a href=\"https:\/\/www.theirvinglawfirm.com\/es\/derecho-de-familia\/abogado-de-divorcio\/\">abogados de divorcio<\/a> de <a href=\"http:\/\/theirvinglawfirm.com\/es\">The Irving Law Firm<\/a>, ellos se encargar\u00e1n de estas cuestiones complicadas. Ellos entienden lo que es y no es justo en Manassas, Virginia, y van a trabajar duro para proteger sus derechos y los de sus hijos.<\/p>\n<p><a href=\"https:\/\/www.theirvinglawfirm.com\/es\/derecho-de-familia\/abogado-de-divorcio\/cuanto-demora-un-divorcio-en-virginia\/\">Contin\u00fae Leyendo Este Art\u00edculo: \u00bfCuanto Tiempo Se Tarda En Divorciarse En Virginia?<\/a><\/p>\n","protected":false},"excerpt":{"rendered":"<p>En Manassas, Virginia, ambos padres deben mantener a sus hijos,  [&#8230;]<\/p>\n","protected":false},"author":3,"featured_media":0,"parent":8344,"menu_order":0,"comment_status":"closed","ping_status":"closed","template":"","meta":{"_analytify_skip_tracking":false,"rank_math_title":"Abogado De Divorcio Y Familia: Condiciones De Manutenci\u00f3n De Los Hijos | The Irving Law Firm","rank_math_description":"Obtenga m\u00e1s informaci\u00f3n sobre c\u00f3mo la cuant\u00eda de la custodia de los hijos se basa en las pautas de manutenci\u00f3n de los hijos, una f\u00f3rmula establecida por ley en la que intervienen los ingresos brutos de los progenitores.","rank_math_focus_keyword":"manutenci\u00f3n","rank_math_canonical_url":"","footnotes":""},"class_list":["post-11817","page","type-page","status-publish","hentry"],"acf":[],"_links":{"self":[{"href":"https:\/\/www.theirvinglawfirm.com\/es\/wp-json\/wp\/v2\/pages\/11817","targetHints":{"allow":["GET"]}}],"collection":[{"href":"https:\/\/www.theirvinglawfirm.com\/es\/wp-json\/wp\/v2\/pages"}],"about":[{"href":"https:\/\/www.theirvinglawfirm.com\/es\/wp-json\/wp\/v2\/types\/page"}],"author":[{"embeddable":true,"href":"https:\/\/www.theirvinglawfirm.com\/es\/wp-json\/wp\/v2\/users\/3"}],"replies":[{"embeddable":true,"href":"https:\/\/www.theirvinglawfirm.com\/es\/wp-json\/wp\/v2\/comments?post=11817"}],"version-history":[{"count":0,"href":"https:\/\/www.theirvinglawfirm.com\/es\/wp-json\/wp\/v2\/pages\/11817\/revisions"}],"up":[{"embeddable":true,"href":"https:\/\/www.theirvinglawfirm.com\/es\/wp-json\/wp\/v2\/pages\/8344"}],"wp:attachment":[{"href":"https:\/\/www.theirvinglawfirm.com\/es\/wp-json\/wp\/v2\/media?parent=11817"}],"curies":[{"name":"wp","href":"https:\/\/api.w.org\/{rel}","templated":true}]}}