{"id":11747,"date":"2023-08-10T17:48:07","date_gmt":"2023-08-10T17:48:07","guid":{"rendered":"https:\/\/www.theirvinglawfirm.com\/?page_id=11747"},"modified":"2024-03-11T19:32:30","modified_gmt":"2024-03-11T19:32:30","slug":"splash-down-waterpark","status":"publish","type":"page","link":"https:\/\/www.theirvinglawfirm.com\/es\/splash-down-waterpark\/","title":{"rendered":"Splash Down Waterpark"},"content":{"rendered":"<p><iframe title=\"Reproductor de v\u00eddeo de YouTube\" src=\"https:\/\/www.youtube.com\/embed\/11lrAbb20fA\" width=\"100%\" height=\"450\" frameborder=\"0\" allowfullscreen=\"allowfullscreen\"><span data-mce-type=\"bookmark\" style=\"display: inline-block; width: 0px; overflow: hidden; line-height: 0;\" class=\"mce_SELRES_start\"><\/span><\/iframe><\/p>\n<p><span style=\"font-weight: 400;\">\u00bfBusca una forma divertida y emocionante de refrescarse en verano? Entonces deber\u00edas dirigirte al Splash Down Waterpark. Situado a las afueras de Washington DC, este amplio parque acu\u00e1tico ofrece un mont\u00f3n de actividades divertidas que har\u00e1n las delicias de su familia y amigos. Tanto si busca un d\u00eda de aventuras como si s\u00f3lo quiere refrescarse, el parque acu\u00e1tico Splash Down lo tiene todo.<\/span><\/p>\n<h2>Acerca De Splash Down Waterpark<\/h2>\n<p><span style=\"font-weight: 400;\">Manassas VA ha sido el hogar de la incre\u00edble Splash Down Waterpark desde 1996. Este parque acu\u00e1tico se inaugur\u00f3 en mayo de ese a\u00f1o y desde entonces ha sido uno de los destinos favoritos de lugare\u00f1os y turistas. <\/span><\/p>\n<p><span style=\"font-weight: 400;\">El Splash Down Waterpark es el lugar perfecto para pasar un d\u00eda en familia o en grupo gracias a sus emocionantes toboganes, sus excitantes piscinas y su relajante r\u00edo lento. El parque ofrece algo especial para todos los que lo visitan, proporcionando horas de diversi\u00f3n y entretenimiento independientemente de la edad.<\/span><\/p>\n<h3>Atracciones Del Splash Down Waterpark<\/h3>\n<p><span style=\"font-weight: 400;\">Splash Down Waterpark, situado en Manassas VA, es el destino perfecto para aquellos que buscan combatir el calor y divertirse. El parque acu\u00e1tico cuenta con una gran variedad de atracciones, desde toboganes hasta r\u00edos tranquilos, pero lo que realmente lo distingue son sus emocionantes toboganes.<\/span><\/p>\n<p><span style=\"font-weight: 400;\">Una de las atracciones m\u00e1s populares de Splash Down Waterpark son sus altos toboganes acu\u00e1ticos que ofrecen una descarga de adrenalina sin igual. Los hay de todas las formas y tama\u00f1os, para ni\u00f1os y adultos. <\/span><\/p>\n<p><span style=\"font-weight: 400;\">Estas imponentes estructuras le dejar\u00e1n sin aliento y le proporcionar\u00e1n una experiencia \u00fanica que nunca olvidar\u00e1. Las atracciones Lily Pad y Log Walk son imperdibles. <\/span><\/p>\n<p><span style=\"font-weight: 400;\">La atracci\u00f3n Lily Pad es un recorrido \u00fanico que requiere equilibrio y agilidad para cruzar los nen\u00fafares flotantes sin caer al agua. Otra atracci\u00f3n popular del parque es el r\u00edo lento, que ofrece una forma relajante de refrescarse mientras se toma el sol. <\/span><\/p>\n<p><span style=\"font-weight: 400;\">Mientras desciende por el r\u00edo lento del Splash Down Waterpark , estar\u00e1 rodeado de exuberante vegetaci\u00f3n y alt\u00edsimas palmeras. La suave corriente le llevar\u00e1 mientras disfruta de las vistas y los sonidos de este para\u00edso tropical.<\/span><\/p>\n<h3>Servicios Splash Down<\/h3>\n<p><span style=\"font-weight: 400;\">Splash Down Waterpark en Manassas VA es el destino ideal para familias y amigos para disfrutar de un d\u00eda lleno de actividades acu\u00e1ticas y al aire libre. Con una amplia gama de servicios disponibles, los visitantes pueden aprovechar al m\u00e1ximo su experiencia utilizando el alquiler de pabellones, locales de comida, servicios de catering y alquiler de pabellones y caba\u00f1as.<\/span><\/p>\n<p><span style=\"font-weight: 400;\">Uno de los servicios m\u00e1s populares de Splash Down es el alquiler de pabellones. Estos pabellones cubiertos al aire libre son perfectos para celebrar fiestas de cumplea\u00f1os, picnics de empresa o reuniones familiares. Ofrecen intimidad y sombra al tiempo que facilitan el acceso a las atracciones del parque.<\/span><\/p>\n<p><span style=\"font-weight: 400;\">Cuando se trata de opciones de comida, Splash Down lo tiene todo cubierto. Con m\u00faltiples locales de comida y servicios de catering disponibles, los visitantes pueden elegir entre varios men\u00fas deliciosos que satisfar\u00e1n cualquier antojo. Tambi\u00e9n hay zonas de picnic por todo el parque.<\/span><\/p>\n<p><span style=\"font-weight: 400;\">Un servicio que a menudo se pasa por alto, pero que es esencial para cualquier experiencia en un parque acu\u00e1tico, son los aseos. Splash Down Waterpark tiene una variedad de ba\u00f1os limpios y bien mantenidos en todo el parque para su conveniencia.<\/span><\/p>\n<h3>Normas Del Parque<\/h3>\n<p><span style=\"font-weight: 400;\"><a href=\"https:\/\/www.splashdownwaterpark.com\/\" target=\"_blank\" rel=\"noopener\">El Splash Down Waterpark <\/a> de Manassas es uno de los lugares de moda para divertirse en verano. Sin embargo, antes de hacer las maletas y poner rumbo al parque, aseg\u00farese de conocer las normas y reglamentos impuestos por la direcci\u00f3n. <\/span><\/p>\n<p><span style=\"font-weight: 400;\">Una de las cosas m\u00e1s importantes que hay que recordar es que la comida y la bebida del exterior est\u00e1n prohibidas dentro del parque acu\u00e1tico. Esto garantiza que los clientes puedan acceder a alimentos y bebidas de alta calidad a precios asequibles, manteniendo al mismo tiempo un entorno limpio.<\/span><\/p>\n<p><span style=\"font-weight: 400;\">Otra norma que debe respetarse est\u00e1 relacionada con la ropa de ba\u00f1o. Todos los ni\u00f1os que a\u00fan no hayan aprendido a ir al ba\u00f1o deber\u00e1n llevar calzoncillos o pa\u00f1ales de goma. <\/span><\/p>\n<p><span style=\"font-weight: 400;\">Esta pol\u00edtica se ha aplicado para evitar accidentes o contaminaci\u00f3n en las piscinas. Adem\u00e1s, los flotadores hinchables o los juguetes de piscina no est\u00e1n permitidos en el Splash Down Waterpark, ya que pueden suponer un riesgo para la seguridad de los dem\u00e1s visitantes.<\/span><\/p>\n<h2>Resumen<\/h2>\n<p><span style=\"font-weight: 400;\">Splash Down Waterpark en Manassas VA es un gran lugar para pasar el d\u00eda con la familia o los amigos. Todo el mundo puede disfrutar de un d\u00eda divertido y emocionante con su gran variedad de atracciones. Hay para todos los gustos, desde emocionantes toboganes hasta relajantes r\u00edos tranquilos. <\/span><\/p>\n<p><span style=\"font-weight: 400;\">Este parque acu\u00e1tico est\u00e1 lleno de entretenidas atracciones y actividades, y ofrece deliciosas opciones de comida y tiendas de recuerdos para su comodidad. Ven a Splash Down Waterpark y crea recuerdos inolvidables con tus seres queridos.\u00a0<\/span><\/p>\n<p>Indicaciones Para Llegar En Auto Desde <a href=\"https:\/\/www.theirvinglawfirm.com\/es\">The Irving Law Firm<\/a> Hasta Splash Down Waterpark<\/p>\n<p><iframe style=\"border: 0px; --darkreader-inline-border-top: initial; --darkreader-inline-border-right: initial; --darkreader-inline-border-bottom: initial; --darkreader-inline-border-left: initial;\" src=\"https:\/\/www.google.com\/maps\/embed?pb=!1m28!1m12!1m3!1d24884.34877815874!2d-77.50441984871259!3d38.774170899987396!2m3!1f0!2f0!3f0!3m2!1i1024!2i768!4f13.1!4m13!3e6!4m5!1s0x89b65b8a5c9334bb%3A0x1f3aa0d68fc65fda!2sThe%20Irving%20Law%20Firm%2C%20Mosby%20Street%202nd%20Floor%2C%20Manassas%2C%20Virginia%2C%20EE.%20UU.!3m2!1d38.7531865!2d-77.47651599999999!4m5!1s0x89b65ca3ebaf98d9%3A0xd6f6f9565924bc02!2sSplashDown%20Waterpark%2C%207500%20Ben%20Lomond%20Park%20Rd%2C%20Manassas%2C%20VA%2020109%2C%20Estados%20Unidos!3m2!1d38.7945816!2d-77.4770089!5e0!3m2!1ses!2sco!4v1691528516848!5m2!1ses!2sco\" width=\"600\" height=\"450\" allowfullscreen=\"allowfullscreen\"><\/iframe><\/p>\n<p>Indicaciones Para Llegar En Auto Desde El Splash Down Waterpark Hasta <a href=\"https:\/\/www.theirvinglawfirm.com\/es\/manassas-va\/silos-brewing\/\">Silos Brewing<\/a><\/p>\n<p><iframe style=\"border: 0px; --darkreader-inline-border-top: initial; --darkreader-inline-border-right: initial; --darkreader-inline-border-bottom: initial; --darkreader-inline-border-left: initial;\" src=\"https:\/\/www.google.com\/maps\/embed?pb=!1m28!1m12!1m3!1d49773.89212956752!2d-77.50707595!3d38.766725550000025!2m3!1f0!2f0!3f0!3m2!1i1024!2i768!4f13.1!4m13!3e6!4m5!1s0x89b65ca3ebaf98d9%3A0xd6f6f9565924bc02!2sSplashDown%20Waterpark%2C%20Ben%20Lomond%20Park%20Road%2C%20Manassas%2C%20Virginia%2C%20EE.%20UU.!3m2!1d38.7945816!2d-77.4770089!4m5!1s0x89b65dd21f5a5257%3A0xa065b0001cc4483d!2s2%20Silos%20Brewing%20Co.%2C%20Discovery%20Boulevard%2C%20Manassas%2C%20Virginia%2C%20EE.%20UU.!3m2!1d38.7428737!2d-77.5218245!5e0!3m2!1ses-419!2sco!4v1692757244214!5m2!1ses-419!2sco\" width=\"600\" height=\"450\" allowfullscreen=\"allowfullscreen\"><\/iframe><\/p>\n<p><a href=\"https:\/\/www.theirvinglawfirm.com\/es\/manassas-va\/\">M\u00e1s Info Ac\u00e1<\/a><\/p>\n","protected":false},"excerpt":{"rendered":"<p>\u00bfBusca una forma divertida y emocionante de refrescarse en verano?  [&#8230;]<\/p>\n","protected":false},"author":3,"featured_media":0,"parent":0,"menu_order":0,"comment_status":"closed","ping_status":"closed","template":"","meta":{"_analytify_skip_tracking":false,"rank_math_title":"Dese Un Chapuz\u00f3n En El Splash Down Waterpark De Manassas VA | The Irving Law Firm","rank_math_description":"Ven a darte un chapuz\u00f3n en el Splash Down Waterpark de Manassas, VA. Disfrute de los emocionantes toboganes acu\u00e1ticos y del r\u00edo lento, as\u00ed como de otras divertidas actividades para todas las edades.","rank_math_focus_keyword":"splash down","rank_math_canonical_url":"","footnotes":""},"class_list":["post-11747","page","type-page","status-publish","hentry"],"acf":[],"_links":{"self":[{"href":"https:\/\/www.theirvinglawfirm.com\/es\/wp-json\/wp\/v2\/pages\/11747","targetHints":{"allow":["GET"]}}],"collection":[{"href":"https:\/\/www.theirvinglawfirm.com\/es\/wp-json\/wp\/v2\/pages"}],"about":[{"href":"https:\/\/www.theirvinglawfirm.com\/es\/wp-json\/wp\/v2\/types\/page"}],"author":[{"embeddable":true,"href":"https:\/\/www.theirvinglawfirm.com\/es\/wp-json\/wp\/v2\/users\/3"}],"replies":[{"embeddable":true,"href":"https:\/\/www.theirvinglawfirm.com\/es\/wp-json\/wp\/v2\/comments?post=11747"}],"version-history":[{"count":0,"href":"https:\/\/www.theirvinglawfirm.com\/es\/wp-json\/wp\/v2\/pages\/11747\/revisions"}],"wp:attachment":[{"href":"https:\/\/www.theirvinglawfirm.com\/es\/wp-json\/wp\/v2\/media?parent=11747"}],"curies":[{"name":"wp","href":"https:\/\/api.w.org\/{rel}","templated":true}]}}