{"id":11717,"date":"2023-08-09T00:01:33","date_gmt":"2023-08-09T00:01:33","guid":{"rendered":"https:\/\/www.theirvinglawfirm.com\/?page_id=11717"},"modified":"2024-03-05T17:18:54","modified_gmt":"2024-03-05T17:18:54","slug":"informacion-sobre-adopcion-en-virginia","status":"publish","type":"page","link":"https:\/\/www.theirvinglawfirm.com\/es\/areas-de-practica\/derecho-de-familia\/adopcion\/informacion-sobre-adopcion-en-virginia\/","title":{"rendered":"C\u00f3mo Obtener M\u00e1s Informaci\u00f3n Sobre La Adopci\u00f3n En Virginia"},"content":{"rendered":"<p><span style=\"font-weight: 400;\">Solicitar una<a href=\"https:\/\/en.wikipedia.org\/wiki\/Adoption_disclosure\" target=\"_blank\" rel=\"noopener\"> divulgaci\u00f3n de adopci\u00f3n<\/a> en Manassas, Virginia, no es tan f\u00e1cil como 1-2-3. Requiere que re\u00fana informaci\u00f3n y conozca los diversos pasos del proceso. Una forma es ponerse en contacto con la agencia de colocaci\u00f3n de adopciones y, en segundo lugar, pedir ayuda a un abogado especializado en adopciones de The Irving Law Firm. Conocen de memoria las leyes de adopci\u00f3n de Virginia y los procesos relacionados con la divulgaci\u00f3n de la adopci\u00f3n. Puede hablarles de sus expectativas y ellos le informar\u00e1n de sus opciones.<\/span><\/p>\n<p><img decoding=\"async\" class=\"alignnone size-full wp-image-11877\" src=\"https:\/\/www.theirvinglawfirm.com\/wp-content\/uploads\/2023\/08\/encuentre-no-solo-informacion-sino-asesoria-personalizada-con-un-abogado-experimentado-de-adopcion-de-manassas-va.jpg\" alt=\"Encuentre No Solo Informaci\u00f3n Sino Asesor\u00eda Personalizada Con Un Abogado Experimentado De Adopci\u00f3n De Manassas, VA\" width=\"100%\" height=\"933\" srcset=\"https:\/\/www.theirvinglawfirm.com\/wp-content\/uploads\/2023\/08\/encuentre-no-solo-informacion-sino-asesoria-personalizada-con-un-abogado-experimentado-de-adopcion-de-manassas-va-200x133.jpg 200w, https:\/\/www.theirvinglawfirm.com\/wp-content\/uploads\/2023\/08\/encuentre-no-solo-informacion-sino-asesoria-personalizada-con-un-abogado-experimentado-de-adopcion-de-manassas-va-300x200.jpg 300w, https:\/\/www.theirvinglawfirm.com\/wp-content\/uploads\/2023\/08\/encuentre-no-solo-informacion-sino-asesoria-personalizada-con-un-abogado-experimentado-de-adopcion-de-manassas-va-400x267.jpg 400w, https:\/\/www.theirvinglawfirm.com\/wp-content\/uploads\/2023\/08\/encuentre-no-solo-informacion-sino-asesoria-personalizada-con-un-abogado-experimentado-de-adopcion-de-manassas-va-600x400.jpg 600w, https:\/\/www.theirvinglawfirm.com\/wp-content\/uploads\/2023\/08\/encuentre-no-solo-informacion-sino-asesoria-personalizada-con-un-abogado-experimentado-de-adopcion-de-manassas-va-768x512.jpg 768w, https:\/\/www.theirvinglawfirm.com\/wp-content\/uploads\/2023\/08\/encuentre-no-solo-informacion-sino-asesoria-personalizada-con-un-abogado-experimentado-de-adopcion-de-manassas-va-800x533.jpg 800w, https:\/\/www.theirvinglawfirm.com\/wp-content\/uploads\/2023\/08\/encuentre-no-solo-informacion-sino-asesoria-personalizada-con-un-abogado-experimentado-de-adopcion-de-manassas-va-1024x682.jpg 1024w, https:\/\/www.theirvinglawfirm.com\/wp-content\/uploads\/2023\/08\/encuentre-no-solo-informacion-sino-asesoria-personalizada-con-un-abogado-experimentado-de-adopcion-de-manassas-va-1200x800.jpg 1200w, https:\/\/www.theirvinglawfirm.com\/wp-content\/uploads\/2023\/08\/encuentre-no-solo-informacion-sino-asesoria-personalizada-con-un-abogado-experimentado-de-adopcion-de-manassas-va.jpg 1400w\" sizes=\"(max-width: 1400px) 100vw, 1400px\" \/><\/p>\n<h2>\u00bfQu\u00e9 Es La Declaraci\u00f3n De Adopci\u00f3n?<\/h2>\n<p><span style=\"font-weight: 400;\">Por divulgaci\u00f3n de la adopci\u00f3n se entiende la divulgaci\u00f3n oficial de datos de un expediente confidencial de adopci\u00f3n sobre la adopci\u00f3n legal de un menor. En las condiciones estipuladas en los art\u00edculos 63.2-1246 y 63.2-1247 del C\u00f3digo de Virginia, un adoptado adulto, un padre adoptivo, un padre biol\u00f3gico y un hermano biol\u00f3gico adulto pueden obtener datos identificativos y no identificativos del expediente de adopci\u00f3n. <\/span><\/p>\n<h3>Tipos De Divulgaci\u00f3n De La Adopci\u00f3n<\/h3>\n<p><span style=\"font-weight: 400;\">La informaci\u00f3n identificable y no identificable sobre la adopci\u00f3n se refiere a los distintos grados de informaci\u00f3n que se facilita a las partes interesadas en una adopci\u00f3n.<\/span><\/p>\n<h4>Identificaci\u00f3n De La Divulgaci\u00f3n De La Adopci\u00f3n<\/h4>\n<p><span style=\"font-weight: 400;\">La revelaci\u00f3n de informaci\u00f3n que pueda identificar al adoptado, a la familia biol\u00f3gica o a la familia adoptiva se conoce como revelaci\u00f3n identificativa de la adopci\u00f3n. Puede incluir nombres, datos de contacto, fechas de nacimiento y otra informaci\u00f3n identificable. Los expedientes se comparten entre padres adoptivos, padres biol\u00f3gicos o adoptados y sus familias biol\u00f3gicas. La revelaci\u00f3n de la adopci\u00f3n es habitual en las adopciones abiertas o cuando ambas partes acuerdan revelar informaci\u00f3n.<\/span><\/p>\n<h3>Divulgaci\u00f3n No Identificativa De La Adopci\u00f3n<b> <\/b><\/h3>\n<p><span style=\"font-weight: 400;\">La divulgaci\u00f3n de adopci\u00f3n no identificativa es el intercambio de datos que no expone los nombres de las personas implicadas. Puede contener datos sobre el historial m\u00e9dico del ni\u00f1o, los antecedentes de los padres biol\u00f3gicos o cualquier informaci\u00f3n que pueda ayudar a los padres adoptivos a conocer las necesidades del ni\u00f1o. La divulgaci\u00f3n de la adopci\u00f3n sin identificaci\u00f3n es habitual en las adopciones cerradas, cuando las familias adoptiva y biol\u00f3gica apenas tienen contacto.<\/span><\/p>\n<h2>El Proceso De Divulgaci\u00f3n De La Adopci\u00f3n<\/h2>\n<p><span style=\"font-weight: 400;\">En los \u00faltimos a\u00f1os, m\u00e1s padres adoptivos y biol\u00f3gicos optan por intercambiar informaci\u00f3n y mantenerse en contacto, lo que indica una tendencia hacia una adopci\u00f3n m\u00e1s abierta.<\/span><\/p>\n<p><span style=\"font-weight: 400;\">El primer paso es presentar una solicitud a la agencia de adopci\u00f3n que organiz\u00f3 la adopci\u00f3n si una persona adoptada desea saber m\u00e1s sobre su familia biol\u00f3gica y su historia. La agencia puede revelar informaci\u00f3n como su identificaci\u00f3n, fecha de nacimiento y nombre de sus padres biol\u00f3gicos. Despu\u00e9s, la agencia intenta identificar a los padres biol\u00f3gicos o adoptivos y discutir si est\u00e1n dispuestos a compartir informaci\u00f3n o comunicarse con el adoptado. Si est\u00e1n de acuerdo, la agencia inicia el flujo de informaci\u00f3n y comunicaci\u00f3n.<\/span><\/p>\n<p><span style=\"font-weight: 400;\">Si es imposible encontrar a los padres biol\u00f3gicos o adoptivos, o \u00e9stos no est\u00e1n dispuestos a facilitar informaci\u00f3n o comunicarse, se da al adoptado informaci\u00f3n no identificativa. La \u00fanica informaci\u00f3n que puede compartir la agencia de adopci\u00f3n es el historial familiar y m\u00e9dico, pero no los nombres de sus padres biol\u00f3gicos ni sus datos de contacto.<\/span><\/p>\n<h2>C\u00f3mo Puede Ayudar Un Abogado De Adopciones En Una Divulgaci\u00f3n De Adopciones<\/h2>\n<p><span style=\"font-weight: 400;\">Un abogado de adopci\u00f3n en The Irving Law Firm puede ayudar en la divulgaci\u00f3n de la adopci\u00f3n, ayudando a los padres adoptivos o personas adoptadas a trav\u00e9s de los pasos legales involucrados en la obtenci\u00f3n de detalles acerca de sus padres biol\u00f3gicos. Un abogado especializado en adopciones puede ayudarle de las siguientes maneras:<\/span><\/p>\n<h3>Proporcionar Conocimientos<\/h3>\n<p><span style=\"font-weight: 400;\">Los abogados especializados en adopciones conocen las leyes de adopci\u00f3n y divulgaci\u00f3n. Pueden instruir a los padres adoptivos o a las personas adoptadas sobre sus deberes y derechos legales y asegurarse de que siguen los procedimientos legales necesarios al solicitar informaci\u00f3n.<\/span><\/p>\n<h3>Ayudar En La Documentaci\u00f3n<\/h3>\n<p><span style=\"font-weight: 400;\">Un abogado especializado en adopciones puede ayudarle a preparar y presentar la documentaci\u00f3n legal adecuada, como solicitudes y declaraciones juradas, necesaria para el proceso de divulgaci\u00f3n. Tambi\u00e9n pueden ayudar a garantizar que estos documentos contengan toda la informaci\u00f3n pertinente para optimizar las posibilidades de \u00e9xito.<\/span><\/p>\n<h3>Tratar Con Las Partes Pertinentes<\/h3>\n<p><span style=\"font-weight: 400;\">Un abogado de adopci\u00f3n es un intermediario entre la persona adoptada o los padres adoptivos y los padres biol\u00f3gicos, que habla en su nombre y permite la comunicaci\u00f3n si as\u00ed se solicita.<\/span><\/p>\n<h3>Negociador Y Mediador<\/h3>\n<p><span style=\"font-weight: 400;\">Si surgen discusiones o conflictos en torno al proceso de divulgaci\u00f3n, un abogado especializado en adopci\u00f3n puede actuar como mediador para ayudar a ambas partes a alcanzar un acuerdo mutuamente aceptable.<\/span><\/p>\n<h3>Protector De Derechos<\/h3>\n<p><span style=\"font-weight: 400;\"><a href=\"https:\/\/www.theirvinglawfirm.com\/es\/adopcion\/abogado-de-adopcion\/\">Un abogado especializado en adopciones<\/a> puede defender los derechos legales de las partes implicadas en el proceso de divulgaci\u00f3n, como la familia biol\u00f3gica, los padres adoptivos o la persona adoptada. Pueden garantizar que todas las partes reciban un trato justo y que siempre se respeten sus sentimientos.<\/span><\/p>\n<h2>Resumen<\/h2>\n<p><span style=\"font-weight: 400;\">La divulgaci\u00f3n de la adopci\u00f3n se refiere a la divulgaci\u00f3n oficial de informaci\u00f3n relativa a la adopci\u00f3n legal de un ni\u00f1o a partir de un expediente de adopci\u00f3n protegido. El expediente de adopci\u00f3n puede proporcionar informaci\u00f3n identificativa y no identificativa a un padre adoptivo, un adoptado adulto o una familia biol\u00f3gica.<\/span><\/p>\n<p><span style=\"font-weight: 400;\">La revelaci\u00f3n de la adopci\u00f3n puede ser dif\u00edcil y estresante, pero tambi\u00e9n puede ofrecer a los adoptados conocimientos relevantes sobre sus antecedentes familiares y su familia biol\u00f3gica. Si necesita m\u00e1s aclaraciones sobre el proceso, puede contratar a un abogado especializado en adopciones de <a href=\"http:\/\/theirvinglawfirm.com\/es\">The Irving Law Firm<\/a> para que le ayude. Deja que hablen con la agencia de adopci\u00f3n y espera a que te pongan al d\u00eda.<\/span><\/p>\n<p><a href=\"https:\/\/www.theirvinglawfirm.com\/es\/derecho-de-familia\/adopcion\/el-proceso-de-adopcion-desde-un-centro-de-acogida\/\">Descubra M\u00e1s Datos Sobre La Adopci\u00f3n<\/a><\/p>\n","protected":false},"excerpt":{"rendered":"<p>Solicitar una divulgaci\u00f3n de adopci\u00f3n en Manassas, Virginia, no es  [&#8230;]<\/p>\n","protected":false},"author":3,"featured_media":0,"parent":8540,"menu_order":0,"comment_status":"closed","ping_status":"closed","template":"","meta":{"_analytify_skip_tracking":false,"rank_math_title":"Divulgaci\u00f3n De La Adopci\u00f3n: \u00bfQu\u00e9 Es Y C\u00f3mo Funciona? | The Irving Law Firm","rank_math_description":"P\u00f3ngase en contacto con un abogado de adopci\u00f3n de The Irving Law Firm si desea ayuda con la divulgaci\u00f3n de la adopci\u00f3n. Pueden ayudarle a obtener la informaci\u00f3n que necesita.","rank_math_focus_keyword":"adopci\u00f3n","rank_math_canonical_url":"","footnotes":""},"class_list":["post-11717","page","type-page","status-publish","hentry"],"acf":[],"_links":{"self":[{"href":"https:\/\/www.theirvinglawfirm.com\/es\/wp-json\/wp\/v2\/pages\/11717","targetHints":{"allow":["GET"]}}],"collection":[{"href":"https:\/\/www.theirvinglawfirm.com\/es\/wp-json\/wp\/v2\/pages"}],"about":[{"href":"https:\/\/www.theirvinglawfirm.com\/es\/wp-json\/wp\/v2\/types\/page"}],"author":[{"embeddable":true,"href":"https:\/\/www.theirvinglawfirm.com\/es\/wp-json\/wp\/v2\/users\/3"}],"replies":[{"embeddable":true,"href":"https:\/\/www.theirvinglawfirm.com\/es\/wp-json\/wp\/v2\/comments?post=11717"}],"version-history":[{"count":0,"href":"https:\/\/www.theirvinglawfirm.com\/es\/wp-json\/wp\/v2\/pages\/11717\/revisions"}],"up":[{"embeddable":true,"href":"https:\/\/www.theirvinglawfirm.com\/es\/wp-json\/wp\/v2\/pages\/8540"}],"wp:attachment":[{"href":"https:\/\/www.theirvinglawfirm.com\/es\/wp-json\/wp\/v2\/media?parent=11717"}],"curies":[{"name":"wp","href":"https:\/\/api.w.org\/{rel}","templated":true}]}}