{"id":11716,"date":"2023-08-08T23:35:05","date_gmt":"2023-08-08T23:35:05","guid":{"rendered":"https:\/\/www.theirvinglawfirm.com\/?page_id=11716"},"modified":"2024-03-05T17:21:14","modified_gmt":"2024-03-05T17:21:14","slug":"comprender-la-subvencion-de-ayuda-a-la-adopcion","status":"publish","type":"page","link":"https:\/\/www.theirvinglawfirm.com\/es\/areas-de-practica\/derecho-de-familia\/adopcion\/comprender-la-subvencion-de-ayuda-a-la-adopcion\/","title":{"rendered":"Comprender La Subvenci\u00f3n De Ayuda A La Adopci\u00f3n Y La Elegibilidad"},"content":{"rendered":"<p><span style=\"font-weight: 400;\">Los <a href=\"https:\/\/eresmama.com\/que-son-las-familias-de-acogida\/\" target=\"_blank\" rel=\"noopener\">padres de acogida<\/a> suelen recibir muchas ayudas econ\u00f3micas de su Estado para ayudarles a cubrir las necesidades b\u00e1sicas de los ni\u00f1os de acogida que viven en sus casas. La mayor\u00eda sostendr\u00eda que la ayuda financiera es insuficiente. Nuevas reducciones de estas ayudas a la adopci\u00f3n hacen m\u00e1s dif\u00edcil la adopci\u00f3n para las personas dispuestas a adoptar. Por ello, es fundamental conocer los distintos programas de ayudas a la adopci\u00f3n, c\u00f3mo se calculan y c\u00f3mo impugnarlas con la ayuda de un abogado especializado en adopciones de <a href=\"http:\/\/theirvinglawfirm.com\/es\">The Irving Law Firm<\/a>.<\/span><\/p>\n<p><img decoding=\"async\" class=\"alignnone size-full wp-image-11855\" src=\"https:\/\/www.theirvinglawfirm.com\/wp-content\/uploads\/2023\/08\/sepa-si-usted-es-elegible-para-optar-a-una-asistencia-de-subsidio-en-su-caso-de-adopcion-en-virginia.jpg\" alt=\"Sepa Si Usted Es Elegible Para Optar A Una Asistencia De Subsidio En Su Caso De Adopci\u00f3n En Virginia\" width=\"100%\" height=\"933\" srcset=\"https:\/\/www.theirvinglawfirm.com\/wp-content\/uploads\/2023\/08\/sepa-si-usted-es-elegible-para-optar-a-una-asistencia-de-subsidio-en-su-caso-de-adopcion-en-virginia-200x133.jpg 200w, https:\/\/www.theirvinglawfirm.com\/wp-content\/uploads\/2023\/08\/sepa-si-usted-es-elegible-para-optar-a-una-asistencia-de-subsidio-en-su-caso-de-adopcion-en-virginia-300x200.jpg 300w, https:\/\/www.theirvinglawfirm.com\/wp-content\/uploads\/2023\/08\/sepa-si-usted-es-elegible-para-optar-a-una-asistencia-de-subsidio-en-su-caso-de-adopcion-en-virginia-400x267.jpg 400w, https:\/\/www.theirvinglawfirm.com\/wp-content\/uploads\/2023\/08\/sepa-si-usted-es-elegible-para-optar-a-una-asistencia-de-subsidio-en-su-caso-de-adopcion-en-virginia-600x400.jpg 600w, https:\/\/www.theirvinglawfirm.com\/wp-content\/uploads\/2023\/08\/sepa-si-usted-es-elegible-para-optar-a-una-asistencia-de-subsidio-en-su-caso-de-adopcion-en-virginia-768x512.jpg 768w, https:\/\/www.theirvinglawfirm.com\/wp-content\/uploads\/2023\/08\/sepa-si-usted-es-elegible-para-optar-a-una-asistencia-de-subsidio-en-su-caso-de-adopcion-en-virginia-800x533.jpg 800w, https:\/\/www.theirvinglawfirm.com\/wp-content\/uploads\/2023\/08\/sepa-si-usted-es-elegible-para-optar-a-una-asistencia-de-subsidio-en-su-caso-de-adopcion-en-virginia-1024x682.jpg 1024w, https:\/\/www.theirvinglawfirm.com\/wp-content\/uploads\/2023\/08\/sepa-si-usted-es-elegible-para-optar-a-una-asistencia-de-subsidio-en-su-caso-de-adopcion-en-virginia-1200x800.jpg 1200w, https:\/\/www.theirvinglawfirm.com\/wp-content\/uploads\/2023\/08\/sepa-si-usted-es-elegible-para-optar-a-una-asistencia-de-subsidio-en-su-caso-de-adopcion-en-virginia.jpg 1400w\" sizes=\"(max-width: 1400px) 100vw, 1400px\" \/><\/p>\n<h2>\u00bfQu\u00e9 Es Una Subvenci\u00f3n De Asistencia?<\/h2>\n<p><span style=\"font-weight: 400;\">Los servicios de apoyo a la adopci\u00f3n, o subsidios de ayuda a la adopci\u00f3n, est\u00e1n a disposici\u00f3n de los padres que se plantean adoptar a partir de una familia de acogida. Ayuda a los padres adoptivos a cubrir las necesidades de sus hijos adoptivos. Dependiendo de los antecedentes del ni\u00f1o, puede optar a ayudas estatales o federales para la adopci\u00f3n.<\/span><\/p>\n<p><span style=\"font-weight: 400;\">El subsidio de ayuda a la adopci\u00f3n tiene por objeto ayudar a los padres adoptivos o tutores a sufragar los gastos derivados del cuidado de ni\u00f1os y adolescentes en r\u00e9gimen de acogida. Las prestaciones var\u00edan de un estado a otro, pero suelen incluir una compensaci\u00f3n mensual en met\u00e1lico, ayuda m\u00e9dica y gastos \u00fanicos de adopci\u00f3n. Con la ayuda de un abogado especializado en adopciones de The Irving Law Firm, podr\u00e1 acogerse a estas subvenciones e impugnar algunas decisiones que no le favorezcan.<\/span><\/p>\n<p><span style=\"font-weight: 400;\">En la mayor\u00eda de los Estados se puede acceder a otros recursos en met\u00e1lico distintos de las dietas diarias. Por ejemplo, algunos estados ofrecen oportunidades de formaci\u00f3n continua, asistencia m\u00e9dica y terap\u00e9utica, servicios de tratamiento a domicilio y seguro m\u00e9dico. Para que las familias de acogida puedan obtener estas ayudas, deben asegurarse de que su abogado de adopci\u00f3n conoce todos estos recursos financieros a los que pueden acceder.<\/span><\/p>\n<p><span style=\"font-weight: 400;\">Es bueno tener en cuenta que las subvenciones solo se conceden mientras el ni\u00f1o est\u00e1 en acogida; terminan despu\u00e9s de la adopci\u00f3n. La mayor\u00eda de los Estados no ofrecen subvenciones de ayuda tras la adopci\u00f3n. Su abogado de adopci\u00f3n puede utilizarlo como punto de partida para pedir una dieta diaria m\u00e1s elevada.<\/span><\/p>\n<h2>\u00bfQui\u00e9n Puede Optar A Las Ayudas De Adopci\u00f3n?<\/h2>\n<p><span style=\"font-weight: 400;\">Es fundamental comprender lo que Virginia considera necesidades especiales para poder optar a una subvenci\u00f3n de ayuda a la adopci\u00f3n. Hay que cumplir unos requisitos espec\u00edficos para poder optar a la ayuda.<\/span><\/p>\n<ul>\n<li style=\"font-weight: 400;\" aria-level=\"1\"><span style=\"font-weight: 400;\">El menor debe tener menos de 18 a\u00f1os.<\/span><\/li>\n<li style=\"font-weight: 400;\" aria-level=\"1\"><span style=\"font-weight: 400;\">Debe estar bajo la tutela de los servicios sociales o de una agencia de colocaci\u00f3n de menores autorizada, o LCPA.<\/span><\/li>\n<li style=\"font-weight: 400;\" aria-level=\"1\"><span style=\"font-weight: 400;\">Legalmente apto para la adopci\u00f3n. <\/span><\/li>\n<li style=\"font-weight: 400;\" aria-level=\"1\"><span style=\"font-weight: 400;\">La agencia los empareja con posibles padres adoptivos.<\/span><\/li>\n<\/ul>\n<p><span style=\"font-weight: 400;\">Adem\u00e1s, los ni\u00f1os en adopci\u00f3n deben cumplir requisitos espec\u00edficos que dificultan confiarlos a padres adoptivos sin apoyo. Deben poseer al menos una de las siguientes caracter\u00edsticas:<\/span><\/p>\n<ul>\n<li style=\"font-weight: 400;\" aria-level=\"1\"><span style=\"font-weight: 400;\">Debe tener seis a\u00f1os o m\u00e1s o haber estado en acogida durante al menos 18 meses<\/span><\/li>\n<li style=\"font-weight: 400;\" aria-level=\"1\"><span style=\"font-weight: 400;\">Padecen trastornos emocionales, mentales o f\u00edsicos.<\/span><\/li>\n<li style=\"font-weight: 400;\" aria-level=\"1\"><span style=\"font-weight: 400;\">Tienen un hermano o hermanos que viven en la misma agencia de adopci\u00f3n.<\/span><\/li>\n<li style=\"font-weight: 400;\" aria-level=\"1\"><span style=\"font-weight: 400;\">Han heredado defectos de desarrollo o da\u00f1os cong\u00e9nitos con un alto riesgo de discapacidad.<\/span><\/li>\n<li style=\"font-weight: 400;\" aria-level=\"1\"><span style=\"font-weight: 400;\">Forman parte de un grupo minoritario.<\/span><\/li>\n<\/ul>\n<p><span style=\"font-weight: 400;\">Usted puede obtener ayuda de un abogado de adopci\u00f3n en The Irving Law Firm con los requisitos. Ellos pueden determinar si tiene derecho a una subvenci\u00f3n de ayuda a la adopci\u00f3n.<\/span><\/p>\n<h2>El Proceso De Obtenci\u00f3n De La Subvenci\u00f3n De Ayuda A La Adopci\u00f3n<\/h2>\n<p><span style=\"font-weight: 400;\">El convenio de subvenci\u00f3n de ayuda a la adopci\u00f3n debe ejecutarse antes de la resoluci\u00f3n definitiva y en el plazo de 90 d\u00edas desde la solicitud. El convenio debe especificar los servicios, incluida la subvenci\u00f3n global de servicios sociales y los servicios, as\u00ed como el importe de la subvenci\u00f3n. Sin embargo, debe modificarse si se producen cambios en las condiciones del ni\u00f1o con la aprobaci\u00f3n de los padres adoptivos.<\/span><\/p>\n<p><span style=\"font-weight: 400;\">El proceso de solicitud de ayuda para la adopci\u00f3n legal es el mismo. La \u00fanica diferencia es que el acuerdo debe presentarse en el plazo de un a\u00f1o desde que se diagnostica al ni\u00f1o una enfermedad que le da derecho a una subvenci\u00f3n estatal.<\/span><\/p>\n<p><span style=\"font-weight: 400;\">La solicitud de una subvenci\u00f3n de ayuda a la adopci\u00f3n requiere la realizaci\u00f3n de tr\u00e1mites legales, por lo que es crucial contratar a un <a href=\"https:\/\/www.theirvinglawfirm.com\/es\/adopcion\/abogado-de-adopcion\/\">abogado especializado en adopciones<\/a> para que le gu\u00ede a lo largo del procedimiento. El proceso es complicado, ya que pueden surgir problemas por el camino. Por ejemplo, su abogado puede ayudarle a recurrir la sentencia si no est\u00e1 de acuerdo con la cantidad del subsidio. Adem\u00e1s, si el estado del ni\u00f1o cambia, pueden ayudar a revisar el acuerdo.<\/span><\/p>\n<h2>Resumen<\/h2>\n<p><span style=\"font-weight: 400;\">Los padres de acogida reciben una ayuda econ\u00f3mica sustancial para ayudarles a cubrir las necesidades b\u00e1sicas de los ni\u00f1os de acogida que residen en sus hogares. Teniendo esto en cuenta, es fundamental conocer los distintos programas de ayudas a la adopci\u00f3n, c\u00f3mo se calculan y c\u00f3mo impugnarlas en caso necesario. Puede solicitar estos subsidios e impugnar las sentencias que no le favorezcan con la ayuda de un abogado especializado en adopciones de The Irving Law Firm.<\/span><\/p>\n<p><a href=\"https:\/\/www.theirvinglawfirm.com\/es\/derecho-de-familia\/adopcion\/informacion-sobre-adopcion-en-virginia\/\">Conozca M\u00e1s Aqu\u00ed<\/a><\/p>\n","protected":false},"excerpt":{"rendered":"<p>Los padres de acogida suelen recibir muchas ayudas econ\u00f3micas de  [&#8230;]<\/p>\n","protected":false},"author":3,"featured_media":0,"parent":8540,"menu_order":0,"comment_status":"closed","ping_status":"closed","template":"","meta":{"_analytify_skip_tracking":false,"rank_math_title":"Ayuda Para La Adopci\u00f3n De Familias De Acogida | The Irving Law Firm","rank_math_description":"Un abogado especializado en adopciones de The Irving Law Firm puede ayudarle a obtener ayuda para la adopci\u00f3n. Pueden determinar las necesidades del ni\u00f1o y la subvenci\u00f3n que le corresponde.","rank_math_focus_keyword":"adopci\u00f3n","rank_math_canonical_url":"","footnotes":""},"class_list":["post-11716","page","type-page","status-publish","hentry"],"acf":[],"_links":{"self":[{"href":"https:\/\/www.theirvinglawfirm.com\/es\/wp-json\/wp\/v2\/pages\/11716","targetHints":{"allow":["GET"]}}],"collection":[{"href":"https:\/\/www.theirvinglawfirm.com\/es\/wp-json\/wp\/v2\/pages"}],"about":[{"href":"https:\/\/www.theirvinglawfirm.com\/es\/wp-json\/wp\/v2\/types\/page"}],"author":[{"embeddable":true,"href":"https:\/\/www.theirvinglawfirm.com\/es\/wp-json\/wp\/v2\/users\/3"}],"replies":[{"embeddable":true,"href":"https:\/\/www.theirvinglawfirm.com\/es\/wp-json\/wp\/v2\/comments?post=11716"}],"version-history":[{"count":0,"href":"https:\/\/www.theirvinglawfirm.com\/es\/wp-json\/wp\/v2\/pages\/11716\/revisions"}],"up":[{"embeddable":true,"href":"https:\/\/www.theirvinglawfirm.com\/es\/wp-json\/wp\/v2\/pages\/8540"}],"wp:attachment":[{"href":"https:\/\/www.theirvinglawfirm.com\/es\/wp-json\/wp\/v2\/media?parent=11716"}],"curies":[{"name":"wp","href":"https:\/\/api.w.org\/{rel}","templated":true}]}}