{"id":11712,"date":"2023-08-08T23:09:01","date_gmt":"2023-08-08T23:09:01","guid":{"rendered":"https:\/\/www.theirvinglawfirm.com\/?page_id=11712"},"modified":"2024-03-05T17:33:39","modified_gmt":"2024-03-05T17:33:39","slug":"funciones-y-responsabilidades-de-padres-de-acogida-en-adopcion","status":"publish","type":"page","link":"https:\/\/www.theirvinglawfirm.com\/es\/areas-de-practica\/derecho-de-familia\/adopcion\/funciones-y-responsabilidades-de-padres-de-acogida-en-adopcion\/","title":{"rendered":"Funciones Y Responsabilidades De Los Padres De Acogida En La Adopci\u00f3n"},"content":{"rendered":"<p><span style=\"font-weight: 400;\"><a href=\"https:\/\/es.wikipedia.org\/wiki\/Adopci%C3%B3n\" target=\"_blank\" rel=\"noopener\">La adopci\u00f3n<\/a> proporciona una nueva familia a un ni\u00f1o separado legalmente de sus padres biol\u00f3gicos. Como padre adoptivo, usted obtiene derechos y responsabilidades similares a los del padre biol\u00f3gico, y su hijo adoptivo disfruta de los mismos derechos que sus hijos biol\u00f3gicos. Si decide marcar la diferencia en la vida de un ni\u00f1o a trav\u00e9s de la adopci\u00f3n, puede confiar en los abogados especializados en adopciones de The Irving Law Firm. Pueden ocuparse del complicado papeleo y del tedioso procedimiento legal en su nombre.<\/span><\/p>\n<p><img decoding=\"async\" class=\"alignnone size-full wp-image-11830\" src=\"https:\/\/www.theirvinglawfirm.com\/wp-content\/uploads\/2023\/08\/si-usted-quiere-ser-un-padre-de-acogida-adentrese-a-saber-cuales-son-sus-responsabilidades-con-el-nino-adoptado.jpg\" alt=\"Si Usted Quiere Ser Un Padre De Acogida, Ad\u00e9ntrese A Saber Cu\u00e1les Son Sus Responsabilidades Con El Ni\u00f1o Adoptado\" width=\"100%\" height=\"901\" srcset=\"https:\/\/www.theirvinglawfirm.com\/wp-content\/uploads\/2023\/08\/si-usted-quiere-ser-un-padre-de-acogida-adentrese-a-saber-cuales-son-sus-responsabilidades-con-el-nino-adoptado-200x129.jpg 200w, https:\/\/www.theirvinglawfirm.com\/wp-content\/uploads\/2023\/08\/si-usted-quiere-ser-un-padre-de-acogida-adentrese-a-saber-cuales-son-sus-responsabilidades-con-el-nino-adoptado-300x193.jpg 300w, https:\/\/www.theirvinglawfirm.com\/wp-content\/uploads\/2023\/08\/si-usted-quiere-ser-un-padre-de-acogida-adentrese-a-saber-cuales-son-sus-responsabilidades-con-el-nino-adoptado-400x257.jpg 400w, https:\/\/www.theirvinglawfirm.com\/wp-content\/uploads\/2023\/08\/si-usted-quiere-ser-un-padre-de-acogida-adentrese-a-saber-cuales-son-sus-responsabilidades-con-el-nino-adoptado-460x295.jpg 460w, https:\/\/www.theirvinglawfirm.com\/wp-content\/uploads\/2023\/08\/si-usted-quiere-ser-un-padre-de-acogida-adentrese-a-saber-cuales-son-sus-responsabilidades-con-el-nino-adoptado-600x386.jpg 600w, https:\/\/www.theirvinglawfirm.com\/wp-content\/uploads\/2023\/08\/si-usted-quiere-ser-un-padre-de-acogida-adentrese-a-saber-cuales-son-sus-responsabilidades-con-el-nino-adoptado-768x494.jpg 768w, https:\/\/www.theirvinglawfirm.com\/wp-content\/uploads\/2023\/08\/si-usted-quiere-ser-un-padre-de-acogida-adentrese-a-saber-cuales-son-sus-responsabilidades-con-el-nino-adoptado-800x515.jpg 800w, https:\/\/www.theirvinglawfirm.com\/wp-content\/uploads\/2023\/08\/si-usted-quiere-ser-un-padre-de-acogida-adentrese-a-saber-cuales-son-sus-responsabilidades-con-el-nino-adoptado-1024x659.jpg 1024w, https:\/\/www.theirvinglawfirm.com\/wp-content\/uploads\/2023\/08\/si-usted-quiere-ser-un-padre-de-acogida-adentrese-a-saber-cuales-son-sus-responsabilidades-con-el-nino-adoptado-1200x772.jpg 1200w, https:\/\/www.theirvinglawfirm.com\/wp-content\/uploads\/2023\/08\/si-usted-quiere-ser-un-padre-de-acogida-adentrese-a-saber-cuales-son-sus-responsabilidades-con-el-nino-adoptado.jpg 1400w\" sizes=\"(max-width: 1400px) 100vw, 1400px\" \/><\/p>\n<h2>\u00bfQu\u00e9 Es Una Adopci\u00f3n?<\/h2>\n<p><span style=\"font-weight: 400;\">La adopci\u00f3n es un m\u00e9todo para dar estabilidad, permanencia y afecto a un nuevo miembro de la familia. Permite que un ni\u00f1o tenga una familia dispuesta a cuidarlo. Se produce cuando los padres biol\u00f3gicos o familiares cercanos no pueden criar al ni\u00f1o. Adoptar a un ni\u00f1o significa que usted asume legalmente la patria potestad completa del ni\u00f1o, de forma similar a como lo hacen los padres biol\u00f3gicos.<\/span><\/p>\n<p><span style=\"font-weight: 400;\">Adoptar un ni\u00f1o es un compromiso serio y para toda la vida que requiere perseverancia y dedicaci\u00f3n. Es un medio de influir significativamente en la vida de un ni\u00f1o proporcion\u00e1ndole el entorno afectuoso que se merece. Tras la adopci\u00f3n, los derechos y obligaciones de los padres biol\u00f3gicos pasan a los padres adoptivos.<\/span><\/p>\n<h2>C\u00f3mo Afecta La Adopci\u00f3n A Los Padres Adoptivos<\/h2>\n<p><span style=\"font-weight: 400;\">La adopci\u00f3n es un camino significativo que los padres de acogida emprenden para convertirse en padres leg\u00edtimos. Muchos padres de acogida se plantean la adopci\u00f3n para formar una familia, pero muchos tambi\u00e9n la eligen para ofrecer una familia afectuosa y feliz a un ni\u00f1o cuyos padres biol\u00f3gicos no pueden proporcionarle.<\/span><\/p>\n<p><span style=\"font-weight: 400;\">La adopci\u00f3n es descrita como una bendici\u00f3n por la mayor\u00eda de los padres de acogida. Tambi\u00e9n es una decisi\u00f3n desinteresada que un padre biol\u00f3gico conf\u00ede su hijo al cuidado de quienes desean ser padres. La adopci\u00f3n proporciona a los nuevos padres un sentido a sus vidas.<\/span><\/p>\n<h2>Los Padres De Acogida Y Sus Funciones<\/h2>\n<p><span style=\"font-weight: 400;\">Los padres de acogida desempe\u00f1an un papel crucial en la curaci\u00f3n de los ni\u00f1os. Establecen estabilidad en los ni\u00f1os y les ense\u00f1an habilidades para la vida que perduran toda la vida y posiblemente influyan en su futuro.<\/span><\/p>\n<p><span style=\"font-weight: 400;\">Antes, muchos consideraban que el papel original de los padres de acogida era temporal. Adem\u00e1s, casi la mitad de los ni\u00f1os ingresados en centros de acogida se han reunido con sus padres biol\u00f3gicos con la ayuda de padres de acogida. Facilitaron las visitas y asistieron a los procedimientos judiciales. Se esperaba que hicieran frente a la ansiedad de separaci\u00f3n si el ni\u00f1o volv\u00eda con sus padres biol\u00f3gicos o era entregado a otro familiar.<\/span><\/p>\n<p><span style=\"font-weight: 400;\">Hoy en d\u00eda, los miembros del sector de los servicios sociales consideran el acogimiento como un punto vital hacia la adopci\u00f3n. Los padres de acogida tambi\u00e9n adoptan ni\u00f1os que no se re\u00fanen con sus familias biol\u00f3gicas. Las familias de acogida mantienen el contacto con los ni\u00f1os tras reunirse con sus padres biol\u00f3gicos o ser adoptados por otra familia. <\/span><\/p>\n<h2>Formas En Que Un Abogado Especializado En Adopciones Puede Ayudar En Un Proceso De Adopci\u00f3n<\/h2>\n<p><span style=\"font-weight: 400;\">La adopci\u00f3n es un proceso legal que los ciudadanos de a pie pueden no comprender. Tambi\u00e9n est\u00e1 rodeada de problemas que cuesta trabajo tratar civilizadamente. El procedimiento es extenso, y contratar a un abogado especializado en adopciones que pueda ayudarle a no cometer errores ser\u00eda beneficioso.<\/span><\/p>\n<h3>Obtener El Consentimiento<\/h3>\n<p><span style=\"font-weight: 400;\">Un abogado especializado en adopciones de The Irving Law Firm puede determinar qui\u00e9n debe otorgar el consentimiento y qu\u00e9 medidas tomar si las partes se niegan a darlo. Si una de las partes se niega a dar su consentimiento, puede ser necesaria una petici\u00f3n para eliminar el requisito del consentimiento paterno. Sin embargo, una petici\u00f3n de este tipo s\u00f3lo es adecuada en determinadas circunstancias. En este caso, un abogado especializado en adopciones puede examinar las posibilidades y ayudarle a presentar la petici\u00f3n necesaria.<\/span><\/p>\n<h3>Cuestiones Jur\u00eddicas<\/h3>\n<p><span style=\"font-weight: 400;\">Los abogados de adopci\u00f3n de The Irving Law Firm pueden ayudar con las cuestiones de procedimiento que puedan surgir durante la adopci\u00f3n. Tambi\u00e9n hay mucho papeleo en el proceso de adopci\u00f3n, desde la petici\u00f3n hasta la presentaci\u00f3n de una Declaraci\u00f3n Jurada de Cuidado y Custodia. Contratar a un asesor jur\u00eddico le da la seguridad de que todos los documentos exigidos por el tribunal se cumplimentan y presentan correctamente.<\/span><\/p>\n<h3>Consultas Posteriores A La Adopci\u00f3n<\/h3>\n<p><span style=\"font-weight: 400;\">Un abogado especializado en adopciones tambi\u00e9n puede ayudar a los padres adoptivos en cuestiones posteriores a la adopci\u00f3n. Tras una adopci\u00f3n, por ejemplo, los padres pueden tener dudas sobre el certificado de nacimiento del ni\u00f1o adoptado. Un abogado puede ayudar a investigar el asunto. Tambi\u00e9n pueden surgir problemas, como los derechos de sucesi\u00f3n tras la adopci\u00f3n. Incluso despu\u00e9s de que una adopci\u00f3n es finalizada por el tribunal, la presencia de un abogado de adopci\u00f3n en The Irving Law Firm todav\u00eda puede ser beneficiosa.<\/span><\/p>\n<h2>Resumen<\/h2>\n<p><span style=\"font-weight: 400;\">La adopci\u00f3n es un medio de proporcionar estabilidad, permanencia y afecto a un nuevo miembro de la familia. Es un compromiso serio que exige esfuerzo y dedicaci\u00f3n. La adopci\u00f3n, adem\u00e1s de sus aspectos emocionales, incluye elementos jur\u00eddicos que deben abordarse. Cuando surge una dificultad a lo largo del proceso de adopci\u00f3n, un <a href=\"https:\/\/www.theirvinglawfirm.com\/es\/adopcion\/abogado-de-adopcion\/\">abogado de adopci\u00f3n<\/a> de <a href=\"http:\/\/theirvinglawfirm.com\/es\">The Irving Law Firm<\/a> emplea sus habilidades y conocimientos para resolverla. Su camino hacia la adopci\u00f3n de un ni\u00f1o ser\u00e1 m\u00e1s f\u00e1cil con su ayuda.<\/span><\/p>\n<p><a href=\"https:\/\/www.theirvinglawfirm.com\/es\/derecho-de-familia\/adopcion\/por-que-los-padres-ponen-a-sus-hijos-en-adopcion\/\">Obtenga M\u00e1s Informaci\u00f3n Ac\u00e1<\/a><\/p>\n","protected":false},"excerpt":{"rendered":"<p>La adopci\u00f3n proporciona una nueva familia a un ni\u00f1o separado  [&#8230;]<\/p>\n","protected":false},"author":3,"featured_media":0,"parent":8540,"menu_order":0,"comment_status":"closed","ping_status":"closed","template":"","meta":{"_analytify_skip_tracking":false,"rank_math_title":"Adopci\u00f3n - Padres De Acogida Que Dan Amor A Ni\u00f1os Adoptados | The Irving Law Firm","rank_math_description":"Aprenda c\u00f3mo los abogados de adopci\u00f3n de The Irving Law Firm ayudan a los padres de acogida a encontrar una agencia de adopci\u00f3n o un adoptante independiente mientras salvaguardan sus derechos.","rank_math_focus_keyword":"acogida","rank_math_canonical_url":"","footnotes":""},"class_list":["post-11712","page","type-page","status-publish","hentry"],"acf":[],"_links":{"self":[{"href":"https:\/\/www.theirvinglawfirm.com\/es\/wp-json\/wp\/v2\/pages\/11712","targetHints":{"allow":["GET"]}}],"collection":[{"href":"https:\/\/www.theirvinglawfirm.com\/es\/wp-json\/wp\/v2\/pages"}],"about":[{"href":"https:\/\/www.theirvinglawfirm.com\/es\/wp-json\/wp\/v2\/types\/page"}],"author":[{"embeddable":true,"href":"https:\/\/www.theirvinglawfirm.com\/es\/wp-json\/wp\/v2\/users\/3"}],"replies":[{"embeddable":true,"href":"https:\/\/www.theirvinglawfirm.com\/es\/wp-json\/wp\/v2\/comments?post=11712"}],"version-history":[{"count":0,"href":"https:\/\/www.theirvinglawfirm.com\/es\/wp-json\/wp\/v2\/pages\/11712\/revisions"}],"up":[{"embeddable":true,"href":"https:\/\/www.theirvinglawfirm.com\/es\/wp-json\/wp\/v2\/pages\/8540"}],"wp:attachment":[{"href":"https:\/\/www.theirvinglawfirm.com\/es\/wp-json\/wp\/v2\/media?parent=11712"}],"curies":[{"name":"wp","href":"https:\/\/api.w.org\/{rel}","templated":true}]}}