{"id":11711,"date":"2023-08-08T23:01:54","date_gmt":"2023-08-08T23:01:54","guid":{"rendered":"https:\/\/www.theirvinglawfirm.com\/?page_id=11711"},"modified":"2024-03-05T17:43:50","modified_gmt":"2024-03-05T17:43:50","slug":"diferencias-entre-adopcion-y-acogida","status":"publish","type":"page","link":"https:\/\/www.theirvinglawfirm.com\/es\/areas-de-practica\/derecho-de-familia\/adopcion\/diferencias-entre-adopcion-y-acogida\/","title":{"rendered":"Principales Diferencias Entre Adopci\u00f3n Y Acogida"},"content":{"rendered":"<p><span style=\"font-weight: 400;\"><a href=\"https:\/\/es.wikipedia.org\/wiki\/Adopci%C3%B3n\" target=\"_blank\" rel=\"noopener\">Adopci\u00f3n<\/a> es una palabra jur\u00eddica que hace referencia a la transferencia de la patria potestad de los padres biol\u00f3gicos a la familia adoptiva. Es un procedimiento complejo con varias normas que cumplir para que una adopci\u00f3n sea un \u00e9xito. Si desea entender las leyes de adopci\u00f3n de Manassas, Virginia, y los pasos a seguir, consulte a un abogado de adopci\u00f3n de The Irving Law Firm. Pero antes, entienda la diferencia entre adopci\u00f3n y acogida.<\/span><\/p>\n<p><img decoding=\"async\" class=\"alignnone size-full wp-image-11822\" src=\"https:\/\/www.theirvinglawfirm.com\/wp-content\/uploads\/2023\/08\/cuales-son-las-diferencias-y-mejores-opciones-entre-el-proceso-de-adopcion-y-los-centros-de-acogida.jpg\" alt=\"Cu\u00e1les Son Las Diferencias Y Mejores Opciones Entre El Proceso De Adopci\u00f3n Y Los Centros De Acogida\" width=\"100%\" height=\"934\" srcset=\"https:\/\/www.theirvinglawfirm.com\/wp-content\/uploads\/2023\/08\/cuales-son-las-diferencias-y-mejores-opciones-entre-el-proceso-de-adopcion-y-los-centros-de-acogida-200x133.jpg 200w, https:\/\/www.theirvinglawfirm.com\/wp-content\/uploads\/2023\/08\/cuales-son-las-diferencias-y-mejores-opciones-entre-el-proceso-de-adopcion-y-los-centros-de-acogida-300x200.jpg 300w, https:\/\/www.theirvinglawfirm.com\/wp-content\/uploads\/2023\/08\/cuales-son-las-diferencias-y-mejores-opciones-entre-el-proceso-de-adopcion-y-los-centros-de-acogida-400x267.jpg 400w, https:\/\/www.theirvinglawfirm.com\/wp-content\/uploads\/2023\/08\/cuales-son-las-diferencias-y-mejores-opciones-entre-el-proceso-de-adopcion-y-los-centros-de-acogida-600x400.jpg 600w, https:\/\/www.theirvinglawfirm.com\/wp-content\/uploads\/2023\/08\/cuales-son-las-diferencias-y-mejores-opciones-entre-el-proceso-de-adopcion-y-los-centros-de-acogida-768x512.jpg 768w, https:\/\/www.theirvinglawfirm.com\/wp-content\/uploads\/2023\/08\/cuales-son-las-diferencias-y-mejores-opciones-entre-el-proceso-de-adopcion-y-los-centros-de-acogida-800x534.jpg 800w, https:\/\/www.theirvinglawfirm.com\/wp-content\/uploads\/2023\/08\/cuales-son-las-diferencias-y-mejores-opciones-entre-el-proceso-de-adopcion-y-los-centros-de-acogida-1024x683.jpg 1024w, https:\/\/www.theirvinglawfirm.com\/wp-content\/uploads\/2023\/08\/cuales-son-las-diferencias-y-mejores-opciones-entre-el-proceso-de-adopcion-y-los-centros-de-acogida-1200x801.jpg 1200w, https:\/\/www.theirvinglawfirm.com\/wp-content\/uploads\/2023\/08\/cuales-son-las-diferencias-y-mejores-opciones-entre-el-proceso-de-adopcion-y-los-centros-de-acogida.jpg 1400w\" sizes=\"(max-width: 1400px) 100vw, 1400px\" \/><\/p>\n<h2>\u00bfQu\u00e9 Es La Adopci\u00f3n?<\/h2>\n<p><span style=\"font-weight: 400;\">La adopci\u00f3n es un proceso mediante el cual una persona adquiere la patria potestad de otra persona de sus padres biol\u00f3gicos. Las adopciones formales transfieren todos los derechos y obligaciones de los padres biol\u00f3gicos a los adoptivos, incluida la filiaci\u00f3nG.<\/span><\/p>\n<h2>\u00bfQu\u00e9 Es El Acogimiento Familiar En Virginia?<\/h2>\n<p><span style=\"font-weight: 400;\">El acogimiento familiar indica que un tribunal ha concedido la custodia legal de un menor al Departamento de Servicios Familiares local. Devolver al ni\u00f1o a sus padres o tutores es el principal objetivo de la acogida.<\/span><\/p>\n<p><span style=\"font-weight: 400;\">Si no pueden resolver r\u00e1pidamente la cuesti\u00f3n del bienestar del menor, el departamento buscar\u00e1 tutores dispuestos a aceptar al menor bajo su custodia. Si el ni\u00f1o ha estado en acogida durante un periodo prolongado y no hay parientes cercanos que se hagan cargo de \u00e9l, el departamento se dirigir\u00e1 al tribunal para darlo en adopci\u00f3n y revocar la patria potestad.<\/span><\/p>\n<h2>Cosas Que Hacer Antes Y Durante El Proceso De Adopci\u00f3n<\/h2>\n<p><span style=\"font-weight: 400;\">La adopci\u00f3n es un procedimiento legal que consta de varios pasos. Las leyes difieren de un estado a otro y a menudo son dif\u00edciles de entender. Si quiere adoptar, debe entender el proceso, sobre todo si es la primera vez que adopta.<\/span><\/p>\n<h3>Investigaci\u00f3n<\/h3>\n<p><span style=\"font-weight: 400;\">Investiga a fondo tus opciones y rod\u00e9ate de una s\u00f3lida red de apoyo. Puede pedir la opini\u00f3n de sus familiares y amigos, o puede pedir consejo a un abogado experto en adopciones de The Irving Law Firm.<\/span><\/p>\n<h3>Limite Sus Opciones<\/h3>\n<p><span style=\"font-weight: 400;\">Hay dos formas de adoptar. Puedes optar por una agencia de colocaci\u00f3n de ni\u00f1os en adopci\u00f3n o por una adopci\u00f3n privada. Sopese sus pros y sus contras y elija lo que m\u00e1s le convenga a usted y a su adoptado.<\/span><\/p>\n<h3>Contratar A Un Abogado Especializado En Adopciones<\/h3>\n<p><span style=\"font-weight: 400;\">Un abogado especializado en adopciones puede ayudarle a salvaguardar sus derechos y prestarle asistencia jur\u00eddica continua. Pueden asesorarle sobre el proceso de adopci\u00f3n y ayudarle a evitar problemas comunes, como desacuerdos y requisitos incompletos. <\/span><\/p>\n<h3>Aprobar El Estudio En Casa<\/h3>\n<p><span style=\"font-weight: 400;\">Si adoptas a trav\u00e9s de una agencia de colocaci\u00f3n, aseg\u00farate de que apruebas todos los requisitos del estudio del hogar y obtienes la aprobaci\u00f3n de la agencia. Si necesita ayuda para cumplir los requisitos, acuda a un abogado especializado en adopciones. Tambi\u00e9n pueden darte algunos consejos sobre c\u00f3mo aprobar el estudio en casa.<\/span><\/p>\n<h3>Finalice Sus Requisitos<\/h3>\n<p><span style=\"font-weight: 400;\">Colabore con su abogado de adopci\u00f3n para asegurarse de que cumple todos los criterios legales para la adopci\u00f3n. En este punto, aseg\u00farese de que todos los requisitos est\u00e1n en orden para que pueda proceder a la finalizaci\u00f3n de la adopci\u00f3n.<\/span><\/p>\n<h3>Prepare Y Acoja A Su Hijo<\/h3>\n<p><span style=\"font-weight: 400;\">Antes de dar la bienvenida a su nuevo hijo, garantice la seguridad de su hogar. Cree un entorno agradable y acogedor para que se sientan como en casa.<\/span><\/p>\n<h2>Trabajar Con Un Abogado De Adopci\u00f3n En The Irving Law Firm<\/h2>\n<p><span style=\"font-weight: 400;\">La adopci\u00f3n implica responsabilidades tanto emocionales como legales. Los tribunales quieren asegurarse de que se siguen todos los procesos legales porque el v\u00ednculo entre el padre adoptivo y el ni\u00f1o es crucial. Esto explica por qu\u00e9 los abogados de adopci\u00f3n suelen estar presentes en el proceso de adopci\u00f3n. <\/span><\/p>\n<p><span style=\"font-weight: 400;\">Si trata con una agencia de adopci\u00f3n, lo m\u00e1s probable es que hable con un abogado de adopciones en su nombre. Si opta por una adopci\u00f3n independiente, usted ser\u00e1 responsable de elegir y contratar a su abogado. Los abogados de adopci\u00f3n de The Irving Law Firm desempe\u00f1an un papel m\u00e1s importante en una adopci\u00f3n independiente. Con una adopci\u00f3n independiente, son responsables de garantizar el cumplimiento de todos los criterios legales.<\/span><\/p>\n<p><span style=\"font-weight: 400;\">Otra labor del abogado de adopciones es proteger los derechos de los padres biol\u00f3gicos si renuncian voluntariamente a su patria potestad. El abogado especializado en adopciones puede ayudarle a perfilar decisiones cruciales y actuar como su defensor para garantizar que se respeten sus preferencias. Si quieres reconsiderar tu decisi\u00f3n y deseas criar al ni\u00f1o, a\u00fan pueden ayudarte.<\/span><\/p>\n<h2>Resumen<\/h2>\n<p><span style=\"font-weight: 400;\">La adopci\u00f3n es un procedimiento legal por el que se transfiere la patria potestad de los padres biol\u00f3gicos a los padres adoptivos. Los<a href=\"https:\/\/www.theirvinglawfirm.com\/es\/adopcion\/abogado-de-adopcion\/\"> abogados de adopci\u00f3n<\/a> de <a href=\"http:\/\/theirvinglawfirm.com\/es\">The Irving Law Firm<\/a> pueden ayudar a las familias de acogida a resolver problemas de adopci\u00f3n. Tambi\u00e9n pueden ayudar a los padres adoptivos antes y durante la adopci\u00f3n, asesor\u00e1ndoles y aconsej\u00e1ndoles, asegur\u00e1ndose de que se cumplen todos los requisitos legales y preservando los derechos del padre biol\u00f3gico.<\/span><\/p>\n<p><a href=\"https:\/\/www.theirvinglawfirm.com\/es\/derecho-de-familia\/adopcion\/funciones-y-responsabilidades-de-padres-de-acogida-en-adopcion\/\">Sum\u00e9rgete En M\u00e1s Detalles<\/a><\/p>\n","protected":false},"excerpt":{"rendered":"<p>Adopci\u00f3n es una palabra jur\u00eddica que hace referencia a la  [&#8230;]<\/p>\n","protected":false},"author":3,"featured_media":0,"parent":8540,"menu_order":0,"comment_status":"closed","ping_status":"closed","template":"","meta":{"_analytify_skip_tracking":false,"rank_math_title":"\u00bfQu\u00e9 Diferencias Hay Entre Adopci\u00f3n Y Acogida? | The Irving Law Firm","rank_math_description":"Siga leyendo para conocer las diferencias entre adopci\u00f3n y acogida. Este art\u00edculo tambi\u00e9n aborda c\u00f3mo los abogados especializados en adopci\u00f3n pueden ayudarle durante estos procesos.","rank_math_focus_keyword":"adopcion","rank_math_canonical_url":"","footnotes":""},"class_list":["post-11711","page","type-page","status-publish","hentry"],"acf":[],"_links":{"self":[{"href":"https:\/\/www.theirvinglawfirm.com\/es\/wp-json\/wp\/v2\/pages\/11711","targetHints":{"allow":["GET"]}}],"collection":[{"href":"https:\/\/www.theirvinglawfirm.com\/es\/wp-json\/wp\/v2\/pages"}],"about":[{"href":"https:\/\/www.theirvinglawfirm.com\/es\/wp-json\/wp\/v2\/types\/page"}],"author":[{"embeddable":true,"href":"https:\/\/www.theirvinglawfirm.com\/es\/wp-json\/wp\/v2\/users\/3"}],"replies":[{"embeddable":true,"href":"https:\/\/www.theirvinglawfirm.com\/es\/wp-json\/wp\/v2\/comments?post=11711"}],"version-history":[{"count":0,"href":"https:\/\/www.theirvinglawfirm.com\/es\/wp-json\/wp\/v2\/pages\/11711\/revisions"}],"up":[{"embeddable":true,"href":"https:\/\/www.theirvinglawfirm.com\/es\/wp-json\/wp\/v2\/pages\/8540"}],"wp:attachment":[{"href":"https:\/\/www.theirvinglawfirm.com\/es\/wp-json\/wp\/v2\/media?parent=11711"}],"curies":[{"name":"wp","href":"https:\/\/api.w.org\/{rel}","templated":true}]}}