{"id":11709,"date":"2023-08-08T22:48:46","date_gmt":"2023-08-08T22:48:46","guid":{"rendered":"https:\/\/www.theirvinglawfirm.com\/?page_id=11709"},"modified":"2025-10-24T20:28:57","modified_gmt":"2025-10-24T20:28:57","slug":"reunir-requisitos-para-adoptar-a-un-nino","status":"publish","type":"page","link":"https:\/\/www.theirvinglawfirm.com\/es\/areas-de-practica\/derecho-de-familia\/adopcion\/reunir-requisitos-para-adoptar-a-un-nino\/","title":{"rendered":"Requisitos para que los padres adoptivos adopten un ni\u00f1o"},"content":{"rendered":"<p><span style=\"font-weight: 400;\"><a href=\"https:\/\/es.wikipedia.org\/wiki\/Adopci%C3%B3n\" target=\"_blank\" rel=\"noopener\">La adopci\u00f3n<\/a> es un campo del Derecho muy especializado en el que la competencia es esencial. Los errores pueden retrasar significativamente o incluso invalidar su adopci\u00f3n, por lo que es crucial contar con un abogado especializado en adopciones con amplios conocimientos de la ley. Adoptar un ni\u00f1o es una de las decisiones m\u00e1s importantes y gratificantes que se pueden tomar. Si est\u00e1 empezando, seguro que tiene muchas preguntas, y The Irving Law Firm puede darle respuestas.<\/span><\/p>\n<p><img decoding=\"async\" class=\"wp-image-41890 size-full aligncenter\" src=\"https:\/\/www.theirvinglawfirm.com\/wp-content\/uploads\/2025\/10\/requisitos-a-cumplir-por-padres-adoptivos-para-adoptar.jpg\" alt=\"Requisitos a cumplir por padres adoptivos para adoptar\" width=\"1080\" height=\"720\" srcset=\"https:\/\/www.theirvinglawfirm.com\/wp-content\/uploads\/2025\/10\/requisitos-a-cumplir-por-padres-adoptivos-para-adoptar-200x133.jpg 200w, https:\/\/www.theirvinglawfirm.com\/wp-content\/uploads\/2025\/10\/requisitos-a-cumplir-por-padres-adoptivos-para-adoptar-400x267.jpg 400w, https:\/\/www.theirvinglawfirm.com\/wp-content\/uploads\/2025\/10\/requisitos-a-cumplir-por-padres-adoptivos-para-adoptar-600x400.jpg 600w, https:\/\/www.theirvinglawfirm.com\/wp-content\/uploads\/2025\/10\/requisitos-a-cumplir-por-padres-adoptivos-para-adoptar-768x512.jpg 768w, https:\/\/www.theirvinglawfirm.com\/wp-content\/uploads\/2025\/10\/requisitos-a-cumplir-por-padres-adoptivos-para-adoptar-800x533.jpg 800w, https:\/\/www.theirvinglawfirm.com\/wp-content\/uploads\/2025\/10\/requisitos-a-cumplir-por-padres-adoptivos-para-adoptar.jpg 1080w\" sizes=\"(max-width: 1080px) 100vw, 1080px\" \/><\/p>\n<h2>\u00bfQui\u00e9n Puede Adoptar En Manassas, Virginia?<\/h2>\n<p><span style=\"font-weight: 400;\">Pueden adoptar personas o parejas. Sin embargo, requiere un estudio del hogar, sobre todo en las colocaciones por agencia y parentales. Un estudio del hogar eval\u00faa a los futuros padres adoptivos, el hogar y a cualquier persona dentro del hogar. Garantiza al ni\u00f1o o adulto en adopci\u00f3n que llegar\u00e1 a un buen hogar.<\/span><\/p>\n<p><span style=\"font-weight: 400;\">El Estado regula los estudios a domicilio, que tardan entre cinco y nueve semanas en terminarse. La forma m\u00e1s f\u00e1cil de gestionar el procedimiento de estudio del hogar es contar con la ayuda de un abogado de adopci\u00f3n de The Irving Law Firm.<\/span><\/p>\n<p><span style=\"font-weight: 400;\">Entre los factores que requieren una evaluaci\u00f3n exhaustiva figuran los siguientes:<\/span><\/p>\n<ul>\n<li style=\"font-weight: 400;\" aria-level=\"1\"><span style=\"font-weight: 400;\">Relaciones familiares. <\/span><\/li>\n<li style=\"font-weight: 400;\" aria-level=\"1\"><span style=\"font-weight: 400;\">Posible din\u00e1mica tras la adopci\u00f3n del ni\u00f1o. <\/span><\/li>\n<li style=\"font-weight: 400;\" aria-level=\"1\"><span style=\"font-weight: 400;\">Intenci\u00f3n de adoptar.<\/span><\/li>\n<li style=\"font-weight: 400;\" aria-level=\"1\"><span style=\"font-weight: 400;\">Nivel de estudios o formaci\u00f3n.<\/span><\/li>\n<li style=\"font-weight: 400;\" aria-level=\"1\"><span style=\"font-weight: 400;\">Antecedentes familiares.<\/span><\/li>\n<li style=\"font-weight: 400;\" aria-level=\"1\"><span style=\"font-weight: 400;\">Experiencia laboral.<\/span><\/li>\n<li style=\"font-weight: 400;\" aria-level=\"1\"><span style=\"font-weight: 400;\">Seguridad financiera.<\/span><\/li>\n<li style=\"font-weight: 400;\" aria-level=\"1\"><span style=\"font-weight: 400;\">El comportamiento de todos en el hogar.<\/span><\/li>\n<\/ul>\n<h2>Tres Etapas Del Estudio Del Hogar Para La Adopci\u00f3n<\/h2>\n<p><span style=\"font-weight: 400;\">El requisito del estudio del hogar para la adopci\u00f3n en Virginia puede ser estresante, pero entender\u00e1 por qu\u00e9. Hay vidas diferentes en juego, por lo que el Estado debe tomar todas las medidas con cuidado. Pero no se preocupe. El proceso no tiene por qu\u00e9 ser preocupante. Usted puede tener el ni\u00f1o que desea con una planificaci\u00f3n adecuada, un buen proveedor de estudio del hogar, y un abogado de adopci\u00f3n con experiencia de The Irving Law Firm.<\/span><\/p>\n<h3>Fase De Documentaci\u00f3n<\/h3>\n<p><span style=\"font-weight: 400;\">La fase de documentaci\u00f3n es la que m\u00e1s tiempo lleva. Cada miembro de la familia adoptiva debe someterse a una comprobaci\u00f3n de antecedentes por parte de los organismos pertinentes.<\/span><\/p>\n<p><span style=\"font-weight: 400;\">Dependiendo de la agencia de adopci\u00f3n a la que se conecte, tambi\u00e9n se le puede exigir que complete sesiones de crianza y formaci\u00f3n en primeros auxilios. Se le proporcionar\u00e1 una lista de comprobaci\u00f3n del estudio del hogar y se le ayudar\u00e1 con el papeleo necesario. Debe reunir su informaci\u00f3n financiera, certificado de nacimiento, certificado de matrimonio, en su caso, declaraciones de salud del m\u00e9dico y otros documentos necesarios.<\/span><\/p>\n<h3>Visitas A Domicilio<\/h3>\n<p><span style=\"font-weight: 400;\">En esta fase, un asistente social va a su casa y hace algunas preguntas a todas las personas que viven con usted. Se le preguntar\u00e1 sobre sus rutinas diarias, sus opiniones sobre la adopci\u00f3n de un ni\u00f1o y otros aspectos de su vida. Las visitas a domicilio de este tipo pueden durar entre dos y cuatro horas.<\/span><\/p>\n<h3>Inspecci\u00f3n De Viviendas<\/h3>\n<p><span style=\"font-weight: 400;\">En la \u00faltima fase del estudio del hogar adoptivo, un trabajador social comprueba si su casa puede acoger a un ni\u00f1o m\u00e1s. Llevan a cabo pr\u00e1cticas de seguridad, como la comprobaci\u00f3n de detectores de humo y la inspecci\u00f3n de piscinas.<\/span><\/p>\n<p><span style=\"font-weight: 400;\">Una vez finalizada la inspecci\u00f3n de la vivienda, el trabajador social le env\u00eda un informe detallado del resultado del estudio de la vivienda. Si no hay ning\u00fan problema, considera que el estudio est\u00e1 completo.<\/span><\/p>\n<h2>Funciones De Un Abogado Especializado En Adopciones<\/h2>\n<p><span style=\"font-weight: 400;\">El papel de un abogado en la adopci\u00f3n es asesorar a los posibles padres adoptivos sobre la adopci\u00f3n y ayudarles a evitar cometer errores. A continuaci\u00f3n se enumeran otros servicios que puede ofrecerle un abogado especializado en adopciones.<\/span><\/p>\n<ul>\n<li style=\"font-weight: 400;\" aria-level=\"1\"><span style=\"font-weight: 400;\">Busca una agencia de colocaci\u00f3n.<\/span><\/li>\n<li style=\"font-weight: 400;\" aria-level=\"1\"><span style=\"font-weight: 400;\">Preparar documentos en nombre del padre adoptivo.<\/span><\/li>\n<li style=\"font-weight: 400;\" aria-level=\"1\"><span style=\"font-weight: 400;\">Proporcionar asesoramiento y apoyo jur\u00eddico.<\/span><\/li>\n<li style=\"font-weight: 400;\" aria-level=\"1\"><span style=\"font-weight: 400;\">Ayuda a los clientes a cumplir sus obligaciones contractuales.<\/span><\/li>\n<li style=\"font-weight: 400;\" aria-level=\"1\"><span style=\"font-weight: 400;\">Negociar las condiciones y circunstancias de la adopci\u00f3n.<\/span><\/li>\n<li style=\"font-weight: 400;\" aria-level=\"1\"><span style=\"font-weight: 400;\">Gestiona cualquier desacuerdo o procedimiento judicial que pueda producirse.<\/span><\/li>\n<li style=\"font-weight: 400;\" aria-level=\"1\"><span style=\"font-weight: 400;\">Asistir a todas las comparecencias judiciales requeridas.<\/span><\/li>\n<li style=\"font-weight: 400;\" aria-level=\"1\"><span style=\"font-weight: 400;\">Mant\u00e9ngase al d\u00eda de la legislaci\u00f3n local, estatal y federal.<\/span><\/li>\n<li style=\"font-weight: 400;\" aria-level=\"1\"><span style=\"font-weight: 400;\">Charlas con agencias de colocaci\u00f3n.<\/span><\/li>\n<li style=\"font-weight: 400;\" aria-level=\"1\"><span style=\"font-weight: 400;\">Realiza otras acciones necesarias para asistir legalmente a una adopci\u00f3n.<\/span><\/li>\n<\/ul>\n<h2>\u00bfEs Necesario Un Abogado Especializado En Adopciones?<\/h2>\n<p><span style=\"font-weight: 400;\">Aunque adoptar un ni\u00f1o es una experiencia emocionante, el proceso de adopci\u00f3n puede resultar dif\u00edcil. Contratar a un abogado familiarizado con los tecnicismos de las leyes de adopci\u00f3n de Virginia ayuda a agilizar las adopciones y garantiza que se completen todos los procedimientos requeridos.<\/span><\/p>\n<p><span style=\"font-weight: 400;\">Los<a href=\"https:\/\/www.theirvinglawfirm.com\/es\/adopcion\/abogado-de-adopcion\/\"> abogados especializados en adopciones<\/a> de The Irving Law Firm se ocupan de todo tipo de adopciones. La firma gu\u00eda a los clientes a lo largo del proceso de adopci\u00f3n, les ayuda con el papeleo y examina los documentos para garantizar que el proceso se desarrolle sin contratiempos.<\/span><\/p>\n<p><span style=\"font-weight: 400;\">Los abogados de adopci\u00f3n de <a href=\"http:\/\/theirvinglawfirm.com\/es\">The Irving Law Firm<\/a> pueden ayudar a los padres adoptivos a completar los criterios del proceso de adopci\u00f3n, en particular el estudio del hogar de adopci\u00f3n. Contrate a un abogado para tener m\u00e1s posibilidades de ser padre adoptivo. Los abogados especializados en adopciones gu\u00edan a los futuros padres adoptivos a lo largo del proceso de adopci\u00f3n ofreci\u00e9ndoles asesoramiento y apoyo jur\u00eddico, negociando las condiciones y compareciendo ante los tribunales.<\/span><\/p>\n","protected":false},"excerpt":{"rendered":"<p>La adopci\u00f3n es un campo del Derecho muy especializado en  [&#8230;]<\/p>\n","protected":false},"author":3,"featured_media":0,"parent":8540,"menu_order":0,"comment_status":"closed","ping_status":"closed","template":"","meta":{"_analytify_skip_tracking":false,"rank_math_title":"Requisitos De Adopci\u00f3n Cuando Planea Adoptar Un Ni\u00f1o","rank_math_description":"The Irving Law Firm ayuda a padres adoptivos a cumplir requisitos de adopci\u00f3n. Descubra c\u00f3mo simplifican y agilizan el proceso legal.","rank_math_focus_keyword":"adopci\u00f3n","rank_math_canonical_url":"","footnotes":""},"class_list":["post-11709","page","type-page","status-publish","hentry"],"acf":[],"_links":{"self":[{"href":"https:\/\/www.theirvinglawfirm.com\/es\/wp-json\/wp\/v2\/pages\/11709","targetHints":{"allow":["GET"]}}],"collection":[{"href":"https:\/\/www.theirvinglawfirm.com\/es\/wp-json\/wp\/v2\/pages"}],"about":[{"href":"https:\/\/www.theirvinglawfirm.com\/es\/wp-json\/wp\/v2\/types\/page"}],"author":[{"embeddable":true,"href":"https:\/\/www.theirvinglawfirm.com\/es\/wp-json\/wp\/v2\/users\/3"}],"replies":[{"embeddable":true,"href":"https:\/\/www.theirvinglawfirm.com\/es\/wp-json\/wp\/v2\/comments?post=11709"}],"version-history":[{"count":3,"href":"https:\/\/www.theirvinglawfirm.com\/es\/wp-json\/wp\/v2\/pages\/11709\/revisions"}],"predecessor-version":[{"id":41897,"href":"https:\/\/www.theirvinglawfirm.com\/es\/wp-json\/wp\/v2\/pages\/11709\/revisions\/41897"}],"up":[{"embeddable":true,"href":"https:\/\/www.theirvinglawfirm.com\/es\/wp-json\/wp\/v2\/pages\/8540"}],"wp:attachment":[{"href":"https:\/\/www.theirvinglawfirm.com\/es\/wp-json\/wp\/v2\/media?parent=11709"}],"curies":[{"name":"wp","href":"https:\/\/api.w.org\/{rel}","templated":true}]}}