{"id":11681,"date":"2023-08-10T17:47:59","date_gmt":"2023-08-10T17:47:59","guid":{"rendered":"https:\/\/www.theirvinglawfirm.com\/?page_id=11681"},"modified":"2024-03-06T22:55:52","modified_gmt":"2024-03-06T22:55:52","slug":"ben-lomond","status":"publish","type":"page","link":"https:\/\/www.theirvinglawfirm.com\/es\/ben-lomond\/","title":{"rendered":"Ben Lomond Historic Site"},"content":{"rendered":"<p><iframe title=\"Reproductor de v\u00eddeo de YouTube\" src=\"https:\/\/www.youtube.com\/embed\/elWbHFIJ3BQ\" width=\"100%\" height=\"450\" frameborder=\"0\" allowfullscreen=\"allowfullscreen\"><span data-mce-type=\"bookmark\" style=\"display: inline-block; width: 0px; overflow: hidden; line-height: 0;\" class=\"mce_SELRES_start\"><\/span><\/iframe><br \/>\n<span style=\"font-weight: 400;\">Si desea viajar en el tiempo y conocer mejor su historia, el Ben Lomond Historic Site, en Manassas VA, es el lugar perfecto. Este monumento hist\u00f3rico est\u00e1 repleto de historias y hechos interesantes que ayudar\u00e1n a los visitantes a comprender mejor el pasado. Los visitantes tienen acceso a los terrenos, los objetos y las exposiciones interactivas que hacen que aprender sobre el pasado de Manassas sea divertido y atractivo.<\/span><\/p>\n<h2>Historia Del Ben Lomond<\/h2>\n<p><span style=\"font-weight: 400;\">Situada en Manassas VA, Ben Lomond Plantation es una hist\u00f3rica casa de plantaci\u00f3n que ha resistido el paso del tiempo. Construido en la d\u00e9cada de 1830, fue un hito destacado durante la Guerra Civil y marc\u00f3 significativamente la historia de Estados Unidos. <\/span><\/p>\n<p><span style=\"font-weight: 400;\">La plantaci\u00f3n recibi\u00f3 su nombre del famoso pico escoc\u00e9s \u00abBen Lomond\u00bb, que significa \u00abcolina faro\u00bb en ga\u00e9lico. Se yergue alta y orgullosa, como su hom\u00f3nima.<\/span><\/p>\n<h3>Esclavizados En Ben Lomond<\/h3>\n<p><span style=\"font-weight: 400;\">El Ben Lomond Historic Site, en Manassas, Virginia, tiene un pasado oscuro y complicado. Durante casi 100 a\u00f1os, los afroamericanos esclavizados residieron y trabajaron en estas tierras desde 1771 hasta 1861. <\/span><\/p>\n<p><span style=\"font-weight: 400;\">El lugar fue en su d\u00eda una plantaci\u00f3n propiedad de la prominente familia Carter de Virginia. Durante la esclavitud, Ben Lomond se utilizaba principalmente para fines agr\u00edcolas, como el cultivo de tabaco y trigo. <\/span><\/p>\n<p><span style=\"font-weight: 400;\">En la actualidad, Ben Lomond es un importante recordatorio de la historia de nuestra naci\u00f3n en relaci\u00f3n con la esclavitud. Visitar el yacimiento puede dar una idea de la vida de quienes se vieron forzados a la esclavitud durante esta \u00e9poca.<\/span><\/p>\n<h3>Guerra Civil<\/h3>\n<p><span style=\"font-weight: 400;\">El Ben Lomond Historic Site es un lugar de gran importancia hist\u00f3rica. La casa se utiliz\u00f3 como hospital militar confederado tras la 1\u00aa Batalla de Manassas. <\/span><\/p>\n<p><span style=\"font-weight: 400;\">Durante casi un mes, los soldados heridos permanecieron hacinados, soportando un dolor y un sufrimiento inimaginables. El hospital de Ben Lomond se convirti\u00f3 en uno de los muchos hospitales improvisados para atender a los heridos. <\/span><\/p>\n<p><span style=\"font-weight: 400;\">Hoy en d\u00eda, los visitantes pueden pasear por las salas donde se trat\u00f3 a estos valientes hombres y comprender c\u00f3mo era la vida durante esta dif\u00edcil \u00e9poca de la historia de nuestro pa\u00eds. El Ben Lomond Historic Site sirve para recordar que la guerra tiene consecuencias m\u00e1s all\u00e1 de quienes luchan en el campo de batalla.<\/span><\/p>\n<h3>Antigua Rosaleda<\/h3>\n<p><span style=\"font-weight: 400;\">Este monumento hist\u00f3rico de Manassas, Virginia, alberga una de las colecciones m\u00e1s impresionantes de rosas de jard\u00edn antiguas de la zona de Washington. Los visitantes pueden explorar la hermosa rosaleda que hay detr\u00e1s de la casa, donde Jim Syring ha cultivado meticulosamente una gran variedad de rosas que se remontan al siglo XVIII. <\/span><\/p>\n<p><span style=\"font-weight: 400;\">Esta colecci\u00f3n har\u00e1 las delicias tanto de los \u00e1vidos jardineros como de los aficionados a la historia. En comparaci\u00f3n con el jard\u00edn antebellum de la propiedad, que presenta plantaciones m\u00e1s tradicionales como boj y acebo, la rosaleda destaca como un oasis colorido y fragante. <\/span><\/p>\n<p><span style=\"font-weight: 400;\">Tras el fallecimiento de Jim, qued\u00f3 claro que su legado no deb\u00eda pasar desapercibido. Se tom\u00f3 la decisi\u00f3n de trasladar la Antigua Rosaleda para que otros tambi\u00e9n pudieran disfrutar de su belleza.<\/span><\/p>\n<h3>Graffiti<\/h3>\n<p><span style=\"font-weight: 400;\">El Ben Lomond Historic Site es una impresionante obra arquitect\u00f3nica que cuenta la historia del pasado de Estados Unidos. Sin embargo, ha sufrido importantes da\u00f1os a lo largo de los a\u00f1os debido a diversos factores. <\/span><\/p>\n<p><span style=\"font-weight: 400;\">Uno de esos factores son los grafitis, que se han apoderado de la mayor\u00eda de las paredes interiores. Hay grafitis pintados en casi todas las superficies del interior de la casa, por lo que se ha perdido parte de su significado hist\u00f3rico y su belleza. <\/span><\/p>\n<p><span style=\"font-weight: 400;\">Adem\u00e1s, durante la guerra civil, los soldados federales destruyeron gran parte del mobiliario de Ben Lomond. La combinaci\u00f3n de estos acontecimientos ha provocado una desafortunada p\u00e9rdida del valor cultural de este lugar hist\u00f3rico.<\/span><\/p>\n<h3>Casa Museo Hist\u00f3rica<\/h3>\n<p><span style=\"font-weight: 400;\">Como casa museo hist\u00f3rica, fue recientemente reedificada y hecha p\u00fablica en 2011. Este hito es un importante recordatorio de la rica historia de esta zona y una fuente de inspiraci\u00f3n para las generaciones futuras. <\/span><\/p>\n<p><span style=\"font-weight: 400;\">Hoy en d\u00eda, los visitantes pueden experimentar de primera mano c\u00f3mo era la vida durante esta \u00e9poca explorando las numerosas exposiciones que se exhiben en el museo. La colecci\u00f3n incluye artefactos como el equipo m\u00e9dico utilizado en aquella \u00e9poca y objetos personales de los soldados que fueron tratados all\u00ed. La reapertura de Ben Lomond tambi\u00e9n permite a los visitantes sumergirse en la historia local.<\/span><\/p>\n<h2>Resumen<\/h2>\n<p><span style=\"font-weight: 400;\">El <a href=\"https:\/\/www.pwcva.gov\/department\/historic-preservation\/ben-lomond-historic-site\" target=\"_blank\" rel=\"noopener\">Ben Lomond Historic Site<\/a>, en Manassas VA, es un lugar excelente para los interesados en la historia. No s\u00f3lo ofrece una gran variedad de artefactos hist\u00f3ricos e informaci\u00f3n, sino tambi\u00e9n unas vistas impresionantes de la naturaleza. <\/span><\/p>\n<p><span style=\"font-weight: 400;\">Puede hacer una visita guiada, explorar el recinto a solas o relajarse en un ambiente tranquilo. Con su mezcla \u00fanica de historia, naturaleza y cultura, el Ben Lomond Historic Site ser\u00e1 sin duda una experiencia memorable.<\/span><\/p>\n<p>C\u00f3mo Llegar En Auto Desde <a href=\"https:\/\/www.theirvinglawfirm.com\/es\/\">The Irving Law Firm<\/a> Al Ben Lomond Historic Site<\/p>\n<h4><iframe style=\"border: 0;\" src=\"https:\/\/www.google.com\/maps\/embed?pb=!1m28!1m12!1m3!1d24885.741897161606!2d-77.5150647987216!3d38.770177551916206!2m3!1f0!2f0!3f0!3m2!1i1024!2i768!4f13.1!4m13!3e6!4m5!1s0x89b65b8a5c9334bb%3A0x1f3aa0d68fc65fda!2sirving%20law%20firm!3m2!1d38.7531865!2d-77.47651599999999!4m5!1s0x89b65ce60b04522b%3A0x6491a5a4dbcfe512!2sBen%20Lomond%20historic%20site!3m2!1d38.7887759!2d-77.5062124!5e0!3m2!1ses!2sco!4v1691512263194!5m2!1ses!2sco\" width=\"600\" height=\"450\" allowfullscreen=\"allowfullscreen\"><\/iframe><\/h4>\n<p>C\u00f3mo Llegar En Auto Desde El Ben Lomond Historic Site A KO Distilling<\/p>\n<p><iframe style=\"border: 0;\" src=\"https:\/\/www.google.com\/maps\/embed?pb=!1m28!1m12!1m3!1d24887.660549851276!2d-77.53489809873395!3d38.76467720457264!2m3!1f0!2f0!3f0!3m2!1i1024!2i768!4f13.1!4m13!3e6!4m5!1s0x89b65ce60b04522b%3A0x6491a5a4dbcfe512!2sBen%20Lomond%20Historic%20Site!3m2!1d38.7887759!2d-77.5062124!4m5!1s0x89b65c24b823f3c9%3A0x9d4268f26f4bef0f!2sKO%20Distilling!3m2!1d38.7407312!2d-77.5003116!5e0!3m2!1ses!2sco!4v1691512555590!5m2!1ses!2sco\" width=\"600\" height=\"450\" allowfullscreen=\"allowfullscreen\"><\/iframe><\/p>\n","protected":false},"excerpt":{"rendered":"<p>Si desea viajar en el tiempo y conocer mejor su  [&#8230;]<\/p>\n","protected":false},"author":3,"featured_media":0,"parent":0,"menu_order":0,"comment_status":"closed","ping_status":"closed","template":"","meta":{"_analytify_skip_tracking":false,"rank_math_title":"Viaje En El Tiempo En Ben Lomond Historic Site Manassas VA | The Irving Law Firm","rank_math_description":"Experimente un viaje \u00fanico en el tiempo en el Ben Lomond Historic Site en Manassas VA. Disfrute de la belleza del lugar hist\u00f3rico y descubra su rica historia.","rank_math_focus_keyword":"Lomond","rank_math_canonical_url":"","footnotes":""},"class_list":["post-11681","page","type-page","status-publish","hentry"],"acf":[],"_links":{"self":[{"href":"https:\/\/www.theirvinglawfirm.com\/es\/wp-json\/wp\/v2\/pages\/11681","targetHints":{"allow":["GET"]}}],"collection":[{"href":"https:\/\/www.theirvinglawfirm.com\/es\/wp-json\/wp\/v2\/pages"}],"about":[{"href":"https:\/\/www.theirvinglawfirm.com\/es\/wp-json\/wp\/v2\/types\/page"}],"author":[{"embeddable":true,"href":"https:\/\/www.theirvinglawfirm.com\/es\/wp-json\/wp\/v2\/users\/3"}],"replies":[{"embeddable":true,"href":"https:\/\/www.theirvinglawfirm.com\/es\/wp-json\/wp\/v2\/comments?post=11681"}],"version-history":[{"count":0,"href":"https:\/\/www.theirvinglawfirm.com\/es\/wp-json\/wp\/v2\/pages\/11681\/revisions"}],"wp:attachment":[{"href":"https:\/\/www.theirvinglawfirm.com\/es\/wp-json\/wp\/v2\/media?parent=11681"}],"curies":[{"name":"wp","href":"https:\/\/api.w.org\/{rel}","templated":true}]}}