{"id":11483,"date":"2023-08-08T20:14:12","date_gmt":"2023-08-08T20:14:12","guid":{"rendered":"https:\/\/www.theirvinglawfirm.com\/?page_id=11483"},"modified":"2024-03-01T23:47:01","modified_gmt":"2024-03-01T23:47:01","slug":"desventajas-del-divorcio-cuando-se-presenta-sin-abogado","status":"publish","type":"page","link":"https:\/\/www.theirvinglawfirm.com\/es\/areas-de-practica\/derecho-de-familia\/abogado-de-divorcio\/desventajas-del-divorcio-cuando-se-presenta-sin-abogado\/","title":{"rendered":"\u00bfQu\u00e9 Suele Ocurrir Si Usted Mismo Acude A Los Tribunales Para Obtener El Divorcio?"},"content":{"rendered":"<p>El divorcio puede ser un proceso emocional, f\u00edsica y econ\u00f3micamente agotador. Tambi\u00e9n puede ser un proceso legalmente complejo que es dif\u00edcil de navegar sin ayuda profesional.<\/p>\n<p>Es crucial entender las desventajas potenciales asociadas con la decisi\u00f3n. Este art\u00edculo proporcionar\u00e1 una visi\u00f3n general de las desventajas comunes de divorcio cuando se presenta sin un abogado. Este art\u00edculo podr\u00e1 ayudar a las personas a tomar decisiones informadas sobre su situaci\u00f3n.<\/p>\n<p><img decoding=\"async\" class=\"aligncenter wp-image-11598 size-full\" src=\"https:\/\/www.theirvinglawfirm.com\/wp-content\/uploads\/2023\/08\/inconvenientes-del-divorcio-autogestionado-en-virginia.jpg\" alt=\"Inconvenientes Del Divorcio Voluntario: Presentar Sin Representaci\u00f3n Legal\" width=\"100%\" height=\"750\" srcset=\"https:\/\/www.theirvinglawfirm.com\/wp-content\/uploads\/2023\/08\/inconvenientes-del-divorcio-autogestionado-en-virginia-200x133.jpg 200w, https:\/\/www.theirvinglawfirm.com\/wp-content\/uploads\/2023\/08\/inconvenientes-del-divorcio-autogestionado-en-virginia-300x200.jpg 300w, https:\/\/www.theirvinglawfirm.com\/wp-content\/uploads\/2023\/08\/inconvenientes-del-divorcio-autogestionado-en-virginia-400x267.jpg 400w, https:\/\/www.theirvinglawfirm.com\/wp-content\/uploads\/2023\/08\/inconvenientes-del-divorcio-autogestionado-en-virginia-600x400.jpg 600w, https:\/\/www.theirvinglawfirm.com\/wp-content\/uploads\/2023\/08\/inconvenientes-del-divorcio-autogestionado-en-virginia-768x512.jpg 768w, https:\/\/www.theirvinglawfirm.com\/wp-content\/uploads\/2023\/08\/inconvenientes-del-divorcio-autogestionado-en-virginia-800x534.jpg 800w, https:\/\/www.theirvinglawfirm.com\/wp-content\/uploads\/2023\/08\/inconvenientes-del-divorcio-autogestionado-en-virginia-1024x683.jpg 1024w, https:\/\/www.theirvinglawfirm.com\/wp-content\/uploads\/2023\/08\/inconvenientes-del-divorcio-autogestionado-en-virginia.jpg 1124w\" sizes=\"(max-width: 1124px) 100vw, 1124px\" \/><\/p>\n<h2>Razones Por Las Que No Debe Divorciarse Sin Abogado<\/h2>\n<p><span style=\"font-weight: 400;\">A la hora de plantearse un divorcio, es esencial tener en cuenta todas las posibles implicaciones y repercusiones. Abordar un divorcio sin la ayuda de un abogado con experiencia puede estar lleno de riesgos y le costar\u00e1 m\u00e1s a largo plazo. Comprender por qu\u00e9 es crucial buscar orientaci\u00f3n jur\u00eddica profesional antes de dar el salto y poner fin a su matrimonio es vital. Estas son las desventajas m\u00e1s comunes de divorciarse solo:<\/span><\/p>\n<h3>Usted No Est\u00e1 Familiarizado Con Las Leyes<\/h3>\n<p><span style=\"font-weight: 400;\">El divorcio puede ser un proceso incre\u00edblemente complicado, incluso cuando ambas partes est\u00e1n de acuerdo. Por eso es aconsejable contratar a un abogado que le gu\u00ede a trav\u00e9s de los pasos y le proporcione asesoramiento legal.<\/span><\/p>\n<p><span style=\"font-weight: 400;\">Cuando las parejas deciden no contratar a un abogado para el divorcio, se enfrentan a numerosas desventajas, principalmente debido a la falta de conocimientos jur\u00eddicos. Por un lado, sin un abogado, pueden perderse ciertos derechos que de otro modo estar\u00edan disponibles.<\/span><\/p>\n<p><span style=\"font-weight: 400;\">Entre ellos, la pensi\u00f3n alimenticia, el pago de la manutenci\u00f3n de los hijos o la obtenci\u00f3n de determinadas posesiones durante la divisi\u00f3n de bienes. Por ejemplo, al no contar con asesoramiento legal, puede pasar por alto ciertos factores a la hora de decidir c\u00f3mo deben dividirse los bienes. Esto podr\u00eda dar lugar a un reparto desigual.<\/span><\/p>\n<h3>No Sabe C\u00f3mo Presentar Los Papeles Correctamente<\/h3>\n<p><span style=\"font-weight: 400;\"><img decoding=\"async\" class=\"alignright wp-image-11600 size-full\" src=\"https:\/\/www.theirvinglawfirm.com\/wp-content\/uploads\/2023\/08\/preparacion-para-un-divorcio-pro-se.jpg\" alt=\"Divorcio Autorepresentado Ante Los Tribunales: Qu\u00e9 Esperar\" width=\"300\" height=\"200\" srcset=\"https:\/\/www.theirvinglawfirm.com\/wp-content\/uploads\/2023\/08\/preparacion-para-un-divorcio-pro-se-200x133.jpg 200w, https:\/\/www.theirvinglawfirm.com\/wp-content\/uploads\/2023\/08\/preparacion-para-un-divorcio-pro-se.jpg 300w\" sizes=\"(max-width: 300px) 100vw, 300px\" \/><\/span>Contratar a un abogado de divorcios es fundamental cuando se est\u00e1 considerando solicitar un divorcio. Sin la ayuda de un <a href=\"https:\/\/www.theirvinglawfirm.com\/es\/derecho-de-familia\/abogado-de-divorcio\/\">abogado con experiencia<\/a>, es posible que no sepa c\u00f3mo presentar toda la documentaci\u00f3n necesaria correctamente.<\/p>\n<p><span style=\"font-weight: 400;\">Esto puede dar lugar a costosos errores y retrasos en el proceso de divorcio. Esto tambi\u00e9n puede ser perjudicial para ambas partes.<\/span><\/p>\n<p><span style=\"font-weight: 400;\">Todos los documentos deben ser archivados correctamente y dentro del plazo correcto cuando se pasa por un divorcio. Si falta alguna informaci\u00f3n o firma en estos formularios, podr\u00eda haber complicaciones con el proceso de toma de decisiones del tribunal.<\/span><\/p>\n<p><span style=\"font-weight: 400;\">Esto podr\u00eda incluir los honorarios potenciales incurridos para el papeleo adicional debido a errores. Esto no s\u00f3lo causa estr\u00e9s innecesario, sino que tambi\u00e9n prolonga el proceso causando m\u00e1s tiempo para manejar todos los asuntos legales correctamente.<\/span><\/p>\n<h3>Es Posible Que No Pueda Representarse Bien A S\u00ed Mismo<\/h3>\n<p><span style=\"font-weight: 400;\">Divorciarse sin abogado significa que todas las decisiones y acuerdos se toman sin contar con alguien con experiencia en derecho de familia. Si bien esto podr\u00eda ahorrar dinero a corto plazo, podr\u00eda costar mucho m\u00e1s a largo plazo debido a errores o t\u00e9rminos desfavorables.<\/span><\/p>\n<p><span style=\"font-weight: 400;\">Sin una representaci\u00f3n bien informada, los c\u00f3nyuges pueden ser incapaces de proteger adecuadamente sus intereses y a sus hijos a la hora de tomar decisiones.<\/span><\/p>\n<p>Un abogado con experiencia puede ayudar a garantizar que los t\u00e9rminos del acuerdo sean justos para ambas partes. En caso necesario, se mantendr\u00e1n bajo <a href=\"https:\/\/dle.rae.es\/escrutinio\" target=\"_blank\" rel=\"noopener\">escrutinio legal<\/a>.<\/p>\n<h3>Usted No Es Una Parte Objetiva<\/h3>\n<p><span style=\"font-weight: 400;\">En un proceso de divorcio, es fundamental contar con una parte objetiva. Si decide no contratar a un abogado de divorcios, es probable que usted no sea ese observador neutral.<\/span><\/p>\n<p>Los abogados especializados en divorcios son profesionales formados que pueden permanecer imparciales durante todo el proceso. No tener un abogado de su lado tambi\u00e9n puede conducir a perder la objetividad profesional con respecto a su caso. Un abogado de divorcios puede analizar objetivamente todos los hechos y presentarlos de la mejor manera para que ambas partes implicadas alcancen el resultado deseado.<\/p>\n<h3>No Conoce Otras Opciones<b><br \/>\n<\/b><\/h3>\n<p><span style=\"font-weight: 400;\"><img decoding=\"async\" class=\"wp-image-11602 size-full alignright\" src=\"https:\/\/www.theirvinglawfirm.com\/wp-content\/uploads\/2023\/08\/desvelando-el-proceso-del-procedimiento-de-divorcio-autogestionado.jpg\" alt=\"Divorcio Pro Se: Qu\u00e9 Anticipar Al Representarse A S\u00ed Mismo Ante El Tribunal\" width=\"300\" height=\"200\" srcset=\"https:\/\/www.theirvinglawfirm.com\/wp-content\/uploads\/2023\/08\/desvelando-el-proceso-del-procedimiento-de-divorcio-autogestionado-200x133.jpg 200w, https:\/\/www.theirvinglawfirm.com\/wp-content\/uploads\/2023\/08\/desvelando-el-proceso-del-procedimiento-de-divorcio-autogestionado.jpg 300w\" sizes=\"(max-width: 300px) 100vw, 300px\" \/>Aunque contratar a un abogado pueda parecer un gasto a\u00f1adido a un proceso ya de por s\u00ed costoso, debe considerar todas las opciones legales. Sin la ayuda de abogados experimentados, es posible que no conozca todas las posibilidades de su situaci\u00f3n.<br \/>\n<\/span><\/p>\n<p>El asesoramiento y la orientaci\u00f3n que proporcionan los abogados tienen un valor incalculable cuando las parejas se enfrentan a decisiones dif\u00edciles. Aunque es posible navegar por el proceso de divorcio sin uno, hacerlo puede tener varias consecuencias graves.<\/p>\n<p>Por ejemplo, podr\u00eda haber costas judiciales si presenta formularios incorrectos o no cumple los plazos. Esto podr\u00eda costar mucho m\u00e1s de lo que se habr\u00eda gastado en representaci\u00f3n legal en primer lugar.<\/p>\n<h2>Resumen<\/h2>\n<p>Solicitar el divorcio sin la ayuda de un abogado de divorcios puede ser arriesgado y complicado. Es crucial tener en cuenta los posibles riesgos y desventajas que pueden surgir al tratar de navegar solo por el complejo sistema legal.<\/p>\n<p>Sin un abogado con experiencia, puede encontrarse en situaciones en las que sus derechos no est\u00e9n adecuadamente representados o protegidos. El coste emocional y financiero de presentar una demanda de divorcio sin representaci\u00f3n legal es muy alto, por lo que es mejor buscar la ayuda de un abogado con experiencia.<\/p>\n<p><a href=\"https:\/\/www.theirvinglawfirm.com\/es\/derecho-de-familia\/abogado-de-divorcio\/proceso-de-impugnacion-de-divorcio\/\" target=\"_blank\" rel=\"noopener\">\u00bfCu\u00e1nto Dura Un Divorcio Contencioso En Virginia?<\/a><\/p>\n<p>Y<\/p>\n<p><a href=\"https:\/\/www.theirvinglawfirm.com\/es\">M\u00e1s Sobre Nuestra Firma<\/a><\/p>\n","protected":false},"excerpt":{"rendered":"<p>El divorcio puede ser un proceso emocional, f\u00edsica y econ\u00f3micamente  [&#8230;]<\/p>\n","protected":false},"author":3,"featured_media":0,"parent":8344,"menu_order":0,"comment_status":"closed","ping_status":"closed","template":"","meta":{"_analytify_skip_tracking":false,"rank_math_title":"Desventajas Del Divorcio Cuando Se Presenta Sin Abogado | The Irving Law Firm","rank_math_description":"Descubra las numerosas desventajas de divorciarse sin ayuda legal profesional. Sepa que esta decisi\u00f3n puede afectar al resultado de su divorcio.","rank_math_focus_keyword":"divorcio","rank_math_canonical_url":"","footnotes":""},"class_list":["post-11483","page","type-page","status-publish","hentry"],"acf":[],"_links":{"self":[{"href":"https:\/\/www.theirvinglawfirm.com\/es\/wp-json\/wp\/v2\/pages\/11483","targetHints":{"allow":["GET"]}}],"collection":[{"href":"https:\/\/www.theirvinglawfirm.com\/es\/wp-json\/wp\/v2\/pages"}],"about":[{"href":"https:\/\/www.theirvinglawfirm.com\/es\/wp-json\/wp\/v2\/types\/page"}],"author":[{"embeddable":true,"href":"https:\/\/www.theirvinglawfirm.com\/es\/wp-json\/wp\/v2\/users\/3"}],"replies":[{"embeddable":true,"href":"https:\/\/www.theirvinglawfirm.com\/es\/wp-json\/wp\/v2\/comments?post=11483"}],"version-history":[{"count":0,"href":"https:\/\/www.theirvinglawfirm.com\/es\/wp-json\/wp\/v2\/pages\/11483\/revisions"}],"up":[{"embeddable":true,"href":"https:\/\/www.theirvinglawfirm.com\/es\/wp-json\/wp\/v2\/pages\/8344"}],"wp:attachment":[{"href":"https:\/\/www.theirvinglawfirm.com\/es\/wp-json\/wp\/v2\/media?parent=11483"}],"curies":[{"name":"wp","href":"https:\/\/api.w.org\/{rel}","templated":true}]}}