{"id":11290,"date":"2023-08-05T22:09:05","date_gmt":"2023-08-05T22:09:05","guid":{"rendered":"https:\/\/www.theirvinglawfirm.com\/?page_id=11290"},"modified":"2024-03-05T16:37:31","modified_gmt":"2024-03-05T16:37:31","slug":"es-posible-la-adopcion-multiple-de-no-hermanos","status":"publish","type":"page","link":"https:\/\/www.theirvinglawfirm.com\/es\/areas-de-practica\/derecho-de-familia\/adopcion\/es-posible-la-adopcion-multiple-de-no-hermanos\/","title":{"rendered":"\u00bfC\u00f3mo Es Posible La Adopci\u00f3n M\u00faltiple De No Hermanos A La Vez?"},"content":{"rendered":"<p><span style=\"font-weight: 400;\">La adopci\u00f3n es una experiencia gratificante que puede aportar alegr\u00eda a su familia. Pero, \u00bfy si quiere responsabilizarse de la crianza de m\u00e1s de un hijo adoptado al mismo tiempo? \u00bfEs posible adoptar varios ni\u00f1os que no sean hermanos a la vez? En este art\u00edculo se analizan las complejidades de adoptar m\u00e1s de un hijo y las ventajas y dificultades de tal situaci\u00f3n.<\/span><\/p>\n<p><img decoding=\"async\" class=\"alignnone size-full wp-image-11326\" src=\"https:\/\/www.theirvinglawfirm.com\/wp-content\/uploads\/2023\/08\/la-adopcion-multiple-de-varios-ninos-no-hermanos-es-un-proceso-posible.jpg\" alt=\"La Adopci\u00f3n M\u00faltiple De Varios Ni\u00f1os No Hermanos Es Un Proceso Posible?\" width=\"100%\" height=\"1052\" srcset=\"https:\/\/www.theirvinglawfirm.com\/wp-content\/uploads\/2023\/08\/la-adopcion-multiple-de-varios-ninos-no-hermanos-es-un-proceso-posible-200x150.jpg 200w, https:\/\/www.theirvinglawfirm.com\/wp-content\/uploads\/2023\/08\/la-adopcion-multiple-de-varios-ninos-no-hermanos-es-un-proceso-posible-300x225.jpg 300w, https:\/\/www.theirvinglawfirm.com\/wp-content\/uploads\/2023\/08\/la-adopcion-multiple-de-varios-ninos-no-hermanos-es-un-proceso-posible-400x301.jpg 400w, https:\/\/www.theirvinglawfirm.com\/wp-content\/uploads\/2023\/08\/la-adopcion-multiple-de-varios-ninos-no-hermanos-es-un-proceso-posible-600x451.jpg 600w, https:\/\/www.theirvinglawfirm.com\/wp-content\/uploads\/2023\/08\/la-adopcion-multiple-de-varios-ninos-no-hermanos-es-un-proceso-posible-768x577.jpg 768w, https:\/\/www.theirvinglawfirm.com\/wp-content\/uploads\/2023\/08\/la-adopcion-multiple-de-varios-ninos-no-hermanos-es-un-proceso-posible-800x601.jpg 800w, https:\/\/www.theirvinglawfirm.com\/wp-content\/uploads\/2023\/08\/la-adopcion-multiple-de-varios-ninos-no-hermanos-es-un-proceso-posible-1024x769.jpg 1024w, https:\/\/www.theirvinglawfirm.com\/wp-content\/uploads\/2023\/08\/la-adopcion-multiple-de-varios-ninos-no-hermanos-es-un-proceso-posible-1200x902.jpg 1200w, https:\/\/www.theirvinglawfirm.com\/wp-content\/uploads\/2023\/08\/la-adopcion-multiple-de-varios-ninos-no-hermanos-es-un-proceso-posible.jpg 1400w\" sizes=\"(max-width: 1400px) 100vw, 1400px\" \/><\/p>\n<h2>Adopci\u00f3n M\u00faltiple<\/h2>\n<p><span style=\"font-weight: 400;\"><a href=\"https:\/\/es.wikipedia.org\/wiki\/Adopci%C3%B3n\" target=\"_blank\" rel=\"noopener\">Adoptar varios ni\u00f1os<\/a> puede ser gratificante si anhela formar una familia numerosa. Sin embargo, es esencial conocer los retos y consideraciones propios de la crianza de varios hijos. Antes de comprometerse, piense detenidamente su decisi\u00f3n. Sea sincero sobre si dispone de los recursos y la energ\u00eda necesarios para asumir semejante responsabilidad.<\/span><\/p>\n<p><span style=\"font-weight: 400;\">Debe saber que el proceso de adopci\u00f3n de varios hijos es m\u00e1s complicado y lleva m\u00e1s tiempo que el de un solo hijo. Puede haber papeleo adicional y retrasos asociados al proceso. Tambi\u00e9n debes saber que los ni\u00f1os tienen necesidades y personalidades diferentes. Debe estar preparado para dedicar tiempo y recursos adicionales a satisfacer esas necesidades.<\/span><\/p>\n<p><span style=\"font-weight: 400;\">Es esencial conocer bien las leyes de adopci\u00f3n del estado de Virginia. Los abogados de adopci\u00f3n de<a href=\"http:\/\/theirvinglawfirm.com\/es\"> The Irving Law Firm<\/a> pueden proporcionar una ayuda inestimable, ya que son grandes conocedores de los requisitos legales de Virginia para la adopci\u00f3n. Sus galardonados abogados tambi\u00e9n pueden ayudarle a sortear cualquier posible obst\u00e1culo durante este proceso, como la presentaci\u00f3n de documentaci\u00f3n o la tramitaci\u00f3n de requisitos gubernamentales.<\/span><\/p>\n<p><span style=\"font-weight: 400;\">Adem\u00e1s, puede haber consideraciones financieras cuando se adoptan varios ni\u00f1os. Es necesario determinar si dispone o no de recursos suficientes para mantener adecuadamente a dos o m\u00e1s hijos antes de iniciar el camino de la adopci\u00f3n.<\/span><\/p>\n<h2>\u00bfEs Posible Adoptar Varios Ni\u00f1os Que No Sean Hermanos?<\/h2>\n<p><span style=\"font-weight: 400;\">Adoptar a m\u00e1s de un ni\u00f1o simult\u00e1neamente es posible si no son hermanos. Aunque esto puede suponer algunos retos, es factible. Varias familias han adoptado varios ni\u00f1os en una sola adopci\u00f3n.<\/span><\/p>\n<p><span style=\"font-weight: 400;\">Uno de los aspectos m\u00e1s importantes que deben tener en cuenta los padres adoptivos potenciales a la hora de adoptar varios ni\u00f1os es su capacidad para hacer frente a las necesidades emocionales adicionales de una familia numerosa. Adoptar varios hijos puede suponer un estr\u00e9s y una tensi\u00f3n adicionales en la vida de una familia, debido a la necesidad de paciencia y comprensi\u00f3n adicionales.<\/span><\/p>\n<p><span style=\"font-weight: 400;\">Otro factor que los padres adoptivos deben tener en cuenta es la log\u00edstica que implica cumplimentar todos los tr\u00e1mites necesarios correctamente y a tiempo para la finalizaci\u00f3n de los procedimientos de adopci\u00f3n. Deben investigar a fondo esta normativa antes de adoptar varios ni\u00f1os que no sean hermanos.<\/span><\/p>\n<p><span style=\"font-weight: 400;\">Contratar a un <a href=\"https:\/\/www.theirvinglawfirm.com\/es\/adopcion\/abogado-de-adopcion\/\">abogado especializado en adopciones<\/a> es muy beneficioso en este tipo de situaciones. Los abogados de adopci\u00f3n en The Irving Law Firm tienen la competencia y la compasi\u00f3n para guiar a las familias a trav\u00e9s del complejo proceso de adopci\u00f3n. Hable con su galardonado equipo jur\u00eddico para que puedan aconsejarle sobre la mejor forma de actuar en esta situaci\u00f3n.<\/span><\/p>\n<h2>Las Ventajas De Adoptar Varios Ni\u00f1os<\/h2>\n<p><span style=\"font-weight: 400;\">Adoptar varios ni\u00f1os a la vez es una experiencia poco habitual para padres e hijos adoptivos. Cada ni\u00f1o debe ser considerado como alguien con necesidades e intereses \u00fanicos. A continuaci\u00f3n se enumeran las ventajas de adoptar varios ni\u00f1os:<\/span><\/p>\n<ul>\n<li style=\"font-weight: 400;\" aria-level=\"1\"><span style=\"font-weight: 400;\">Proceso simplificado. La ventaja m\u00e1s obvia es que todo el proceso ser\u00e1 mucho m\u00e1s r\u00e1pido que adoptar a cada ni\u00f1o por separado. Adem\u00e1s, realizar todo el papeleo necesario y comparecer ante el tribunal una sola vez puede ahorrar mucho tiempo y dinero.<\/span><\/li>\n<li style=\"font-weight: 400;\" aria-level=\"1\"><span style=\"font-weight: 400;\">Un v\u00ednculo m\u00e1s fuerte. Criar a varios hijos puede unir m\u00e1s a la familia al atender las necesidades de cada uno de ellos. Tener dos o m\u00e1s hijos no emparentados en el mismo hogar puede ayudar a crear un entorno equilibrado en el que todos los miembros de la familia se sientan valorados. <\/span><\/li>\n<li style=\"font-weight: 400;\" aria-level=\"1\"><span style=\"font-weight: 400;\">Experiencias compartidas. Adoptar varios ni\u00f1os puede brindar una oportunidad \u00fanica de compartir y crear recuerdos especiales para toda la vida.<\/span><\/li>\n<li style=\"font-weight: 400;\" aria-level=\"1\"><span style=\"font-weight: 400;\">Mayor alegr\u00eda. Criar varios hijos puede aumentar la alegr\u00eda y la felicidad en la familia.<\/span><\/li>\n<\/ul>\n<p><span style=\"font-weight: 400;\">Con una planificaci\u00f3n cuidadosa, los padres adoptivos pueden proporcionar un hogar, una familia, educaci\u00f3n y otros recursos a dos o m\u00e1s ni\u00f1os. As\u00ed que p\u00f3ngase en contacto con un abogado de adopci\u00f3n en The Irving Law Firm en Manassas, Virginia. Su galardonado equipo jur\u00eddico puede guiarle por el proceso de adopci\u00f3n sin problemas.<\/span><\/p>\n<h2>Resumen<\/h2>\n<p><span style=\"font-weight: 400;\">La adopci\u00f3n es un esfuerzo encomiable porque marca la diferencia en la vida de un ni\u00f1o. Tambi\u00e9n puede aportar alegr\u00eda a su familia y m\u00e1s a\u00fan si se decide por adopciones m\u00faltiples. Sin embargo, quienes deseen hacerlo deben considerar las obligaciones econ\u00f3micas, emocionales y f\u00edsicas de tener varios hijos a su cargo.<\/span><\/p>\n<p><span style=\"font-weight: 400;\">Tambi\u00e9n es esencial investigar y conocer las leyes de Virginia relativas a la adopci\u00f3n de ni\u00f1os no hermanos. En \u00faltima instancia, The Irving Law Firm entiende el viaje emocional que va a pasar y est\u00e1 preparado para manejar todos los aspectos con sensibilidad y compasi\u00f3n. Sus abogados especializados en adopciones conocen muy bien las leyes, normativas y tr\u00e1mites locales necesarios en Virginia y colaborar\u00e1n con usted en cada paso del proceso.<\/span><\/p>\n<p><a href=\"https:\/\/www.theirvinglawfirm.com\/es\/derecho-de-familia\/adopcion\/puede-su-ex-pareja-adoptar-a-su-hijo\/\">Investigue M\u00e1s<\/a><\/p>\n","protected":false},"excerpt":{"rendered":"<p>La adopci\u00f3n es una experiencia gratificante que puede aportar alegr\u00eda  [&#8230;]<\/p>\n","protected":false},"author":3,"featured_media":0,"parent":8540,"menu_order":0,"comment_status":"closed","ping_status":"closed","template":"","meta":{"_analytify_skip_tracking":false,"rank_math_title":"Adopci\u00f3n: \u00bfEs Posible La Adopci\u00f3n M\u00faltiple De Varios No Hermanos? | The Irving Law Firm","rank_math_description":"Conozca los factores vitales que hay que tener en cuenta antes de adoptar varios hijos no emparentados. Un abogado de adopci\u00f3n m\u00faltiple en Manassas, Virginia, puede ayudar a agilizar el proceso.","rank_math_focus_keyword":"adopcion multiple","rank_math_canonical_url":"","footnotes":""},"class_list":["post-11290","page","type-page","status-publish","hentry"],"acf":[],"_links":{"self":[{"href":"https:\/\/www.theirvinglawfirm.com\/es\/wp-json\/wp\/v2\/pages\/11290","targetHints":{"allow":["GET"]}}],"collection":[{"href":"https:\/\/www.theirvinglawfirm.com\/es\/wp-json\/wp\/v2\/pages"}],"about":[{"href":"https:\/\/www.theirvinglawfirm.com\/es\/wp-json\/wp\/v2\/types\/page"}],"author":[{"embeddable":true,"href":"https:\/\/www.theirvinglawfirm.com\/es\/wp-json\/wp\/v2\/users\/3"}],"replies":[{"embeddable":true,"href":"https:\/\/www.theirvinglawfirm.com\/es\/wp-json\/wp\/v2\/comments?post=11290"}],"version-history":[{"count":0,"href":"https:\/\/www.theirvinglawfirm.com\/es\/wp-json\/wp\/v2\/pages\/11290\/revisions"}],"up":[{"embeddable":true,"href":"https:\/\/www.theirvinglawfirm.com\/es\/wp-json\/wp\/v2\/pages\/8540"}],"wp:attachment":[{"href":"https:\/\/www.theirvinglawfirm.com\/es\/wp-json\/wp\/v2\/media?parent=11290"}],"curies":[{"name":"wp","href":"https:\/\/api.w.org\/{rel}","templated":true}]}}