{"id":11289,"date":"2023-08-05T22:09:03","date_gmt":"2023-08-05T22:09:03","guid":{"rendered":"https:\/\/www.theirvinglawfirm.com\/?page_id=11289"},"modified":"2024-03-05T17:12:47","modified_gmt":"2024-03-05T17:12:47","slug":"puede-su-ex-pareja-adoptar-a-su-hijo","status":"publish","type":"page","link":"https:\/\/www.theirvinglawfirm.com\/es\/areas-de-practica\/derecho-de-familia\/adopcion\/puede-su-ex-pareja-adoptar-a-su-hijo\/","title":{"rendered":"Adopci\u00f3n: \u00bfPuede Su Ex Pareja Adoptar A Su Hijo?"},"content":{"rendered":"<p><span style=\"font-weight: 400;\"><a href=\"https:\/\/es.wikipedia.org\/wiki\/Adopci%C3%B3n\" target=\"_blank\" rel=\"noopener\">La adopci\u00f3n<\/a> es un proceso complejo y a menudo emotivo, sobre todo si implica a una ex pareja. Para muchos padres, la idea de que su ex adopte a su hijo puede parecer abrumadora y sobrecogedora. Es mejor consultar a un <a href=\"https:\/\/www.theirvinglawfirm.com\/es\/adopcion\/abogado-de-adopcion\/\">abogado de adopciones<\/a> en Manassas, Virginia en relaci\u00f3n con estas circunstancias.<\/span><\/p>\n<p><img decoding=\"async\" class=\"alignnone size-full wp-image-11320\" src=\"https:\/\/www.theirvinglawfirm.com\/wp-content\/uploads\/2023\/08\/su-ex-pareja-puede-legalmente-adoptar-a-su-hijo-en-virginia.jpg\" alt=\"Su Ex Pareja Puede Legalmente Adoptar A Su Hijo En Virginia?\" width=\"100%\" height=\"933\" srcset=\"https:\/\/www.theirvinglawfirm.com\/wp-content\/uploads\/2023\/08\/su-ex-pareja-puede-legalmente-adoptar-a-su-hijo-en-virginia-200x133.jpg 200w, https:\/\/www.theirvinglawfirm.com\/wp-content\/uploads\/2023\/08\/su-ex-pareja-puede-legalmente-adoptar-a-su-hijo-en-virginia-300x200.jpg 300w, https:\/\/www.theirvinglawfirm.com\/wp-content\/uploads\/2023\/08\/su-ex-pareja-puede-legalmente-adoptar-a-su-hijo-en-virginia-400x267.jpg 400w, https:\/\/www.theirvinglawfirm.com\/wp-content\/uploads\/2023\/08\/su-ex-pareja-puede-legalmente-adoptar-a-su-hijo-en-virginia-600x400.jpg 600w, https:\/\/www.theirvinglawfirm.com\/wp-content\/uploads\/2023\/08\/su-ex-pareja-puede-legalmente-adoptar-a-su-hijo-en-virginia-768x512.jpg 768w, https:\/\/www.theirvinglawfirm.com\/wp-content\/uploads\/2023\/08\/su-ex-pareja-puede-legalmente-adoptar-a-su-hijo-en-virginia-800x533.jpg 800w, https:\/\/www.theirvinglawfirm.com\/wp-content\/uploads\/2023\/08\/su-ex-pareja-puede-legalmente-adoptar-a-su-hijo-en-virginia-1024x682.jpg 1024w, https:\/\/www.theirvinglawfirm.com\/wp-content\/uploads\/2023\/08\/su-ex-pareja-puede-legalmente-adoptar-a-su-hijo-en-virginia-1200x800.jpg 1200w, https:\/\/www.theirvinglawfirm.com\/wp-content\/uploads\/2023\/08\/su-ex-pareja-puede-legalmente-adoptar-a-su-hijo-en-virginia.jpg 1400w\" sizes=\"(max-width: 1400px) 100vw, 1400px\" \/><\/p>\n<h2>Definici\u00f3n De Adopci\u00f3n<\/h2>\n<p><span style=\"font-weight: 400;\">La adopci\u00f3n establece una relaci\u00f3n legal paterno-filial entre adultos y ni\u00f1os que no est\u00e1n biol\u00f3gicamente emparentados. Es un compromiso para toda la vida que proporciona a los ni\u00f1os la seguridad, la estabilidad y el amor de una familia. La adopci\u00f3n puede ser un proceso abierto o cerrado. La adopci\u00f3n abierta permite la comunicaci\u00f3n entre la familia adoptiva y la familia biol\u00f3gica. En cambio, la adopci\u00f3n cerrada no permite el contacto con los padres biol\u00f3gicos.<\/span><\/p>\n<p><span style=\"font-weight: 400;\">El primer paso en el proceso de adopci\u00f3n en Manassas, Virginia, es determinar si el ni\u00f1o y los padres adoptivos encajan bien. Los futuros padres adoptivos deben cumplir unos criterios espec\u00edficos establecidos por su estado. Implica completar un estudio del hogar, una comprobaci\u00f3n de antecedentes penales y unos requisitos de ingresos.<\/span><\/p>\n<p><span style=\"font-weight: 400;\">Una vez completados esos pasos y aprobados por los organismos estatales o los sistemas judiciales, puede comenzar el cambio legal de la patria potestad. Esto implica obtener el consentimiento de los padres biol\u00f3gicos u otros tutores legales implicados en el caso.<\/span><\/p>\n<h2>\u00bfPuede Su Ex Adoptar A Su Hijo?<\/h2>\n<p><span style=\"font-weight: 400;\">La adopci\u00f3n puede ser una decisi\u00f3n dif\u00edcil y se complica a\u00fan m\u00e1s si su ex quiere adoptar a su hijo. Su ex o ex pareja puede adoptar a su hijo si usted est\u00e1 dispuesto a renunciar a sus derechos y responsabilidades parentales. Consulte a un abogado especializado en adopciones para que le asesore sobre las ramificaciones de su decisi\u00f3n.<\/span><\/p>\n<p><span style=\"font-weight: 400;\">Lo mismo ocurre con el otro progenitor. Debe haber consentimiento voluntario para la adopci\u00f3n. Sin embargo, el tribunal puede fallar a favor del consentimiento involuntario si existe un motivo para ello, siempre que redunde en el inter\u00e9s superior del menor. Incluye negligencia o maltrato y peligro para la vida del ni\u00f1o. As\u00ed que hay factores que deben tenerse en cuenta antes de tomar esta decisi\u00f3n que cambia la vida.<\/span><\/p>\n<p><span style=\"font-weight: 400;\">A la hora de plantearse permitir que su ex pareja adopte a su hijo, es esencial considerar los pros y los contras de esta situaci\u00f3n. Por un lado, tener un padre adoptivo en su vida podr\u00eda proporcionarles estabilidad, seguridad econ\u00f3mica y apoyo emocional. Por otro lado, existen posibles ramificaciones legales que deben estudiarse detenidamente.<\/span><\/p>\n<h2>Factores A Tener En Cuenta En La Adopci\u00f3n<\/h2>\n<p><span style=\"font-weight: 400;\">Adoptar un ni\u00f1o en Manassas, Virginia, es una decisi\u00f3n importante, y el proceso puede complicarse si uno de los posibles padres adoptivos es una ex pareja. Comprender los factores que se tienen en cuenta en la adopci\u00f3n cuando est\u00e1 implicada la ex pareja puede ayudar a garantizar una transici\u00f3n fluida para todas las partes implicadas.<\/span><\/p>\n<p><span style=\"font-weight: 400;\">Si hay consentimiento voluntario del progenitor biol\u00f3gico y el proceso de adopci\u00f3n prospera, la ex pareja que adopt\u00f3 al ni\u00f1o tiene ahora todos los derechos y responsabilidades de un progenitor biol\u00f3gico. As\u00ed que si est\u00e1 dispuesto a aceptar esta condici\u00f3n y las consecuencias de su acci\u00f3n, su ex pareja puede adoptar a su hijo.<\/span><\/p>\n<p><span style=\"font-weight: 400;\">Esto significa que la patria potestad del progenitor biol\u00f3gico se extingue al finalizar el proceso de adopci\u00f3n. El padre adoptivo tiene ahora la responsabilidad legal de cuidar, mantener y educar a su hijo. Sin embargo, puede optar por la adopci\u00f3n abierta para mantener el contacto con su hijo.<\/span><\/p>\n<p><span style=\"font-weight: 400;\">Es importante tener en cuenta que esto no significa necesariamente que se conceda autom\u00e1ticamente al ex la custodia o el derecho de visita. M\u00e1s bien significa que han asumido el papel de progenitor legal a los ojos de la ley. Puede ser a la vez beneficioso y estimulante para todas las partes implicadas.<\/span><\/p>\n<h2>Hablar De Adopci\u00f3n Con Su Ex<\/h2>\n<p><span style=\"font-weight: 400;\">Hablar de adopci\u00f3n es dif\u00edcil, sobre todo cuando se trata de la ex pareja. Puede que hay\u00e1is terminado la relaci\u00f3n y os hay\u00e1is enfrentado a las emociones de una ruptura, o puede que sig\u00e1is manteniendo una relaci\u00f3n amistosa a pesar de ya no estar juntos. Independientemente de las circunstancias, hablar de adopci\u00f3n con su ex probablemente resulte inc\u00f3modo para ambas partes.<\/span><\/p>\n<p><span style=\"font-weight: 400;\">Cualquier conversaci\u00f3n sobre la adopci\u00f3n debe producirse en un ambiente en el que ambas partes se sientan c\u00f3modas y respetadas. Antes de iniciar el di\u00e1logo, cada miembro de la pareja debe reflexionar sobre sus sentimientos y motivaciones para iniciar esta conversaci\u00f3n.<\/span><\/p>\n<p><span style=\"font-weight: 400;\">Ambas partes deben pensar detenidamente lo que quieren decir y c\u00f3mo manejar las posibles reacciones de su ex. Esta preparaci\u00f3n garantiza que ambos interlocutores est\u00e9n abiertos a escuchar los puntos de vista del otro sin sentirse a la defensiva ni juzgarlo.<\/span><\/p>\n<h2>Considere La Posibilidad De Contratar A Un Abogado Especializado En Adopciones<\/h2>\n<p><span style=\"font-weight: 400;\">La adopci\u00f3n puede ser un proceso complejo y emotivo para las personas implicadas. Cuando una ex pareja se plantea adoptar a su hijo, puede a\u00f1adir complejidad. Por lo tanto, es esencial contar con una representaci\u00f3n legal adecuada para garantizar que se tienen en cuenta los intereses de todas las partes.<\/span><\/p>\n<p><span style=\"font-weight: 400;\">Un abogado especializado en adopciones de <a href=\"http:\/\/theirvinglawfirm.com\/es\">The Irving Law Firm<\/a> en Manassas, Virginia, puede ofrecer un apoyo crucial a los padres que quieren que su ex pareja adopte a su hijo. El abogado le asesorar\u00e1 sobre los derechos y responsabilidades de la adopci\u00f3n. Pueden ayudar a resolver cualquier conflicto o disputa que pueda surgir a lo largo del proceso. Adem\u00e1s, podr\u00e1n explicarle los pasos necesarios para que la adopci\u00f3n sea un \u00e9xito, como obtener el consentimiento de ambos progenitores y obtener la aprobaci\u00f3n judicial si es necesario.<\/span><\/p>\n<h2>Resumen<\/h2>\n<p><span style=\"font-weight: 400;\">En la mayor\u00eda de los casos, un ex c\u00f3nyuge puede solicitar la adopci\u00f3n si cuenta con el consentimiento de los padres biol\u00f3gicos y si redunda en el inter\u00e9s superior del menor. Sin embargo, muchos tribunales tienen en cuenta cuestiones como la implicaci\u00f3n de los padres, la estabilidad econ\u00f3mica y los antecedentes penales al examinar las solicitudes de adopci\u00f3n. En \u00faltima instancia, consultar con un <a href=\"https:\/\/www.theirvinglawfirm.com\/adoption\/attorney\/\">abogado de adopci\u00f3n<\/a> con experiencia en The Irving Law Firm en Manassas, Virginia es vital para determinar si su situaci\u00f3n calificar\u00eda para este acuerdo.<\/span><\/p>\n<p><a href=\"https:\/\/www.theirvinglawfirm.com\/es\/derecho-de-familia\/adopcion\/cuanto-cuesta-la-adopcion-en-manassas-va\/\">Siga Leyendo Para Profundizar<\/a><\/p>\n","protected":false},"excerpt":{"rendered":"<p>La adopci\u00f3n es un proceso complejo y a menudo emotivo,  [&#8230;]<\/p>\n","protected":false},"author":3,"featured_media":0,"parent":8540,"menu_order":0,"comment_status":"closed","ping_status":"closed","template":"","meta":{"_analytify_skip_tracking":false,"rank_math_title":"Adopci\u00f3n: \u00bfPuede Su Ex Pareja Adoptar A Su Hijo? | The Irving Law Firm","rank_math_description":"Aprenda c\u00f3mo la adopci\u00f3n es un proceso complejo y se complica a\u00fan m\u00e1s cuando implica a una ex pareja como posible padre adoptivo.","rank_math_focus_keyword":"adopcion","rank_math_canonical_url":"","footnotes":""},"class_list":["post-11289","page","type-page","status-publish","hentry"],"acf":[],"_links":{"self":[{"href":"https:\/\/www.theirvinglawfirm.com\/es\/wp-json\/wp\/v2\/pages\/11289","targetHints":{"allow":["GET"]}}],"collection":[{"href":"https:\/\/www.theirvinglawfirm.com\/es\/wp-json\/wp\/v2\/pages"}],"about":[{"href":"https:\/\/www.theirvinglawfirm.com\/es\/wp-json\/wp\/v2\/types\/page"}],"author":[{"embeddable":true,"href":"https:\/\/www.theirvinglawfirm.com\/es\/wp-json\/wp\/v2\/users\/3"}],"replies":[{"embeddable":true,"href":"https:\/\/www.theirvinglawfirm.com\/es\/wp-json\/wp\/v2\/comments?post=11289"}],"version-history":[{"count":0,"href":"https:\/\/www.theirvinglawfirm.com\/es\/wp-json\/wp\/v2\/pages\/11289\/revisions"}],"up":[{"embeddable":true,"href":"https:\/\/www.theirvinglawfirm.com\/es\/wp-json\/wp\/v2\/pages\/8540"}],"wp:attachment":[{"href":"https:\/\/www.theirvinglawfirm.com\/es\/wp-json\/wp\/v2\/media?parent=11289"}],"curies":[{"name":"wp","href":"https:\/\/api.w.org\/{rel}","templated":true}]}}