{"id":11288,"date":"2023-08-05T22:09:01","date_gmt":"2023-08-05T22:09:01","guid":{"rendered":"https:\/\/www.theirvinglawfirm.com\/?page_id=11288"},"modified":"2024-03-05T17:00:02","modified_gmt":"2024-03-05T17:00:02","slug":"cuanto-cuesta-la-adopcion-en-manassas-va","status":"publish","type":"page","link":"https:\/\/www.theirvinglawfirm.com\/es\/areas-de-practica\/derecho-de-familia\/adopcion\/cuanto-cuesta-la-adopcion-en-manassas-va\/","title":{"rendered":"\u00bfCu\u00e1nto Cuesta La Adopci\u00f3n En Manassas, Virginia?"},"content":{"rendered":"<p><span style=\"font-weight: 400;\"><a href=\"https:\/\/es.wikipedia.org\/wiki\/Adopci%C3%B3n\" target=\"_blank\" rel=\"noopener\">La adopci\u00f3n<\/a> es un proceso complejo que puede llevar meses o incluso a\u00f1os. Adoptar un ni\u00f1o en Virginia puede ser costoso y llevar mucho tiempo, pero satisfactorio. Este art\u00edculo discutir\u00e1 el costo de los diferentes tipos de adopci\u00f3n en Manassas, Virginia. <a href=\"https:\/\/www.theirvinglawfirm.com\/es\/adopcion\/abogado-de-adopcion\/\">Contratar a un abogado competente<\/a> y con experiencia en adopciones puede agilizar el proceso para que resulte rentable y ahorre tiempo.<\/span><\/p>\n<p><img decoding=\"async\" class=\"alignnone size-full wp-image-11314\" src=\"https:\/\/www.theirvinglawfirm.com\/wp-content\/uploads\/2023\/08\/descubra-aqui-cuales-son-los-costos-de-un-proceso-de-adopcion-en-el-estado-de-virginia.jpg\" alt=\"Descubra Aqu\u00ed Cu\u00e1les Son Los Costos De Un Proceso De Adopci\u00f3n En El Estado De Virginia\" width=\"100%\" height=\"933\" srcset=\"https:\/\/www.theirvinglawfirm.com\/wp-content\/uploads\/2023\/08\/descubra-aqui-cuales-son-los-costos-de-un-proceso-de-adopcion-en-el-estado-de-virginia-200x133.jpg 200w, https:\/\/www.theirvinglawfirm.com\/wp-content\/uploads\/2023\/08\/descubra-aqui-cuales-son-los-costos-de-un-proceso-de-adopcion-en-el-estado-de-virginia-300x200.jpg 300w, https:\/\/www.theirvinglawfirm.com\/wp-content\/uploads\/2023\/08\/descubra-aqui-cuales-son-los-costos-de-un-proceso-de-adopcion-en-el-estado-de-virginia-400x267.jpg 400w, https:\/\/www.theirvinglawfirm.com\/wp-content\/uploads\/2023\/08\/descubra-aqui-cuales-son-los-costos-de-un-proceso-de-adopcion-en-el-estado-de-virginia-600x400.jpg 600w, https:\/\/www.theirvinglawfirm.com\/wp-content\/uploads\/2023\/08\/descubra-aqui-cuales-son-los-costos-de-un-proceso-de-adopcion-en-el-estado-de-virginia-768x512.jpg 768w, https:\/\/www.theirvinglawfirm.com\/wp-content\/uploads\/2023\/08\/descubra-aqui-cuales-son-los-costos-de-un-proceso-de-adopcion-en-el-estado-de-virginia-800x533.jpg 800w, https:\/\/www.theirvinglawfirm.com\/wp-content\/uploads\/2023\/08\/descubra-aqui-cuales-son-los-costos-de-un-proceso-de-adopcion-en-el-estado-de-virginia-1024x682.jpg 1024w, https:\/\/www.theirvinglawfirm.com\/wp-content\/uploads\/2023\/08\/descubra-aqui-cuales-son-los-costos-de-un-proceso-de-adopcion-en-el-estado-de-virginia-1200x800.jpg 1200w, https:\/\/www.theirvinglawfirm.com\/wp-content\/uploads\/2023\/08\/descubra-aqui-cuales-son-los-costos-de-un-proceso-de-adopcion-en-el-estado-de-virginia.jpg 1400w\" sizes=\"(max-width: 1400px) 100vw, 1400px\" \/><\/p>\n<h2>\u00bfQu\u00e9 Es La Adopci\u00f3n?<\/h2>\n<p><span style=\"font-weight: 400;\">La adopci\u00f3n es un proceso que permite a una persona o pareja convertirse legalmente en padres de un ni\u00f1o que no les ha nacido. Se considera un acto de amor y compromiso, que ofrece a muchos ni\u00f1os la oportunidad de una vida mejor. La adopci\u00f3n permite a las familias biol\u00f3gicas proporcionar a sus hijos estabilidad, seguridad y amor incondicional a trav\u00e9s de otra familia.<\/span><\/p>\n<p><span style=\"font-weight: 400;\">El objetivo principal de la adopci\u00f3n es proporcionar a un ni\u00f1o un entorno familiar afectuoso y estable. Los padres adoptivos asumen todos los derechos y responsabilidades parentales como padres biol\u00f3gicos del ni\u00f1o. En la mayor\u00eda de los casos, cuando se finaliza una adopci\u00f3n, se establece una relaci\u00f3n permanente entre el adoptado y los miembros de su familia adoptiva.<\/span><\/p>\n<h2>Tipos De Adopci\u00f3n<\/h2>\n<p><span style=\"font-weight: 400;\">La adopci\u00f3n es un proceso hermoso que permite a las familias crear y reforzar v\u00ednculos. Permitir\u00e1 a unos padres cari\u00f1osos proporcionar un hogar seguro y acogedor a un ni\u00f1o necesitado. Las adopciones adoptan muchas formas. A continuaci\u00f3n se enumeran los tipos de adopci\u00f3n m\u00e1s comunes:<\/span><\/p>\n<h3>Adopci\u00f3n Cerrada<\/h3>\n<p><span style=\"font-weight: 400;\">Las adopciones cerradas se producen cuando los padres biol\u00f3gicos no tienen contacto con la familia adoptiva despu\u00e9s de la adopci\u00f3n. Todas las interacciones se producen a trav\u00e9s de un intermediario o agencia tercera. Las identidades de ambas partes permanecen an\u00f3nimas a lo largo de este proceso.<\/span><\/p>\n<h3>Adopci\u00f3n Abierta<\/h3>\n<p><span style=\"font-weight: 400;\">Las adopciones abiertas permiten una mayor comunicaci\u00f3n entre ambas partes a lo largo de su relaci\u00f3n, incluso despu\u00e9s de la adopci\u00f3n. Este tipo de adopci\u00f3n fomenta la transparencia y la honestidad entre todos los implicados.<\/span><\/p>\n<h3>Otros Tipos De Adopci\u00f3n<\/h3>\n<p><span style=\"font-weight: 400;\">Existen otros tipos de adopci\u00f3n basados en las relaciones y las fuentes. El coste var\u00eda en funci\u00f3n de su naturaleza y complejidad. Hable primero con su abogado especializado en adopciones antes de tomar una decisi\u00f3n para que le gu\u00ede por el proceso m\u00e1s rentable.<\/span><\/p>\n<ul>\n<li style=\"font-weight: 400;\" aria-level=\"1\"><span style=\"font-weight: 400;\">La adopci\u00f3n por padrastro o madrastra se produce cuando un padrastro o madrastra se casa con alguien que tiene un hijo de una relaci\u00f3n anterior. Permite al padrastro o a la madrastra obtener la tutela legal del menor y asumir la responsabilidad de su crianza. <\/span><\/li>\n<li style=\"font-weight: 400;\" aria-level=\"1\"><span style=\"font-weight: 400;\">La adopci\u00f3n por familia cercana se produce cuando un miembro de la familia desea convertirse en tutor legal del ni\u00f1o, como una t\u00eda o un abuelo.<\/span><\/li>\n<li style=\"font-weight: 400;\" aria-level=\"1\"><span style=\"font-weight: 400;\">La adopci\u00f3n internacional implica que ni\u00f1os de otros pa\u00edses son adoptados por familias de naciones diferentes.<\/span><\/li>\n<li style=\"font-weight: 400;\" aria-level=\"1\"><span style=\"font-weight: 400;\">La adopci\u00f3n de adultos est\u00e1 disponible para personas de 18 a\u00f1os o m\u00e1s que deseen emparentarse formalmente con otro adulto que les proporcione orientaci\u00f3n y apoyo durante la edad adulta.<\/span><\/li>\n<li style=\"font-weight: 400;\" aria-level=\"1\"><span style=\"font-weight: 400;\">Las adopciones en r\u00e9gimen de acogida implican acoger a un ni\u00f1o que ha sido colocado en acogimiento temporal.<\/span><\/li>\n<li style=\"font-weight: 400;\" aria-level=\"1\"><span style=\"font-weight: 400;\">Las adopciones por agencia implican pasar por una agencia de adopci\u00f3n autorizada y suelen consistir en adopciones procedentes de familias de acogida, adopciones privadas nacionales de beb\u00e9s y adopciones internacionales.<\/span><\/li>\n<\/ul>\n<h2>Pasos Del Proceso De Adopci\u00f3n<\/h2>\n<p><span style=\"font-weight: 400;\">Adoptar un ni\u00f1o es una decisi\u00f3n que cambia la vida y requiere una preparaci\u00f3n considerable en torno al proceso legal. En Virginia debe seguir unos pasos espec\u00edficos antes de completar una adopci\u00f3n con \u00e9xito. El primer paso en el proceso de adopci\u00f3n es determinar si cumple los requisitos para ser adoptado en Virginia.<\/span><\/p>\n<p><span style=\"font-weight: 400;\">Cumplir los requisitos de elegibilidad incluye tener al menos 18 a\u00f1os de edad, disponer de ingresos estables y tener un buen car\u00e1cter moral. Si cumple estos requisitos, debe presentar la solicitud ante un organismo autorizado o ante el tribunal. Debe presentar varios formularios y documentos relacionados con la comprobaci\u00f3n de sus antecedentes como parte de este proceso de solicitud.<\/span><\/p>\n<p><span style=\"font-weight: 400;\">Debe asistir a una formaci\u00f3n curricular de 28 a 30 horas de instrucci\u00f3n. Una vez aceptada su solicitud, deber\u00e1 asistir a sesiones de asesoramiento y estudio en el hogar para prepararle para su papel de padre de un ni\u00f1o adoptado.<\/span><\/p>\n<h2>Costo De Adopci\u00f3n: Consideraciones Financieras<\/h2>\n<p><span style=\"font-weight: 400;\">La adopci\u00f3n puede ser un proceso largo y costoso para los futuros padres. Desde el punto de vista econ\u00f3mico, hay varios factores que deben tenerse en cuenta al considerar los costes de adopci\u00f3n. Investigar estas consideraciones ayudar\u00e1 a los padres adoptivos a tomar decisiones informadas sobre sus finanzas y a planificar en consecuencia para el futuro. <\/span><\/p>\n<p><span style=\"font-weight: 400;\">El primer factor a tener en cuenta es el coste del propio proceso de adopci\u00f3n. Esto suele depender de si adoptas a trav\u00e9s de una agencia o de forma privada, y oscila entre 25.000 y 60.000 d\u00f3lares. Tambi\u00e9n es esencial tener en cuenta los gastos legales que surjan durante este proceso, como honorarios de abogados, costas judiciales y comprobaci\u00f3n de antecedentes.<\/span><\/p>\n<h2>The Irving Law Firm<\/h2>\n<p><span style=\"font-weight: 400;\"><a href=\"http:\/\/theirvinglawfirm.com\/es\">The Irving Law Firm<\/a> se dedica a ayudar a las familias a trav\u00e9s del proceso de adopci\u00f3n con compasi\u00f3n y competencia. Ubicados en Manassas, Virginia, sus experimentados y galardonados abogados especializados en adopciones comprenden profundamente las complejidades del proceso. <\/span><\/p>\n<p><span style=\"font-weight: 400;\">Adem\u00e1s, ofrecen asesoramiento jur\u00eddico personalizado adaptado a las necesidades de cada cliente. Su objetivo es ayudarle a navegar por las complejidades de la ley de adopci\u00f3n para que pueda crear una estructura familiar segura para su hijo adoptivo.<\/span><\/p>\n<h2>Resumen<\/h2>\n<p><span style=\"font-weight: 400;\">Adoptar un ni\u00f1o en Virginia puede ser un proceso caro y complicado. Dependiendo del tipo de adopci\u00f3n elegido, es probable que las familias tengan que pagar los honorarios de una agencia, los honorarios de un abogado, las costas judiciales, los gastos m\u00e9dicos y otros gastos relacionados. <\/span><\/p>\n<p><span style=\"font-weight: 400;\">Adem\u00e1s, el plazo de adopci\u00f3n puede variar mucho en funci\u00f3n del tipo de adopci\u00f3n y de los procedimientos judiciales que sean necesarios. Tambi\u00e9n hay que tener en cuenta el coste emocional, ya que puede llevar mucho tiempo a las familias realizar todo el papeleo que conlleva una adopci\u00f3n. <\/span><\/p>\n<p><span style=\"font-weight: 400;\">A pesar de estos retos, muchos padres adoptivos descubren que la recompensa merece cualquier dificultad o gasto que tengan que afrontar en el camino. La contrataci\u00f3n de un abogado de adopci\u00f3n en The Irving Law Firm en Manassas, Virginia es esencial para asegurar que el proceso de adopci\u00f3n vaya lo mejor posible.<\/span><\/p>\n<p><a href=\"https:\/\/www.theirvinglawfirm.com\/es\/derecho-de-familia\/adopcion\/que-ayuda-puede-recibir-un-nino-adoptado-despues-de-18-anos\/\">Obtenga Una Comprensi\u00f3n M\u00e1s Profunda<\/a><\/p>\n","protected":false},"excerpt":{"rendered":"<p>La adopci\u00f3n es un proceso complejo que puede llevar meses  [&#8230;]<\/p>\n","protected":false},"author":3,"featured_media":0,"parent":8540,"menu_order":0,"comment_status":"closed","ping_status":"closed","template":"","meta":{"_analytify_skip_tracking":false,"rank_math_title":"Adopci\u00f3n: \u00bfCu\u00e1nto Cuesta El Proceso En Virginia? | The Irving Law Firm","rank_math_description":"Comprender el complejo proceso y el coste asociado a la adopci\u00f3n. Sepa por qu\u00e9 contar con un abogado de adopci\u00f3n es rentable a la hora de navegar por el proceso de adopci\u00f3n.","rank_math_focus_keyword":"adopcion","rank_math_canonical_url":"","footnotes":""},"class_list":["post-11288","page","type-page","status-publish","hentry"],"acf":[],"_links":{"self":[{"href":"https:\/\/www.theirvinglawfirm.com\/es\/wp-json\/wp\/v2\/pages\/11288","targetHints":{"allow":["GET"]}}],"collection":[{"href":"https:\/\/www.theirvinglawfirm.com\/es\/wp-json\/wp\/v2\/pages"}],"about":[{"href":"https:\/\/www.theirvinglawfirm.com\/es\/wp-json\/wp\/v2\/types\/page"}],"author":[{"embeddable":true,"href":"https:\/\/www.theirvinglawfirm.com\/es\/wp-json\/wp\/v2\/users\/3"}],"replies":[{"embeddable":true,"href":"https:\/\/www.theirvinglawfirm.com\/es\/wp-json\/wp\/v2\/comments?post=11288"}],"version-history":[{"count":0,"href":"https:\/\/www.theirvinglawfirm.com\/es\/wp-json\/wp\/v2\/pages\/11288\/revisions"}],"up":[{"embeddable":true,"href":"https:\/\/www.theirvinglawfirm.com\/es\/wp-json\/wp\/v2\/pages\/8540"}],"wp:attachment":[{"href":"https:\/\/www.theirvinglawfirm.com\/es\/wp-json\/wp\/v2\/media?parent=11288"}],"curies":[{"name":"wp","href":"https:\/\/api.w.org\/{rel}","templated":true}]}}