{"id":11287,"date":"2023-08-05T22:08:58","date_gmt":"2023-08-05T22:08:58","guid":{"rendered":"https:\/\/www.theirvinglawfirm.com\/?page_id=11287"},"modified":"2024-03-05T17:14:21","modified_gmt":"2024-03-05T17:14:21","slug":"que-ayuda-puede-recibir-un-nino-adoptado-despues-de-18-anos","status":"publish","type":"page","link":"https:\/\/www.theirvinglawfirm.com\/es\/areas-de-practica\/derecho-de-familia\/adopcion\/que-ayuda-puede-recibir-un-nino-adoptado-despues-de-18-anos\/","title":{"rendered":"Adopci\u00f3n: \u00bfQu\u00e9 Ayuda Puede Recibir Un Ni\u00f1o Despu\u00e9s De Cumplir 18 A\u00f1os?"},"content":{"rendered":"<p><span style=\"font-weight: 400;\"><a href=\"https:\/\/es.wikipedia.org\/wiki\/Adopci%C3%B3n\" target=\"_blank\" rel=\"noopener\">La adopci\u00f3n<\/a> es un proceso hermoso y esencial que puede proporcionar a los ni\u00f1os un hogar seguro y lleno de amor. Sin embargo, la responsabilidad de garantizar su seguridad financiera no termina cuando cumplen 18 a\u00f1os. La manutenci\u00f3n de los hijos es esencial para ayudar a proporcionar a los j\u00f3venes adultos las herramientas que necesitan para convertirse en miembros autosuficientes de la sociedad. En este art\u00edculo se analiza el tipo de ayuda que reciben los ni\u00f1os adoptados cuando cumplen 18 a\u00f1os.<\/span><\/p>\n<p><img decoding=\"async\" class=\"alignnone size-full wp-image-11303\" src=\"https:\/\/www.theirvinglawfirm.com\/wp-content\/uploads\/2023\/08\/obtenga-una-consulta-legal-personalizada-en-referencia-a-su-cas-de-adopcion.jpg\" alt=\"Obtenga Una Consulta Legal Personalizada En Referencia A Su Caso De Adopci\u00f3n\" width=\"100%\" height=\"933\" srcset=\"https:\/\/www.theirvinglawfirm.com\/wp-content\/uploads\/2023\/08\/obtenga-una-consulta-legal-personalizada-en-referencia-a-su-cas-de-adopcion-200x133.jpg 200w, https:\/\/www.theirvinglawfirm.com\/wp-content\/uploads\/2023\/08\/obtenga-una-consulta-legal-personalizada-en-referencia-a-su-cas-de-adopcion-300x200.jpg 300w, https:\/\/www.theirvinglawfirm.com\/wp-content\/uploads\/2023\/08\/obtenga-una-consulta-legal-personalizada-en-referencia-a-su-cas-de-adopcion-400x267.jpg 400w, https:\/\/www.theirvinglawfirm.com\/wp-content\/uploads\/2023\/08\/obtenga-una-consulta-legal-personalizada-en-referencia-a-su-cas-de-adopcion-600x400.jpg 600w, https:\/\/www.theirvinglawfirm.com\/wp-content\/uploads\/2023\/08\/obtenga-una-consulta-legal-personalizada-en-referencia-a-su-cas-de-adopcion-768x512.jpg 768w, https:\/\/www.theirvinglawfirm.com\/wp-content\/uploads\/2023\/08\/obtenga-una-consulta-legal-personalizada-en-referencia-a-su-cas-de-adopcion-800x533.jpg 800w, https:\/\/www.theirvinglawfirm.com\/wp-content\/uploads\/2023\/08\/obtenga-una-consulta-legal-personalizada-en-referencia-a-su-cas-de-adopcion-1024x682.jpg 1024w, https:\/\/www.theirvinglawfirm.com\/wp-content\/uploads\/2023\/08\/obtenga-una-consulta-legal-personalizada-en-referencia-a-su-cas-de-adopcion-1200x800.jpg 1200w, https:\/\/www.theirvinglawfirm.com\/wp-content\/uploads\/2023\/08\/obtenga-una-consulta-legal-personalizada-en-referencia-a-su-cas-de-adopcion.jpg 1400w\" sizes=\"(max-width: 1400px) 100vw, 1400px\" \/><\/p>\n<h2>Apoyo Que Necesitan Los Ni\u00f1os Adoptados<\/h2>\n<p><span style=\"font-weight: 400;\">La adopci\u00f3n es una opci\u00f3n cada vez m\u00e1s popular entre los padres de Estados Unidos. Sin embargo, apoyar a sus hijos adoptivos puede ser a menudo todo un reto. Si bien los padres adoptivos pueden enfrentarse a problemas singulares durante la crianza, esos mismos problemas pueden crear necesidades especiales en el desarrollo y la salud mental de sus hijos. Las familias adoptivas deben conocer el apoyo necesario para cuidar adecuadamente del bienestar de su hijo adoptado.<\/span><\/p>\n<p><span style=\"font-weight: 400;\">Las necesidades emocionales y psicol\u00f3gicas de un ni\u00f1o adoptado deben tenerse en cuenta durante todo el proceso de adopci\u00f3n y m\u00e1s all\u00e1. Contrariamente a la creencia popular, un entorno familiar propicio no elimina necesariamente el dolor asociado a la adopci\u00f3n. Por el contrario, debe proporcionar un lugar seguro para el debate y la curaci\u00f3n. Los ni\u00f1os adoptados necesitan ayuda de profesionales que se dediquen a temas relacionados con la adopci\u00f3n, como consejeros o terapeutas formados para tratar problemas relacionados con la adopci\u00f3n.<\/span><\/p>\n<p><span style=\"font-weight: 400;\">Adem\u00e1s, es beneficioso para el ni\u00f1o entablar relaciones sociales fuera del entorno familiar. Deben tener grupos de apoyo, como amigos y compa\u00f1eros que entiendan lo que significa ser adoptado para darles un inestimable sentido de pertenencia. Est\u00e1 claro que el apoyo desempe\u00f1a un papel vital para ayudar a los ni\u00f1os adoptados a adaptarse a su nueva vida.<\/span><\/p>\n<h2>Ayuda Econ\u00f3mica Para Hijos Adoptados Despu\u00e9s De Cumplir 18 A\u00f1os<\/h2>\n<p><span style=\"font-weight: 400;\">En Virginia, es esencial saber que sus obligaciones de manutenci\u00f3n de los hijos durar\u00e1n hasta que tengan 19 a\u00f1os o se grad\u00faen de la escuela secundaria. Esto significa que la obligaci\u00f3n de un progenitor de pagar una pensi\u00f3n alimenticia contin\u00faa hasta que su hijo cumpla 19 a\u00f1os o termine la educaci\u00f3n secundaria, lo que ocurra primero.<\/span><\/p>\n<p><span style=\"font-weight: 400;\">La adopci\u00f3n es un proceso que dura toda la vida y no se detiene cuando el ni\u00f1o cumple 18 a\u00f1os. Cuando los ni\u00f1os adoptados llegan a la edad adulta, el apoyo econ\u00f3mico para cubrir sus necesidades puede ser todo un reto. Sin la ayuda adecuada, estas personas pueden tener dificultades para llegar a fin de mes. Los padres adoptivos son vitales para ayudar a sus hijos adultos a convertirse en adultos de \u00e9xito. <\/span><\/p>\n<p><span style=\"font-weight: 400;\">Como parte de este proceso, proporcionar ayuda financiera es esencial para quienes pasan de la infancia a la edad adulta. El apoyo financiero debe incluir ayuda para sufragar los gastos educativos, como las tasas de matr\u00edcula o los gastos de manutenci\u00f3n mientras se asiste a la universidad, y los gastos relacionados con el trabajo.<\/span><\/p>\n<p><span style=\"font-weight: 400;\">Adem\u00e1s, otros tipos de apoyo, como la formaci\u00f3n en habilidades para la vida o la tutor\u00eda, podr\u00edan resultar inestimables para ayudarles a realizar con \u00e9xito la transici\u00f3n a la vida despu\u00e9s de los 18 a\u00f1os. Por tanto, ser padre adoptivo no termina cuando un hijo adoptivo cumple 18 a\u00f1os. Consultar a un abogado especializado en adopciones en Manassas, Virginia, puede aconsejarle sobre qu\u00e9 hacer en esta situaci\u00f3n.<\/span><\/p>\n<h2>Ventajas De Seguir Apoyando A Su Hijo Adoptado<\/h2>\n<p><span style=\"font-weight: 400;\">Cuando los hijos adoptados cumplen 18 a\u00f1os, ya no pueden ser considerados menores legalmente en la mayor\u00eda de los estados. Sin embargo, eso no significa que los padres adoptivos deban retirar de repente todo su apoyo. Seguir prestando apoyo econ\u00f3mico y emocional a los ni\u00f1os adoptados incluso despu\u00e9s de que cumplan 18 a\u00f1os tiene muchas ventajas tanto para el ni\u00f1o como para la familia.<\/span><\/p>\n<p><span style=\"font-weight: 400;\">Proporcionar ayuda econ\u00f3mica u otras formas de apoyo a sus hijos adoptivos cuando alcancen la edad adulta les ayudar\u00e1 a establecer su independencia y les permitir\u00e1 perseguir sus objetivos en la vida. Esto podr\u00eda incluir el pago de la matr\u00edcula universitaria, la ayuda con el alquiler de un primer apartamento o incluso la ayuda con los pagos del auto. Ayudarles a establecer una vida estable econ\u00f3mica y emocionalmente es una manifestaci\u00f3n de amor y bondad hacia ellos.<\/span><\/p>\n<p><span style=\"font-weight: 400;\">Es importante hablar de las expectativas con su hijo adoptivo antes de seguir prest\u00e1ndole ayuda despu\u00e9s de que cumpla 18 a\u00f1os. El apoyo continuo tambi\u00e9n ayuda a fomentar la comunicaci\u00f3n entre los padres adoptivos y sus hijos en la transici\u00f3n a la edad adulta. Hablar con un abogado especializado en adopciones de <a href=\"http:\/\/theirvinglawfirm.com\/es\">The Irving Law Firm<\/a> en Manassas, Virginia, sobre lo que puede ofrecer a su hijo adoptivo cuando cumpla 18 a\u00f1os garantiza que sus esfuerzos no sean en vano.<\/span><\/p>\n<h2>Resumen<\/h2>\n<p><span style=\"font-weight: 400;\">Los padres de ni\u00f1os adoptados deben recordar que el proceso legal no termina cuando su hijo cumple 18 a\u00f1os. Aunque a esta edad los adoptados ya no est\u00e9n legalmente obligados a permanecer al cuidado de sus padres adoptivos, siguen necesitando apoyo econ\u00f3mico y emocional de ellos. Los adoptados pueden tener facturas m\u00e9dicas u otros gastos a los que hacer frente despu\u00e9s de cumplir los 18 a\u00f1os, y los padres adoptivos deben estar siempre dispuestos a ayudar cuando sea posible. <\/span><\/p>\n<p><span style=\"font-weight: 400;\">Adem\u00e1s, la comunicaci\u00f3n continua con el menor despu\u00e9s de que cumpla 18 a\u00f1os es esencial para garantizar su bienestar f\u00edsico y emocional. Si no se han resuelto las cuestiones legales relativas a la adopci\u00f3n antes de que el menor cumpla 18 a\u00f1os, los padres adoptivos deben tomar las medidas necesarias para resolverlas. En este caso, consultar a un abogado cualificado y con experiencia es una parte esencial del proceso. <\/span><\/p>\n<p><span style=\"font-weight: 400;\">Los experimentados y galardonados <a href=\"https:\/\/www.theirvinglawfirm.com\/es\/adopcion\/abogado-de-adopcion\/\">abogados de adopci\u00f3n<\/a> de The Irving Law Firm en Manassas, Virginia tienen el conocimiento y la competencia para ayudar a facilitar una adopci\u00f3n exitosa. Su equipo jur\u00eddico especializado comprende la complejidad de todo el proceso y trabajar\u00e1 estrechamente con usted en cada paso para garantizar la protecci\u00f3n de sus derechos.<\/span><\/p>\n<p><a href=\"https:\/\/www.theirvinglawfirm.com\/es\/derecho-de-familia\/adopcion\/ayuda-el-estado-a-personas-en-proceso-de-adopcion\/\">Eche Un Vistazo Aqu\u00ed<\/a><\/p>\n","protected":false},"excerpt":{"rendered":"<p>La adopci\u00f3n es un proceso hermoso y esencial que puede  [&#8230;]<\/p>\n","protected":false},"author":3,"featured_media":0,"parent":8540,"menu_order":0,"comment_status":"closed","ping_status":"closed","template":"","meta":{"_analytify_skip_tracking":false,"rank_math_title":"Adopci\u00f3n: \u00bfContinuar\u00e1 La Manutenci\u00f3n Despu\u00e9s De Que El Ni\u00f1o Cumpla 18 A\u00f1os? | The Irving Law Firm","rank_math_description":"Entender por qu\u00e9 la adopci\u00f3n es un compromiso de por vida con el ni\u00f1o adoptado. Conozca las ventajas de un apoyo continuo incluso cuando su hijo entre en la edad adulta.","rank_math_focus_keyword":"adopci\u00f3n","rank_math_canonical_url":"","footnotes":""},"class_list":["post-11287","page","type-page","status-publish","hentry"],"acf":[],"_links":{"self":[{"href":"https:\/\/www.theirvinglawfirm.com\/es\/wp-json\/wp\/v2\/pages\/11287","targetHints":{"allow":["GET"]}}],"collection":[{"href":"https:\/\/www.theirvinglawfirm.com\/es\/wp-json\/wp\/v2\/pages"}],"about":[{"href":"https:\/\/www.theirvinglawfirm.com\/es\/wp-json\/wp\/v2\/types\/page"}],"author":[{"embeddable":true,"href":"https:\/\/www.theirvinglawfirm.com\/es\/wp-json\/wp\/v2\/users\/3"}],"replies":[{"embeddable":true,"href":"https:\/\/www.theirvinglawfirm.com\/es\/wp-json\/wp\/v2\/comments?post=11287"}],"version-history":[{"count":0,"href":"https:\/\/www.theirvinglawfirm.com\/es\/wp-json\/wp\/v2\/pages\/11287\/revisions"}],"up":[{"embeddable":true,"href":"https:\/\/www.theirvinglawfirm.com\/es\/wp-json\/wp\/v2\/pages\/8540"}],"wp:attachment":[{"href":"https:\/\/www.theirvinglawfirm.com\/es\/wp-json\/wp\/v2\/media?parent=11287"}],"curies":[{"name":"wp","href":"https:\/\/api.w.org\/{rel}","templated":true}]}}