{"id":11279,"date":"2023-08-05T22:09:31","date_gmt":"2023-08-05T22:09:31","guid":{"rendered":"https:\/\/www.theirvinglawfirm.com\/?page_id=11279"},"modified":"2025-10-24T20:18:31","modified_gmt":"2025-10-24T20:18:31","slug":"cuanto-dura-el-proceso-de-adopcion-en-virginia","status":"publish","type":"page","link":"https:\/\/www.theirvinglawfirm.com\/es\/areas-de-practica\/derecho-de-familia\/adopcion\/cuanto-dura-el-proceso-de-adopcion-en-virginia\/","title":{"rendered":"\u00bfCu\u00e1nto Dura El Proceso De Adopci\u00f3n En Virginia?"},"content":{"rendered":"<p><span style=\"font-weight: 400;\"><a href=\"https:\/\/es.wikipedia.org\/wiki\/Adopci%C3%B3n\" target=\"_blank\" rel=\"noopener\">Adoptar a un ni\u00f1o<\/a> en Manassas, Virginia, puede ser una experiencia enriquecedora, pero tambi\u00e9n es un proceso largo. Es importante que los futuros padres entiendan los pasos que hay que dar y cu\u00e1nto tardar\u00e1 cada uno de ellos. Este art\u00edculo ofrece una visi\u00f3n general del proceso de adopci\u00f3n de un menor y explica cu\u00e1nto suele durar.<\/span><\/p>\n<p><img decoding=\"async\" class=\"wp-image-41885 size-full aligncenter\" src=\"https:\/\/www.theirvinglawfirm.com\/wp-content\/uploads\/2025\/10\/cuanto-dura-el-proceso-de-adopcion-en-va.jpg\" alt=\"Cuanto dura el proceso de Adopcion en VA?\" width=\"1080\" height=\"720\" srcset=\"https:\/\/www.theirvinglawfirm.com\/wp-content\/uploads\/2025\/10\/cuanto-dura-el-proceso-de-adopcion-en-va-200x133.jpg 200w, https:\/\/www.theirvinglawfirm.com\/wp-content\/uploads\/2025\/10\/cuanto-dura-el-proceso-de-adopcion-en-va-400x267.jpg 400w, https:\/\/www.theirvinglawfirm.com\/wp-content\/uploads\/2025\/10\/cuanto-dura-el-proceso-de-adopcion-en-va-600x400.jpg 600w, https:\/\/www.theirvinglawfirm.com\/wp-content\/uploads\/2025\/10\/cuanto-dura-el-proceso-de-adopcion-en-va-768x512.jpg 768w, https:\/\/www.theirvinglawfirm.com\/wp-content\/uploads\/2025\/10\/cuanto-dura-el-proceso-de-adopcion-en-va-800x533.jpg 800w, https:\/\/www.theirvinglawfirm.com\/wp-content\/uploads\/2025\/10\/cuanto-dura-el-proceso-de-adopcion-en-va.jpg 1080w\" sizes=\"(max-width: 1080px) 100vw, 1080px\" \/><\/p>\n<h2>\u00bfC\u00f3mo Se Define La Adopci\u00f3n En Manassas?<\/h2>\n<p><span style=\"font-weight: 400;\">La adopci\u00f3n es un proceso legal por el que un adulto o una pareja se convierten en padres de un ni\u00f1o que no est\u00e1 biol\u00f3gicamente emparentado con ellos. Los padres adoptivos asumen todos los derechos y responsabilidades de los padres biol\u00f3gicos. El compromiso incluye ayuda econ\u00f3mica, proporcionar un hogar seguro y tomar decisiones importantes sobre la crianza del ni\u00f1o, incluidas la salud y la educaci\u00f3n.<\/span><\/p>\n<p><span style=\"font-weight: 400;\">La adopci\u00f3n puede ser cerrada o abierta, nacional o internacional, de beb\u00e9s, ni\u00f1os o adultos. Adopci\u00f3n cerrada significa que la comunicaci\u00f3n entre los padres biol\u00f3gicos y las familias adoptivas est\u00e1 prohibida por ley. En este tipo, la informaci\u00f3n identificativa de ambas partes implicadas, como nombres y direcciones, se mantiene confidencial por razones de seguridad.<\/span><\/p>\n<p><span style=\"font-weight: 400;\">Las adopciones abiertas implican una comunicaci\u00f3n directa entre los miembros de la familia biol\u00f3gica y los de la familia adoptiva. Permite una mayor apertura a la hora de compartir informaci\u00f3n sobre la vida de cada uno antes y despu\u00e9s de la adopci\u00f3n. El grado de contacto entre las familias depende de las partes implicadas, incluidas las visitas en persona.<\/span><\/p>\n<h2>Requisitos De Elegibilidad De Adopci\u00f3n<\/h2>\n<p><span style=\"font-weight: 400;\">Adoptar un ni\u00f1o puede ser un proceso largo y complejo. Para adoptar a un ni\u00f1o, los futuros padres deben cumplir unos requisitos espec\u00edficos. Var\u00edan en funci\u00f3n del tipo de adopci\u00f3n, nacional o internacional, y de otros factores como la edad y el estado civil del padre adoptivo.<\/span><\/p>\n<p><span style=\"font-weight: 400;\">La mayor\u00eda de los estados, incluido Virginia, exigen que los futuros padres adoptivos tengan al menos 18 a\u00f1os. Deben tener la estabilidad econ\u00f3mica suficiente para mantener al nuevo miembro de la familia. Los adoptados deben pasar un control de antecedentes penales antes de que se les permita adoptar. Adem\u00e1s, los futuros padres adoptivos deben tener expectativas realistas sobre el tiempo que tardar\u00e1 el proceso de adopci\u00f3n.<\/span><\/p>\n<h2>\u00bfCu\u00e1nto Dura La Adopci\u00f3n De Un Ni\u00f1o?<\/h2>\n<p><span style=\"font-weight: 400;\">El tiempo que tarda en tramitarse una adopci\u00f3n var\u00eda de un caso a otro y depende de muchos factores, como el tipo de adopci\u00f3n, la legislaci\u00f3n estatal, las circunstancias que rodean a los padres biol\u00f3gicos, etc. La adopci\u00f3n de un ni\u00f1o es un proceso que suele durar nueve meses o m\u00e1s. Incluye lo siguiente:<\/span><\/p>\n<ul>\n<li style=\"font-weight: 400;\" aria-level=\"1\"><span style=\"font-weight: 400;\">Contacto y orientaci\u00f3n iniciales.<\/span><\/li>\n<li style=\"font-weight: 400;\" aria-level=\"1\"><span style=\"font-weight: 400;\">Formaci\u00f3n de unas 30 horas de instrucci\u00f3n. <\/span><\/li>\n<li style=\"font-weight: 400;\" aria-level=\"1\"><span style=\"font-weight: 400;\">Realizaci\u00f3n de los estudios domiciliarios requeridos en Manassas, Virginia. <\/span><\/li>\n<li style=\"font-weight: 400;\" aria-level=\"1\"><span style=\"font-weight: 400;\">Obtenci\u00f3n de historiales m\u00e9dicos de los proveedores de asistencia sanitaria si es necesario. Obtener el consentimiento legal de los padres biol\u00f3gicos si es necesario.<\/span><\/li>\n<li style=\"font-weight: 400;\" aria-level=\"1\"><span style=\"font-weight: 400;\">Selecci\u00f3n y colocaci\u00f3n de ni\u00f1os.<\/span><\/li>\n<li style=\"font-weight: 400;\" aria-level=\"1\"><span style=\"font-weight: 400;\">Supervisi\u00f3n. La ley de Virginia exige que el ni\u00f1o viva en su casa al menos seis meses y reciba tres visitas de un agente de adopci\u00f3n.<\/span><\/li>\n<\/ul>\n<p><span style=\"font-weight: 400;\">Las adopciones internacionales suelen llevar m\u00e1s tiempo debido a complejidades adicionales como los requisitos de la Visa.<\/span><\/p>\n<h2>Tr\u00e1mites Legales Y Finalizaci\u00f3n De La Adopci\u00f3n<\/h2>\n<p><span style=\"font-weight: 400;\">Adoptar un ni\u00f1o es un proceso emocionante pero complicado. Implica m\u00faltiples procedimientos legales y tarda tiempo en finalizar. Aunque todo el proceso de adopci\u00f3n no tenga lugar en los tribunales, siempre es mejor consultar con un abogado especializado en adopciones para asegurarse de que comprende todas las implicaciones legales de la adopci\u00f3n.<\/span><\/p>\n<p><span style=\"font-weight: 400;\">Un paso crucial en el proceso de adopci\u00f3n son los tr\u00e1mites legales y la finalizaci\u00f3n. Aunque pueda parecer largo y complicado, comprender los pasos necesarios puede ayudar a hacerlo m\u00e1s f\u00e1cil. El primer paso para finalizar legalmente una adopci\u00f3n es trabajar con una agencia o abogado de The Irving Law Firm para presentar una petici\u00f3n ante el tribunal.<\/span><\/p>\n<p><span style=\"font-weight: 400;\">En esta petici\u00f3n se indica qui\u00e9n solicita la adopci\u00f3n y por qu\u00e9 desea que se produzca. Tambi\u00e9n contiene informaci\u00f3n sobre los antecedentes de los padres adoptivos, como su situaci\u00f3n laboral, estabilidad financiera y otra informaci\u00f3n relevante. Tras presentar la petici\u00f3n, deben comparecer ante el tribunal para una vista.<\/span><\/p>\n<p><span style=\"font-weight: 400;\">Deben aportar pruebas que demuestren que son padres aptos que pueden velar por el bienestar de su hijo adoptivo. Una vez finalizados todos los tr\u00e1mites legales, el tribunal debe dictar una sentencia de adopci\u00f3n para que sea oficial. Despu\u00e9s de esto, los padres adoptivos pueden seguir adelante para tener una nueva vida junto a su hijo adoptivo.<\/span><\/p>\n<p><span style=\"font-weight: 400;\">El proceso de adopci\u00f3n de un ni\u00f1o puede durar de varios meses a un a\u00f1o o m\u00e1s. La duraci\u00f3n depende de varios factores, como el tipo de adopci\u00f3n y las complicaciones que puedan surgir durante el proceso. Los futuros padres adoptivos deben consultar a un abogado especializado en adopciones para asegurarse de que todas sus dudas legales quedan resueltas antes de seguir adelante.<\/span><\/p>\n<p><span style=\"font-weight: 400;\">Al contratar a un<a href=\"https:\/\/www.theirvinglawfirm.com\/es\/adopcion\/abogado-de-adopcion\/\"> abogado de adopci\u00f3n<\/a> en <a href=\"http:\/\/theirvinglawfirm.com\/es\">The Irving Law Firm<\/a> en Manassas, Virginia, los futuros padres adoptivos pueden estar seguros de que conocen todas las implicaciones legales de su decisi\u00f3n.<\/span><\/p>\n<p><a href=\"https:\/\/www.theirvinglawfirm.com\/es\/areas-de-practica\/derecho-de-familia\/adopcion\/crece-el-numero-de-ninos-en-espera-de-adopcion\/\">Descubra M\u00e1s Aqu\u00ed<\/a><\/p>\n","protected":false},"excerpt":{"rendered":"<p>Adoptar a un ni\u00f1o en Manassas, Virginia, puede ser una  [&#8230;]<\/p>\n","protected":false},"author":3,"featured_media":0,"parent":8540,"menu_order":0,"comment_status":"closed","ping_status":"closed","template":"","meta":{"_analytify_skip_tracking":false,"rank_math_title":"Duraci\u00f3n del proceso de adopci\u00f3n en Virginia","rank_math_description":"Conozca requisitos de elegibilidad y tiempos; contratar a un abogado de adopci\u00f3n puede asesorarle y agilizar el proceso.","rank_math_focus_keyword":"adopci\u00f3n","rank_math_canonical_url":"","footnotes":""},"class_list":["post-11279","page","type-page","status-publish","hentry"],"acf":[],"_links":{"self":[{"href":"https:\/\/www.theirvinglawfirm.com\/es\/wp-json\/wp\/v2\/pages\/11279","targetHints":{"allow":["GET"]}}],"collection":[{"href":"https:\/\/www.theirvinglawfirm.com\/es\/wp-json\/wp\/v2\/pages"}],"about":[{"href":"https:\/\/www.theirvinglawfirm.com\/es\/wp-json\/wp\/v2\/types\/page"}],"author":[{"embeddable":true,"href":"https:\/\/www.theirvinglawfirm.com\/es\/wp-json\/wp\/v2\/users\/3"}],"replies":[{"embeddable":true,"href":"https:\/\/www.theirvinglawfirm.com\/es\/wp-json\/wp\/v2\/comments?post=11279"}],"version-history":[{"count":3,"href":"https:\/\/www.theirvinglawfirm.com\/es\/wp-json\/wp\/v2\/pages\/11279\/revisions"}],"predecessor-version":[{"id":41889,"href":"https:\/\/www.theirvinglawfirm.com\/es\/wp-json\/wp\/v2\/pages\/11279\/revisions\/41889"}],"up":[{"embeddable":true,"href":"https:\/\/www.theirvinglawfirm.com\/es\/wp-json\/wp\/v2\/pages\/8540"}],"wp:attachment":[{"href":"https:\/\/www.theirvinglawfirm.com\/es\/wp-json\/wp\/v2\/media?parent=11279"}],"curies":[{"name":"wp","href":"https:\/\/api.w.org\/{rel}","templated":true}]}}