{"id":11277,"date":"2023-08-05T22:09:29","date_gmt":"2023-08-05T22:09:29","guid":{"rendered":"https:\/\/www.theirvinglawfirm.com\/?page_id=11277"},"modified":"2025-11-06T15:42:41","modified_gmt":"2025-11-06T15:42:41","slug":"crece-el-numero-de-ninos-en-espera-de-adopcion","status":"publish","type":"page","link":"https:\/\/www.theirvinglawfirm.com\/es\/areas-de-practica\/derecho-de-familia\/adopcion\/crece-el-numero-de-ninos-en-espera-de-adopcion\/","title":{"rendered":"Crece El N\u00famero De Ni\u00f1os En Espera De Adopci\u00f3n"},"content":{"rendered":"<p><span style=\"font-weight: 400;\">La adopci\u00f3n es una forma encomiable de llevar a los ni\u00f1os a hogares afectuosos, y forma parte integrante de la vida de algunas familias. Por desgracia, muchos ni\u00f1os esperan ser adoptados y el n\u00famero va en aumento. De acuerdo con 19 de octubre 2022, Prince William County VA Noticias, hab\u00eda m\u00e1s de 20 ni\u00f1os de crianza en el Condado de Prince William, <a href=\"http:\/\/virginia.gov\" target=\"_blank\" rel=\"noopener\">Manassas, Virginia<\/a>, y Manassas Park.<\/span><\/p>\n<p><span style=\"font-weight: 400;\">El creciente n\u00famero de ni\u00f1os en espera de adopci\u00f3n preocupa al gobierno y a los ciudadanos. Este art\u00edculo analizar\u00e1 el estado actual de la adopci\u00f3n y los factores que contribuyen a su espera.<\/span><\/p>\n<p><img decoding=\"async\" class=\"size-full wp-image-42248 aligncenter\" src=\"https:\/\/www.theirvinglawfirm.com\/wp-content\/uploads\/2025\/11\/por-que-hay-menos-adopciones-en-estados-unidos.jpg\" alt=\"Por que hay menos adopciones en Estados Unidos\" width=\"1280\" height=\"850\" srcset=\"https:\/\/www.theirvinglawfirm.com\/wp-content\/uploads\/2025\/11\/por-que-hay-menos-adopciones-en-estados-unidos-200x133.jpg 200w, https:\/\/www.theirvinglawfirm.com\/wp-content\/uploads\/2025\/11\/por-que-hay-menos-adopciones-en-estados-unidos-400x266.jpg 400w, https:\/\/www.theirvinglawfirm.com\/wp-content\/uploads\/2025\/11\/por-que-hay-menos-adopciones-en-estados-unidos-600x398.jpg 600w, https:\/\/www.theirvinglawfirm.com\/wp-content\/uploads\/2025\/11\/por-que-hay-menos-adopciones-en-estados-unidos-768x510.jpg 768w, https:\/\/www.theirvinglawfirm.com\/wp-content\/uploads\/2025\/11\/por-que-hay-menos-adopciones-en-estados-unidos-800x531.jpg 800w, https:\/\/www.theirvinglawfirm.com\/wp-content\/uploads\/2025\/11\/por-que-hay-menos-adopciones-en-estados-unidos-1200x797.jpg 1200w, https:\/\/www.theirvinglawfirm.com\/wp-content\/uploads\/2025\/11\/por-que-hay-menos-adopciones-en-estados-unidos.jpg 1280w\" sizes=\"(max-width: 1280px) 100vw, 1280px\" \/><\/p>\n<h2>\u00bfC\u00f3mo Se Define La Adopci\u00f3n?<\/h2>\n<p><span style=\"font-weight: 400;\">La adopci\u00f3n es un proceso por el que los ni\u00f1os pasan a formar parte de familias no emparentadas biol\u00f3gicamente con ellos. Existe desde tiempos remotos, y en los \u00faltimos a\u00f1os se ha hecho cada vez m\u00e1s popular. La adopci\u00f3n permite a los padres que no pueden concebir experimentar las alegr\u00edas de la paternidad y a los ni\u00f1os encontrar un hogar lleno de amor. Existen varios tipos de adopci\u00f3n:<\/span><\/p>\n<ul>\n<li style=\"font-weight: 400;\" aria-level=\"1\"><span style=\"font-weight: 400;\">Adopci\u00f3n nacional de ni\u00f1os.<\/span><\/li>\n<li style=\"font-weight: 400;\" aria-level=\"1\"><span style=\"font-weight: 400;\">Adopci\u00f3n internacional.<\/span><\/li>\n<li style=\"font-weight: 400;\" aria-level=\"1\"><span style=\"font-weight: 400;\">Adopci\u00f3n por padrastro o madrastra.<\/span><\/li>\n<li style=\"font-weight: 400;\" aria-level=\"1\"><span style=\"font-weight: 400;\">Adopci\u00f3n relativa.<\/span><\/li>\n<li style=\"font-weight: 400;\" aria-level=\"1\"><span style=\"font-weight: 400;\">Adopci\u00f3n en r\u00e9gimen de acogida.<\/span><\/li>\n<li style=\"font-weight: 400;\" aria-level=\"1\"><span style=\"font-weight: 400;\">Adopci\u00f3n de adultos. <\/span><\/li>\n<\/ul>\n<p><span style=\"font-weight: 400;\">Cada tipo tiene sus requisitos y normativas que los padres adoptivos deben cumplir antes de poder adoptar legalmente al ni\u00f1o. Adem\u00e1s, todos los futuros padres adoptivos deben someterse a ex\u00e1menes legales. Estos ex\u00e1menes incluyen comprobaciones de antecedentes y estudios del hogar antes de que puedan asumir el papel de padres adoptivos.<\/span><\/p>\n<p><span style=\"font-weight: 400;\">Hay varias razones por las que los ni\u00f1os acaban en adopci\u00f3n. Los problemas financieros suelen ser el motivo. Los problemas emocionales o de salud mental tambi\u00e9n pueden ser factores determinantes. Los padres que sufren depresi\u00f3n o drogadicci\u00f3n pueden tener dificultades para cuidar adecuadamente a sus hijos, lo que puede llevarles a darlos en adopci\u00f3n.<\/span><\/p>\n<p><span style=\"font-weight: 400;\">Mediante la adopci\u00f3n, el ni\u00f1o podr\u00e1 encontrar un hogar cari\u00f1oso y comprensivo donde recibir\u00e1 toda la atenci\u00f3n que necesita mientras crece. Pueden desarrollar su potencial y sus talentos cuando las familias adoptivas los acogen. Tendr\u00e1n la oportunidad de crecer en una familia permanente que necesitan y merecen.<\/span><\/p>\n<h2>El Creciente N\u00famero De Ni\u00f1os En Espera De Adopci\u00f3n<\/h2>\n<p><span style=\"font-weight: 400;\">La adopci\u00f3n ofrece opciones a las personas y familias que desean formar su propia familia, pero el n\u00famero de ni\u00f1os que esperan ser adoptados en Estados Unidos es asombroso. En 2021, 113.589 ni\u00f1os esperaban ser adoptados en Estados Unidos. Esta cifra es inferior a la del a\u00f1o anterior debido a la pandemia de c\u00f3vidos.<\/span><\/p>\n<p><span style=\"font-weight: 400;\">Los ni\u00f1os en espera de adopci\u00f3n en Estados Unidos en 2019 y 2020 fueron 123.823 y 117.446, respectivamente. El pasado noviembre de 2021, en Virginia hab\u00eda unos 5.000 ni\u00f1os en acogida y m\u00e1s de 700 a la espera de ser adoptados. Una triste situaci\u00f3n para unos ni\u00f1os que no pueden hacer nada para remediarla.<\/span><\/p>\n<p><span style=\"font-weight: 400;\">Es importante tener en cuenta que los ni\u00f1os que necesitan ser adoptados proceden de todos los \u00e1mbitos y condiciones sociales. Van desde los beb\u00e9s hasta los adolescentes y pueden variar en cuanto a raza, religi\u00f3n, antecedentes culturales u otros factores. Todos merecen una familia que cuide de ellos y los eduque para que sean buenos ciudadanos.<\/span><\/p>\n<h2>Factores Que Contribuyen Al Tiempo De Espera Para La Adopci\u00f3n<\/h2>\n<p><span style=\"font-weight: 400;\">La adopci\u00f3n puede ser un proceso largo que requiere mucha paciencia. Sin embargo, este periodo de tiempo puede resultar abrumador y desalentador para quienes desean adoptar un ni\u00f1o. Aunque no hay un plazo concreto para la adopci\u00f3n, los tiempos de espera var\u00edan mucho en funci\u00f3n de varios factores.<\/span><\/p>\n<p><span style=\"font-weight: 400;\">El principal factor que determina el tiempo de espera es el tipo de adopci\u00f3n elegido. Las adopciones nacionales suelen tener tiempos de espera m\u00e1s cortos que las internacionales o las de acogida, debido a su menor nivel de burocracia y regulaci\u00f3n. Adem\u00e1s, factores como la edad y las preferencias de g\u00e9nero de los futuros padres pueden alargar o acortar el tiempo de espera. Cualquier preparaci\u00f3n adicional exigida por las agencias de adopci\u00f3n tambi\u00e9n a\u00f1adir\u00e1 tiempo extra al proceso.<\/span><\/p>\n<p><span style=\"font-weight: 400;\">Una forma de ayudar a gestionar las expectativas y comprender los tiempos de espera es investigar el tipo de adopci\u00f3n que desea y los requisitos asociados. Adem\u00e1s, hablar con otros padres adoptivos que hayan pasado por el proceso de adopci\u00f3n puede aportar ideas y consejos valiosos.<\/span><\/p>\n<p><span style=\"font-weight: 400;\">Tambi\u00e9n es importante recordar que el tiempo de espera puede ser emocionalmente agotador y desafiante. Pero es esencial ser positivo y tener fe en el proceso. Tambi\u00e9n es importante recordar que el tiempo de espera es solo una parte del proceso de adopci\u00f3n. Muchos otros pasos incluyen estudios de hogares, comprobaciones de antecedentes y formaci\u00f3n sobre adopci\u00f3n.<\/span><\/p>\n<h2>The Irving Law Firm le ayuda con su proceso de adopci\u00f3n<\/h2>\n<p><span style=\"font-weight: 400;\">The Irving Law Firm, ubicado en Manassas, Virginia pone la experiencia y la compasi\u00f3n a la vanguardia de cada caso de adopci\u00f3n que toman. Con d\u00e9cadas de experiencia, la firma tiene un historial establecido de ayudar a las familias a trav\u00e9s del proceso de adopci\u00f3n con su competencia en la<a href=\"https:\/\/www.theirvinglawfirm.com\/es\/adopcion\/abogado-de-adopcion\/\"> ley de adopci\u00f3n.<\/a><\/span><\/p>\n<p><span style=\"font-weight: 400;\">El galardonado equipo legal de The Irving Law Firm ofrece tranquilidad a los clientes al estar disponible durante todo el proceso, ofreciendo apoyo y orientaci\u00f3n cuando sea necesario. Marcan la diferencia en la vida de estos ni\u00f1os y tambi\u00e9n de sus padres adoptivos al hacer que el proceso sea eficiente.<\/span><\/p>\n<p><span style=\"font-weight: 400;\">El n\u00famero de ni\u00f1os en espera de adopci\u00f3n en Estados Unidos va en aumento. En 2021, 113.589 ni\u00f1os esperaban ser adoptados en Estados Unidos. Esta estad\u00edstica nos recuerda que muchos ni\u00f1os necesitan ayuda para encontrar un hogar afectuoso y permanente.<\/span><\/p>\n<p><span style=\"font-weight: 400;\">Adoptar un ni\u00f1o en Manassas, Virginia, es un proceso largo y complejo. Se requiere la orientaci\u00f3n de un abogado con experiencia para asegurar que todos los requisitos legales se cumplen, y la adopci\u00f3n es un \u00e9xito. <a href=\"http:\/\/theirvinglawfirm.com\/es\">The Irving Law Firm<\/a> ofrece abogados galardonados con experiencia en leyes de adopci\u00f3n.<\/span><\/p>\n<p><a href=\"https:\/\/www.theirvinglawfirm.com\/es\/derecho-de-familia\/adopcion\/por-que-muchos-ninos-ingresan-en-centros-de-acogida\/\">Explore M\u00e1s<\/a><\/p>\n","protected":false},"excerpt":{"rendered":"<p>La adopci\u00f3n es una forma encomiable de llevar a los  [&#8230;]<\/p>\n","protected":false},"author":3,"featured_media":0,"parent":8540,"menu_order":0,"comment_status":"closed","ping_status":"closed","template":"","meta":{"_analytify_skip_tracking":false,"rank_math_title":"Adopci\u00f3n: Cada Vez Hay M\u00e1s Ni\u00f1os En Espera","rank_math_description":"El n\u00famero de ni\u00f1os en espera de adopci\u00f3n en EE. UU. recuerda cu\u00e1nto falta por hacer para proteger y apoyar a menores vulnerables.","rank_math_focus_keyword":"ni\u00f1os","rank_math_canonical_url":"","footnotes":""},"class_list":["post-11277","page","type-page","status-publish","hentry"],"acf":[],"_links":{"self":[{"href":"https:\/\/www.theirvinglawfirm.com\/es\/wp-json\/wp\/v2\/pages\/11277","targetHints":{"allow":["GET"]}}],"collection":[{"href":"https:\/\/www.theirvinglawfirm.com\/es\/wp-json\/wp\/v2\/pages"}],"about":[{"href":"https:\/\/www.theirvinglawfirm.com\/es\/wp-json\/wp\/v2\/types\/page"}],"author":[{"embeddable":true,"href":"https:\/\/www.theirvinglawfirm.com\/es\/wp-json\/wp\/v2\/users\/3"}],"replies":[{"embeddable":true,"href":"https:\/\/www.theirvinglawfirm.com\/es\/wp-json\/wp\/v2\/comments?post=11277"}],"version-history":[{"count":3,"href":"https:\/\/www.theirvinglawfirm.com\/es\/wp-json\/wp\/v2\/pages\/11277\/revisions"}],"predecessor-version":[{"id":42250,"href":"https:\/\/www.theirvinglawfirm.com\/es\/wp-json\/wp\/v2\/pages\/11277\/revisions\/42250"}],"up":[{"embeddable":true,"href":"https:\/\/www.theirvinglawfirm.com\/es\/wp-json\/wp\/v2\/pages\/8540"}],"wp:attachment":[{"href":"https:\/\/www.theirvinglawfirm.com\/es\/wp-json\/wp\/v2\/media?parent=11277"}],"curies":[{"name":"wp","href":"https:\/\/api.w.org\/{rel}","templated":true}]}}