{"id":11274,"date":"2023-08-05T22:09:24","date_gmt":"2023-08-05T22:09:24","guid":{"rendered":"https:\/\/www.theirvinglawfirm.com\/?page_id=11274"},"modified":"2024-03-05T16:40:52","modified_gmt":"2024-03-05T16:40:52","slug":"necesidades-terapeuticas-del-nino-en-proceso-de-adopcion","status":"publish","type":"page","link":"https:\/\/www.theirvinglawfirm.com\/es\/areas-de-practica\/derecho-de-familia\/adopcion\/necesidades-terapeuticas-del-nino-en-proceso-de-adopcion\/","title":{"rendered":"\u00bfCu\u00e1les Son Las Necesidades Terap\u00e9uticas Del Ni\u00f1o En Proceso De Adopci\u00f3n?"},"content":{"rendered":"<p><span style=\"font-weight: 400;\"><a href=\"https:\/\/es.wikipedia.org\/wiki\/Adopci%C3%B3n\" target=\"_blank\" rel=\"noopener\">La adopci\u00f3n<\/a> es un proceso complejo y puede suponer un reto tanto para los padres adoptivos como para el ni\u00f1o adoptado. Es esencial comprender las necesidades terap\u00e9uticas de los ni\u00f1os en proceso de adopci\u00f3n. En este art\u00edculo se analizan las necesidades terap\u00e9uticas de un ni\u00f1o adoptado y las distintas formas de ayudarle.<\/span><\/p>\n<p><img decoding=\"async\" class=\"alignnone size-full wp-image-11341\" src=\"https:\/\/www.theirvinglawfirm.com\/wp-content\/uploads\/2023\/08\/cuando-un-nino-esta-en-proceso-de-adopcion-que-medidas-terapeuticas-son-necesarias-para-su-desarrollo.jpg\" alt=\"Cuando Un Ni\u00f1o Est\u00e1 En Proceso De Adopci\u00f3n, Qu\u00e9 Medidas Terap\u00e9uticas Son Necesarias Para Su Desarrollo?\" width=\"100%\" height=\"933\" srcset=\"https:\/\/www.theirvinglawfirm.com\/wp-content\/uploads\/2023\/08\/cuando-un-nino-esta-en-proceso-de-adopcion-que-medidas-terapeuticas-son-necesarias-para-su-desarrollo-200x133.jpg 200w, https:\/\/www.theirvinglawfirm.com\/wp-content\/uploads\/2023\/08\/cuando-un-nino-esta-en-proceso-de-adopcion-que-medidas-terapeuticas-son-necesarias-para-su-desarrollo-300x200.jpg 300w, https:\/\/www.theirvinglawfirm.com\/wp-content\/uploads\/2023\/08\/cuando-un-nino-esta-en-proceso-de-adopcion-que-medidas-terapeuticas-son-necesarias-para-su-desarrollo-400x267.jpg 400w, https:\/\/www.theirvinglawfirm.com\/wp-content\/uploads\/2023\/08\/cuando-un-nino-esta-en-proceso-de-adopcion-que-medidas-terapeuticas-son-necesarias-para-su-desarrollo-600x400.jpg 600w, https:\/\/www.theirvinglawfirm.com\/wp-content\/uploads\/2023\/08\/cuando-un-nino-esta-en-proceso-de-adopcion-que-medidas-terapeuticas-son-necesarias-para-su-desarrollo-768x512.jpg 768w, https:\/\/www.theirvinglawfirm.com\/wp-content\/uploads\/2023\/08\/cuando-un-nino-esta-en-proceso-de-adopcion-que-medidas-terapeuticas-son-necesarias-para-su-desarrollo-800x533.jpg 800w, https:\/\/www.theirvinglawfirm.com\/wp-content\/uploads\/2023\/08\/cuando-un-nino-esta-en-proceso-de-adopcion-que-medidas-terapeuticas-son-necesarias-para-su-desarrollo-1024x682.jpg 1024w, https:\/\/www.theirvinglawfirm.com\/wp-content\/uploads\/2023\/08\/cuando-un-nino-esta-en-proceso-de-adopcion-que-medidas-terapeuticas-son-necesarias-para-su-desarrollo-1200x800.jpg 1200w, https:\/\/www.theirvinglawfirm.com\/wp-content\/uploads\/2023\/08\/cuando-un-nino-esta-en-proceso-de-adopcion-que-medidas-terapeuticas-son-necesarias-para-su-desarrollo.jpg 1400w\" sizes=\"(max-width: 1400px) 100vw, 1400px\" \/><\/p>\n<h2>Definici\u00f3n De Adopci\u00f3n<\/h2>\n<p><span style=\"font-weight: 400;\">La adopci\u00f3n es un proceso legal por el que una persona o pareja se convierte legalmente en progenitor de un ni\u00f1o no emparentado biol\u00f3gicamente con ellos. Adoptar a un ni\u00f1o le proporciona unos padres responsables de proporcionarle amor y cuidados. Deben apoyarles econ\u00f3mica y emocionalmente. Los padres adoptivos asumen toda la responsabilidad de criar al ni\u00f1o adoptado.<\/span><\/p>\n<p><span style=\"font-weight: 400;\">En la mayor\u00eda de los casos, la adopci\u00f3n es permanente e irrevocable. Crea los mismos derechos y responsabilidades parentales entre un ni\u00f1o adoptado y su familia adoptiva. Es importante se\u00f1alar que la adopci\u00f3n no pone fin a la patria potestad de los padres biol\u00f3gicos. En cambio, transfiere esos derechos de los padres biol\u00f3gicos a su familia adoptiva.<\/span><\/p>\n<p><span style=\"font-weight: 400;\">La adopci\u00f3n es un proceso complejo y largo que requiere una gran atenci\u00f3n al detalle. The Irving Law Firm en Manassas, Virginia, puede ayudarle a navegar por los diversos aspectos del viaje de la adopci\u00f3n y proporcionar recursos para comprender mejor el proceso. Con a\u00f1os de experiencia ayudando a familias a trav\u00e9s de las complejidades legales asociadas con la adopci\u00f3n, The Irving Law Firm se ha convertido en un activo inestimable para sus clientes.<\/span><\/p>\n<h2>Efectos De La Adopci\u00f3n En La Salud Mental De Los Ni\u00f1os<\/h2>\n<p><span style=\"font-weight: 400;\">La adopci\u00f3n es un proceso complicado que afecta profundamente a la salud mental de los ni\u00f1os. Los padres adoptivos deben comprender las posibles repercusiones psicol\u00f3gicas de la adopci\u00f3n para apoyar mejor a su hijo. Los efectos de la adopci\u00f3n var\u00edan de un ni\u00f1o a otro. Los efectos dependen de los antecedentes del individuo, la edad en el momento de la adopci\u00f3n, la din\u00e1mica familiar y otros factores.<\/span><\/p>\n<p><span style=\"font-weight: 400;\">Los ni\u00f1os adoptados se enfrentan a retos comunes. Aunque para algunos ni\u00f1os adoptados puede ser dif\u00edcil adaptarse inicialmente, las investigaciones demuestran que estos problemas pueden abordarse eficazmente con el apoyo y los cuidados adecuados.<\/span><\/p>\n<ul>\n<li style=\"font-weight: 400;\" aria-level=\"1\"><span style=\"font-weight: 400;\">Sentimientos de abandono.<\/span><\/li>\n<li style=\"font-weight: 400;\" aria-level=\"1\"><span style=\"font-weight: 400;\">Dolor por la p\u00e9rdida de los padres biol\u00f3gicos.<\/span><\/li>\n<li style=\"font-weight: 400;\" aria-level=\"1\"><span style=\"font-weight: 400;\">Confusi\u00f3n de identidad debida a cambios culturales.<\/span><\/li>\n<li style=\"font-weight: 400;\" aria-level=\"1\"><span style=\"font-weight: 400;\">Sentirse desconectado de la familia adoptiva o de los miembros de la familia biol\u00f3gica.<\/span><\/li>\n<\/ul>\n<h2>Necesidades Terap\u00e9uticas De Un Ni\u00f1o En Adopci\u00f3n<\/h2>\n<p><span style=\"font-weight: 400;\">Adoptar a un ni\u00f1o es un proceso complejo, y las necesidades terap\u00e9uticas de los ni\u00f1os adoptados deben abordarse adecuadamente. Los ni\u00f1os que han pasado por una adopci\u00f3n se enfrentan al dolor, la ansiedad y la confusi\u00f3n. Estos ni\u00f1os necesitan la atenci\u00f3n adecuada para mitigar cualquier angustia psicol\u00f3gica que puedan estar experimentando.<\/span><\/p>\n<p><span style=\"font-weight: 400;\">Los padres adoptivos deben buscar profesionales de la salud mental, como terapeutas o consejeros, para que apoyen al ni\u00f1o durante este proceso. Las intervenciones terap\u00e9uticas para ni\u00f1os adoptados pueden ayudarles a abordar problemas de apego, formaci\u00f3n de la identidad, d\u00e9ficit de habilidades sociales, problemas de control de la ira, etc. Algunas de las terapias que puedes hacer en casa son el juego, el arte y la terapia de apego.<\/span><\/p>\n<h3>Terapia De Juego<\/h3>\n<p><span style=\"font-weight: 400;\">La terapia de juego es una forma de terapia que consiste en utilizar el juego como medio para expresar emociones y experiencias. Ayuda a los ni\u00f1os a sentirse m\u00e1s seguros y protegidos en su entorno. La terapia de juego puede ayudar a los padres adoptivos a entender los problemas que su hijo puede haber encontrado al principio de su vida. A trav\u00e9s del juego, el ni\u00f1o puede aprender a identificar y expresar emociones, as\u00ed como a aumentar su autoestima.<\/span><\/p>\n<h3>Arteterapia<\/h3>\n<p><span style=\"font-weight: 400;\">La arteterapia es una forma de psicoterapia que utiliza materiales art\u00edsticos como principal modo de expresi\u00f3n y comunicaci\u00f3n. Puede ayudar a los ni\u00f1os a procesar sus complejidades emocionales. La arteterapia les brinda la oportunidad de expresarse de una forma que las palabras normalmente no pueden hacer.<\/span><\/p>\n<h3>Terapia De Apego<\/h3>\n<p><span style=\"font-weight: 400;\">La terapia del apego busca crear v\u00ednculos fuertes entre padres e hijos a trav\u00e9s de interacciones intencionadas. Este tipo de terapia se centra en fomentar la confianza entre padres e hijos. Hace hincapi\u00e9 en el refuerzo positivo cuando el ni\u00f1o cumple determinadas expectativas o responde positivamente a los intentos de conexi\u00f3n de los padres.<\/span><\/p>\n<h2>Desaf\u00edos Durante La Terapia Infantil<\/h2>\n<p><span style=\"font-weight: 400;\">Adoptar un ni\u00f1o es una experiencia gratificante. Sin embargo, tambi\u00e9n puede conllevar responsabilidad. Satisfacer las necesidades terap\u00e9uticas de un ni\u00f1o adoptado puede ser desalentador y requiere una cuidadosa consideraci\u00f3n. Es esencial comprender que cada proceso de adopci\u00f3n es \u00fanico y conlleva sus propias circunstancias y posibles problemas.<\/span><\/p>\n<h3>Trauma O Ansiedad Por Separaci\u00f3n<\/h3>\n<p><span style=\"font-weight: 400;\">Los ni\u00f1os que han sufrido traumas o ansiedad por la separaci\u00f3n de sus padres biol\u00f3gicos pueden necesitar apoyo adicional. Esto sirve para trabajar sus emociones, generar confianza y formar v\u00ednculos positivos. Un profesional de la salud mental o un terapeuta especializado en adopciones pueden proporcionar una orientaci\u00f3n inestimable a la hora de abordar estas complejas cuestiones.<\/span><\/p>\n<h3>Cambios De Comportamiento<\/h3>\n<p><span style=\"font-weight: 400;\">Los padres adoptivos deben prestar especial atenci\u00f3n a signos como cambios de comportamiento o arrebatos emocionales. Esto es necesario para detectar a tiempo cualquier problema potencial y abordarlo con eficacia. Los padres adoptivos deben ser pacientes y comprender las necesidades terap\u00e9uticas de su hijo adoptivo.<\/span><\/p>\n<p><span style=\"font-weight: 400;\">Construir la confianza con un ni\u00f1o adoptado lleva tiempo, por lo que la paciencia es vital mientras trabajan juntos para ayudarle a curarse de cualquier trauma del pasado. Los padres tambi\u00e9n deben asegurarse de contar con un buen sistema de apoyo. Los servicios de terapia y asesoramiento le ayudar\u00e1n en estas circunstancias.<\/span><\/p>\n<h2>Resumen<\/h2>\n<p><span style=\"font-weight: 400;\">Las necesidades terap\u00e9uticas de un ni\u00f1o en proceso de adopci\u00f3n son complejas y requieren una atenci\u00f3n espec\u00edfica. Los padres que adoptan ni\u00f1os tambi\u00e9n deben comprometerse a comprender la historia \u00fanica de su hijo. Deben ayudarles a superar cualquier problema o trauma persistente que puedan haber sufrido antes de la adopci\u00f3n. Un entorno familiar propicio y una comunicaci\u00f3n abierta ayudar\u00e1n al ni\u00f1o adoptado a confiar en sus nuevos padres.<\/span><\/p>\n<p><span style=\"font-weight: 400;\">El galardonado <a href=\"https:\/\/www.theirvinglawfirm.com\/es\/adopcion\/abogado-de-adopcion\/\">equipo legal<\/a> de <a href=\"http:\/\/theirvinglawfirm.com\/es\">The Irving Law Firm,<\/a> con sede en Manassas, Virginia, puede ayudarle a que el proceso de adopci\u00f3n sea lo m\u00e1s fluido y libre de estr\u00e9s posible. Con experiencia en derecho de familia, entienden las complejidades de la adopci\u00f3n y pueden guiarle para garantizar que su adopci\u00f3n sea un \u00e9xito.<\/span><\/p>\n<p><a href=\"https:\/\/www.theirvinglawfirm.com\/es\/derecho-de-familia\/adopcion\/es-posible-la-adopcion-si-ya-tiene-hijos\/\">Descubra Informaci\u00f3n Adicional<\/a><\/p>\n","protected":false},"excerpt":{"rendered":"<p>La adopci\u00f3n es un proceso complejo y puede suponer un  [&#8230;]<\/p>\n","protected":false},"author":3,"featured_media":0,"parent":8540,"menu_order":0,"comment_status":"closed","ping_status":"closed","template":"","meta":{"_analytify_skip_tracking":false,"rank_math_title":"Adopci\u00f3n: Las Necesidades Terap\u00e9uticas De Un Ni\u00f1o Que Pasa Por Ella | The Irving Law Firm","rank_math_description":"Conozca las necesidades terap\u00e9uticas de un ni\u00f1o adoptado, ya que puede llevarles tiempo adaptarse y desarrollar v\u00ednculos seguros con su familia que lo busc\u00f3 en el proceso de adopci\u00f3n.","rank_math_focus_keyword":"adopcion","rank_math_canonical_url":"","footnotes":""},"class_list":["post-11274","page","type-page","status-publish","hentry"],"acf":[],"_links":{"self":[{"href":"https:\/\/www.theirvinglawfirm.com\/es\/wp-json\/wp\/v2\/pages\/11274","targetHints":{"allow":["GET"]}}],"collection":[{"href":"https:\/\/www.theirvinglawfirm.com\/es\/wp-json\/wp\/v2\/pages"}],"about":[{"href":"https:\/\/www.theirvinglawfirm.com\/es\/wp-json\/wp\/v2\/types\/page"}],"author":[{"embeddable":true,"href":"https:\/\/www.theirvinglawfirm.com\/es\/wp-json\/wp\/v2\/users\/3"}],"replies":[{"embeddable":true,"href":"https:\/\/www.theirvinglawfirm.com\/es\/wp-json\/wp\/v2\/comments?post=11274"}],"version-history":[{"count":0,"href":"https:\/\/www.theirvinglawfirm.com\/es\/wp-json\/wp\/v2\/pages\/11274\/revisions"}],"up":[{"embeddable":true,"href":"https:\/\/www.theirvinglawfirm.com\/es\/wp-json\/wp\/v2\/pages\/8540"}],"wp:attachment":[{"href":"https:\/\/www.theirvinglawfirm.com\/es\/wp-json\/wp\/v2\/media?parent=11274"}],"curies":[{"name":"wp","href":"https:\/\/api.w.org\/{rel}","templated":true}]}}