{"id":11271,"date":"2023-08-05T22:09:33","date_gmt":"2023-08-05T22:09:33","guid":{"rendered":"https:\/\/www.theirvinglawfirm.com\/?page_id=11271"},"modified":"2024-03-05T16:39:06","modified_gmt":"2024-03-05T16:39:06","slug":"el-proceso-de-adopcion-desde-un-centro-de-acogida","status":"publish","type":"page","link":"https:\/\/www.theirvinglawfirm.com\/es\/areas-de-practica\/derecho-de-familia\/adopcion\/el-proceso-de-adopcion-desde-un-centro-de-acogida\/","title":{"rendered":"\u00bfC\u00f3mo Funciona El Proceso De Adopci\u00f3n Desde Un Hogar De Acogida?"},"content":{"rendered":"<p><span style=\"font-weight: 400;\"><a href=\"https:\/\/es.wikipedia.org\/wiki\/Adopci%C3%B3n\" target=\"_blank\" rel=\"noopener\">La adopci\u00f3n<\/a> es una experiencia excepcional que afectar\u00e1 profundamente a su vida familiar. Adoptar un hogar de acogida puede ofrecer oportunidades y recompensas a su familia, al tiempo que aporta un significado a\u00f1adido a los necesitados. Este art\u00edculo hablar\u00e1 de los requisitos para adoptar a un ni\u00f1o de acogida en Manassas, Virginia, y el proceso a seguir. Tambi\u00e9n, c\u00f3mo un abogado de adopci\u00f3n en The Irving Law Firm puede guiarle con el proceso.<\/span><\/p>\n<p><img decoding=\"async\" class=\"alignnone size-full wp-image-11373\" src=\"https:\/\/www.theirvinglawfirm.com\/wp-content\/uploads\/2023\/08\/con-la-ayuda-de-un-abogado-especializado-sepa-cual-es-el-proceso-de-adopcion-en-un-centro-de-acogida-en-virginia.jpg\" alt=\"Con La Ayuda De Un Abogado Especializado, Sepa Cu\u00e1l Es El Proceso De Adopci\u00f3n En Un Centro De Acogida En Virginia\" width=\"100%\" height=\"933\" srcset=\"https:\/\/www.theirvinglawfirm.com\/wp-content\/uploads\/2023\/08\/con-la-ayuda-de-un-abogado-especializado-sepa-cual-es-el-proceso-de-adopcion-en-un-centro-de-acogida-en-virginia-200x133.jpg 200w, https:\/\/www.theirvinglawfirm.com\/wp-content\/uploads\/2023\/08\/con-la-ayuda-de-un-abogado-especializado-sepa-cual-es-el-proceso-de-adopcion-en-un-centro-de-acogida-en-virginia-300x200.jpg 300w, https:\/\/www.theirvinglawfirm.com\/wp-content\/uploads\/2023\/08\/con-la-ayuda-de-un-abogado-especializado-sepa-cual-es-el-proceso-de-adopcion-en-un-centro-de-acogida-en-virginia-400x267.jpg 400w, https:\/\/www.theirvinglawfirm.com\/wp-content\/uploads\/2023\/08\/con-la-ayuda-de-un-abogado-especializado-sepa-cual-es-el-proceso-de-adopcion-en-un-centro-de-acogida-en-virginia-600x400.jpg 600w, https:\/\/www.theirvinglawfirm.com\/wp-content\/uploads\/2023\/08\/con-la-ayuda-de-un-abogado-especializado-sepa-cual-es-el-proceso-de-adopcion-en-un-centro-de-acogida-en-virginia-768x512.jpg 768w, https:\/\/www.theirvinglawfirm.com\/wp-content\/uploads\/2023\/08\/con-la-ayuda-de-un-abogado-especializado-sepa-cual-es-el-proceso-de-adopcion-en-un-centro-de-acogida-en-virginia-800x533.jpg 800w, https:\/\/www.theirvinglawfirm.com\/wp-content\/uploads\/2023\/08\/con-la-ayuda-de-un-abogado-especializado-sepa-cual-es-el-proceso-de-adopcion-en-un-centro-de-acogida-en-virginia-1024x682.jpg 1024w, https:\/\/www.theirvinglawfirm.com\/wp-content\/uploads\/2023\/08\/con-la-ayuda-de-un-abogado-especializado-sepa-cual-es-el-proceso-de-adopcion-en-un-centro-de-acogida-en-virginia-1200x800.jpg 1200w, https:\/\/www.theirvinglawfirm.com\/wp-content\/uploads\/2023\/08\/con-la-ayuda-de-un-abogado-especializado-sepa-cual-es-el-proceso-de-adopcion-en-un-centro-de-acogida-en-virginia.jpg 1400w\" sizes=\"(max-width: 1400px) 100vw, 1400px\" \/><\/p>\n<h2>\u00bfEs Viable La Adopci\u00f3n Desde Un Hogar De Acogida?<\/h2>\n<p><span style=\"font-weight: 400;\">Las principales razones por las que los ni\u00f1os entran en hogares de acogida pueden variar desde la muerte de los padres, el abandono, la negligencia u otras circunstancias dolorosas. El objetivo \u00faltimo del acogimiento familiar es reunir al ni\u00f1o con su familia, si es posible. Si esta v\u00eda es inalcanzable, se explorar\u00e1n otras opciones, como la adopci\u00f3n.<\/span><\/p>\n<p><span style=\"font-weight: 400;\">El acogimiento familiar es una de las formas m\u00e1s rentables de adoptar un ni\u00f1o. El proceso es m\u00e1s r\u00e1pido que otros tipos de adopci\u00f3n y los costes financieros suelen ser m\u00ednimos. Cuando adoptas a un ni\u00f1o en acogida, llegas a conocerlo antes de comprometerte a dar un paso m\u00e1s.<\/span><\/p>\n<h2>\u00bfC\u00f3mo Funciona La Adopci\u00f3n En Un Hogar De Acogida?<\/h2>\n<p><span style=\"font-weight: 400;\">Adoptar a un ni\u00f1o procedente de un hogar de acogida es una oportunidad incre\u00edble para quienes desean reforzar su familia. Sin embargo, antes de emprender con \u00e9xito tal empresa, hay requisitos espec\u00edficos que debe cumplir.<\/span><\/p>\n<ul>\n<li style=\"font-weight: 400;\" aria-level=\"1\"><span style=\"font-weight: 400;\">Debe tener 18 a\u00f1os o m\u00e1s.<\/span><\/li>\n<li style=\"font-weight: 400;\" aria-level=\"1\"><span style=\"font-weight: 400;\">Asiste a una reuni\u00f3n de orientaci\u00f3n para informarte sobre la crianza en acogida.<\/span><\/li>\n<li style=\"font-weight: 400;\" aria-level=\"1\"><span style=\"font-weight: 400;\">Terminar la formaci\u00f3n previa al servicio y el estudio en casa.<\/span><\/li>\n<li style=\"font-weight: 400;\" aria-level=\"1\"><span style=\"font-weight: 400;\">Participar en al menos tres entrevistas y comprobaciones de antecedentes.<\/span><\/li>\n<li style=\"font-weight: 400;\" aria-level=\"1\"><span style=\"font-weight: 400;\">Pasar un informe m\u00e9dico de salud.<\/span><\/li>\n<li style=\"font-weight: 400;\" aria-level=\"1\"><span style=\"font-weight: 400;\">Presente informaci\u00f3n financiera y tres referencias.<\/span><\/li>\n<\/ul>\n<p><span style=\"font-weight: 400;\">Adoptar a un ni\u00f1o procedente de un hogar de acogida requiere una exhaustiva investigaci\u00f3n de antecedentes y estudios del hogar de los posibles padres adoptivos. Garantiza la seguridad y el bienestar del menor implicado. Las agencias de adopci\u00f3n tambi\u00e9n ofrecen orientaci\u00f3n y apoyo durante la adopci\u00f3n a ambas partes implicadas.<\/span><\/p>\n<h3>Requisitos De Formaci\u00f3n<\/h3>\n<p><span style=\"font-weight: 400;\">Cuando se adopta a trav\u00e9s de un programa de acogida en Manassas, Virginia, los futuros padres adoptivos deben completar 30 horas de formaci\u00f3n. Despu\u00e9s, se les asignar\u00e1 oficialmente un ni\u00f1o que necesite un hogar permanente. La formaci\u00f3n ofrece informaci\u00f3n sobre temas como la crianza con conocimiento de causa y la mejor manera de satisfacer las necesidades de los ni\u00f1os adoptados a lo largo de su vida.<\/span><\/p>\n<p><span style=\"font-weight: 400;\">El Departamento de Servicios Sociales (DSS) proporciona directrices y temas que deben incluirse en la formaci\u00f3n previa a la adopci\u00f3n. Por lo general, incluyen informaci\u00f3n sobre los derechos legales del ni\u00f1o, educaci\u00f3n de los padres, comprensi\u00f3n de la psicolog\u00eda de los ni\u00f1os en situaci\u00f3n de riesgo y estrategias para hacer frente a los comportamientos problem\u00e1ticos. Adem\u00e1s, la formaci\u00f3n previa a la adopci\u00f3n abarca cuestiones relacionadas con la competencia cultural y la diversidad.<\/span><\/p>\n<p><span style=\"font-weight: 400;\">Tambi\u00e9n es posible que los padres tengan que recibir formaci\u00f3n adicional sobre el consumo de drogas y alcohol. Corresponde a cada organismo u organizaci\u00f3n determinar c\u00f3mo impartir\u00e1 esta formaci\u00f3n a los futuros padres para cumplir los requisitos del DSS. Esto podr\u00eda incluir sesiones presenciales tradicionales o cursos en l\u00ednea. Muchos organismos ofrecen formaci\u00f3n en grupo y sesiones individuales m\u00e1s reducidas adaptadas a las necesidades de cada familia.<\/span><\/p>\n<h3>Elegir Una Agencia De Adopci\u00f3n<\/h3>\n<p><span style=\"font-weight: 400;\">Para adoptar en r\u00e9gimen de acogida en Manassas, Virginia, debe buscar una agencia con experiencia en adopciones en r\u00e9gimen de acogida. Existen numerosas opciones, por lo que es importante investigar cuidadosamente para encontrar una que se adapte a sus necesidades. Una vez que haya elegido una agencia, \u00e9sta le proporcionar\u00e1 la formaci\u00f3n y los tr\u00e1mites necesarios para el proceso. El proceso tambi\u00e9n incluye visitas a domicilio y comprobaciones de antecedentes para garantizar la seguridad de los ni\u00f1os en sus hogares.<\/span><\/p>\n<h2>\u00bfPor Qu\u00e9 Necesita Un Abogado Especializado En Adopciones?<\/h2>\n<p><span style=\"font-weight: 400;\">Adoptar a un ni\u00f1o de un hogar de acogida puede ser una experiencia enriquecedora para los padres adoptivos. Sin embargo, tambi\u00e9n es complejo y requiere mucho tiempo. Debe comprender las ventajas de trabajar con un abogado durante la adopci\u00f3n. Un abogado con experiencia en adopciones de The Irving Law en Manassas, Virginia, puede ayudarle a navegar por el sistema legal y completar todo el papeleo necesario.<\/span><\/p>\n<p><span style=\"font-weight: 400;\">Tener un abogado que le ayude con la adopci\u00f3n en un hogar de acogida tiene muchas ventajas. Un abogado puede proporcionar un asesoramiento inestimable para cumplir todos los requisitos legales. Tambi\u00e9n pueden facilitar la comunicaci\u00f3n entre las organizaciones estatales y los organismos privados implicados en el proceso. Adem\u00e1s, los abogados proteger\u00e1n a los padres adoptivos y los derechos del ni\u00f1o adoptado.<\/span><\/p>\n<h2>Resumen<\/h2>\n<p><span style=\"font-weight: 400;\">Por lo general, una persona o una pareja deben cumplir unos requisitos espec\u00edficos para poder optar a la adopci\u00f3n a trav\u00e9s de una familia de acogida en Manassas, Virginia. Normalmente, estos requisitos implican ser financieramente estable y lo suficientemente responsable como para proporcionar un entorno hogare\u00f1o seguro para un ni\u00f1o, as\u00ed como ser capaz de comprometerse a dedicar tiempo a los padres y proporcionarles apoyo emocional.<\/span><\/p>\n<p><span style=\"font-weight: 400;\"><a href=\"https:\/\/www.theirvinglawfirm.com\/es\/adopcion\/abogado-de-adopcion\/\">Las personas interesadas en la adopci\u00f3n<\/a> tambi\u00e9n pueden necesitar que se comprueben sus antecedentes y se inspeccione su hogar antes de traer un ni\u00f1o a su casa. Cuando se adopta desde un hogar de acogida en Manassas, Virginia, tener un abogado con experiencia proporciona muchos beneficios. Tienen un amplio conocimiento de las leyes estatales relativas a la adopci\u00f3n para ayudar a asegurar que se cumplan todos los requisitos legales. <a href=\"http:\/\/theirvinglawfirm.com\/es\">The Irving Law Firm<\/a> puede ayudarle a trav\u00e9s de su proceso de adopci\u00f3n con amabilidad y competencia.<\/span><\/p>\n<p><a href=\"https:\/\/www.theirvinglawfirm.com\/es\/derecho-de-familia\/adopcion\/cuanto-dura-el-proceso-de-adopcion-en-virginia\/\">M\u00e1s Informaci\u00f3n Aqu\u00ed<\/a><\/p>\n","protected":false},"excerpt":{"rendered":"<p>La adopci\u00f3n es una experiencia excepcional que afectar\u00e1 profundamente a  [&#8230;]<\/p>\n","protected":false},"author":3,"featured_media":0,"parent":8540,"menu_order":0,"comment_status":"closed","ping_status":"closed","template":"","meta":{"_analytify_skip_tracking":false,"rank_math_title":"Proceso De Adopci\u00f3n A Seguir A Trav\u00e9s De Un Programa De Acogida | The Irving Law Firm","rank_math_description":"Sepa por qu\u00e9 el acogimiento familiar es la forma m\u00e1s r\u00e1pida y rentable del proceso de adopci\u00f3n y cu\u00e1les son sus requisitos espec\u00edficos.","rank_math_focus_keyword":"adopci\u00f3n","rank_math_canonical_url":"","footnotes":""},"class_list":["post-11271","page","type-page","status-publish","hentry"],"acf":[],"_links":{"self":[{"href":"https:\/\/www.theirvinglawfirm.com\/es\/wp-json\/wp\/v2\/pages\/11271","targetHints":{"allow":["GET"]}}],"collection":[{"href":"https:\/\/www.theirvinglawfirm.com\/es\/wp-json\/wp\/v2\/pages"}],"about":[{"href":"https:\/\/www.theirvinglawfirm.com\/es\/wp-json\/wp\/v2\/types\/page"}],"author":[{"embeddable":true,"href":"https:\/\/www.theirvinglawfirm.com\/es\/wp-json\/wp\/v2\/users\/3"}],"replies":[{"embeddable":true,"href":"https:\/\/www.theirvinglawfirm.com\/es\/wp-json\/wp\/v2\/comments?post=11271"}],"version-history":[{"count":0,"href":"https:\/\/www.theirvinglawfirm.com\/es\/wp-json\/wp\/v2\/pages\/11271\/revisions"}],"up":[{"embeddable":true,"href":"https:\/\/www.theirvinglawfirm.com\/es\/wp-json\/wp\/v2\/pages\/8540"}],"wp:attachment":[{"href":"https:\/\/www.theirvinglawfirm.com\/es\/wp-json\/wp\/v2\/media?parent=11271"}],"curies":[{"name":"wp","href":"https:\/\/api.w.org\/{rel}","templated":true}]}}