{"id":11232,"date":"2023-08-08T20:11:59","date_gmt":"2023-08-08T20:11:59","guid":{"rendered":"https:\/\/www.theirvinglawfirm.com\/?page_id=11232"},"modified":"2024-03-05T16:26:19","modified_gmt":"2024-03-05T16:26:19","slug":"procedimientos-de-divorcio-y-todo-lo-que-necesitas-saber","status":"publish","type":"page","link":"https:\/\/www.theirvinglawfirm.com\/es\/areas-de-practica\/derecho-de-familia\/abogado-de-divorcio\/procedimientos-de-divorcio-y-todo-lo-que-necesitas-saber\/","title":{"rendered":"Procedimientos De Divorcio Y Todo Lo Que Necesitas Saber"},"content":{"rendered":"<h2>\u00bfC\u00f3mo Se Concede Un Divorcio? \u00bfTendr\u00e1s Que Comparecer Ante Un Juez En El Tribunal?<\/h2>\n<p><span style=\"font-weight: 400;\">El divorcio puede ser abrumador de entender. Tambi\u00e9n puede ser dif\u00edcil comprender los pasos necesarios para completar el proceso de divorcio y qu\u00e9 documentos y requisitos legales son necesarios. Este art\u00edculo proporcionar\u00e1 una visi\u00f3n general completa del proceso de divorcio.<\/span><\/p>\n<p><img decoding=\"async\" class=\"aligncenter wp-image-11241 size-full\" src=\"https:\/\/www.theirvinglawfirm.com\/wp-content\/uploads\/2023\/08\/guia-completa-de-procedimientos-de-divorcio-en-manassas-virginia.jpg\" alt=\"Desmitificando Los Procedimientos De Divorcio: Una Gu\u00eda Completa\" width=\"100%\" height=\"750\" srcset=\"https:\/\/www.theirvinglawfirm.com\/wp-content\/uploads\/2023\/08\/guia-completa-de-procedimientos-de-divorcio-en-manassas-virginia-200x133.jpg 200w, https:\/\/www.theirvinglawfirm.com\/wp-content\/uploads\/2023\/08\/guia-completa-de-procedimientos-de-divorcio-en-manassas-virginia-300x200.jpg 300w, https:\/\/www.theirvinglawfirm.com\/wp-content\/uploads\/2023\/08\/guia-completa-de-procedimientos-de-divorcio-en-manassas-virginia-400x267.jpg 400w, https:\/\/www.theirvinglawfirm.com\/wp-content\/uploads\/2023\/08\/guia-completa-de-procedimientos-de-divorcio-en-manassas-virginia-600x400.jpg 600w, https:\/\/www.theirvinglawfirm.com\/wp-content\/uploads\/2023\/08\/guia-completa-de-procedimientos-de-divorcio-en-manassas-virginia-768x512.jpg 768w, https:\/\/www.theirvinglawfirm.com\/wp-content\/uploads\/2023\/08\/guia-completa-de-procedimientos-de-divorcio-en-manassas-virginia-800x534.jpg 800w, https:\/\/www.theirvinglawfirm.com\/wp-content\/uploads\/2023\/08\/guia-completa-de-procedimientos-de-divorcio-en-manassas-virginia-1024x683.jpg 1024w, https:\/\/www.theirvinglawfirm.com\/wp-content\/uploads\/2023\/08\/guia-completa-de-procedimientos-de-divorcio-en-manassas-virginia.jpg 1124w\" sizes=\"(max-width: 1124px) 100vw, 1124px\" \/><\/p>\n<h2>Contratar A Un Abogado De Divorcio<\/h2>\n<p>Atravesar un divorcio puede ser un viaje incre\u00edblemente estresante y emocional. Es esencial tener a alguien a tu lado que comprenda el proceso y est\u00e9 familiarizado con las leyes de tu estado.<\/p>\n<p>Contratar a un abogado de divorcio a menudo es necesario para asegurarse de obtener el mejor resultado posible para ti. Un abogado de divorcio te ayudar\u00e1 a entender todos los documentos legales que deben presentarse. Tambi\u00e9n te asesorar\u00e1 sobre las opciones disponibles seg\u00fan tu situaci\u00f3n.<\/p>\n<h2>Pasos Para Obtener Un Divorcio<\/h2>\n<p><span style=\"font-weight: 400;\">El divorcio no solo implica un cambio significativo en el estado civil, sino que tambi\u00e9n involucra asuntos legales que deben ser atendidos. Para hacer el procedimiento m\u00e1s sencillo, es esencial comprender los pasos involucrados en obtener un divorcio.<\/span><\/p>\n<h3>Presentaci\u00f3n De La Demanda<\/h3>\n<p>El primer paso para presentar una solicitud de divorcio es presentar una demanda, generalmente realizada por un abogado. El documento revela a la corte toda la informaci\u00f3n y los hechos relevantes del caso. Adem\u00e1s, describe cualquier manutenci\u00f3n conyugal u otros arreglos financieros que la corte debe decidir.<\/p>\n<p>La demanda tambi\u00e9n debe incluir cualquier hijo involucrado en el caso. Esto incluye sus edades y cuestiones de custodia que puedan surgir de la separaci\u00f3n. Adem\u00e1s, contiene detalles sobre c\u00f3mo se dividir\u00e1n los bienes matrimoniales entre los c\u00f3nyuges y listas de deudas que tengan en com\u00fan.<\/p>\n<h3>Notificaci\u00f3n Al Demandado<\/h3>\n<p>El siguiente paso en el proceso de divorcio es notificar al demandado con una citaci\u00f3n y demanda. Alguien que no est\u00e9 involucrado en el caso de divorcio debe entregar este documento en persona. Normalmente, la entrega es realizada por un alguacil, un agente judicial o un profesional especializado en notificaciones legales.<\/p>\n<p>Una vez que la citaci\u00f3n y la demanda son entregadas, deben ser presentadas ante el tribunal que tiene jurisdicci\u00f3n sobre los procedimientos de divorcio. Esta presentaci\u00f3n dar\u00e1 inicio a la batalla legal para llegar a un acuerdo justo y la divisi\u00f3n de bienes entre t\u00fa y tu c\u00f3nyuge.<\/p>\n<h3>Descubrimiento (Contencioso)<\/h3>\n<div class=\"group w-full text-token-text-primary border-b border-black\/10 dark:border-gray-900\/50 bg-gray-50 dark:bg-[#444654]\">\n<div class=\"flex p-4 gap-4 text-base md:gap-6 md:max-w-2xl lg:max-w-[38rem] xl:max-w-3xl md:py-6 lg:px-0 m-auto\">\n<div class=\"relative flex w-[calc(100%-50px)] flex-col gap-1 md:gap-3 lg:w-[calc(100%-115px)]\">\n<div class=\"flex flex-grow flex-col gap-3\">\n<div class=\"min-h-[20px] flex flex-col items-start gap-3 overflow-x-auto whitespace-pre-wrap break-words\">\n<div class=\"markdown prose w-full break-words dark:prose-invert light\">\n<p>El descubrimiento es cuando ambas partes intercambian informaci\u00f3n sobre sus finanzas y bienes. Esto incluye documentos como estados de cuentas bancarias, declaraciones de impuestos y otros materiales relacionados. Si tu caso es contencioso, habr\u00e1 un per\u00edodo adicional de descubrimiento.<\/p>\n<p>El descubrimiento asegura que ambas partes est\u00e9n informadas sobre cuestiones financieras antes de tomar decisiones finales sobre la divisi\u00f3n de bienes o responsabilidades. Reunir informaci\u00f3n durante este per\u00edodo puede ayudar a reducir posibles disputas.<\/p>\n<\/div>\n<\/div>\n<\/div>\n<\/div>\n<\/div>\n<\/div>\n<h3>Declaraci\u00f3n (Divorcio De Mutuo Acuerdo)<\/h3>\n<p><span style=\"font-weight: 400;\"><img decoding=\"async\" class=\"alignright wp-image-11243 size-full\" src=\"https:\/\/www.theirvinglawfirm.com\/wp-content\/uploads\/2023\/08\/procedimientos-en-el-tribunal-de-divorcio-comprendiendo-el-papel-del-juez.jpg\" alt=\"Granting A Divorce: Court Proceedings And The Judge's Role Explained\" width=\"300\" height=\"200\" srcset=\"https:\/\/www.theirvinglawfirm.com\/wp-content\/uploads\/2023\/08\/procedimientos-en-el-tribunal-de-divorcio-comprendiendo-el-papel-del-juez-200x133.jpg 200w, https:\/\/www.theirvinglawfirm.com\/wp-content\/uploads\/2023\/08\/procedimientos-en-el-tribunal-de-divorcio-comprendiendo-el-papel-del-juez.jpg 300w\" sizes=\"(max-width: 300px) 100vw, 300px\" \/><\/span>Es posible que te beneficies de un proceso comparativamente m\u00e1s sencillo si tu divorcio no es contencioso. Cuando ambos c\u00f3nyuges est\u00e1n de acuerdo en la mayor\u00eda de los asuntos importantes, normalmente no es necesario llevar a cabo un extenso descubrimiento o presentar pruebas en el tribunal. En su lugar, se llevar\u00e1 a cabo una declaraci\u00f3n.<\/p>\n<p>Una declaraci\u00f3n es un proceso formal que permite a los abogados tomar testimonio jurado de testigos fuera del tribunal. El testigo es interrogado bajo juramento sobre hechos espec\u00edficos relacionados con el caso. Sus respuestas son registradas textualmente por un taqu\u00edgrafo o un reportero judicial.<\/p>\n<h3>Decreto Final de Divorcio (Divorcio de Mutuo Acuerdo)<\/h3>\n<p>El Decreto Final de Divorcio es el documento que termina legalmente un matrimonio. Se prepara para un divorcio de mutuo acuerdo cuando ambas partes est\u00e1n de acuerdo con los t\u00e9rminos del divorcio y no requieren la intervenci\u00f3n del tribunal.<\/p>\n<p>Este documento debe contener todos los detalles sobre la divisi\u00f3n de propiedades, la <a href=\"https:\/\/www.icbf.gov.co\/cual-es-la-diferencia-entre-custodia-y-patria-potestad\" target=\"_blank\" rel=\"noopener\">custodia de los hijos<\/a> y la pensi\u00f3n alimenticia acordados por ambas partes. Una vez completado, debe ser firmado por ambas partes y presentado ante el tribunal, junto con una declaraci\u00f3n.<\/p>\n<h3>Juicio (Contencioso)<\/h3>\n<p>Un divorcio contencioso generalmente comienza con audiencias previas al juicio. Aqu\u00ed es donde los abogados intercambian informaci\u00f3n y se preparan para el juicio en caso de que no se llegue a un acuerdo. Durante estas audiencias, los abogados tambi\u00e9n pueden presentar mociones como parte de la preparaci\u00f3n de su caso.<\/p>\n<p>Si las conferencias de conciliaci\u00f3n con el juez no tienen \u00e9xito, entonces se llevar\u00e1 a cabo el juicio. El juicio incluye la presentaci\u00f3n de pruebas seguida de los argumentos finales de ambas partes. Si una de las partes no est\u00e1 satisfecha con el fallo, puede apelar a un tribunal superior.<\/p>\n<h2>Resumen<\/h2>\n<p>Contratar a un <a href=\"https:\/\/www.theirvinglawfirm.com\/es\/derecho-de-familia\/abogado-de-divorcio\/\">abogado de divorcio<\/a> experto es la mejor manera de garantizar un resultado exitoso durante un divorcio complicado. Un abogado razonable tambi\u00e9n puede representarte en el tribunal si es necesario. Es esencial contar con un profesional que comprenda tus necesidades individuales.<\/p>\n<p>Tener un profesional a tu lado que entienda la ley y luchar\u00e1 por tus mejores intereses es fundamental. The Irving Law ofrece muchos a\u00f1os de experiencia en diversos casos. Esto da confianza a los clientes de que sus reclamaciones ser\u00e1n tratadas de manera eficiente y efectiva. Su conocimiento y experiencia te aseguran que est\u00e1s en buenas manos durante todo el proceso.<\/p>\n<p><a href=\"https:\/\/www.theirvinglawfirm.com\/es\/derecho-de-familia\/abogado-de-divorcio\/desventajas-del-divorcio-cuando-se-presenta-sin-abogado\/\" target=\"_blank\" rel=\"noopener\">Conoce M\u00e1s Sobre: Desventajas Del Divorcio Al Presentar Sin Un Abogado<\/a><\/p>\n<p>Y<\/p>\n<p><a href=\"https:\/\/www.theirvinglawfirm.com\/es\" target=\"_blank\" rel=\"noopener\">M\u00e1s Sobre Nosotros<\/a><\/p>\n","protected":false},"excerpt":{"rendered":"<p>\u00bfC\u00f3mo Se Concede Un Divorcio? \u00bfTendr\u00e1s Que Comparecer Ante Un  [&#8230;]<\/p>\n","protected":false},"author":3,"featured_media":0,"parent":8344,"menu_order":0,"comment_status":"closed","ping_status":"closed","template":"","meta":{"_analytify_skip_tracking":false,"rank_math_title":"Procedimientos De Divorcio Y Todo Lo Que Necesita Saber | The Irving Law Firm","rank_math_description":"Descubre el proceso completo paso a paso para obtener un divorcio. Lee c\u00f3mo conocer los procedimientos puede ayudarte a prepararte para un divorcio exitoso.","rank_math_focus_keyword":"Divorcio","rank_math_canonical_url":"","footnotes":""},"class_list":["post-11232","page","type-page","status-publish","hentry"],"acf":[],"_links":{"self":[{"href":"https:\/\/www.theirvinglawfirm.com\/es\/wp-json\/wp\/v2\/pages\/11232","targetHints":{"allow":["GET"]}}],"collection":[{"href":"https:\/\/www.theirvinglawfirm.com\/es\/wp-json\/wp\/v2\/pages"}],"about":[{"href":"https:\/\/www.theirvinglawfirm.com\/es\/wp-json\/wp\/v2\/types\/page"}],"author":[{"embeddable":true,"href":"https:\/\/www.theirvinglawfirm.com\/es\/wp-json\/wp\/v2\/users\/3"}],"replies":[{"embeddable":true,"href":"https:\/\/www.theirvinglawfirm.com\/es\/wp-json\/wp\/v2\/comments?post=11232"}],"version-history":[{"count":0,"href":"https:\/\/www.theirvinglawfirm.com\/es\/wp-json\/wp\/v2\/pages\/11232\/revisions"}],"up":[{"embeddable":true,"href":"https:\/\/www.theirvinglawfirm.com\/es\/wp-json\/wp\/v2\/pages\/8344"}],"wp:attachment":[{"href":"https:\/\/www.theirvinglawfirm.com\/es\/wp-json\/wp\/v2\/media?parent=11232"}],"curies":[{"name":"wp","href":"https:\/\/api.w.org\/{rel}","templated":true}]}}