{"id":11007,"date":"2023-08-02T02:01:21","date_gmt":"2023-08-02T02:01:21","guid":{"rendered":"https:\/\/www.theirvinglawfirm.com\/?page_id=11007"},"modified":"2024-02-29T04:00:19","modified_gmt":"2024-02-29T04:00:19","slug":"como-puede-obtener-un-divorcio-rapido-en-va","status":"publish","type":"page","link":"https:\/\/www.theirvinglawfirm.com\/es\/areas-de-practica\/derecho-de-familia\/abogado-de-divorcio\/como-puede-obtener-un-divorcio-rapido-en-va\/","title":{"rendered":"\u00bfC\u00f3mo Se Puede Obtener Un Divorcio R\u00e1pido En Virginia?"},"content":{"rendered":"<div class=\"fusion-fullwidth fullwidth-box fusion-builder-row-1 fusion-flex-container nonhundred-percent-fullwidth non-hundred-percent-height-scrolling\" style=\"--awb-border-radius-top-left:0px;--awb-border-radius-top-right:0px;--awb-border-radius-bottom-right:0px;--awb-border-radius-bottom-left:0px;--awb-flex-wrap:wrap;\" ><div class=\"fusion-builder-row fusion-row fusion-flex-align-items-flex-start fusion-flex-content-wrap\" style=\"max-width:1497.6px;margin-left: calc(-4% \/ 2 );margin-right: calc(-4% \/ 2 );\"><div class=\"fusion-layout-column fusion_builder_column fusion-builder-column-0 fusion_builder_column_1_1 1_1 fusion-flex-column\" style=\"--awb-bg-size:cover;--awb-width-large:100%;--awb-margin-top-large:0px;--awb-spacing-right-large:1.92%;--awb-margin-bottom-large:0px;--awb-spacing-left-large:1.92%;--awb-width-medium:100%;--awb-spacing-right-medium:1.92%;--awb-spacing-left-medium:1.92%;--awb-width-small:100%;--awb-spacing-right-small:1.92%;--awb-spacing-left-small:1.92%;\"><div class=\"fusion-column-wrapper fusion-flex-justify-content-flex-start fusion-content-layout-column\"><div class=\"fusion-text fusion-text-1\"><p>El divorcio es un proceso emocional y mentalmente agotador. Esto es cierto especialmente cuando las cosas no son amistosas entre los dos c\u00f3nyuges. Puede resultar dif\u00edcil decidir cu\u00e1l es la forma m\u00e1s eficaz de llevar adelante una decisi\u00f3n de este tipo.<\/p>\n<p>Una forma en que las parejas pueden hacerlo es optando por un divorcio de mutuo acuerdo en\u00a0<a href=\"http:\/\/virginia.gov\/\" target=\"_blank\" rel=\"noopener\">Virginia<\/a>. El divorcio de mutuo acuerdo suele considerarse la forma m\u00e1s r\u00e1pida de poner fin a un matrimonio. Puede ayudar a ambas partes a seguir adelante con sus vidas de forma r\u00e1pida y eficaz.<\/p>\n<\/div><div class=\"fusion-image-element \" style=\"text-align:center;--awb-margin-top:10px;--awb-margin-bottom:10px;--awb-max-width:750px;--awb-caption-title-font-family:var(--h2_typography-font-family);--awb-caption-title-font-weight:var(--h2_typography-font-weight);--awb-caption-title-font-style:var(--h2_typography-font-style);--awb-caption-title-size:var(--h2_typography-font-size);--awb-caption-title-transform:var(--h2_typography-text-transform);--awb-caption-title-line-height:var(--h2_typography-line-height);--awb-caption-title-letter-spacing:var(--h2_typography-letter-spacing);\"><span class=\" fusion-imageframe imageframe-none imageframe-1 hover-type-none\"><img decoding=\"async\" width=\"1400\" height=\"934\" alt=\"Qu\u00e9 Tan R\u00e1pido Puede Usted Obtener Un Divorcio Legal En Virginia Con Abogados Experimentados\" src=\"https:\/\/www.theirvinglawfirm.com\/wp-content\/uploads\/2023\/08\/que-tan-rapido-puede-usted-obtener-un-divorcio-legal-en-virginia-con-abogados-experimentados.jpg\" class=\"img-responsive wp-image-11012\" srcset=\"https:\/\/www.theirvinglawfirm.com\/wp-content\/uploads\/2023\/08\/que-tan-rapido-puede-usted-obtener-un-divorcio-legal-en-virginia-con-abogados-experimentados-200x133.jpg 200w, https:\/\/www.theirvinglawfirm.com\/wp-content\/uploads\/2023\/08\/que-tan-rapido-puede-usted-obtener-un-divorcio-legal-en-virginia-con-abogados-experimentados-400x267.jpg 400w, https:\/\/www.theirvinglawfirm.com\/wp-content\/uploads\/2023\/08\/que-tan-rapido-puede-usted-obtener-un-divorcio-legal-en-virginia-con-abogados-experimentados-600x400.jpg 600w, https:\/\/www.theirvinglawfirm.com\/wp-content\/uploads\/2023\/08\/que-tan-rapido-puede-usted-obtener-un-divorcio-legal-en-virginia-con-abogados-experimentados-800x534.jpg 800w, https:\/\/www.theirvinglawfirm.com\/wp-content\/uploads\/2023\/08\/que-tan-rapido-puede-usted-obtener-un-divorcio-legal-en-virginia-con-abogados-experimentados-1200x801.jpg 1200w, https:\/\/www.theirvinglawfirm.com\/wp-content\/uploads\/2023\/08\/que-tan-rapido-puede-usted-obtener-un-divorcio-legal-en-virginia-con-abogados-experimentados.jpg 1400w\" sizes=\"(max-width: 640px) 100vw, 1400px\" \/><\/span><\/div><div class=\"fusion-text fusion-text-2\"><h2>\u00bfQu\u00e9 Es El Divorcio De Mutuo Acuerdo?<\/h2>\n<p>El divorcio de mutuo acuerdo se produce cuando ambas partes est\u00e1n de acuerdo en la disoluci\u00f3n del matrimonio. No hay asuntos o disputas sin resolver en relaci\u00f3n con el divorcio o asuntos relacionados.<\/p>\n<p>Tales asuntos podr\u00edan ser la manutenci\u00f3n conyugal o la divisi\u00f3n de bienes. Este tipo de divorcio puede ser ventajoso porque normalmente conduce a una resoluci\u00f3n m\u00e1s r\u00e1pida que un divorcio contencioso.<\/p>\n<p>Adem\u00e1s, un divorcio de mutuo acuerdo suele requerir menos comparecencias ante el tribunal. Implica menos gastos que un divorcio contencioso. Los divorcios de mutuo acuerdo tambi\u00e9n pueden dar a las parejas m\u00e1s control sobre el resultado.<\/p>\n<p>Esto se debe a que han llegado a un acuerdo sobre todos los asuntos sin que intervenga un tercer juez. De este modo, los equipos pueden negociar los acuerdos que mejor les convengan, en lugar de dejarlo en manos de un sistema judicial.<\/p>\n<h3>Duraci\u00f3n Del Divorcio De Mutuo Acuerdo<\/h3>\n<p>Para las parejas que desean divorciarse sin los gastos de una batalla judicial, el divorcio de mutuo acuerdo puede ser la soluci\u00f3n ideal. Un divorcio de mutuo acuerdo es aquel en el que ambas partes est\u00e1n de acuerdo en todas las cuestiones relativas al matrimonio.<\/p>\n<p>El proceso completo de divorcio de mutuo acuerdo en Virginia suele completarse en un plazo de 30 a 90 d\u00edas, dependiendo de ciertos factores.<\/p>\n<p>El tiempo necesario para completar un divorcio de mutuo acuerdo variar\u00e1 en funci\u00f3n de la rapidez con la que se presenten los documentos ante el tribunal.<\/p>\n<p>Tambi\u00e9n depende de los retrasos que puedan producirse entre la presentaci\u00f3n y la aprobaci\u00f3n. En general, las parejas pueden esperar que todo el proceso de obtenci\u00f3n de su divorcio de mutuo acuerdo avance r\u00e1pidamente. Esto solo es cierto mientras se hayan puesto de acuerdo en todos los asuntos relacionados con su matrimonio.<\/p>\n<h3>Requisitos Del Divorcio De Mutuo Acuerdo<\/h3>\n<p>Para que un divorcio de mutuo acuerdo resulte m\u00e1s f\u00e1cil y satisfactorio, deben cumplirse determinados requisitos.<\/p>\n<p>En primer lugar, ambas partes deben estar de acuerdo en todas las cuestiones importantes relativas a su divorcio. Por ejemplo, la custodia de los hijos, la divisi\u00f3n de los bienes conyugales y la pensi\u00f3n alimenticia. Supongamos que uno de los c\u00f3nyuges se niega a cooperar o no est\u00e1 dispuesto a ceder en ning\u00fan aspecto del acuerdo.<\/p>\n<p>En ese caso, no ser\u00e1 posible un divorcio de mutuo acuerdo. Adem\u00e1s, ambos c\u00f3nyuges deben disponer de fuentes de ingresos fiables para mantenerse cuando ya no est\u00e9n casados.<\/p>\n<p>Por \u00faltimo, ambas partes deben ser abiertas y honestas entre s\u00ed a lo largo de todo el proceso. Esto significa ser franco sobre finanzas, activos y pasivos para dividirlo todo equitativamente.<\/p>\n<p>Supongamos que est\u00e1 pensando en divorciarse o que ya ha iniciado el proceso. En ese caso, debe ponerse en contacto con un abogado con experiencia en derecho de familia en Virginia para que le ayude a determinar si un divorcio de mutuo acuerdo es adecuado para usted.<\/p>\n<h3>Preparaci\u00f3n De Un Divorcio De Mutuo Acuerdo<\/h3>\n<p>Un divorcio de mutuo acuerdo requiere la cumplimentaci\u00f3n de documentos espec\u00edficos que deben ser presentados ante el tribunal antes de que puedan ser finalizados. Es esencial conocer estos documentos y saber c\u00f3mo obtenerlos para que el proceso se desarrolle sin problemas.<\/p>\n<p>Por lo general, las parejas implicadas en un divorcio de mutuo acuerdo ya han acordado todos los t\u00e9rminos de su separaci\u00f3n antes de acudir a los tribunales. Esto incluye los acuerdos relativos a la custodia de los hijos, la divisi\u00f3n de bienes y el pago de la pensi\u00f3n alimenticia.<\/p>\n<p>Los documentos esenciales necesarios para proceder a un divorcio de mutuo acuerdo incluyen registros financieros, pruebas de ingresos y gastos. Tambi\u00e9n incluye copias de las declaraciones de la renta, los saldos actuales de todas las deudas y bienes, y cualquier acuerdo prenupcial o postnupcial.<\/p>\n<p>Adem\u00e1s de estos registros financieros, tambi\u00e9n es esencial que ambos c\u00f3nyuges proporcionen informaci\u00f3n personal como nombres completos, n\u00fameros de la Seguridad Social e informaci\u00f3n de contacto. Esto ayudar\u00e1 a garantizar que el tribunal tenga la informaci\u00f3n requerida para presentar con precisi\u00f3n la documentaci\u00f3n necesaria para el divorcio de mutuo acuerdo.<\/p>\n<h2>Resumen<\/h2>\n<p>Un divorcio de mutuo acuerdo en Virginia es la forma m\u00e1s r\u00e1pida y econ\u00f3mica de disolver un matrimonio. Este tipo de divorcio permite a las parejas llegar a un acuerdo sobre los t\u00e9rminos y condiciones de su separaci\u00f3n al margen de los tribunales.<\/p>\n<p>As\u00ed se evita un largo proceso judicial o contencioso. A la hora de divorciarse, es fundamental garantizar la protecci\u00f3n de sus derechos y obtener el mejor resultado posible.<\/p>\n<p>Mientras que algunos divorcios son de mutuo acuerdo, las parejas pueden beneficiarse de tener un\u00a0<a href=\"https:\/\/www.theirvinglawfirm.com\/es\/derecho-de-familia\/abogado-de-divorcio\/\" target=\"_blank\" rel=\"noopener\">abogado con experiencia<\/a>.\u00a0<a href=\"http:\/\/theirvinglawfirm.com\/es\" target=\"_blank\" rel=\"noopener\">The Irving Law Firm<\/a> cuenta con un equipo de abogados con d\u00e9cadas de experiencia ayudando a las personas a navegar por las complejidades del proceso de divorcio.<\/p>\n<p><a href=\"https:\/\/www.theirvinglawfirm.com\/es\/derecho-de-familia\/abogado-de-divorcio\/esta-permitido-salir-en-citas-durante-el-divorcio\/\" target=\"_blank\" rel=\"noopener\">M\u00e1s Informaci\u00f3n Sobre Nosotros<\/a><\/p>\n<\/div><\/div><\/div><\/div><\/div>\n","protected":false},"excerpt":{"rendered":"","protected":false},"author":3,"featured_media":0,"parent":8344,"menu_order":0,"comment_status":"closed","ping_status":"closed","template":"","meta":{"_analytify_skip_tracking":false,"rank_math_title":"Divorcio De Mutuo Acuerdo Y Todo Lo Que Necesita Saber | The Irving Law Firm","rank_math_description":"Descubra qu\u00e9 tipo de divorcio es el m\u00e1s r\u00e1pido para disolver su matrimonio en Virginia. Inf\u00f3rmese sobre c\u00f3mo puede beneficiarle este tipo de divorcio.","rank_math_focus_keyword":"divorcio","rank_math_canonical_url":"","footnotes":""},"class_list":["post-11007","page","type-page","status-publish","hentry"],"acf":[],"_links":{"self":[{"href":"https:\/\/www.theirvinglawfirm.com\/es\/wp-json\/wp\/v2\/pages\/11007","targetHints":{"allow":["GET"]}}],"collection":[{"href":"https:\/\/www.theirvinglawfirm.com\/es\/wp-json\/wp\/v2\/pages"}],"about":[{"href":"https:\/\/www.theirvinglawfirm.com\/es\/wp-json\/wp\/v2\/types\/page"}],"author":[{"embeddable":true,"href":"https:\/\/www.theirvinglawfirm.com\/es\/wp-json\/wp\/v2\/users\/3"}],"replies":[{"embeddable":true,"href":"https:\/\/www.theirvinglawfirm.com\/es\/wp-json\/wp\/v2\/comments?post=11007"}],"version-history":[{"count":0,"href":"https:\/\/www.theirvinglawfirm.com\/es\/wp-json\/wp\/v2\/pages\/11007\/revisions"}],"up":[{"embeddable":true,"href":"https:\/\/www.theirvinglawfirm.com\/es\/wp-json\/wp\/v2\/pages\/8344"}],"wp:attachment":[{"href":"https:\/\/www.theirvinglawfirm.com\/es\/wp-json\/wp\/v2\/media?parent=11007"}],"curies":[{"name":"wp","href":"https:\/\/api.w.org\/{rel}","templated":true}]}}