{"id":11000,"date":"2023-08-02T02:01:21","date_gmt":"2023-08-02T02:01:21","guid":{"rendered":"https:\/\/www.theirvinglawfirm.com\/?page_id=11000"},"modified":"2024-02-29T04:08:05","modified_gmt":"2024-02-29T04:08:05","slug":"cuanto-dura-un-divorcio-en-virginia","status":"publish","type":"page","link":"https:\/\/www.theirvinglawfirm.com\/es\/areas-de-practica\/derecho-de-familia\/abogado-de-divorcio\/cuanto-dura-un-divorcio-en-virginia\/","title":{"rendered":"\u00bfCu\u00e1nto Dura Un Divorcio En Virginia?"},"content":{"rendered":"<div class=\"fusion-fullwidth fullwidth-box fusion-builder-row-1 fusion-flex-container nonhundred-percent-fullwidth non-hundred-percent-height-scrolling\" style=\"--awb-border-radius-top-left:0px;--awb-border-radius-top-right:0px;--awb-border-radius-bottom-right:0px;--awb-border-radius-bottom-left:0px;--awb-flex-wrap:wrap;\" ><div class=\"fusion-builder-row fusion-row fusion-flex-align-items-flex-start fusion-flex-content-wrap\" style=\"max-width:1497.6px;margin-left: calc(-4% \/ 2 );margin-right: calc(-4% \/ 2 );\"><div class=\"fusion-layout-column fusion_builder_column fusion-builder-column-0 fusion_builder_column_1_1 1_1 fusion-flex-column\" style=\"--awb-bg-size:cover;--awb-width-large:100%;--awb-margin-top-large:0px;--awb-spacing-right-large:1.92%;--awb-margin-bottom-large:0px;--awb-spacing-left-large:1.92%;--awb-width-medium:100%;--awb-spacing-right-medium:1.92%;--awb-spacing-left-medium:1.92%;--awb-width-small:100%;--awb-spacing-right-small:1.92%;--awb-spacing-left-small:1.92%;\"><div class=\"fusion-column-wrapper fusion-flex-justify-content-flex-start fusion-content-layout-column\"><div class=\"fusion-text fusion-text-1\"><p><a href=\"https:\/\/es.wikipedia.org\/wiki\/Divorcio\" target=\"_blank\" rel=\"noopener\">El divorcio<\/a>\u00a0es un proceso complicado que afecta no s\u00f3lo a las partes implicadas, sino tambi\u00e9n a sus familias y amigos. Para los habitantes de Virginia, comprender la duraci\u00f3n del proceso de divorcio puede ayudarles a prepararse para lo que les espera.<\/p>\n<p>Saber cu\u00e1nto tiempo llevar\u00e1 finalizar un divorcio puede ayudar a aliviar el estr\u00e9s asociado a este acontecimiento vital. Este art\u00edculo explorar\u00e1 el tiempo que se tarda en completar un divorcio en Virginia, teniendo en cuenta tanto los escenarios de divorcio impugnado y no impugnado.<\/p>\n<\/div><div class=\"fusion-image-element \" style=\"text-align:center;--awb-margin-top:10px;--awb-margin-bottom:10px;--awb-max-width:750px;--awb-caption-title-font-family:var(--h2_typography-font-family);--awb-caption-title-font-weight:var(--h2_typography-font-weight);--awb-caption-title-font-style:var(--h2_typography-font-style);--awb-caption-title-size:var(--h2_typography-font-size);--awb-caption-title-transform:var(--h2_typography-text-transform);--awb-caption-title-line-height:var(--h2_typography-line-height);--awb-caption-title-letter-spacing:var(--h2_typography-letter-spacing);\"><span class=\" fusion-imageframe imageframe-none imageframe-1 hover-type-none\"><img decoding=\"async\" width=\"1400\" height=\"933\" alt=\"El Divorcio Es Un Procedimiento Legal Que Puede Tomar M\u00e1s Tiempo En Otros Estados Y Menos En Otros\" src=\"https:\/\/www.theirvinglawfirm.com\/wp-content\/uploads\/2023\/08\/el-divorcio-es-un-procedimiento-legal-que-puede-tomar-mas-tiempo-en-otros-estados-y-menos-en-otros.jpg\" class=\"img-responsive wp-image-11002\" srcset=\"https:\/\/www.theirvinglawfirm.com\/wp-content\/uploads\/2023\/08\/el-divorcio-es-un-procedimiento-legal-que-puede-tomar-mas-tiempo-en-otros-estados-y-menos-en-otros-200x133.jpg 200w, https:\/\/www.theirvinglawfirm.com\/wp-content\/uploads\/2023\/08\/el-divorcio-es-un-procedimiento-legal-que-puede-tomar-mas-tiempo-en-otros-estados-y-menos-en-otros-400x267.jpg 400w, https:\/\/www.theirvinglawfirm.com\/wp-content\/uploads\/2023\/08\/el-divorcio-es-un-procedimiento-legal-que-puede-tomar-mas-tiempo-en-otros-estados-y-menos-en-otros-600x400.jpg 600w, https:\/\/www.theirvinglawfirm.com\/wp-content\/uploads\/2023\/08\/el-divorcio-es-un-procedimiento-legal-que-puede-tomar-mas-tiempo-en-otros-estados-y-menos-en-otros-800x533.jpg 800w, https:\/\/www.theirvinglawfirm.com\/wp-content\/uploads\/2023\/08\/el-divorcio-es-un-procedimiento-legal-que-puede-tomar-mas-tiempo-en-otros-estados-y-menos-en-otros-1200x800.jpg 1200w, https:\/\/www.theirvinglawfirm.com\/wp-content\/uploads\/2023\/08\/el-divorcio-es-un-procedimiento-legal-que-puede-tomar-mas-tiempo-en-otros-estados-y-menos-en-otros.jpg 1400w\" sizes=\"(max-width: 640px) 100vw, 1400px\" \/><\/span><\/div><div class=\"fusion-text fusion-text-2\"><h2>Proceso De Divorcio<\/h2>\n<p>El divorcio es un proceso complicado y puede resultar abrumador. Conocer los pasos necesarios para solicitar el divorcio es crucial. Puede ayudarle a dar los pasos adecuados para iniciar el proceso. A continuaci\u00f3n se ofrece una visi\u00f3n general del inicio del proceso de solicitud de divorcio.<\/p>\n<h3>Archivo<\/h3>\n<p>El primer paso para solicitar el divorcio es la propia solicitud. Esto implica cumplimentar toda la documentaci\u00f3n necesaria y presentarla al sistema judicial de su estado o a la divisi\u00f3n de tribunales de familia. Todos los formularios deben cumplimentarse con exactitud y veracidad para que su caso progrese sin problemas.<\/p>\n<p>Normalmente se trata de formularios de citaci\u00f3n y denuncia. Tambi\u00e9n se incluyen, si procede, un acuerdo de conciliaci\u00f3n y un plan de parentalidad. Adem\u00e1s, es posible que necesite declaraciones financieras. Esto puede ser \u00fatil si en su caso hay alg\u00fan problema financiero.<\/p>\n<h3>Descubrimiento<\/h3>\n<p>Tras presentar la documentaci\u00f3n inicial, hay un paso adicional antes de acudir a los tribunales, conocido como proposici\u00f3n de prueba. Ambas partes deben revelar toda la informaci\u00f3n relevante sobre sus finanzas, bienes y deudas durante esta fase. Esto incluye extractos bancarios, declaraciones de impuestos y escrituras de propiedad.<\/p>\n<p>Tambi\u00e9n implica el intercambio de documentos financieros. De este modo, cada una de las partes puede conocer con exactitud las finanzas de la otra. Este paso del proceso de divorcio puede resultar dif\u00edcil para algunas parejas. Les obliga a divulgar informaci\u00f3n sensible sobre su vida personal que quiz\u00e1 no quieran compartir.<\/p>\n<h3>Ensayo<\/h3>\n<p>El \u00faltimo paso en el proceso de solicitud de divorcio es el juicio. Esta parte requiere que ambas partes comparezcan ante un juez. Durante el juicio, cada c\u00f3nyuge debe exponer sus argumentos ante el juez. Los abogados tambi\u00e9n estar\u00e1n presentes si alguna de las partes tiene representaci\u00f3n legal.<\/p>\n<p>Llegados a este punto, pueden seguir existiendo desacuerdos sobre el reparto de determinados bienes entre los c\u00f3nyuges. Ambas partes deben aportar pruebas en apoyo de sus pretensiones para que el tribunal pueda dictar una sentencia justa basada en las leyes y normativas vigentes.<\/p>\n<h2>Duraci\u00f3n Del Proceso De Divorcio<\/h2>\n<p>No hay una respuesta clara sobre cu\u00e1nto puede durar el divorcio, ya que var\u00eda de un caso a otro. Esto solo depender\u00e1 de la complejidad del acuerdo y del n\u00famero de cuestiones impugnadas. A continuaci\u00f3n se indican los factores que influyen en la duraci\u00f3n de un proceso de divorcio, incluidos los divorcios de mutuo acuerdo y los divorcios contenciosos.<\/p>\n<h3>Divorcio De Mutuo Acuerdo<\/h3>\n<p>Debido a su rapidez y facilidad, el proceso de divorcio de mutuo acuerdo suele considerarse una forma favorable de disolver un matrimonio. Por t\u00e9rmino medio, este proceso dura entre 30 y 90 d\u00edas. Esto es, desde el momento en que se inicia hasta que se dicta la sentencia definitiva del tribunal.<\/p>\n<p>Quienes buscan una soluci\u00f3n amistosa a sus problemas matrimoniales suelen optar por esta v\u00eda. Porque requiere menos tiempo y esfuerzo para ambas partes en el procedimiento judicial.<\/p>\n<p>Para que las parejas tengan \u00e9xito en un divorcio de mutuo acuerdo, deben ser capaces de ponerse de acuerdo en todos los asuntos sin que haya disputas o desacuerdos. Este tipo de acuerdo puede alcanzarse a trav\u00e9s de la mediaci\u00f3n o con la ayuda de abogados antes de presentarlo ante el sistema judicial.<\/p>\n<h3>Divorcio Contencioso<\/h3>\n<p>El proceso de divorcio contencioso es arduo, y el tiempo que se tarde en lograr un resultado depender\u00e1 en gran medida de la complejidad del caso. Aquellas parejas que no puedan ponerse de acuerdo sobre ning\u00fan asunto pueden esperar un proceso mucho m\u00e1s largo que el divorcio de mutuo acuerdo.<\/p>\n<p>Los tribunales tienen la \u00faltima palabra sobre la divisi\u00f3n de bienes y la manutenci\u00f3n del c\u00f3nyuge. As\u00ed pues, aunque uno de los c\u00f3nyuges desee que un asunto se resuelva r\u00e1pidamente, un juez debe tomar esas decisiones. Dependiendo de la acumulaci\u00f3n de casos en los tribunales y de que haya otros casos antes que el suyo, esto podr\u00eda significar esperar semanas o incluso meses hasta que se dicte sentencia definitiva.<\/p>\n<h2>Resumen<\/h2>\n<p>La duraci\u00f3n de un divorcio depende en gran medida del tipo de divorcio que se persiga. Si va a divorciarse, es importante que conozca los distintos tipos de divorcio y los plazos correspondientes.<\/p>\n<p>Adem\u00e1s, solicitar asesoramiento jur\u00eddico a un abogado experto en divorcios puede ayudarle a comprender mejor sus derechos y los plazos estimados para su caso concreto. Es posible que se sienta abrumado a la hora de comprender el tiempo necesario para su proceso de divorcio.<\/p>\n<p>Siempre es mejor apoyarse en un<a href=\"https:\/\/www.theirvinglawfirm.com\/es\/derecho-de-familia\/abogado-de-divorcio\/\">\u00a0abogado experto<\/a>\u00a0de<a href=\"http:\/\/theirvinglawfirm.com\/es\">\u00a0The Irving Law Firm<\/a>\u00a0para asegurarse de que est\u00e1 tomando las decisiones correctas para su caso particular. Sus abogados llevan muchos a\u00f1os ayudando a clientes con sus divorcios. Pueden aportar una informaci\u00f3n inestimable sobre la posible cronolog\u00eda de su caso.<\/p>\n<p><a href=\"https:\/\/www.theirvinglawfirm.com\/es\/derecho-de-familia\/abogado-de-divorcio\/como-puede-obtener-un-divorcio-rapido-en-va\/\" target=\"_blank\" rel=\"noopener\">Descubra M\u00e1s Aqu\u00ed<\/a><\/p>\n<\/div><\/div><\/div><\/div><\/div>\n","protected":false},"excerpt":{"rendered":"","protected":false},"author":3,"featured_media":0,"parent":8344,"menu_order":0,"comment_status":"closed","ping_status":"closed","template":"","meta":{"_analytify_skip_tracking":false,"rank_math_title":"Duraci\u00f3n Del Divorcio: \u00bfCu\u00e1nto Tarda En Virginia? | The Irving Law Firm","rank_math_description":"Lea sobre la visi\u00f3n general de la presentaci\u00f3n del proceso de divorcio. Lea tambi\u00e9n cu\u00e1nto dura el proceso de divorcio, tanto el contencioso como el de mutuo acuerdo.","rank_math_focus_keyword":"divorcio","rank_math_canonical_url":"","footnotes":""},"class_list":["post-11000","page","type-page","status-publish","hentry"],"acf":[],"_links":{"self":[{"href":"https:\/\/www.theirvinglawfirm.com\/es\/wp-json\/wp\/v2\/pages\/11000","targetHints":{"allow":["GET"]}}],"collection":[{"href":"https:\/\/www.theirvinglawfirm.com\/es\/wp-json\/wp\/v2\/pages"}],"about":[{"href":"https:\/\/www.theirvinglawfirm.com\/es\/wp-json\/wp\/v2\/types\/page"}],"author":[{"embeddable":true,"href":"https:\/\/www.theirvinglawfirm.com\/es\/wp-json\/wp\/v2\/users\/3"}],"replies":[{"embeddable":true,"href":"https:\/\/www.theirvinglawfirm.com\/es\/wp-json\/wp\/v2\/comments?post=11000"}],"version-history":[{"count":0,"href":"https:\/\/www.theirvinglawfirm.com\/es\/wp-json\/wp\/v2\/pages\/11000\/revisions"}],"up":[{"embeddable":true,"href":"https:\/\/www.theirvinglawfirm.com\/es\/wp-json\/wp\/v2\/pages\/8344"}],"wp:attachment":[{"href":"https:\/\/www.theirvinglawfirm.com\/es\/wp-json\/wp\/v2\/media?parent=11000"}],"curies":[{"name":"wp","href":"https:\/\/api.w.org\/{rel}","templated":true}]}}