{"id":10986,"date":"2023-08-02T02:01:21","date_gmt":"2023-08-02T02:01:21","guid":{"rendered":"https:\/\/www.theirvinglawfirm.com\/?page_id=10986"},"modified":"2024-02-29T04:02:32","modified_gmt":"2024-02-29T04:02:32","slug":"concede-virginia-divorcios-culposos","status":"publish","type":"page","link":"https:\/\/www.theirvinglawfirm.com\/es\/areas-de-practica\/derecho-de-familia\/abogado-de-divorcio\/concede-virginia-divorcios-culposos\/","title":{"rendered":"\u00bfConcede El Estado De Virginia Divorcios Culposos?"},"content":{"rendered":"<div class=\"fusion-fullwidth fullwidth-box fusion-builder-row-1 fusion-flex-container nonhundred-percent-fullwidth non-hundred-percent-height-scrolling\" style=\"--awb-border-radius-top-left:0px;--awb-border-radius-top-right:0px;--awb-border-radius-bottom-right:0px;--awb-border-radius-bottom-left:0px;--awb-flex-wrap:wrap;\" ><div class=\"fusion-builder-row fusion-row fusion-flex-align-items-flex-start fusion-flex-content-wrap\" style=\"max-width:1497.6px;margin-left: calc(-4% \/ 2 );margin-right: calc(-4% \/ 2 );\"><div class=\"fusion-layout-column fusion_builder_column fusion-builder-column-0 fusion_builder_column_1_1 1_1 fusion-flex-column\" style=\"--awb-bg-size:cover;--awb-width-large:100%;--awb-margin-top-large:0px;--awb-spacing-right-large:1.92%;--awb-margin-bottom-large:0px;--awb-spacing-left-large:1.92%;--awb-width-medium:100%;--awb-spacing-right-medium:1.92%;--awb-spacing-left-medium:1.92%;--awb-width-small:100%;--awb-spacing-right-small:1.92%;--awb-spacing-left-small:1.92%;\"><div class=\"fusion-column-wrapper fusion-flex-justify-content-flex-start fusion-content-layout-column\"><div class=\"fusion-text fusion-text-1\"><p>A la hora de divorciarse en Virginia se tiene en cuenta una larga lista de factores. Una de esas consideraciones es si puede establecerse o no la culpa para la disoluci\u00f3n de un matrimonio. La respuesta a esta pregunta es que Virginia concede el divorcio culposo.<\/p>\n<p>Para establecer la\u00a0<a href=\"https:\/\/es.wikipedia.org\/wiki\/Divorcio\" target=\"_blank\" rel=\"noopener\">culpa conyugal<\/a>\u00a0como motivo v\u00e1lido de divorcio culposo, uno debe aportar pruebas de que su c\u00f3nyuge ha cometido un acto considerado motivo de divorcio por la ley. Por lo tanto, contar con la representaci\u00f3n legal adecuada es crucial a la hora de afrontar un divorcio culposo.<\/p>\n<\/div><div class=\"fusion-image-element \" style=\"text-align:center;--awb-margin-top:10px;--awb-margin-bottom:10px;--awb-max-width:750px;--awb-caption-title-font-family:var(--h2_typography-font-family);--awb-caption-title-font-weight:var(--h2_typography-font-weight);--awb-caption-title-font-style:var(--h2_typography-font-style);--awb-caption-title-size:var(--h2_typography-font-size);--awb-caption-title-transform:var(--h2_typography-text-transform);--awb-caption-title-line-height:var(--h2_typography-line-height);--awb-caption-title-letter-spacing:var(--h2_typography-letter-spacing);\"><span class=\" fusion-imageframe imageframe-none imageframe-1 hover-type-none\"><img decoding=\"async\" width=\"1400\" height=\"933\" alt=\"Conozca Sobre Los Requisitos Que El Estado De Virginia Solicita Para Los Divorcios Basados En Un Divorcio Culposo\" src=\"https:\/\/www.theirvinglawfirm.com\/wp-content\/uploads\/2023\/08\/conozca-sobre-los-requisitos-que-el-estado-de-virginia-solicita-para-los-divorcios-basados-en-un-divorcio-culposo.jpg\" class=\"img-responsive wp-image-10991\" srcset=\"https:\/\/www.theirvinglawfirm.com\/wp-content\/uploads\/2023\/08\/conozca-sobre-los-requisitos-que-el-estado-de-virginia-solicita-para-los-divorcios-basados-en-un-divorcio-culposo-200x133.jpg 200w, https:\/\/www.theirvinglawfirm.com\/wp-content\/uploads\/2023\/08\/conozca-sobre-los-requisitos-que-el-estado-de-virginia-solicita-para-los-divorcios-basados-en-un-divorcio-culposo-400x267.jpg 400w, https:\/\/www.theirvinglawfirm.com\/wp-content\/uploads\/2023\/08\/conozca-sobre-los-requisitos-que-el-estado-de-virginia-solicita-para-los-divorcios-basados-en-un-divorcio-culposo-600x400.jpg 600w, https:\/\/www.theirvinglawfirm.com\/wp-content\/uploads\/2023\/08\/conozca-sobre-los-requisitos-que-el-estado-de-virginia-solicita-para-los-divorcios-basados-en-un-divorcio-culposo-800x533.jpg 800w, https:\/\/www.theirvinglawfirm.com\/wp-content\/uploads\/2023\/08\/conozca-sobre-los-requisitos-que-el-estado-de-virginia-solicita-para-los-divorcios-basados-en-un-divorcio-culposo-1200x800.jpg 1200w, https:\/\/www.theirvinglawfirm.com\/wp-content\/uploads\/2023\/08\/conozca-sobre-los-requisitos-que-el-estado-de-virginia-solicita-para-los-divorcios-basados-en-un-divorcio-culposo.jpg 1400w\" sizes=\"(max-width: 640px) 100vw, 1400px\" \/><\/span><\/div><div class=\"fusion-text fusion-text-2\"><h2>Impacto Del Divorcio Culposo<\/h2>\n<p>Diversas circunstancias, como el adulterio, la crueldad extrema o la drogadicci\u00f3n, pueden provocar fallos en el matrimonio. Comprender el impacto del divorcio culposo es vital para ayudar a las parejas a abordar estos problemas y restablecer la armon\u00eda en su relaci\u00f3n. A continuaci\u00f3n se indican los \u00e1mbitos que podr\u00edan verse afectados durante el divorcio en caso de falta conyugal:<\/p>\n<h3>Distribuci\u00f3n De La Propiedad<\/h3>\n<p>Virginia sigue un sistema de reparto equitativo a la hora de disolver un matrimonio. La mayor\u00eda de los jueces seguir\u00e1n los precedentes de los casos y el C\u00f3digo de Virginia.<\/p>\n<p>En consecuencia, las faltas conyugales como el adulterio no suelen influir en el reparto equitativo de los bienes. La ley de Virginia tambi\u00e9n garantiza que su c\u00f3nyuge reciba la parte que le corresponde de los bienes que usted aport\u00f3 al matrimonio.<\/p>\n<p>Los tribunales de Virginia tambi\u00e9n tendr\u00e1n en cuenta todos los aspectos de cada caso individualmente a la hora de dividir los bienes y las deudas entre ambas partes. Un juez compasivo puede concederle una parte ligeramente superior en determinadas circunstancias.<\/p>\n<h3>Manutenci\u00f3n Conyugal<\/h3>\n<p>En Virginia, los tribunales tienen en cuenta la culpa en la disoluci\u00f3n del matrimonio en lo que respecta a la manutenci\u00f3n del c\u00f3nyuge. Supongamos que uno de los c\u00f3nyuges tuvo una aventura o fue abusivo durante el matrimonio.<\/p>\n<p>En ese caso, a veces puede considerarse una falta conyugal. Si existen pruebas de culpa conyugal, el tribunal las tendr\u00e1 en cuenta a la hora de determinar la pensi\u00f3n alimenticia.<\/p>\n<p>En general, un c\u00f3nyuge que haya cometido adulterio u otras formas de mala conducta conyugal no recibir\u00e1 pensi\u00f3n alimenticia de su pareja. El tribunal tambi\u00e9n puede ajustar la pensi\u00f3n alimenticia en funci\u00f3n del comportamiento previo al procedimiento y durante el mismo.<\/p>\n<h3>Custodia De Los Hijos<\/h3>\n<p>La opini\u00f3n del tribunal sobre la custodia principal y el r\u00e9gimen de visitas puede ser complicada para las parejas afectadas por una infidelidad. En Virginia, no se puede denegar a un c\u00f3nyuge los derechos de custodia principal o de visita bas\u00e1ndose \u00fanicamente en el adulterio como falta conyugal.<\/p>\n<p>El tribunal tendr\u00e1 en cuenta el inter\u00e9s superior de los hijos a la hora de conceder el divorcio. Seg\u00fan el Tribunal Supremo de Virginia, ninguna ley estipula que las decisiones sobre la custodia principal o el r\u00e9gimen de visitas deban basarse \u00fanicamente en la infidelidad del c\u00f3nyuge.<\/p>\n<h2>Prueba Del Divorcio Culposo En Virginia<\/h2>\n<p>Cuando se presenta una demanda de divorcio basada en la culpa conyugal, es fundamental disponer de las pruebas de la culpa necesarias para fundamentar su demanda. Presentar el tipo correcto de pruebas durante el divorcio puede afectar enormemente al resultado. La siguiente lista destaca algunos de los tipos de pruebas m\u00e1s comunes utilizados para demostrar la culpa conyugal en un caso de divorcio.<\/p>\n<h3>Pruebas Directas<\/h3>\n<p>Deben existir pruebas suficientes que demuestren que las acciones o el comportamiento de un miembro de la pareja fueron perjudiciales para la relaci\u00f3n y el matrimonio. Las pruebas directas se utilizan en los tribunales de Virginia cuando se examinan casos de divorcios culposos.<\/p>\n<p>En t\u00e9rminos generales, las pruebas directas incluyen elementos como fotograf\u00edas o v\u00eddeos expl\u00edcitos y confesiones. Tambi\u00e9n pueden ser \u00fatiles los mensajes de texto y los correos electr\u00f3nicos entre los c\u00f3nyuges en los que se detalle cualquier mala conducta dentro del matrimonio. La forma m\u00e1s eficaz de demostrar la culpa conyugal mediante pruebas directas es disponer de m\u00faltiples pruebas directas.<\/p>\n<h3>Testimonios De Testigos Presenciales<\/h3>\n<p>Los testimonios de testigos presenciales son una de las pruebas m\u00e1s convincentes que pueden presentarse ante un tribunal. Estas pruebas son s\u00f3lidas a la hora de determinar si un c\u00f3nyuge ha cometido una falta conyugal que constituir\u00eda una causa de divorcio culposo.<\/p>\n<p>Los testimonios de testigos presenciales pueden aportar detalles sobre las circunstancias que condujeron a un presunto incidente y durante el mismo que no pueden encontrarse en ninguna otra parte. La persona que preste testimonio debe haber estado presente durante el incidente.<\/p>\n<h3>Informes M\u00e9dicos<\/h3>\n<p>Los informes m\u00e9dicos pueden ser una de las pruebas m\u00e1s potentes para determinar la culpa conyugal en el divorcio. Estos registros proporcionan una cronolog\u00eda detallada y un resumen de los acontecimientos que pueden ayudar a establecer pruebas de alegaciones espec\u00edficas.<\/p>\n<p>Por ejemplo, los informes m\u00e9dicos suelen utilizarse para demostrar abusos emocionales o f\u00edsicos y problemas de adicci\u00f3n. Los historiales m\u00e9dicos suelen convertirse en pruebas fundamentales a la hora de presentar datos sobre el estado de salud mental, el comportamiento o las opciones de estilo de vida del c\u00f3nyuge antes de la separaci\u00f3n.<\/p>\n<h2>Resumen<\/h2>\n<p>Virginia ha establecido las causas de divorcio culposo como forma de poner fin a los matrimonios en el Estado. Esta decisi\u00f3n da m\u00e1s libertad a quienes consideran que su matrimonio se ha deteriorado irreparablemente y no pueden repararlo.<\/p>\n<p>Aunque el proceso puede parecer sencillo, las personas que est\u00e1n pasando por un divorcio deben consultar a un\u00a0<a href=\"https:\/\/www.theirvinglawfirm.com\/es\/derecho-de-familia\/abogado-de-divorcio\/\">abogado con experiencia<\/a>\u00a0de\u00a0<a href=\"http:\/\/theirvinglawfirm.com\/es\">The Irving Law Firm<\/a>. Esto es para asegurar que entienden sus derechos y obligaciones bajo la ley de Virginia. Un asesoramiento jur\u00eddico adecuado a lo largo de cada etapa del proceso de divorcio puede ayudar a las partes a evitar cometer errores costosos y a proteger sus intereses en los acuerdos de conciliaci\u00f3n.<\/p>\n<p><a href=\"https:\/\/www.theirvinglawfirm.com\/es\/derecho-de-familia\/abogado-de-divorcio\/cuanto-dura-un-divorcio-en-virginia\/\" target=\"_blank\" rel=\"noopener\">M\u00e1s Informaci\u00f3n Aqu\u00ed<\/a><\/p>\n<\/div><\/div><\/div><\/div><\/div>\n","protected":false},"excerpt":{"rendered":"","protected":false},"author":3,"featured_media":0,"parent":8344,"menu_order":0,"comment_status":"closed","ping_status":"closed","template":"","meta":{"_analytify_skip_tracking":false,"rank_math_title":"Divorcio Culposo Y Todo Lo Que Debe Saber | The Irving Law Firm","rank_math_description":"Descubra si Virginia concede o no divorcios culposos. M\u00e1s informaci\u00f3n sobre los \u00e1mbitos que se ver\u00e1n afectados durante el divorcio culposo.","rank_math_focus_keyword":"divorcio","rank_math_canonical_url":"","footnotes":""},"class_list":["post-10986","page","type-page","status-publish","hentry"],"acf":[],"_links":{"self":[{"href":"https:\/\/www.theirvinglawfirm.com\/es\/wp-json\/wp\/v2\/pages\/10986","targetHints":{"allow":["GET"]}}],"collection":[{"href":"https:\/\/www.theirvinglawfirm.com\/es\/wp-json\/wp\/v2\/pages"}],"about":[{"href":"https:\/\/www.theirvinglawfirm.com\/es\/wp-json\/wp\/v2\/types\/page"}],"author":[{"embeddable":true,"href":"https:\/\/www.theirvinglawfirm.com\/es\/wp-json\/wp\/v2\/users\/3"}],"replies":[{"embeddable":true,"href":"https:\/\/www.theirvinglawfirm.com\/es\/wp-json\/wp\/v2\/comments?post=10986"}],"version-history":[{"count":0,"href":"https:\/\/www.theirvinglawfirm.com\/es\/wp-json\/wp\/v2\/pages\/10986\/revisions"}],"up":[{"embeddable":true,"href":"https:\/\/www.theirvinglawfirm.com\/es\/wp-json\/wp\/v2\/pages\/8344"}],"wp:attachment":[{"href":"https:\/\/www.theirvinglawfirm.com\/es\/wp-json\/wp\/v2\/media?parent=10986"}],"curies":[{"name":"wp","href":"https:\/\/api.w.org\/{rel}","templated":true}]}}