{"id":10970,"date":"2023-08-02T02:03:20","date_gmt":"2023-08-02T02:03:20","guid":{"rendered":"https:\/\/www.theirvinglawfirm.com\/?page_id=10970"},"modified":"2024-02-29T04:04:25","modified_gmt":"2024-02-29T04:04:25","slug":"cuando-se-puede-obtener-una-anulacion-en-va","status":"publish","type":"page","link":"https:\/\/www.theirvinglawfirm.com\/es\/areas-de-practica\/derecho-de-familia\/abogado-de-divorcio\/cuando-se-puede-obtener-una-anulacion-en-va\/","title":{"rendered":"\u00bfCu\u00e1ndo Se Puede Obtener Una Anulaci\u00f3n En Virginia?"},"content":{"rendered":"<div class=\"fusion-fullwidth fullwidth-box fusion-builder-row-1 fusion-flex-container nonhundred-percent-fullwidth non-hundred-percent-height-scrolling\" style=\"--awb-border-radius-top-left:0px;--awb-border-radius-top-right:0px;--awb-border-radius-bottom-right:0px;--awb-border-radius-bottom-left:0px;--awb-flex-wrap:wrap;\" ><div class=\"fusion-builder-row fusion-row fusion-flex-align-items-flex-start fusion-flex-content-wrap\" style=\"max-width:1497.6px;margin-left: calc(-4% \/ 2 );margin-right: calc(-4% \/ 2 );\"><div class=\"fusion-layout-column fusion_builder_column fusion-builder-column-0 fusion_builder_column_1_1 1_1 fusion-flex-column\" style=\"--awb-bg-size:cover;--awb-width-large:100%;--awb-margin-top-large:0px;--awb-spacing-right-large:1.92%;--awb-margin-bottom-large:0px;--awb-spacing-left-large:1.92%;--awb-width-medium:100%;--awb-spacing-right-medium:1.92%;--awb-spacing-left-medium:1.92%;--awb-width-small:100%;--awb-spacing-right-small:1.92%;--awb-spacing-left-small:1.92%;\"><div class=\"fusion-column-wrapper fusion-flex-justify-content-flex-start fusion-content-layout-column\"><div class=\"fusion-text fusion-text-1\"><p><a href=\"https:\/\/es.wikipedia.org\/wiki\/Divorcio\" target=\"_blank\" rel=\"noopener\">El divorcio<\/a>\u00a0es una decisi\u00f3n dif\u00edcil que suele plantear muchas preguntas. En Virginia, decidir obtener una anulaci\u00f3n en lugar de un divorcio puede ser igual de dif\u00edcil.<\/p>\n<p>La anulaci\u00f3n pone fin a la situaci\u00f3n jur\u00eddica del matrimonio y lo considera como si nunca hubiera existido. Sin embargo, solo est\u00e1 disponible en determinadas circunstancias. Entender cu\u00e1ndo obtener una anulaci\u00f3n en Virginia es vital para cualquiera que est\u00e9 considerando sus opciones para poner fin a un matrimonio.<\/p>\n<\/div><div class=\"fusion-image-element \" style=\"text-align:center;--awb-margin-top:10px;--awb-margin-bottom:10px;--awb-max-width:750px;--awb-caption-title-font-family:var(--h2_typography-font-family);--awb-caption-title-font-weight:var(--h2_typography-font-weight);--awb-caption-title-font-style:var(--h2_typography-font-style);--awb-caption-title-size:var(--h2_typography-font-size);--awb-caption-title-transform:var(--h2_typography-text-transform);--awb-caption-title-line-height:var(--h2_typography-line-height);--awb-caption-title-letter-spacing:var(--h2_typography-letter-spacing);\"><span class=\" fusion-imageframe imageframe-none imageframe-1 hover-type-none\"><img decoding=\"async\" width=\"2560\" height=\"1709\" alt=\"Descubra M\u00e1s Sobre Las Anulaciones Matrimoniales Y Cu\u00e1ndo Puede Comenzar La Suya En Virginia\" src=\"https:\/\/www.theirvinglawfirm.com\/wp-content\/uploads\/2023\/08\/descubra-mas-sobre-las-anulaciones-matrimoniales-y-cuando-puede-comenzar-la-suya-en-virginia-scaled.jpg\" class=\"img-responsive wp-image-10980\" srcset=\"https:\/\/www.theirvinglawfirm.com\/wp-content\/uploads\/2023\/08\/descubra-mas-sobre-las-anulaciones-matrimoniales-y-cuando-puede-comenzar-la-suya-en-virginia-200x133.jpg 200w, https:\/\/www.theirvinglawfirm.com\/wp-content\/uploads\/2023\/08\/descubra-mas-sobre-las-anulaciones-matrimoniales-y-cuando-puede-comenzar-la-suya-en-virginia-400x267.jpg 400w, https:\/\/www.theirvinglawfirm.com\/wp-content\/uploads\/2023\/08\/descubra-mas-sobre-las-anulaciones-matrimoniales-y-cuando-puede-comenzar-la-suya-en-virginia-600x400.jpg 600w, https:\/\/www.theirvinglawfirm.com\/wp-content\/uploads\/2023\/08\/descubra-mas-sobre-las-anulaciones-matrimoniales-y-cuando-puede-comenzar-la-suya-en-virginia-800x534.jpg 800w, https:\/\/www.theirvinglawfirm.com\/wp-content\/uploads\/2023\/08\/descubra-mas-sobre-las-anulaciones-matrimoniales-y-cuando-puede-comenzar-la-suya-en-virginia-1200x801.jpg 1200w, https:\/\/www.theirvinglawfirm.com\/wp-content\/uploads\/2023\/08\/descubra-mas-sobre-las-anulaciones-matrimoniales-y-cuando-puede-comenzar-la-suya-en-virginia-scaled.jpg 2560w\" sizes=\"(max-width: 640px) 100vw, 2560px\" \/><\/span><\/div><div class=\"fusion-text fusion-text-2\"><h2>Motivos De Anulaci\u00f3n En Virginia<\/h2>\n<p>Muchos residentes de Virginia pueden considerar la anulaci\u00f3n como una alternativa cuando se enfrentan a la decisi\u00f3n del divorcio. Sin embargo, para recibir una anulaci\u00f3n, las parejas deben cumplir unos criterios espec\u00edficos establecidos por el estado de Virginia. Aunque los motivos de anulaci\u00f3n en Virginia son limitados, pueden constituir un medio esencial para poner fin a un matrimonio.<\/p>\n<h3>Bigamia<\/h3>\n<p>En Virginia, un motivo de anulaci\u00f3n es la bigamia. La bigamia se produce cuando una persona est\u00e1 legalmente casada con dos personas simult\u00e1neamente. Este acto puede considerarse tanto un delito como motivo de anulaci\u00f3n en Virginia.<\/p>\n<p>Para obtener este tipo de anulaci\u00f3n, deben presentarse pruebas que demuestren que una de las partes ya estaba casada cuando contrajo esta nueva uni\u00f3n. Las pruebas tambi\u00e9n deben demostrar que cualquiera de las partes conoc\u00eda la existencia del otro matrimonio cuando se casaron.<\/p>\n<h3>Incesto<\/h3>\n<p>Cuando dos personas se casan, esperan que su boda dure toda la vida. Sin embargo, a veces un matrimonio acaba en divorcio. En Virginia, las parejas pueden recurrir al proceso de anulaci\u00f3n para disolver su uni\u00f3n si se cumplen determinadas condiciones.<\/p>\n<p>Una de ellas es el incesto. Es cuando dos familiares cercanos se casan entre s\u00ed sin saber que es ilegal y contrario a la ley de Virginia.<\/p>\n<p>Por lo tanto, los matrimonios incestuosos no son reconocidos como leg\u00edtimos por Virginia y pueden ser motivo de anulaci\u00f3n.<\/p>\n<p>La pareja debe demostrar que una o ambas partes estaban emparentadas por consanguinidad en el momento del matrimonio. En algunos casos, es posible que no se conociera o comprendiera esta relaci\u00f3n antes de la ceremonia.<\/p>\n<h3>Incompetencia<\/h3>\n<p>El divorcio es un proceso emocionalmente estresante, pero a veces es necesario poner fin a un matrimonio. En Virginia, los c\u00f3nyuges pueden solicitar la anulaci\u00f3n en lugar del divorcio en determinadas circunstancias. Una de esas ocasiones es cuando uno de los c\u00f3nyuges no era mentalmente capaz de entender el matrimonio por incompetencia.<\/p>\n<p>Debe haber pruebas de que exist\u00eda un trastorno o enfermedad mental durante el matrimonio. Las pruebas tambi\u00e9n deben demostrar que fue lo suficientemente grave como para impedir que una de las partes comprendiera sus obligaciones conforme a la ley.<\/p>\n<h3>Menores De Edad<\/h3>\n<p>El matrimonio de menores es un problema grave en Virginia. El Estado exige que ambos c\u00f3nyuges est\u00e9n legalmente casados y tengan al menos 18 a\u00f1os.<\/p>\n<p>Si uno de los c\u00f3nyuges es menor de edad, el matrimonio podr\u00eda considerarse nulo. Si usted o su pareja eran menores de 18 a\u00f1os cuando se casaron, puede haber motivos para la anulaci\u00f3n.<\/p>\n<p>La anulaci\u00f3n reconoce que el matrimonio nunca fue v\u00e1lido por no cumplirse los requisitos legales. Por lo general, una anulaci\u00f3n basada en la edad puede dar lugar a una resoluci\u00f3n mucho m\u00e1s r\u00e1pida que un\u00a0<a href=\"https:\/\/www.theirvinglawfirm.com\/es\/derecho-de-familia\/abogado-de-divorcio\/\">procedimiento de divorcio tradicional.<\/a><\/p>\n<h3>Prostituci\u00f3n<\/h3>\n<p>Otro motivo de anulaci\u00f3n es la prostituci\u00f3n. Esto significa que si un matrimonio se celebr\u00f3 bajo el acuerdo de una persona que ofrec\u00eda sexo a cambio de dinero, es motivo de anulaci\u00f3n.<\/p>\n<p>El estado de Virginia no reconoce como v\u00e1lido ning\u00fan contrato o acuerdo que implique prostituci\u00f3n. Tampoco considera vinculante un matrimonio basado en dicho acuerdo.<\/p>\n<p>Supongamos que una parte pag\u00f3 a otra por servicios sexuales antes de contraer matrimonio. En ese caso, se considera un motivo v\u00e1lido para solicitar la anulaci\u00f3n.<\/p>\n<h3>Coacci\u00f3n<\/h3>\n<p>Virginia permite a las parejas solicitar la anulaci\u00f3n en determinados supuestos. Por ejemplo, si una de las partes contrajo matrimonio bajo coacci\u00f3n, es decir, si se vio obligada a hacerlo en contra de su voluntad.<\/p>\n<p>La coacci\u00f3n puede definirse como cualquier amenaza o presi\u00f3n il\u00edcita que lleve a alguien a hacer algo que no har\u00eda. En el caso de un matrimonio, una o ambas partes fueron obligadas a celebrar un contrato.<\/p>\n<h2>Resumen<\/h2>\n<p>A la hora de plantearse una anulaci\u00f3n, es importante contar con la ayuda adecuada. Los abogados de The Irving Law Firm son una gran opci\u00f3n para aquellos que buscan ayuda con la b\u00fasqueda de motivos de anulaci\u00f3n. Con a\u00f1os de experiencia en este \u00e1mbito, estos abogados pueden orientarle.<\/p>\n<p>Pueden garantizar que toda la documentaci\u00f3n se presenta correctamente y que usted obtiene el mejor resultado posible. Su\u00a0<a href=\"http:\/\/theirvinglawfirm.com\/es\">equipo de abogados<\/a>\u00a0tendr\u00e1 en cuenta todos los aspectos de su caso antes de tomar cualquier decisi\u00f3n sobre c\u00f3mo proceder. Podr\u00e1n responder a todas sus preguntas y guiarle en cada paso del proceso.<\/p>\n<p><a href=\"https:\/\/www.theirvinglawfirm.com\/es\/derecho-de-familia\/abogado-de-divorcio\/concede-virginia-divorcios-culposos\/\" target=\"_blank\" rel=\"noopener\">Vea M\u00e1s<\/a><\/p>\n<\/div><\/div><\/div><\/div><\/div>\n","protected":false},"excerpt":{"rendered":"","protected":false},"author":3,"featured_media":0,"parent":8344,"menu_order":0,"comment_status":"closed","ping_status":"closed","template":"","meta":{"_analytify_skip_tracking":false,"rank_math_title":"Decisiones De Divorcio: Cu\u00e1ndo Obtener Una Anulaci\u00f3n En Virginia | The Irving Law Firm","rank_math_description":"Lea para saber cu\u00e1ndo solicitar la anulaci\u00f3n conociendo los motivos m\u00e1s comunes para solicitarla en Virginia. Lea tambi\u00e9n c\u00f3mo un abogado experto puede ayudarle en el proceso.","rank_math_focus_keyword":"anulaci\u00f3n","rank_math_canonical_url":"","footnotes":""},"class_list":["post-10970","page","type-page","status-publish","hentry"],"acf":[],"_links":{"self":[{"href":"https:\/\/www.theirvinglawfirm.com\/es\/wp-json\/wp\/v2\/pages\/10970","targetHints":{"allow":["GET"]}}],"collection":[{"href":"https:\/\/www.theirvinglawfirm.com\/es\/wp-json\/wp\/v2\/pages"}],"about":[{"href":"https:\/\/www.theirvinglawfirm.com\/es\/wp-json\/wp\/v2\/types\/page"}],"author":[{"embeddable":true,"href":"https:\/\/www.theirvinglawfirm.com\/es\/wp-json\/wp\/v2\/users\/3"}],"replies":[{"embeddable":true,"href":"https:\/\/www.theirvinglawfirm.com\/es\/wp-json\/wp\/v2\/comments?post=10970"}],"version-history":[{"count":0,"href":"https:\/\/www.theirvinglawfirm.com\/es\/wp-json\/wp\/v2\/pages\/10970\/revisions"}],"up":[{"embeddable":true,"href":"https:\/\/www.theirvinglawfirm.com\/es\/wp-json\/wp\/v2\/pages\/8344"}],"wp:attachment":[{"href":"https:\/\/www.theirvinglawfirm.com\/es\/wp-json\/wp\/v2\/media?parent=10970"}],"curies":[{"name":"wp","href":"https:\/\/api.w.org\/{rel}","templated":true}]}}