{"id":10956,"date":"2023-08-02T02:02:53","date_gmt":"2023-08-02T02:02:53","guid":{"rendered":"https:\/\/www.theirvinglawfirm.com\/?page_id=10956"},"modified":"2024-03-01T00:37:20","modified_gmt":"2024-03-01T00:37:20","slug":"abogado-de-divorcio-ayuda-en-acuerdos-complejos","status":"publish","type":"page","link":"https:\/\/www.theirvinglawfirm.com\/es\/areas-de-practica\/derecho-de-familia\/abogado-de-divorcio\/abogado-de-divorcio-ayuda-en-acuerdos-complejos\/","title":{"rendered":"\u00bfQu\u00e9 Ocurre Si No Se Llega A Un Acuerdo Sobre El Divorcio?"},"content":{"rendered":"<div class=\"fusion-fullwidth fullwidth-box fusion-builder-row-1 fusion-flex-container nonhundred-percent-fullwidth non-hundred-percent-height-scrolling\" style=\"--awb-border-radius-top-left:0px;--awb-border-radius-top-right:0px;--awb-border-radius-bottom-right:0px;--awb-border-radius-bottom-left:0px;--awb-flex-wrap:wrap;\" ><div class=\"fusion-builder-row fusion-row fusion-flex-align-items-flex-start fusion-flex-content-wrap\" style=\"max-width:1497.6px;margin-left: calc(-4% \/ 2 );margin-right: calc(-4% \/ 2 );\"><div class=\"fusion-layout-column fusion_builder_column fusion-builder-column-0 fusion_builder_column_1_1 1_1 fusion-flex-column\" style=\"--awb-bg-size:cover;--awb-width-large:100%;--awb-margin-top-large:0px;--awb-spacing-right-large:1.92%;--awb-margin-bottom-large:0px;--awb-spacing-left-large:1.92%;--awb-width-medium:100%;--awb-spacing-right-medium:1.92%;--awb-spacing-left-medium:1.92%;--awb-width-small:100%;--awb-spacing-right-small:1.92%;--awb-spacing-left-small:1.92%;\"><div class=\"fusion-column-wrapper fusion-flex-justify-content-flex-start fusion-content-layout-column\"><div class=\"fusion-text fusion-text-1\"><p>El\u00a0<a href=\"https:\/\/es.wikipedia.org\/wiki\/Divorcio\" target=\"_blank\" rel=\"noopener\">proceso de divorcio<\/a>\u00a0puede volverse arduo cuando las parejas no encuentran puntos en com\u00fan y no llegan a un acuerdo. Tambi\u00e9n es esencial negociar un resultado justo y equitativo que satisfaga las necesidades de ambas partes. Un abogado de familia experto de la Ley Irving puede ayudar a navegar estas cuestiones y garantizar que cualquier acuerdo alcanzado se alinea con las leyes estatales.<\/p>\n<\/div><div class=\"fusion-image-element \" style=\"text-align:center;--awb-margin-top:10px;--awb-margin-bottom:10px;--awb-max-width:750px;--awb-caption-title-font-family:var(--h2_typography-font-family);--awb-caption-title-font-weight:var(--h2_typography-font-weight);--awb-caption-title-font-style:var(--h2_typography-font-style);--awb-caption-title-size:var(--h2_typography-font-size);--awb-caption-title-transform:var(--h2_typography-text-transform);--awb-caption-title-line-height:var(--h2_typography-line-height);--awb-caption-title-letter-spacing:var(--h2_typography-letter-spacing);\"><span class=\" fusion-imageframe imageframe-none imageframe-1 hover-type-none\"><img decoding=\"async\" width=\"1400\" height=\"933\" alt=\"\u00bfQu\u00e9 Sucede Si No Se Llega A Un Acuerdo De Divorcio?\" src=\"https:\/\/www.theirvinglawfirm.com\/wp-content\/uploads\/2023\/08\/que-sucede-si-no-se-llega-a-un-acuerdo-de-divorcio.jpg\" class=\"img-responsive wp-image-10964\" srcset=\"https:\/\/www.theirvinglawfirm.com\/wp-content\/uploads\/2023\/08\/que-sucede-si-no-se-llega-a-un-acuerdo-de-divorcio-200x133.jpg 200w, https:\/\/www.theirvinglawfirm.com\/wp-content\/uploads\/2023\/08\/que-sucede-si-no-se-llega-a-un-acuerdo-de-divorcio-400x267.jpg 400w, https:\/\/www.theirvinglawfirm.com\/wp-content\/uploads\/2023\/08\/que-sucede-si-no-se-llega-a-un-acuerdo-de-divorcio-600x400.jpg 600w, https:\/\/www.theirvinglawfirm.com\/wp-content\/uploads\/2023\/08\/que-sucede-si-no-se-llega-a-un-acuerdo-de-divorcio-800x533.jpg 800w, https:\/\/www.theirvinglawfirm.com\/wp-content\/uploads\/2023\/08\/que-sucede-si-no-se-llega-a-un-acuerdo-de-divorcio-1200x800.jpg 1200w, https:\/\/www.theirvinglawfirm.com\/wp-content\/uploads\/2023\/08\/que-sucede-si-no-se-llega-a-un-acuerdo-de-divorcio.jpg 1400w\" sizes=\"(max-width: 640px) 100vw, 1400px\" \/><\/span><\/div><div class=\"fusion-text fusion-text-2\"><h2>Consideraciones Para Los Acuerdos De Divorcio<\/h2>\n<p>El divorcio puede resultar especialmente desalentador a la hora de resolver los detalles de un acuerdo de divorcio. Tambi\u00e9n puede ser dif\u00edcil saber por d\u00f3nde empezar y qu\u00e9 decisiones afectar\u00e1n significativamente a ambas partes. A continuaci\u00f3n se exponen aspectos que ambas partes deben tener en cuenta a la hora de plantearse un acuerdo de divorcio.<\/p>\n<h3>Consideraciones Financieras<\/h3>\n<p>Cuando un matrimonio decide divorciarse, deben tenerse en cuenta numerosas consideraciones financieras. A medida que se determina el acuerdo de divorcio, ambas partes deben comprender sus derechos legales y sus obligaciones financieras.<\/p>\n<p>El primer paso en cualquier acuerdo de divorcio es determinar qu\u00e9 bienes posee cada parte. Esto puede incluir cuentas bancarias, inversiones, propiedades inmobiliarias o intereses empresariales.<\/p>\n<p>La divisi\u00f3n de estos bienes tambi\u00e9n debe tener en cuenta las deudas o pasivos que cualquiera de las partes pueda haber acordado. Ya sea en un acuerdo prenupcial o durante el matrimonio.<\/p>\n<h3>Custodia Y Visitas<\/h3>\n<p>Al plantearse el divorcio, los padres deben tener en cuenta el inter\u00e9s superior de sus hijos. La custodia y el r\u00e9gimen de visitas son los temas m\u00e1s importantes que se debaten durante un acuerdo de divorcio. Ambas partes deben conocer los distintos tipos de custodia de los hijos que existen.<\/p>\n<p>Deben tenerse en cuenta factores como la capacidad de cada progenitor para proporcionar cuidados f\u00edsicos y apoyo emocional. Otras consideraciones a tener en cuenta son la edad, el estado de salud y los recursos econ\u00f3micos disponibles de cada progenitor. Tambi\u00e9n se tienen en cuenta los antecedentes de violencia dom\u00e9stica o abuso de sustancias en el hogar de cualquiera de los progenitores.<\/p>\n<h3>Divisi\u00f3n De La Propiedad<\/h3>\n<p>Una de las consideraciones m\u00e1s importantes es la divisi\u00f3n de bienes. Esto se debe a que el proceso de divisi\u00f3n de bienes determina c\u00f3mo se repartir\u00e1n entre los c\u00f3nyuges los activos, las deudas y otros asuntos financieros.<\/p>\n<p>Lo ideal es que ambas partes lleguen a un acuerdo sobre c\u00f3mo debe ser esa divisi\u00f3n sin tener que acudir a los tribunales. El primer paso para determinar una divisi\u00f3n justa es evaluar todos los bienes gananciales y las deudas acumuladas a lo largo del matrimonio. A menudo, las parejas deciden dividir estos objetos a partes iguales o en funci\u00f3n de su valor.<\/p>\n<h2>Contratar A Un Abogado De Divorcios<\/h2>\n<p>Cuando las parejas no pueden ponerse de acuerdo sobre los t\u00e9rminos de su divorcio, contratar a un abogado de divorcios puede ser muy valioso. Un abogado familiarizado con el derecho de familia puede ayudar a garantizar que todos los aspectos legales del divorcio se gestionen de forma adecuada y eficaz. Siga leyendo para saber en qu\u00e9 le puede ayudar un abogado matrimonialista.<\/p>\n<h3>Negociar Un Acuerdo<\/h3>\n<p>Un abogado de divorcios puede ser esencial para navegar y negociar un convenio regulador. Tienen experiencia en elaborar acuerdos justos respetando la ley.<\/p>\n<p>Un abogado especializado en divorcios puede ofrecer una valiosa orientaci\u00f3n sobre la mejor estrategia. El objetivo es garantizarle un resultado equitativo del procedimiento.<\/p>\n<p>Adem\u00e1s, contar con representaci\u00f3n legal durante las negociaciones le ayudar\u00e1 a comprender sus derechos. Tambi\u00e9n pueden ayudar a resolver cuestiones contenciosas como la pensi\u00f3n alimenticia o el reparto de deudas.<\/p>\n<p>Su abogado tambi\u00e9n podr\u00e1 revisar cualquier propuesta de acuerdo. De este modo se garantiza que cumple todos los requisitos legales antes de su finalizaci\u00f3n.<\/p>\n<h3>Mediaci\u00f3n Y Resoluci\u00f3n Alternativa De Litigios<\/h3>\n<p>Es t\u00edpico que los c\u00f3nyuges que se divorcian discrepen en cuestiones como la custodia de los hijos, la divisi\u00f3n de bienes y otros asuntos. En situaciones como \u00e9sta, contar con la ayuda de un abogado especializado en divorcios puede marcar la diferencia. Son vitales para garantizar la protecci\u00f3n de los intereses de ambas partes.<\/p>\n<p>Los abogados especializados en divorcios tienen experiencia trabajando con parejas que no pueden negociar un acuerdo. Por ello, recurrir\u00e1n a m\u00e9todos alternativos de resoluci\u00f3n de litigios.<\/p>\n<p>Estos m\u00e9todos pueden incluir la mediaci\u00f3n y el derecho colaborativo para resolver sus diferencias. La mediaci\u00f3n consiste en que un mediador les ayude a discutir sus desacuerdos y a desarrollar las mejores soluciones para todos los implicados. El derecho colaborativo se centra en encontrar soluciones beneficiosas para todos mediante la negociaci\u00f3n.<\/p>\n<h3>Litigios Y Vistas Judiciales<\/h3>\n<p>Cuando las parejas no llegan a un acuerdo, puede ser necesario recurrir a los tribunales. Un litigio es un proceso legal en el que una parte demanda a otra por da\u00f1os y perjuicios u otro tipo de reparaci\u00f3n.<\/p>\n<p>Para navegar por este complejo proceso, es crucial contar con un abogado experto en divorcios. Su abogado de divorcio debe comprender todos los aspectos del derecho de familia y se esforzar\u00e1 por proteger sus intereses. Su abogado puede representarle durante las vistas judiciales.<\/p>\n<h2>Resumen<\/h2>\n<p>Los acuerdos de divorcio pueden ser un proceso largo y dif\u00edcil, especialmente cuando ambas partes no llegan a un acuerdo. En estos casos, lo mejor es contratar a<a href=\"https:\/\/www.theirvinglawfirm.com\/es\/derecho-de-familia\/abogado-de-divorcio\/\">\u00a0un abogado de The Iriving Law<\/a> para que le ayude en el proceso de negociaci\u00f3n.<\/p>\n<p>Un abogado de The Irving Law puede proporcionar asesoramiento profesional sobre cualquier pregunta o preocupaci\u00f3n de cualquiera de las partes en relaci\u00f3n con el acuerdo de conciliaci\u00f3n. Tambi\u00e9n trabajar\u00e1n diligentemente con cada una de las partes.<\/p>\n<p>Se trata de comprender sus necesidades y su situaci\u00f3n financiera para lograr un resultado justo. Un abogado de<a href=\"http:\/\/theirvinglawfirm.com\/es\">\u00a0The Irving Law<\/a>\u00a0tambi\u00e9n puede ayudar a asegurar que usted se siente que han sido tratados de manera justa durante el proceso de divorcio.<\/p>\n<p><a href=\"https:\/\/www.theirvinglawfirm.com\/es\/derecho-de-familia\/abogado-de-divorcio\/cuando-se-puede-obtener-una-anulacion-en-va\/\" target=\"_blank\" rel=\"noopener\">M\u00e1s Sobre Nosotros<\/a><\/p>\n<\/div><\/div><\/div><\/div><\/div>\n","protected":false},"excerpt":{"rendered":"","protected":false},"author":3,"featured_media":0,"parent":8344,"menu_order":0,"comment_status":"closed","ping_status":"closed","template":"","meta":{"_analytify_skip_tracking":false,"rank_math_title":"Abogados De Divorcio Ayudan En Acuerdos De Divorcio Complejos | The Irving Law Firm","rank_math_description":"Lea para entender c\u00f3mo un abogado de divorcio con experiencia desempe\u00f1a un papel crucial en la comprensi\u00f3n y la navegaci\u00f3n por el complejo proceso de acuerdos de divorcio.  ","rank_math_focus_keyword":"divorcio","rank_math_canonical_url":"","footnotes":""},"class_list":["post-10956","page","type-page","status-publish","hentry"],"acf":[],"_links":{"self":[{"href":"https:\/\/www.theirvinglawfirm.com\/es\/wp-json\/wp\/v2\/pages\/10956","targetHints":{"allow":["GET"]}}],"collection":[{"href":"https:\/\/www.theirvinglawfirm.com\/es\/wp-json\/wp\/v2\/pages"}],"about":[{"href":"https:\/\/www.theirvinglawfirm.com\/es\/wp-json\/wp\/v2\/types\/page"}],"author":[{"embeddable":true,"href":"https:\/\/www.theirvinglawfirm.com\/es\/wp-json\/wp\/v2\/users\/3"}],"replies":[{"embeddable":true,"href":"https:\/\/www.theirvinglawfirm.com\/es\/wp-json\/wp\/v2\/comments?post=10956"}],"version-history":[{"count":0,"href":"https:\/\/www.theirvinglawfirm.com\/es\/wp-json\/wp\/v2\/pages\/10956\/revisions"}],"up":[{"embeddable":true,"href":"https:\/\/www.theirvinglawfirm.com\/es\/wp-json\/wp\/v2\/pages\/8344"}],"wp:attachment":[{"href":"https:\/\/www.theirvinglawfirm.com\/es\/wp-json\/wp\/v2\/media?parent=10956"}],"curies":[{"name":"wp","href":"https:\/\/api.w.org\/{rel}","templated":true}]}}