{"id":10701,"date":"2023-06-27T22:57:32","date_gmt":"2023-06-27T22:57:32","guid":{"rendered":"https:\/\/www.theirvinglawfirm.com\/derecho-de-familia\/divorcio\/alienacion-parental-cuando-un-progenitor-intenta-poner-a-su-hijo-en-contra-del-otro-durante-el-divorcio\/"},"modified":"2024-03-05T16:05:28","modified_gmt":"2024-03-05T16:05:28","slug":"alienacion-parental","status":"publish","type":"page","link":"https:\/\/www.theirvinglawfirm.com\/es\/areas-de-practica\/derecho-de-familia\/abogado-de-divorcio\/alienacion-parental\/","title":{"rendered":"Alienaci\u00f3n Parental: Cuando Un Progenitor Intenta Poner A Su Hijo En Contra Del Otro Durante El Divorcio"},"content":{"rendered":"<div class=\"fusion-fullwidth fullwidth-box fusion-builder-row-1 fusion-flex-container nonhundred-percent-fullwidth non-hundred-percent-height-scrolling\" style=\"--awb-border-radius-top-left:0px;--awb-border-radius-top-right:0px;--awb-border-radius-bottom-right:0px;--awb-border-radius-bottom-left:0px;--awb-flex-wrap:wrap;\" ><div class=\"fusion-builder-row fusion-row fusion-flex-align-items-flex-start fusion-flex-content-wrap\" style=\"max-width:1497.6px;margin-left: calc(-4% \/ 2 );margin-right: calc(-4% \/ 2 );\"><div class=\"fusion-layout-column fusion_builder_column fusion-builder-column-0 fusion_builder_column_1_1 1_1 fusion-flex-column\" style=\"--awb-bg-size:cover;--awb-width-large:100%;--awb-margin-top-large:0px;--awb-spacing-right-large:1.92%;--awb-margin-bottom-large:0px;--awb-spacing-left-large:1.92%;--awb-width-medium:100%;--awb-spacing-right-medium:1.92%;--awb-spacing-left-medium:1.92%;--awb-width-small:100%;--awb-spacing-right-small:1.92%;--awb-spacing-left-small:1.92%;\"><div class=\"fusion-column-wrapper fusion-flex-justify-content-flex-start fusion-content-layout-column\"><div class=\"fusion-text fusion-text-1\"><p><a href=\"https:\/\/es.wikipedia.org\/wiki\/S%C3%ADndrome_de_alienaci%C3%B3n_parental#:~:text=En%20los%20ni%C3%B1os%2C%20el%20S%C3%ADndrome,comentarios%20impropios%20de%20su%20edad.\" target=\"_blank\" rel=\"noopener\">La alienaci\u00f3n parental<\/a>\u00a0es un comportamiento destructivo en el que uno de los progenitores intenta intencionadamente poner al hijo en contra del otro durante el divorcio o la separaci\u00f3n. Esto se hace a menudo para obtener una ventaja en asuntos de custodia o financieros. Desgraciadamente, este comportamiento puede causar da\u00f1os emocionales duraderos al ni\u00f1o y da\u00f1os irreparables a la relaci\u00f3n entre el ni\u00f1o y el progenitor objeto de la conducta.<\/p>\n<\/div><div class=\"fusion-image-element \" style=\"text-align:center;--awb-margin-top:10px;--awb-margin-bottom:10px;--awb-max-width:750px;--awb-caption-title-font-family:var(--h2_typography-font-family);--awb-caption-title-font-weight:var(--h2_typography-font-weight);--awb-caption-title-font-style:var(--h2_typography-font-style);--awb-caption-title-size:var(--h2_typography-font-size);--awb-caption-title-transform:var(--h2_typography-text-transform);--awb-caption-title-line-height:var(--h2_typography-line-height);--awb-caption-title-letter-spacing:var(--h2_typography-letter-spacing);\"><span class=\" fusion-imageframe imageframe-none imageframe-1 hover-type-none\"><img decoding=\"async\" width=\"1024\" height=\"683\" alt=\"Descubra C\u00f3mo Un Abogado Puede Protegerle Legalmente De Una Alienaci\u00f3n Parental Y Evite Salir Perjudicado\" src=\"https:\/\/www.theirvinglawfirm.com\/wp-content\/uploads\/2023\/06\/descubra-como-un-abogado-puede-protegerle-legalmente-de-una-alienacion-parental-y-evite-salir-perjudicado.jpg\" class=\"img-responsive wp-image-10725\" srcset=\"https:\/\/www.theirvinglawfirm.com\/wp-content\/uploads\/2023\/06\/descubra-como-un-abogado-puede-protegerle-legalmente-de-una-alienacion-parental-y-evite-salir-perjudicado-200x133.jpg 200w, https:\/\/www.theirvinglawfirm.com\/wp-content\/uploads\/2023\/06\/descubra-como-un-abogado-puede-protegerle-legalmente-de-una-alienacion-parental-y-evite-salir-perjudicado-400x267.jpg 400w, https:\/\/www.theirvinglawfirm.com\/wp-content\/uploads\/2023\/06\/descubra-como-un-abogado-puede-protegerle-legalmente-de-una-alienacion-parental-y-evite-salir-perjudicado-600x400.jpg 600w, https:\/\/www.theirvinglawfirm.com\/wp-content\/uploads\/2023\/06\/descubra-como-un-abogado-puede-protegerle-legalmente-de-una-alienacion-parental-y-evite-salir-perjudicado-800x534.jpg 800w, https:\/\/www.theirvinglawfirm.com\/wp-content\/uploads\/2023\/06\/descubra-como-un-abogado-puede-protegerle-legalmente-de-una-alienacion-parental-y-evite-salir-perjudicado.jpg 1024w\" sizes=\"(max-width: 640px) 100vw, 1024px\" \/><\/span><\/div><div class=\"fusion-text fusion-text-2\"><p>Es esencial reconocer los signos de alienaci\u00f3n parental, como que el menor se niegue a pasar tiempo con el progenitor objeto de alienaci\u00f3n o a hablar con \u00e9l, que haga acusaciones falsas de maltrato contra el progenitor objeto de alienaci\u00f3n y que exprese una lealtad extrema hacia el progenitor alienante. Si sospecha que su hijo es v\u00edctima de alienaci\u00f3n parental, es crucial que busque la ayuda de un abogado experto en derecho de familia.<\/p>\n<p>Intentar manejar un caso de alienaci\u00f3n parental por su cuenta puede ser un error costoso. El Derecho de familia es un campo complejo y lleno de matices; incluso los padres mejor intencionados pueden cometer errores legales que pueden perjudicar su caso. Un abogado experto en derecho de familia puede ayudarle a comprender sus opciones legales y a elaborar un plan de acci\u00f3n para proteger a su hijo y su relaci\u00f3n con \u00e9l.<\/p>\n<p>Una de las formas m\u00e1s importantes en que un abogado de derecho de familia puede ayudar es defendiendo el inter\u00e9s superior del menor ante los tribunales. En los casos de alienaci\u00f3n parental, el progenitor alienante puede intentar convencer al tribunal de que el progenitor objeto de alienaci\u00f3n no es apto o es peligroso. Un abogado experto en derecho de familia puede ayudar a rebatir estas falsas acusaciones con pruebas que demuestren el amor y el cuidado del progenitor atacado por el menor.<\/p>\n<p>Adem\u00e1s, un abogado especializado en derecho de familia puede ayudar a los padres a establecer horarios de visita y planes de crianza que den prioridad al bienestar del menor y reduzcan al m\u00ednimo las oportunidades de que el progenitor alienador perjudique a\u00fan m\u00e1s la relaci\u00f3n entre el menor y el progenitor objeto de la alienaci\u00f3n. Un abogado tambi\u00e9n puede ayudar a los padres a solicitar \u00f3rdenes judiciales que obliguen al progenitor alienador a abstenerse de hacer comentarios negativos sobre el progenitor objeto de alienaci\u00f3n en presencia del ni\u00f1o o a asistir a sesiones de terapia para abordar su comportamiento.<\/p>\n<p>Los padres que intentan resolver un caso de alienaci\u00f3n parental por su cuenta corren el riesgo de da\u00f1ar a\u00fan m\u00e1s la relaci\u00f3n con su hijo e incluso pueden perjudicar sus posibilidades de obtener la custodia o los derechos de visita. Un abogado con experiencia en derecho de familia puede proporcionar la orientaci\u00f3n y el apoyo necesarios para proteger los intereses del menor mientras se navega por el complejo proceso legal.<\/p>\n<p>Tambi\u00e9n es esencial buscar la ayuda de un profesional de la salud mental calificado para abordar el da\u00f1o emocional causado por la alienaci\u00f3n parental. La terapia puede ayudar al ni\u00f1o y al progenitor afectado a reconstruir su relaci\u00f3n y a superar el trauma causado por el comportamiento del progenitor alienante. Un abogado experto en derecho de familia puede remitirle a profesionales de la salud mental cualificados que pueden proporcionarle el apoyo y la orientaci\u00f3n necesarios para curarse.<\/p>\n<p>En conclusi\u00f3n, la alienaci\u00f3n parental es un comportamiento destructivo que puede causar da\u00f1os emocionales duraderos a los hijos y da\u00f1ar sus relaciones con los padres objeto de la alienaci\u00f3n. Si sospecha que su hijo es v\u00edctima de alienaci\u00f3n parental, es crucial que busque la ayuda de un\u00a0<a href=\"http:\/\/theirvinglawfirm.com\/\">abogado experto en derecho de familia<\/a>. Un abogado cualificado puede ayudar a proteger el inter\u00e9s superior del menor, establecer horarios de visita y planes de crianza que den prioridad al bienestar del menor, y solicitar \u00f3rdenes judiciales que limiten el comportamiento perjudicial del progenitor alienador. Con la ayuda de un abogado experto en derecho de familia y de profesionales de la salud mental calificados, los ni\u00f1os y los padres afectados pueden curarse del trauma causado por la alienaci\u00f3n parental y reconstruir su relaci\u00f3n.<\/p>\n<p><a href=\"https:\/\/www.theirvinglawfirm.com\/es\/derecho-de-familia\/abogado-de-divorcio\/acuerdos-de-separacion\/\" target=\"_blank\" rel=\"noopener\">M\u00e1s Informaci\u00f3n Sobre El Divorcio<\/a><\/p>\n<p>Y<\/p>\n<p><a href=\"https:\/\/www.theirvinglawfirm.com\/es\/derecho-de-familia\/divorcio\/\" target=\"_blank\" rel=\"noopener\">Sobre Nosotros<\/a><\/p>\n<\/div><\/div><\/div><\/div><\/div>\n","protected":false},"excerpt":{"rendered":"","protected":false},"author":3,"featured_media":0,"parent":8344,"menu_order":0,"comment_status":"closed","ping_status":"closed","template":"","meta":{"_analytify_skip_tracking":false,"rank_math_title":"Alienaci\u00f3n Parental: Divorcio, Ni\u00f1os Y Manipulaci\u00f3n | The Irving Law Firm","rank_math_description":"La alienaci\u00f3n parental es un comportamiento destructivo en el que uno de los progenitores intenta intencionadamente poner al hijo en contra del otro durante el divorcio o la separaci\u00f3n.","rank_math_focus_keyword":"alienaci\u00f3n parental","rank_math_canonical_url":"","footnotes":""},"class_list":["post-10701","page","type-page","status-publish","hentry"],"acf":[],"_links":{"self":[{"href":"https:\/\/www.theirvinglawfirm.com\/es\/wp-json\/wp\/v2\/pages\/10701","targetHints":{"allow":["GET"]}}],"collection":[{"href":"https:\/\/www.theirvinglawfirm.com\/es\/wp-json\/wp\/v2\/pages"}],"about":[{"href":"https:\/\/www.theirvinglawfirm.com\/es\/wp-json\/wp\/v2\/types\/page"}],"author":[{"embeddable":true,"href":"https:\/\/www.theirvinglawfirm.com\/es\/wp-json\/wp\/v2\/users\/3"}],"replies":[{"embeddable":true,"href":"https:\/\/www.theirvinglawfirm.com\/es\/wp-json\/wp\/v2\/comments?post=10701"}],"version-history":[{"count":0,"href":"https:\/\/www.theirvinglawfirm.com\/es\/wp-json\/wp\/v2\/pages\/10701\/revisions"}],"up":[{"embeddable":true,"href":"https:\/\/www.theirvinglawfirm.com\/es\/wp-json\/wp\/v2\/pages\/8344"}],"wp:attachment":[{"href":"https:\/\/www.theirvinglawfirm.com\/es\/wp-json\/wp\/v2\/media?parent=10701"}],"curies":[{"name":"wp","href":"https:\/\/api.w.org\/{rel}","templated":true}]}}