{"id":10624,"date":"2023-06-27T20:26:02","date_gmt":"2023-06-27T20:26:02","guid":{"rendered":"https:\/\/www.theirvinglawfirm.com\/manassas-va\/manassas-donde-confluyen-historia-y-comunidad\/"},"modified":"2024-03-11T19:05:59","modified_gmt":"2024-03-11T19:05:59","slug":"manassa-historia-y-comunidad","status":"publish","type":"page","link":"https:\/\/www.theirvinglawfirm.com\/es\/manassa-historia-y-comunidad\/","title":{"rendered":"Manassas: Donde Confluyen Historia Y Comunidad"},"content":{"rendered":"<p><span style=\"font-weight: 400;\"><a href=\"https:\/\/www.manassasva.gov\/\" target=\"_blank\" rel=\"noopener\">Manassas VA<\/a> es un lugar maravilloso para visitar y un gran destino para aquellos que buscan cosas que hacer en la regi\u00f3n norte de Virginia. Conocida por haber sido escenario de dos importantes batallas de la Guerra Civil, tambi\u00e9n posee varios museos y lugares de inter\u00e9s. Tambi\u00e9n es conocida por sus excelentes cervecer\u00edas, destiler\u00edas y restaurantes que sacian el apetito.<\/span><\/p>\n<p><iframe title=\"Reproductor de v\u00eddeo de YouTube\" src=\"https:\/\/www.youtube.com\/embed\/Tl96zIB2uUM\" width=\"100%\" height=\"600\" frameborder=\"0\" allowfullscreen=\"allowfullscreen\"><span data-mce-type=\"bookmark\" style=\"display: inline-block; width: 0px; overflow: hidden; line-height: 0;\" class=\"mce_SELRES_start\"><\/span><\/iframe><\/p>\n<p><span style=\"font-weight: 400;\">La primera gran batalla terrestre de la Guerra Civil tuvo lugar en 1861 cerca de Manassas, cuando el ej\u00e9rcito de la Uni\u00f3n al mando del general Irvin McDowell march\u00f3 hacia el oeste desde Alexandria en lugar de hacia el sur, en direcci\u00f3n a Richmond. McDowell planeaba tomar Manassas y establecer un dep\u00f3sito de suministros en el ferrocarril de Orange y Alexandria (O&amp;A) que se extend\u00eda hacia el este desde Alexandria a trav\u00e9s de Manassas Junction. El ej\u00e9rcito de la Uni\u00f3n se mover\u00eda entonces a lo largo de la l\u00ednea O&amp;A hacia el sur hasta Gordonsville y seguir\u00eda el ferrocarril Virginia Central hasta Richmond, que finalmente capturaron.<\/span><\/p>\n<p><span style=\"font-weight: 400;\">Esta zona de Virginia form\u00f3 parte en su d\u00eda de una zona fronteriza de habla algonquina, y John Smith indic\u00f3 que los nativos americanos viv\u00edan en aldeas alrededor del r\u00edo Occoquan y cerca de r\u00edos navegables en Fall Line. Estas aldeas fueron los inicios de lo que hoy es Manassas, y pueden haber sido el centro de asentamiento durante muchas generaciones antes de que los colonos ingleses llegaran a esta zona en 1607.<\/span><\/p>\n<p><span style=\"font-weight: 400;\">Hay muchos museos que visitar en Manassas, siendo el Museo Manassas uno de los m\u00e1s populares entre los visitantes. El museo contiene varias exposiciones interesantes, incluida una gran muestra de uniformes y armas de las dos batallas de la Guerra Civil.<\/span><\/p>\n<p><span style=\"font-weight: 400;\">Otra atracci\u00f3n popular es el Parque Nacional del Campo de Batalla de Manassas, creado en 1940 y que conserva los escenarios de ambas batallas. El parque tambi\u00e9n cuenta con varios lugares hist\u00f3ricos importantes, y es uno de los 22 parques nacionales designados de Virginia.<\/span><\/p>\n<p><span style=\"font-weight: 400;\">Si le gusta la historia y quiere vivirla en primera persona, \u00a1este es su lugar! El museo del parque del campo de batalla no solo es informativo, sino que tambi\u00e9n ofrece excelentes recreaciones.<\/span><\/p>\n<p><span style=\"font-weight: 400;\">Tambi\u00e9n es un lugar ideal para los amantes de las actividades al aire libre, ya que el parque cuenta con numerosas rutas de senderismo que pueden disfrutar familias y amigos. El parque est\u00e1 situado a las afueras de la ciudad y es un destino estupendo para una excursi\u00f3n de un d\u00eda.<\/span><\/p>\n<p><span style=\"font-weight: 400;\">Para los interesados en el arte y la cultura, hay un gran estudio de arte llamado ARTfactory que es perfecto para aquellos que buscan tomar una clase. El estudio se encuentra en el interior del edificio de la antigua F\u00e1brica de Caramelos, que tiene tres plantas e incluye un teatro circular, una galer\u00eda y un aula.<\/span><\/p>\n<p><span style=\"font-weight: 400;\">El ARTfactory es un gran lugar para visitar para aquellos que buscan aprender sobre las artes en Manassas, y tienen una extensa lista de clases que se pueden tomar. Hay clases puntuales y de larga duraci\u00f3n, as\u00ed que inf\u00f3rmese de lo que se ofrece en el estudio antes de planear un viaje.<\/span><\/p>\n<p><span style=\"font-weight: 400;\">Punto de Inter\u00e9s #1 BW Smith &amp; Associates, 9255 Corporate Cir, Manassas, VA 20110<\/span><\/p>\n<p><span style=\"font-weight: 400;\">Punto de Inter\u00e9s #2 Matrix Computer Consulting, Distrito Hist\u00f3rico, 9293 Corporate Cir, Manassas, VA 20110<\/span><\/p>\n<p><span style=\"font-weight: 400;\">Punto de inter\u00e9s #3 The Shop Gym, 9311 Wellington Rd, Manassas, VA 20110<\/span><\/p>\n<p>C\u00f3mo Llegar A <a href=\"http:\/\/theirvinglawfirm.com\/es\">The Irving Law Firm<\/a> Desde The Shop Gym<\/p>\n<p><iframe style=\"border: 0;\" src=\"https:\/\/www.google.com\/maps\/embed?pb=!1m28!1m12!1m3!1d12445.42566320526!2d-77.4940982605196!3d38.7555285067503!2m3!1f0!2f0!3f0!3m2!1i1024!2i768!4f13.1!4m13!3e0!4m5!1s0x89b65c40353f3f69%3A0xea7c719e51015665!2sThe%20Shop%20Gym%2C%209311%20Wellington%20Rd%2C%20Manassas%2C%20VA%2020110%2C%20United%20States!3m2!1d38.7535783!2d-77.4944786!4m5!1s0x89b65b8a5c9334bb%3A0x1f3aa0d68fc65fda!2sThe%20Irving%20Law%20Firm%2C%209253%20Mosby%20St%202nd%20Floor%2C%20Manassas%2C%20VA%2020110%2C%20United%20States!3m2!1d38.7531865!2d-77.47651599999999!5e0!3m2!1sen!2sph!4v1675808919021!5m2!1sen!2sph\" width=\"600\" height=\"450\" allowfullscreen=\"allowfullscreen\"><span data-mce-type=\"bookmark\" style=\"display: inline-block; width: 0px; overflow: hidden; line-height: 0;\" class=\"mce_SELRES_start\"><\/span><\/iframe><\/p>\n<p><a href=\"https:\/\/www.theirvinglawfirm.com\/es\/manassas-va\/encanto-de-manassas-va\/\"><strong>M\u00e1s Informaci\u00f3n Ac\u00e1<\/strong><\/a><\/p>\n","protected":false},"excerpt":{"rendered":"<p>Manassas VA es un lugar maravilloso para visitar y un  [&#8230;]<\/p>\n","protected":false},"author":3,"featured_media":0,"parent":0,"menu_order":0,"comment_status":"closed","ping_status":"closed","template":"","meta":{"_analytify_skip_tracking":false,"rank_math_title":"Manassas: Donde Convergen Historia Y Comunidad | The Irving Law Firm","rank_math_description":"Manassas VA es un lugar maravilloso para visitar y un gran destino para aquellos que buscan cosas que hacer en la regi\u00f3n norte de Virginia.","rank_math_focus_keyword":"manassas","rank_math_canonical_url":"","footnotes":""},"class_list":["post-10624","page","type-page","status-publish","hentry"],"acf":[],"_links":{"self":[{"href":"https:\/\/www.theirvinglawfirm.com\/es\/wp-json\/wp\/v2\/pages\/10624","targetHints":{"allow":["GET"]}}],"collection":[{"href":"https:\/\/www.theirvinglawfirm.com\/es\/wp-json\/wp\/v2\/pages"}],"about":[{"href":"https:\/\/www.theirvinglawfirm.com\/es\/wp-json\/wp\/v2\/types\/page"}],"author":[{"embeddable":true,"href":"https:\/\/www.theirvinglawfirm.com\/es\/wp-json\/wp\/v2\/users\/3"}],"replies":[{"embeddable":true,"href":"https:\/\/www.theirvinglawfirm.com\/es\/wp-json\/wp\/v2\/comments?post=10624"}],"version-history":[{"count":0,"href":"https:\/\/www.theirvinglawfirm.com\/es\/wp-json\/wp\/v2\/pages\/10624\/revisions"}],"wp:attachment":[{"href":"https:\/\/www.theirvinglawfirm.com\/es\/wp-json\/wp\/v2\/media?parent=10624"}],"curies":[{"name":"wp","href":"https:\/\/api.w.org\/{rel}","templated":true}]}}