{"id":10498,"date":"2023-06-26T21:11:36","date_gmt":"2023-06-26T21:11:36","guid":{"rendered":"https:\/\/www.theirvinglawfirm.com\/derecho-de-familia\/divorcio\/divorcio-entre-personas-del-mismo-sexo-cuestiones-juridicas-especificas-del-divorcio-de-parejas-del-mismo-sexo\/"},"modified":"2024-03-05T16:15:42","modified_gmt":"2024-03-05T16:15:42","slug":"divorcio-del-mismo-sexo","status":"publish","type":"page","link":"https:\/\/www.theirvinglawfirm.com\/es\/areas-de-practica\/derecho-de-familia\/abogado-de-divorcio\/divorcio-del-mismo-sexo\/","title":{"rendered":"Divorcio Entre Personas Del Mismo Sexo: Cuestiones Legales Espec\u00edficas Del Divorcio De Parejas Del Mismo Sexo"},"content":{"rendered":"<div class=\"fusion-fullwidth fullwidth-box fusion-builder-row-1 fusion-flex-container nonhundred-percent-fullwidth non-hundred-percent-height-scrolling\" style=\"--awb-border-radius-top-left:0px;--awb-border-radius-top-right:0px;--awb-border-radius-bottom-right:0px;--awb-border-radius-bottom-left:0px;--awb-flex-wrap:wrap;\" ><div class=\"fusion-builder-row fusion-row fusion-flex-align-items-flex-start fusion-flex-content-wrap\" style=\"max-width:1497.6px;margin-left: calc(-4% \/ 2 );margin-right: calc(-4% \/ 2 );\"><div class=\"fusion-layout-column fusion_builder_column fusion-builder-column-0 fusion_builder_column_1_1 1_1 fusion-flex-column\" style=\"--awb-bg-size:cover;--awb-width-large:100%;--awb-margin-top-large:0px;--awb-spacing-right-large:1.92%;--awb-margin-bottom-large:0px;--awb-spacing-left-large:1.92%;--awb-width-medium:100%;--awb-spacing-right-medium:1.92%;--awb-spacing-left-medium:1.92%;--awb-width-small:100%;--awb-spacing-right-small:1.92%;--awb-spacing-left-small:1.92%;\"><div class=\"fusion-column-wrapper fusion-flex-justify-content-flex-start fusion-content-layout-column\"><div class=\"fusion-text fusion-text-1\"><p>El divorcio puede ser un proceso emocional y econ\u00f3micamente estresante para cualquier pareja. Sin embargo, las parejas del mismo sexo se enfrentan a problemas jur\u00eddicos espec\u00edficos que difieren de los que afrontan las parejas heterosexuales. Aunque las parejas del mismo sexo han disfrutado del reconocimiento legal de sus relaciones, incluido el matrimonio, el divorcio no siempre ha sido f\u00e1cil. Si tiene una relaci\u00f3n homosexual y est\u00e1 pensando en divorciarse, es importante que conozca los aspectos legales y contrate a un abogado con experiencia para que le gu\u00ede en el proceso.<\/p>\n<\/div><div class=\"fusion-image-element \" style=\"text-align:center;--awb-margin-top:10px;--awb-margin-bottom:10px;--awb-max-width:750px;--awb-caption-title-font-family:var(--h2_typography-font-family);--awb-caption-title-font-weight:var(--h2_typography-font-weight);--awb-caption-title-font-style:var(--h2_typography-font-style);--awb-caption-title-size:var(--h2_typography-font-size);--awb-caption-title-transform:var(--h2_typography-text-transform);--awb-caption-title-line-height:var(--h2_typography-line-height);--awb-caption-title-letter-spacing:var(--h2_typography-letter-spacing);\"><span class=\" fusion-imageframe imageframe-none imageframe-1 hover-type-none\"><img decoding=\"async\" width=\"1024\" height=\"683\" alt=\"Un Divorcio De Un Matrimonio Del Mismo Sexo Puede Resultar En Complicaciones Sin La Debida Asesor\u00eda Legal\" src=\"https:\/\/www.theirvinglawfirm.com\/wp-content\/uploads\/2023\/06\/un-divorcio-de-un-matrimonio-del-mismo-sexo-puede-resultar-en-complicaciones-sin-la-debida-asesoria-legal.jpg\" class=\"img-responsive wp-image-10530\" srcset=\"https:\/\/www.theirvinglawfirm.com\/wp-content\/uploads\/2023\/06\/un-divorcio-de-un-matrimonio-del-mismo-sexo-puede-resultar-en-complicaciones-sin-la-debida-asesoria-legal-200x133.jpg 200w, https:\/\/www.theirvinglawfirm.com\/wp-content\/uploads\/2023\/06\/un-divorcio-de-un-matrimonio-del-mismo-sexo-puede-resultar-en-complicaciones-sin-la-debida-asesoria-legal-400x267.jpg 400w, https:\/\/www.theirvinglawfirm.com\/wp-content\/uploads\/2023\/06\/un-divorcio-de-un-matrimonio-del-mismo-sexo-puede-resultar-en-complicaciones-sin-la-debida-asesoria-legal-600x400.jpg 600w, https:\/\/www.theirvinglawfirm.com\/wp-content\/uploads\/2023\/06\/un-divorcio-de-un-matrimonio-del-mismo-sexo-puede-resultar-en-complicaciones-sin-la-debida-asesoria-legal-800x534.jpg 800w, https:\/\/www.theirvinglawfirm.com\/wp-content\/uploads\/2023\/06\/un-divorcio-de-un-matrimonio-del-mismo-sexo-puede-resultar-en-complicaciones-sin-la-debida-asesoria-legal.jpg 1024w\" sizes=\"(max-width: 640px) 100vw, 1024px\" \/><\/span><\/div><div class=\"fusion-text fusion-text-2\"><p>Una de las cuestiones legales m\u00e1s importantes a las que se enfrentan las\u00a0<a href=\"https:\/\/es.wikipedia.org\/wiki\/Divorcio_de_parejas_del_mismo_sexo\" target=\"_blank\" rel=\"noopener\">parejas del mismo sexo<\/a>\u00a0que desean divorciarse es determinar la situaci\u00f3n legal de su matrimonio. Aunque el matrimonio entre personas del mismo sexo es legal en los 50 estados, algunas parejas pueden haberse casado en un Estado o pa\u00eds donde no era legal, o pueden haber formado una pareja de hecho o una uni\u00f3n civil antes de que se reconociera el matrimonio entre personas del mismo sexo. En estos casos, la pareja puede tener que pasar por procesos legales adicionales para establecer la validez de su matrimonio. Un abogado con experiencia puede ayudar a determinar la situaci\u00f3n legal del matrimonio y orientar a la pareja en los tr\u00e1mites legales necesarios.<\/p>\n<p>Otra cuesti\u00f3n legal a la que pueden enfrentarse las parejas del mismo sexo en el divorcio es la divisi\u00f3n de bienes. La divisi\u00f3n de bienes en el divorcio suele determinarse por las leyes del estado en que reside la pareja. Sin embargo, la divisi\u00f3n de bienes para las parejas del mismo sexo puede ser complicada porque pueden haber adquirido bienes en varios estados, algunos de los cuales pueden no reconocer su matrimonio. Adem\u00e1s, las parejas del mismo sexo pueden tener acuerdos financieros diferentes a los de las parejas heterosexuales, como cuentas bancarias conjuntas o inversiones compartidas, lo que puede complicar a\u00fan m\u00e1s la divisi\u00f3n de bienes. Un abogado con experiencia puede ayudar a las parejas del mismo sexo a resolver los problemas de divisi\u00f3n de bienes y garantizar que su patrimonio se reparta equitativamente.<\/p>\n<p>La custodia de los hijos es otra cuesti\u00f3n legal a la que pueden enfrentarse las parejas del mismo sexo al divorciarse. Las parejas del mismo sexo pueden haber adoptado hijos, recurrido a la gestaci\u00f3n subrogada o a la inseminaci\u00f3n de donante para tener un hijo, o haber tenido un hijo de una relaci\u00f3n anterior. La custodia de los hijos puede ser especialmente complicada si la pareja no adopt\u00f3 al ni\u00f1o conjuntamente o si uno de los c\u00f3nyuges no est\u00e1 biol\u00f3gicamente emparentado con el ni\u00f1o. En estos casos, un abogado con experiencia puede ayudar a garantizar que se tenga en cuenta el inter\u00e9s superior del menor y se protejan los derechos legales de la pareja.<\/p>\n<p>Por \u00faltimo, las parejas del mismo sexo pueden sufrir discriminaci\u00f3n y prejuicios durante el proceso de divorcio, tanto por parte del sistema judicial como de sus ex parejas. Aunque la legalizaci\u00f3n del matrimonio entre personas del mismo sexo ha supuesto un avance significativo en los derechos del colectivo LGBT, las parejas del mismo sexo siguen enfrent\u00e1ndose a prejuicios y estereotipos que pueden repercutir negativamente en sus procedimientos judiciales. Un\u00a0<a href=\"http:\/\/theirvinglawfirm.com\/\">abogado con experiencia<\/a>\u00a0puede ayudar a proteger a las parejas del mismo sexo de la discriminaci\u00f3n y defender sus derechos legales.<\/p>\n<p>En conclusi\u00f3n, el divorcio entre personas del mismo sexo es un proceso jur\u00eddico complejo que requiere la orientaci\u00f3n de un abogado con experiencia. Las cuestiones jur\u00eddicas espec\u00edficas de las parejas del mismo sexo, como la determinaci\u00f3n de la situaci\u00f3n jur\u00eddica de su matrimonio, la divisi\u00f3n de bienes, la custodia de los hijos y la discriminaci\u00f3n, requieren un conocimiento profundo de la ley y de las circunstancias \u00fanicas de cada pareja. Intentar resolver estos problemas sin la ayuda de un abogado puede acarrear un estr\u00e9s financiero y emocional considerable. Contratar a un abogado con experiencia en divorcios entre personas del mismo sexo puede ayudarle a garantizar que sus derechos legales est\u00e9n protegidos y que pueda pasar con confianza al siguiente cap\u00edtulo de su vida.<\/p>\n<p><a href=\"https:\/\/www.theirvinglawfirm.com\/es\/derecho-de-familia\/abogado-de-divorcio\/divorcio-de-altos-patrimonios\/\" target=\"_blank\" rel=\"noopener\">M\u00e1s Informaci\u00f3n Sobre El Divorcio<\/a><\/p>\n<p>Y<\/p>\n<p><a href=\"https:\/\/www.theirvinglawfirm.com\/es\/derecho-de-familia\/divorcio\/\" target=\"_blank\" rel=\"noopener\">Sobre Nosotros<\/a><\/p>\n<\/div><\/div><\/div><\/div><\/div>\n","protected":false},"excerpt":{"rendered":"","protected":false},"author":3,"featured_media":0,"parent":8344,"menu_order":0,"comment_status":"closed","ping_status":"closed","template":"","meta":{"_analytify_skip_tracking":false,"rank_math_title":"Divorcio Del Mismo Sexo: Consideraciones Legales Y Desaf\u00edos | The Irving Law Firm","rank_math_description":"Si tiene una relaci\u00f3n y est\u00e1 pensando en contraer divorcio de una persona del mismo sexo, es importante que conozca los aspectos legales.","rank_math_focus_keyword":"divorcio","rank_math_canonical_url":"","footnotes":""},"class_list":["post-10498","page","type-page","status-publish","hentry"],"acf":[],"_links":{"self":[{"href":"https:\/\/www.theirvinglawfirm.com\/es\/wp-json\/wp\/v2\/pages\/10498","targetHints":{"allow":["GET"]}}],"collection":[{"href":"https:\/\/www.theirvinglawfirm.com\/es\/wp-json\/wp\/v2\/pages"}],"about":[{"href":"https:\/\/www.theirvinglawfirm.com\/es\/wp-json\/wp\/v2\/types\/page"}],"author":[{"embeddable":true,"href":"https:\/\/www.theirvinglawfirm.com\/es\/wp-json\/wp\/v2\/users\/3"}],"replies":[{"embeddable":true,"href":"https:\/\/www.theirvinglawfirm.com\/es\/wp-json\/wp\/v2\/comments?post=10498"}],"version-history":[{"count":0,"href":"https:\/\/www.theirvinglawfirm.com\/es\/wp-json\/wp\/v2\/pages\/10498\/revisions"}],"up":[{"embeddable":true,"href":"https:\/\/www.theirvinglawfirm.com\/es\/wp-json\/wp\/v2\/pages\/8344"}],"wp:attachment":[{"href":"https:\/\/www.theirvinglawfirm.com\/es\/wp-json\/wp\/v2\/media?parent=10498"}],"curies":[{"name":"wp","href":"https:\/\/api.w.org\/{rel}","templated":true}]}}