{"id":10491,"date":"2023-06-26T20:14:13","date_gmt":"2023-06-26T20:14:13","guid":{"rendered":"https:\/\/www.theirvinglawfirm.com\/derecho-de-familia\/divorcio\/anulacion-como-disolver-legalmente-un-matrimonio-y-en-que-se-diferencia-del-divorcio\/"},"modified":"2024-03-05T16:07:08","modified_gmt":"2024-03-05T16:07:08","slug":"anulacion-matrimonial","status":"publish","type":"page","link":"https:\/\/www.theirvinglawfirm.com\/es\/areas-de-practica\/derecho-de-familia\/abogado-de-divorcio\/anulacion-matrimonial\/","title":{"rendered":"Anulaci\u00f3n: C\u00f3mo Disolver Legalmente Un Matrimonio Y En Qu\u00e9 Se Diferencia Del Divorcio"},"content":{"rendered":"<div class=\"fusion-fullwidth fullwidth-box fusion-builder-row-1 fusion-flex-container nonhundred-percent-fullwidth non-hundred-percent-height-scrolling\" style=\"--awb-border-radius-top-left:0px;--awb-border-radius-top-right:0px;--awb-border-radius-bottom-right:0px;--awb-border-radius-bottom-left:0px;--awb-flex-wrap:wrap;\" ><div class=\"fusion-builder-row fusion-row fusion-flex-align-items-flex-start fusion-flex-content-wrap\" style=\"max-width:1497.6px;margin-left: calc(-4% \/ 2 );margin-right: calc(-4% \/ 2 );\"><div class=\"fusion-layout-column fusion_builder_column fusion-builder-column-0 fusion_builder_column_1_1 1_1 fusion-flex-column\" style=\"--awb-bg-size:cover;--awb-width-large:100%;--awb-margin-top-large:0px;--awb-spacing-right-large:1.92%;--awb-margin-bottom-large:0px;--awb-spacing-left-large:1.92%;--awb-width-medium:100%;--awb-spacing-right-medium:1.92%;--awb-spacing-left-medium:1.92%;--awb-width-small:100%;--awb-spacing-right-small:1.92%;--awb-spacing-left-small:1.92%;\"><div class=\"fusion-column-wrapper fusion-flex-justify-content-flex-start fusion-content-layout-column\"><div class=\"fusion-text fusion-text-1\"><p>La decisi\u00f3n de poner fin a un matrimonio nunca es f\u00e1cil. Las parejas suelen intentar resolver sus diferencias y salvar su relaci\u00f3n, pero a veces, el divorcio o la anulaci\u00f3n son la mejor opci\u00f3n. Aunque estos t\u00e9rminos se utilizan a menudo indistintamente, ambos tienen algunas diferencias clave. Este art\u00edculo tratar\u00e1 sobre la anulaci\u00f3n y c\u00f3mo disolver un matrimonio legalmente.<\/p>\n<\/div><div class=\"fusion-image-element \" style=\"text-align:center;--awb-margin-top:10px;--awb-margin-bottom:10px;--awb-max-width:750px;--awb-caption-title-font-family:var(--h2_typography-font-family);--awb-caption-title-font-weight:var(--h2_typography-font-weight);--awb-caption-title-font-style:var(--h2_typography-font-style);--awb-caption-title-size:var(--h2_typography-font-size);--awb-caption-title-transform:var(--h2_typography-text-transform);--awb-caption-title-line-height:var(--h2_typography-line-height);--awb-caption-title-letter-spacing:var(--h2_typography-letter-spacing);\"><span class=\" fusion-imageframe imageframe-none imageframe-1 hover-type-none\"><img decoding=\"async\" width=\"1024\" height=\"682\" alt=\"C\u00f3mo Puede Comenzar Su Caso De Anulamiento De Matrimonio En Manassas, Virginia, Con Representaci\u00f3n Legal Confiable\" src=\"https:\/\/www.theirvinglawfirm.com\/wp-content\/uploads\/2023\/06\/como-puede-comenzar-su-caso-de-anulamiento-de-matrimonio-en-manassas-virginia-con-representacion-legal-confiable.jpg\" class=\"img-responsive wp-image-10518\" srcset=\"https:\/\/www.theirvinglawfirm.com\/wp-content\/uploads\/2023\/06\/como-puede-comenzar-su-caso-de-anulamiento-de-matrimonio-en-manassas-virginia-con-representacion-legal-confiable-200x133.jpg 200w, https:\/\/www.theirvinglawfirm.com\/wp-content\/uploads\/2023\/06\/como-puede-comenzar-su-caso-de-anulamiento-de-matrimonio-en-manassas-virginia-con-representacion-legal-confiable-400x266.jpg 400w, https:\/\/www.theirvinglawfirm.com\/wp-content\/uploads\/2023\/06\/como-puede-comenzar-su-caso-de-anulamiento-de-matrimonio-en-manassas-virginia-con-representacion-legal-confiable-600x400.jpg 600w, https:\/\/www.theirvinglawfirm.com\/wp-content\/uploads\/2023\/06\/como-puede-comenzar-su-caso-de-anulamiento-de-matrimonio-en-manassas-virginia-con-representacion-legal-confiable-800x533.jpg 800w, https:\/\/www.theirvinglawfirm.com\/wp-content\/uploads\/2023\/06\/como-puede-comenzar-su-caso-de-anulamiento-de-matrimonio-en-manassas-virginia-con-representacion-legal-confiable.jpg 1024w\" sizes=\"(max-width: 640px) 100vw, 1024px\" \/><\/span><\/div><div class=\"fusion-text fusion-text-2\"><p>La <a href=\"https:\/\/es.wikipedia.org\/wiki\/Nulidad_matrimonial#:~:text=La%20nulidad%20matrimonial%20civil%20implica,y%20respecto%20a%20los%20hijos.\" target=\"_blank\" rel=\"noopener\">anulaci\u00f3n<\/a> es el proceso legal por el que se declara nulo un matrimonio. En otras palabras, la anulaci\u00f3n hace como si el matrimonio nunca hubiera existido. Hay varias razones por las que una pareja puede solicitar la anulaci\u00f3n en lugar del divorcio. Algunos motivos habituales son el fraude, la coacci\u00f3n o que uno de los c\u00f3nyuges no tenga la edad legal para contraer matrimonio. Otros motivos de anulaci\u00f3n pueden ser la incapacidad f\u00edsica o mental, la bigamia o que el matrimonio se haya celebrado con fines de inmigraci\u00f3n.<\/p>\n<p>Para obtener una anulaci\u00f3n, una pareja debe pasar por un proceso legal similar al de un divorcio. El proceso puede variar seg\u00fan el Estado en el que viva, pero en general deben cumplirse ciertos requisitos. Por ejemplo, ambas partes deben ser notificadas con documentos legales y asistir a una vista judicial. En algunos casos, un juez puede exigir pruebas o testimonios adicionales para apoyar los motivos de una anulaci\u00f3n.<\/p>\n<p>Una de las principales diferencias entre la anulaci\u00f3n y el divorcio es la situaci\u00f3n legal del matrimonio. Con la anulaci\u00f3n, se considera que el matrimonio nunca ha existido. Esto puede tener importantes implicaciones para la divisi\u00f3n de bienes, la pensi\u00f3n alimenticia y la custodia de los hijos. Por ejemplo, en un divorcio, los bienes y las deudas suelen dividirse en funci\u00f3n de la duraci\u00f3n del matrimonio. En una anulaci\u00f3n, sin embargo, no hay que tener en cuenta la duraci\u00f3n del matrimonio.<\/p>\n<p>Otra diferencia importante entre ambas es el plazo en el que se pueden perseguir. Aunque no hay l\u00edmite de tiempo para solicitar el divorcio, suele haber plazos m\u00e1s estrictos para solicitar la anulaci\u00f3n. Por ejemplo, en algunos estados, puede que solo disponga de unos meses para solicitar la anulaci\u00f3n despu\u00e9s de casarse.<\/p>\n<p>Si est\u00e1 considerando una anulaci\u00f3n, es importante trabajar con un abogado con experiencia que pueda guiarle a trav\u00e9s del proceso. Aunque intentar arregl\u00e1rselas uno mismo puede resultar tentador, el sistema jur\u00eddico puede ser complejo y confuso. Un abogado puede ayudarle a comprender sus derechos y obligaciones y asegurarse de que toda la documentaci\u00f3n necesaria se presenta correctamente y a tiempo.<\/p>\n<p>Un abogado con experiencia tambi\u00e9n puede ayudarle a determinar si la anulaci\u00f3n es adecuada para usted. Aunque la anulaci\u00f3n puede parecer una opci\u00f3n atractiva en algunos casos, no siempre es la mejor opci\u00f3n. Por ejemplo, el divorcio puede ser una mejor opci\u00f3n si lleva varios a\u00f1os casado y tiene hijos. Un abogado puede ayudarle a sopesar los pros y los contras de cada opci\u00f3n y a tomar una decisi\u00f3n informada.<\/p>\n<p>En conclusi\u00f3n, la anulaci\u00f3n es un proceso legal que puede disolver un matrimonio. Aunque existen algunas similitudes entre la anulaci\u00f3n y el divorcio, tambi\u00e9n hay algunas diferencias clave. Si est\u00e1 considerando una anulaci\u00f3n, es importante trabajar con un abogado con experiencia que pueda guiarle a trav\u00e9s del proceso y garantizar la protecci\u00f3n de sus derechos.<\/p>\n<p><a href=\"https:\/\/www.theirvinglawfirm.com\/es\/derecho-de-familia\/abogado-de-divorcio\/derechos-de-los-abuelos\/\" target=\"_blank\" rel=\"noopener\">Encuentre Informaci\u00f3n Relevante Aqu\u00ed<\/a><\/p>\n<p>Y<\/p>\n<p><a href=\"https:\/\/www.theirvinglawfirm.com\/es\/derecho-de-familia\/divorcio\/\" target=\"_blank\" rel=\"noopener\">Sobre Nosotros<\/a><\/p>\n<\/div><\/div><\/div><\/div><\/div>\n","protected":false},"excerpt":{"rendered":"","protected":false},"author":3,"featured_media":0,"parent":8344,"menu_order":0,"comment_status":"closed","ping_status":"closed","template":"","meta":{"_analytify_skip_tracking":false,"rank_math_title":"Anulaci\u00f3n Matrimonial: Disolver Un Matrimonio Legalmente | The Irving Law Firm","rank_math_description":"La anulaci\u00f3n es el proceso legal por el que se declara nulo un matrimonio. En otras palabras, la anulaci\u00f3n hace como si el matrimonio nunca hubiera existido.  ","rank_math_focus_keyword":"anulaci\u00f3n","rank_math_canonical_url":"","footnotes":""},"class_list":["post-10491","page","type-page","status-publish","hentry"],"acf":[],"_links":{"self":[{"href":"https:\/\/www.theirvinglawfirm.com\/es\/wp-json\/wp\/v2\/pages\/10491","targetHints":{"allow":["GET"]}}],"collection":[{"href":"https:\/\/www.theirvinglawfirm.com\/es\/wp-json\/wp\/v2\/pages"}],"about":[{"href":"https:\/\/www.theirvinglawfirm.com\/es\/wp-json\/wp\/v2\/types\/page"}],"author":[{"embeddable":true,"href":"https:\/\/www.theirvinglawfirm.com\/es\/wp-json\/wp\/v2\/users\/3"}],"replies":[{"embeddable":true,"href":"https:\/\/www.theirvinglawfirm.com\/es\/wp-json\/wp\/v2\/comments?post=10491"}],"version-history":[{"count":0,"href":"https:\/\/www.theirvinglawfirm.com\/es\/wp-json\/wp\/v2\/pages\/10491\/revisions"}],"up":[{"embeddable":true,"href":"https:\/\/www.theirvinglawfirm.com\/es\/wp-json\/wp\/v2\/pages\/8344"}],"wp:attachment":[{"href":"https:\/\/www.theirvinglawfirm.com\/es\/wp-json\/wp\/v2\/media?parent=10491"}],"curies":[{"name":"wp","href":"https:\/\/api.w.org\/{rel}","templated":true}]}}