{"id":10482,"date":"2023-06-26T19:31:02","date_gmt":"2023-06-26T19:31:02","guid":{"rendered":"https:\/\/www.theirvinglawfirm.com\/derecho-de-familia\/divorcio\/derecho-colaborativo-un-enfoque-alternativo-del-divorcio-que-da-prioridad-a-la-comunicacion-y-la-cooperacion\/"},"modified":"2024-03-05T16:08:25","modified_gmt":"2024-03-05T16:08:25","slug":"divorcio-colaborativo","status":"publish","type":"page","link":"https:\/\/www.theirvinglawfirm.com\/es\/areas-de-practica\/derecho-de-familia\/abogado-de-divorcio\/divorcio-colaborativo\/","title":{"rendered":"Derecho Colaborativo: Un Enfoque Alternativo Del Divorcio Que Da Prioridad A La Comunicaci\u00f3n Y La Cooperaci\u00f3n"},"content":{"rendered":"<div class=\"fusion-fullwidth fullwidth-box fusion-builder-row-1 fusion-flex-container nonhundred-percent-fullwidth non-hundred-percent-height-scrolling\" style=\"--awb-border-radius-top-left:0px;--awb-border-radius-top-right:0px;--awb-border-radius-bottom-right:0px;--awb-border-radius-bottom-left:0px;--awb-flex-wrap:wrap;\" ><div class=\"fusion-builder-row fusion-row fusion-flex-align-items-flex-start fusion-flex-content-wrap\" style=\"max-width:1497.6px;margin-left: calc(-4% \/ 2 );margin-right: calc(-4% \/ 2 );\"><div class=\"fusion-layout-column fusion_builder_column fusion-builder-column-0 fusion_builder_column_1_1 1_1 fusion-flex-column\" style=\"--awb-bg-size:cover;--awb-width-large:100%;--awb-margin-top-large:0px;--awb-spacing-right-large:1.92%;--awb-margin-bottom-large:0px;--awb-spacing-left-large:1.92%;--awb-width-medium:100%;--awb-spacing-right-medium:1.92%;--awb-spacing-left-medium:1.92%;--awb-width-small:100%;--awb-spacing-right-small:1.92%;--awb-spacing-left-small:1.92%;\"><div class=\"fusion-column-wrapper fusion-flex-justify-content-flex-start fusion-content-layout-column\"><div class=\"fusion-text fusion-text-1\"><p><a href=\"https:\/\/es.wikipedia.org\/wiki\/Divorcio\" target=\"_blank\" rel=\"noopener\">El divorcio<\/a>\u00a0puede ser una experiencia dif\u00edcil y emocionalmente agotadora. A menudo saca lo peor de las personas, dando lugar a discusiones y agrias disputas. El derecho colaborativo es un nuevo enfoque del divorcio que da prioridad a la comunicaci\u00f3n y la cooperaci\u00f3n frente al litigio. Este enfoque puede hacer que el proceso sea m\u00e1s fluido y menos contencioso, pero es importante contar con un abogado con experiencia que le gu\u00ede.<\/p>\n<\/div><div class=\"fusion-image-element \" style=\"text-align:center;--awb-margin-top:10px;--awb-margin-bottom:10px;--awb-max-width:750px;--awb-caption-title-font-family:var(--h2_typography-font-family);--awb-caption-title-font-weight:var(--h2_typography-font-weight);--awb-caption-title-font-style:var(--h2_typography-font-style);--awb-caption-title-size:var(--h2_typography-font-size);--awb-caption-title-transform:var(--h2_typography-text-transform);--awb-caption-title-line-height:var(--h2_typography-line-height);--awb-caption-title-letter-spacing:var(--h2_typography-letter-spacing);\"><span class=\" fusion-imageframe imageframe-none imageframe-1 hover-type-none\"><img decoding=\"async\" width=\"1024\" height=\"680\" alt=\"Un Divorcio Cooperativo Puede Llevarse Exitosamente A Cabo Con La Representaci\u00f3n De Un Abogado Que Lleve Casos De Ley Colaborativa\" src=\"https:\/\/www.theirvinglawfirm.com\/wp-content\/uploads\/2023\/06\/un-divorcio-cooperativo-puede-llevarse-exitosamente-a-cabo-con-la-representacion-de-un-abogado-que-lleve-casos-de-ley-colaborativa.jpg\" class=\"img-responsive wp-image-10508\" srcset=\"https:\/\/www.theirvinglawfirm.com\/wp-content\/uploads\/2023\/06\/un-divorcio-cooperativo-puede-llevarse-exitosamente-a-cabo-con-la-representacion-de-un-abogado-que-lleve-casos-de-ley-colaborativa-200x133.jpg 200w, https:\/\/www.theirvinglawfirm.com\/wp-content\/uploads\/2023\/06\/un-divorcio-cooperativo-puede-llevarse-exitosamente-a-cabo-con-la-representacion-de-un-abogado-que-lleve-casos-de-ley-colaborativa-400x266.jpg 400w, https:\/\/www.theirvinglawfirm.com\/wp-content\/uploads\/2023\/06\/un-divorcio-cooperativo-puede-llevarse-exitosamente-a-cabo-con-la-representacion-de-un-abogado-que-lleve-casos-de-ley-colaborativa-600x398.jpg 600w, https:\/\/www.theirvinglawfirm.com\/wp-content\/uploads\/2023\/06\/un-divorcio-cooperativo-puede-llevarse-exitosamente-a-cabo-con-la-representacion-de-un-abogado-que-lleve-casos-de-ley-colaborativa-800x531.jpg 800w, https:\/\/www.theirvinglawfirm.com\/wp-content\/uploads\/2023\/06\/un-divorcio-cooperativo-puede-llevarse-exitosamente-a-cabo-con-la-representacion-de-un-abogado-que-lleve-casos-de-ley-colaborativa.jpg 1024w\" sizes=\"(max-width: 640px) 100vw, 1024px\" \/><\/span><\/div><div class=\"fusion-text fusion-text-2\"><p>El derecho colaborativo es un proceso en el que ambas partes trabajan juntas, con la ayuda de sus abogados, para llegar a un acuerdo que sea aceptable para todos. El objetivo es minimizar los conflictos y reducir los costes emocionales y financieros del divorcio. En este enfoque, ambas partes firman un contrato por el que se comprometen a colaborar de buena fe y a revelar toda la informaci\u00f3n pertinente.<\/p>\n<p>El derecho colaborativo tiene varias ventajas sobre el divorcio tradicional. En primer lugar, es menos contencioso. En lugar de que cada parte luche por conseguir lo que quiere, el objetivo es encontrar una soluci\u00f3n que funcione para todos. Este enfoque puede reducir la tensi\u00f3n y conducir a un divorcio m\u00e1s amistoso. En segundo lugar, el derecho colaborativo suele ser m\u00e1s r\u00e1pido que el divorcio tradicional. Esto se debe a que ambas partes colaboran para lograr un objetivo com\u00fan en lugar de luchar la una contra la otra. Por \u00faltimo, el derecho colaborativo suele ser menos costoso que el divorcio tradicional. Esto se debe a que se pasa menos tiempo en los tribunales y hay menos necesidad de costosos litigios.<\/p>\n<p>Uno de los elementos clave del derecho colaborativo es el papel del abogado. Los abogados colaborativos se diferencian de los abogados tradicionales en varios aspectos. En primer lugar, est\u00e1n formados en t\u00e9cnicas de derecho colaborativo y son expertos en comunicaci\u00f3n y negociaci\u00f3n. En segundo lugar, trabajan con el abogado de la otra parte para encontrar una soluci\u00f3n para todos. En tercer lugar, se centran en encontrar soluciones creativas que satisfagan las necesidades de ambas partes. Por \u00faltimo, se comprometen a encontrar una soluci\u00f3n en beneficio de sus clientes en lugar de intentar ganar a toda costa.<\/p>\n<p>Es importante recurrir a un abogado con experiencia cuando se utiliza el derecho colaborativo. Esto se debe a que el derecho colaborativo es un nuevo enfoque, y no todos los abogados est\u00e1n formados en \u00e9l. Un abogado con experiencia podr\u00e1 guiarle a lo largo del proceso y ayudarle a encontrar soluciones creativas a problemas dif\u00edciles. Tambi\u00e9n podr\u00e1n colaborar con el abogado de la otra parte para encontrar una soluci\u00f3n que convenga a todos. Un abogado sin experiencia puede ser incapaz de hacer esto, lo que lleva a una ruptura de la comunicaci\u00f3n y a un divorcio m\u00e1s contencioso.<\/p>\n<p>Adem\u00e1s de recurrir a un abogado con experiencia, tambi\u00e9n es importante abordar el derecho colaborativo con una mentalidad abierta. Esto significa estar dispuesto a escuchar las preocupaciones de la otra parte y trabajar juntos para encontrar una soluci\u00f3n que satisfaga las necesidades de todos. Tambi\u00e9n significa estar dispuesto a ceder en algunas cuestiones para llegar a un acuerdo.<\/p>\n<p>El derecho colaborativo no es adecuado para todo el mundo. En casos con antecedentes de violencia dom\u00e9stica o en los que una de las partes no est\u00e1 dispuesta a colaborar, el derecho colaborativo puede no ser una opci\u00f3n viable. Sin embargo, para muchas parejas, el derecho colaborativo ofrece una v\u00eda de divorcio menos contenciosa, menos costosa y m\u00e1s amistosa.<\/p>\n<p>En conclusi\u00f3n, el derecho colaborativo es un enfoque alternativo al divorcio que prioriza la comunicaci\u00f3n y la cooperaci\u00f3n sobre el litigio. Ofrece varias ventajas sobre el divorcio tradicional, como ser menos contencioso, m\u00e1s r\u00e1pido y menos costoso. Sin embargo, es importante contar con un<a href=\"http:\/\/theirvinglawfirm.com\/\">\u00a0abogado con experiencia<\/a>\u00a0que le gu\u00ede a lo largo del proceso y que aborde el derecho colaborativo con una mentalidad abierta. Si est\u00e1 pensando en divorciarse, quiz\u00e1 le interese explorar la posibilidad de recurrir al derecho colaborativo para que el proceso sea m\u00e1s fluido y menos contencioso.<\/p>\n<p><a href=\"https:\/\/www.theirvinglawfirm.com\/es\/derecho-de-familia\/divorcio\/divorcio-gris\/\">M\u00e1s informaci\u00f3n Respecto El Divorcio<\/a><\/p>\n<p>Y<\/p>\n<p><a href=\"https:\/\/www.theirvinglawfirm.com\/es\/derecho-de-familia\/divorcio\/\">Sobre Nosotros<\/a><\/p>\n<\/div><\/div><\/div><\/div><\/div>\n","protected":false},"excerpt":{"rendered":"","protected":false},"author":3,"featured_media":0,"parent":8344,"menu_order":0,"comment_status":"closed","ping_status":"closed","template":"","meta":{"_analytify_skip_tracking":false,"rank_math_title":"Divorcio Cooperativo: Un Enfoque Colaborativo | The Irving Law Firm","rank_math_description":"El divorcio puede ser una experiencia dif\u00edcil y emocionalmente agotadora. A menudo saca lo peor de las personas, dando lugar a discusiones y agrias disputas.","rank_math_focus_keyword":"divorcio","rank_math_canonical_url":"","footnotes":""},"class_list":["post-10482","page","type-page","status-publish","hentry"],"acf":[],"_links":{"self":[{"href":"https:\/\/www.theirvinglawfirm.com\/es\/wp-json\/wp\/v2\/pages\/10482","targetHints":{"allow":["GET"]}}],"collection":[{"href":"https:\/\/www.theirvinglawfirm.com\/es\/wp-json\/wp\/v2\/pages"}],"about":[{"href":"https:\/\/www.theirvinglawfirm.com\/es\/wp-json\/wp\/v2\/types\/page"}],"author":[{"embeddable":true,"href":"https:\/\/www.theirvinglawfirm.com\/es\/wp-json\/wp\/v2\/users\/3"}],"replies":[{"embeddable":true,"href":"https:\/\/www.theirvinglawfirm.com\/es\/wp-json\/wp\/v2\/comments?post=10482"}],"version-history":[{"count":0,"href":"https:\/\/www.theirvinglawfirm.com\/es\/wp-json\/wp\/v2\/pages\/10482\/revisions"}],"up":[{"embeddable":true,"href":"https:\/\/www.theirvinglawfirm.com\/es\/wp-json\/wp\/v2\/pages\/8344"}],"wp:attachment":[{"href":"https:\/\/www.theirvinglawfirm.com\/es\/wp-json\/wp\/v2\/media?parent=10482"}],"curies":[{"name":"wp","href":"https:\/\/api.w.org\/{rel}","templated":true}]}}