{"id":10389,"date":"2023-06-24T22:14:29","date_gmt":"2023-06-24T22:14:29","guid":{"rendered":"https:\/\/www.theirvinglawfirm.com\/manassas-va\/manassas-va-una-joya-historica-que-le-encantara\/"},"modified":"2024-03-09T00:26:41","modified_gmt":"2024-03-09T00:26:41","slug":"manassas-una-joya-historica","status":"publish","type":"page","link":"https:\/\/www.theirvinglawfirm.com\/es\/manassas-una-joya-historica\/","title":{"rendered":"Manassas, VA, Una Joya Hist\u00f3rica Que Le Encantar\u00e1"},"content":{"rendered":"<div class=\"fusion-fullwidth fullwidth-box fusion-builder-row-1 fusion-flex-container nonhundred-percent-fullwidth non-hundred-percent-height-scrolling\" style=\"--awb-border-radius-top-left:0px;--awb-border-radius-top-right:0px;--awb-border-radius-bottom-right:0px;--awb-border-radius-bottom-left:0px;--awb-flex-wrap:wrap;\" ><div class=\"fusion-builder-row fusion-row fusion-flex-align-items-flex-start fusion-flex-content-wrap\" style=\"max-width:1497.6px;margin-left: calc(-4% \/ 2 );margin-right: calc(-4% \/ 2 );\"><div class=\"fusion-layout-column fusion_builder_column fusion-builder-column-0 fusion_builder_column_1_1 1_1 fusion-flex-column\" style=\"--awb-bg-size:cover;--awb-width-large:100%;--awb-margin-top-large:0px;--awb-spacing-right-large:1.92%;--awb-margin-bottom-large:0px;--awb-spacing-left-large:1.92%;--awb-width-medium:100%;--awb-spacing-right-medium:1.92%;--awb-spacing-left-medium:1.92%;--awb-width-small:100%;--awb-spacing-right-small:1.92%;--awb-spacing-left-small:1.92%;\"><div class=\"fusion-column-wrapper fusion-flex-justify-content-flex-start fusion-content-layout-column\"><div class=\"fusion-text fusion-text-1\"><p><span style=\"font-weight: 400;\">Manassas VA tiene una larga historia como escenario de importantes acontecimientos hist\u00f3ricos. Por ejemplo, fue un nudo ferroviario crucial durante la Guerra Civil, y ambos bandos lo utilizaron para abastecerse y transportarse. Adem\u00e1s, la ciudad es sede de varias universidades, entre ellas <a href=\"https:\/\/www.strayer.edu\/\" target=\"_blank\" rel=\"noopener\">Strayer University-Manassas Campus<\/a>.<\/span><\/p>\n<p><iframe title=\"Reproductor de v\u00eddeo de YouTube\" src=\"https:\/\/www.youtube.com\/embed\/hgmzMtOPZDg\" width=\"100%\" height=\"600\" frameborder=\"0\" allowfullscreen=\"allowfullscreen\"><span data-mce-type=\"bookmark\" style=\"display: inline-block; width: 0px; overflow: hidden; line-height: 0;\" class=\"mce_SELRES_start\"><\/span><\/iframe><\/p>\n<p><span style=\"font-weight: 400;\">Para quienes deseen conocer mejor la historia de Manassas, el Museo y Centro de Visitantes de la ciudad es un buen punto de partida. El centro dispone de abundante informaci\u00f3n sobre la ciudad y folletos que le ayudar\u00e1n a planificar una visita autoguiada.<\/span><\/p>\n<p><span style=\"font-weight: 400;\">Adem\u00e1s de museos, la ciudad tiene muchos otros lugares interesantes que ver y explorar. Por ejemplo, los visitantes pueden hacer un recorrido a pie por el distrito hist\u00f3rico de Manassas para conocer la historia de la zona.<\/span><\/p>\n<p><span style=\"font-weight: 400;\">La ciudad tambi\u00e9n alberga numerosos restaurantes, muchos de los cuales sirven cocina caj\u00fan. En Okra&#8217;s, los clientes pueden disfrutar de platos como arroz sucio, gambas y s\u00e9mola de ma\u00edz, palomitas de cangrejo, bocados de caim\u00e1n, jambalaya y postres como creme brulee y bananas fostered.<\/span><\/p>\n<p><span style=\"font-weight: 400;\">Otro destino divertido en la ciudad es ARTfactory, un espacio art\u00edstico que acoge clases de arte y eventos. La ARTfactory est\u00e1 situada en la antigua f\u00e1brica de caramelos y ofrece un teatro redondo, galer\u00edas y aulas.<\/span><\/p>\n<p><span style=\"font-weight: 400;\">KO Distilling es una destiler\u00eda local que produce licores \u00e9picos con ingredientes de Virginia. Ofrecen vuelos de degustaci\u00f3n y c\u00f3cteles.<\/span><\/p>\n<p><span style=\"font-weight: 400;\">El Museo de Manassas es un excelente lugar para conocer mejor la historia de la ciudad y su papel en la Guerra Civil. El museo cuenta con exposiciones que incluyen reliquias y objetos que se pueden tocar para ofrecer una visi\u00f3n m\u00e1s personal de la historia de Manassas.<\/span><\/p>\n<p><span style=\"font-weight: 400;\">Este museo es una excelente manera de aprender m\u00e1s sobre las batallas que tuvieron lugar en la ciudad y sus alrededores durante la Guerra Civil. El museo abre los siete d\u00edas de la semana y cuenta con diversas exposiciones, as\u00ed que seguro que hay algo que le interesa.<\/span><\/p>\n<p><span style=\"font-weight: 400;\">Hay varios museos interesantes en Manassas VA y sus alrededores, as\u00ed que hay algo que ver para todos los gustos. La exposici\u00f3n principal del museo se llama \u00abLa batalla de Manassas\u00bb e incluye reliquias y objetos que pueden verse en la galer\u00eda, que tiene varios niveles.<\/span><\/p>\n<p><span style=\"font-weight: 400;\">Adem\u00e1s, el museo cuenta con una amplia colecci\u00f3n de fotograf\u00edas y otros soportes que pueden contemplarse desde diversos \u00e1ngulos. Los visitantes tambi\u00e9n pueden comprar sus propias fotos y otros recuerdos en el museo.<\/span><\/p>\n<p><span style=\"font-weight: 400;\">La ciudad de Manassas es un lugar divertido y vibrante para vivir, trabajar y jugar. El centro de la ciudad se ha revitalizado y la zona cuenta con numerosas opciones gastron\u00f3micas.<\/span><\/p>\n<p><span style=\"font-weight: 400;\">Una de las mejores cosas de visitar Manassas es su proximidad a Washington, D.C. Est\u00e1 a un corto trayecto en coche de la capital, y tambi\u00e9n cerca de varias autopistas importantes. Llegar a la capital y salir de ella es f\u00e1cil en coche o en tren, y quienes deseen ir de compras pueden dirigirse al centro comercial Manassas Mall.<\/span><\/p>\n<p><span style=\"font-weight: 400;\">Punto de inter\u00e9s\u00a0 #1 Southern States &#8211; Manassas, 9751 Center St, Manassas, VA 20110<\/span><\/p>\n<p><span style=\"font-weight: 400;\">Punto de inter\u00e9s #2 CAVALRY VILLAGE, Center St, Manassas, VA 20110<\/span><\/p>\n<p><span style=\"font-weight: 400;\">Punto de inter\u00e9s #3 Heritage Brewing Co., 9436 Center Point Ln, Manassas, VA 20110<\/span><\/p>\n<p>C\u00f3mo Llegar A\u00a0<a href=\"http:\/\/theirvinglawfirm.com\/es\">The Irving Law Firm<\/a> Desde Heritage Brewing Co.<\/p>\n<p><iframe style=\"border: 0;\" src=\"https:\/\/www.google.com\/maps\/embed?pb=!1m28!1m12!1m3!1d6222.87372726461!2d-77.48686402268696!3d38.75368298520777!2m3!1f0!2f0!3f0!3m2!1i1024!2i768!4f13.1!4m13!3e0!4m5!1s0x89b65c6b10638605%3A0xd9937e4c8b751870!2sHeritage%20Brewing%20Co.%2C%209436%20Center%20Point%20Ln%2C%20Manassas%2C%20VA%2020110%2C%20United%20States!3m2!1d38.7521543!2d-77.4897238!4m5!1s0x89b65b8a5c9334bb%3A0x1f3aa0d68fc65fda!2sThe%20Irving%20Law%20Firm%2C%209253%20Mosby%20St%202nd%20Floor%2C%20Manassas%2C%20VA%2020110%2C%20United%20States!3m2!1d38.7531865!2d-77.47651599999999!5e0!3m2!1sen!2sph!4v1675808159628!5m2!1sen!2sph\" width=\"600\" height=\"450\" allowfullscreen=\"allowfullscreen\"><span data-mce-type=\"bookmark\" style=\"display: inline-block; width: 0px; overflow: hidden; line-height: 0;\" class=\"mce_SELRES_start\"><\/span><\/iframe><\/p>\n<p><a href=\"https:\/\/www.theirvinglawfirm.com\/es\/manassas-va\/manassas-descubra-su-belleza\/\"><strong>M\u00e1s Informaci\u00f3n Sobre Manassas<\/strong><\/a><\/p>\n<\/div><\/div><\/div><\/div><\/div>\n","protected":false},"excerpt":{"rendered":"","protected":false},"author":3,"featured_media":0,"parent":0,"menu_order":0,"comment_status":"closed","ping_status":"closed","template":"","meta":{"_analytify_skip_tracking":false,"rank_math_title":"Manassas, VA, Una Gema Hist\u00f3rica Que Le Encantar\u00e1 | The Irving Law Firm","rank_math_description":"Manassas VA cuenta con una larga historia como escenario de importantes acontecimientos hist\u00f3ricos y es sede de varias universidades.","rank_math_focus_keyword":"manassas","rank_math_canonical_url":"","footnotes":""},"class_list":["post-10389","page","type-page","status-publish","hentry"],"acf":[],"_links":{"self":[{"href":"https:\/\/www.theirvinglawfirm.com\/es\/wp-json\/wp\/v2\/pages\/10389","targetHints":{"allow":["GET"]}}],"collection":[{"href":"https:\/\/www.theirvinglawfirm.com\/es\/wp-json\/wp\/v2\/pages"}],"about":[{"href":"https:\/\/www.theirvinglawfirm.com\/es\/wp-json\/wp\/v2\/types\/page"}],"author":[{"embeddable":true,"href":"https:\/\/www.theirvinglawfirm.com\/es\/wp-json\/wp\/v2\/users\/3"}],"replies":[{"embeddable":true,"href":"https:\/\/www.theirvinglawfirm.com\/es\/wp-json\/wp\/v2\/comments?post=10389"}],"version-history":[{"count":0,"href":"https:\/\/www.theirvinglawfirm.com\/es\/wp-json\/wp\/v2\/pages\/10389\/revisions"}],"wp:attachment":[{"href":"https:\/\/www.theirvinglawfirm.com\/es\/wp-json\/wp\/v2\/media?parent=10389"}],"curies":[{"name":"wp","href":"https:\/\/api.w.org\/{rel}","templated":true}]}}