{"id":10377,"date":"2023-06-24T21:48:28","date_gmt":"2023-06-24T21:48:28","guid":{"rendered":"https:\/\/www.theirvinglawfirm.com\/manassas-va\/manassas-una-ciudad-que-querra-volver-a-visitar\/"},"modified":"2024-03-11T19:12:07","modified_gmt":"2024-03-11T19:12:07","slug":"manassas-una-ciudad-que-querra-visitar","status":"publish","type":"page","link":"https:\/\/www.theirvinglawfirm.com\/es\/manassas-una-ciudad-que-querra-visitar\/","title":{"rendered":"Manassas: Una Ciudad Que Querr\u00e1 Volver A Visitar"},"content":{"rendered":"<div class=\"fusion-fullwidth fullwidth-box fusion-builder-row-1 fusion-flex-container nonhundred-percent-fullwidth non-hundred-percent-height-scrolling\" style=\"--awb-border-radius-top-left:0px;--awb-border-radius-top-right:0px;--awb-border-radius-bottom-right:0px;--awb-border-radius-bottom-left:0px;--awb-flex-wrap:wrap;\" ><div class=\"fusion-builder-row fusion-row fusion-flex-align-items-flex-start fusion-flex-content-wrap\" style=\"max-width:1497.6px;margin-left: calc(-4% \/ 2 );margin-right: calc(-4% \/ 2 );\"><div class=\"fusion-layout-column fusion_builder_column fusion-builder-column-0 fusion_builder_column_1_1 1_1 fusion-flex-column\" style=\"--awb-bg-size:cover;--awb-width-large:100%;--awb-margin-top-large:0px;--awb-spacing-right-large:1.92%;--awb-margin-bottom-large:0px;--awb-spacing-left-large:1.92%;--awb-width-medium:100%;--awb-spacing-right-medium:1.92%;--awb-spacing-left-medium:1.92%;--awb-width-small:100%;--awb-spacing-right-small:1.92%;--awb-spacing-left-small:1.92%;\"><div class=\"fusion-column-wrapper fusion-flex-justify-content-flex-start fusion-content-layout-column\"><div class=\"fusion-text fusion-text-1\"><p><span style=\"font-weight: 400;\"><a href=\"https:\/\/www.manassasva.gov\/\" target=\"_blank\" rel=\"noopener\">Manassas VA<\/a> es una peque\u00f1a ciudad que alberga algunos museos muy interesantes y encantadores edificios hist\u00f3ricos. Tambi\u00e9n es conocida por su papel en la Guerra Civil y es un lugar ideal para pasar un d\u00eda explor\u00e1ndola.<\/span><\/p>\n<p><iframe title=\"Reproductor de v\u00eddeo de YouTube\" src=\"https:\/\/www.youtube.com\/embed\/RTgaOFW9FGo\" width=\"100%\" height=\"600\" frameborder=\"0\" allowfullscreen=\"allowfullscreen\"><span data-mce-type=\"bookmark\" style=\"display: inline-block; width: 0px; overflow: hidden; line-height: 0;\" class=\"mce_SELRES_start\"><\/span><\/iframe><\/p>\n<p><span style=\"font-weight: 400;\">La Primera Batalla de Bull Run (tambi\u00e9n llamada Primera Manassas) tuvo lugar en 1861 y se libr\u00f3 cerca de esta ciudad. Fue la primera gran batalla terrestre de la Guerra Civil estadounidense y se libr\u00f3 frente al ferrocarril de Manassas Gap. Se trataba de un nudo estrat\u00e9gico en el que dos v\u00edas f\u00e9rreas un\u00edan el norte de Virginia y Washington D.C. con el valle de Shenandoah y Richmond, y la Confederaci\u00f3n utiliz\u00f3 este ferrocarril como dep\u00f3sito de suministros en caso de conflicto.<\/span><\/p>\n<p><span style=\"font-weight: 400;\">Esta zona tiene muchos lugares hist\u00f3ricos que visitar, pero uno de los m\u00e1s populares es el Parque Nacional del Campo de Batalla de Manassas. En este parque se libraron la Primera y la Segunda Batalla de Bull Run y es un lugar estupendo para conocer mejor la historia de esta ciudad.<\/span><\/p>\n<p><span style=\"font-weight: 400;\">Explorar el distrito de Old Town Manassas es otra forma estupenda de hacerse una idea de esta zona. Es un lugar maravilloso para visitar, ya que hay muchas tiendas y restaurantes familiares de los que podr\u00e1 disfrutar. Hay muchas galer\u00edas, as\u00ed que es un lugar estupendo para ir de compras y encontrar algo \u00fanico.<\/span><\/p>\n<p><span style=\"font-weight: 400;\">Para los amantes del arte, hay un fant\u00e1stico centro de arte en Manassas VA llamado ARTfactory. Este centro est\u00e1 ubicado en la antigua F\u00e1brica de Caramelos y cuenta con un teatro redondo, una galer\u00eda y varias clases disponibles para personas de todas las edades. Puedes apuntarte a clases puntuales o de larga duraci\u00f3n de diversas artes y actividades, como danza, teatro y arte.<\/span><\/p>\n<p><span style=\"font-weight: 400;\">Tambi\u00e9n puede visitar varias exposiciones de artistas locales y for\u00e1neos que se celebran en el centro. Incluso puede asistir a una recepci\u00f3n y conocer a algunos de los artistas.<\/span><\/p>\n<p><span style=\"font-weight: 400;\">La estaci\u00f3n de tren es otra atracci\u00f3n popular para quienes visitan esta ciudad. En esta estaci\u00f3n paran los tres trenes de Amtrak Northeast Regional, Cardinal y Crescent. Tambi\u00e9n es la estaci\u00f3n principal del Virginia Railway Express. La estaci\u00f3n fue el tel\u00f3n de fondo de la foto de portada del \u00e1lbum de Stephen Stills, Manassas.<\/span><\/p>\n<p><span style=\"font-weight: 400;\">Otras atracciones tur\u00edsticas populares son el centro comercial Manassas Mall y el parque regional Bull Run. El Manassas Mall es un gran centro comercial que ofrece una gran variedad de tiendas y restaurantes. Tambi\u00e9n hay algunas actividades divertidas en el centro comercial, como una bolera, l\u00e1ser tag y una pista de velocidad cubierta.<\/span><\/p>\n<p><span style=\"font-weight: 400;\">En verano, un pabell\u00f3n suele albergar conciertos y espect\u00e1culos para disfrute de los visitantes. El centro comercial tambi\u00e9n cuenta con un enorme aparcamiento y es f\u00e1cilmente accesible desde la carretera principal.<\/span><\/p>\n<p><span style=\"font-weight: 400;\">Hay una gran variedad de restaurantes, desde pubs tradicionales hasta alta cocina. Si busca una comida agradable y relajante, pruebe Okra&#8217;s Louisiana Bistro para degustar platos criollos y caj\u00fan.<\/span><\/p>\n<p><span style=\"font-weight: 400;\">Punto de inter\u00e9s #1 Norfolk Southern Manassas, 9595 Stonewall Rd, Manassas, VA 20110<\/span><\/p>\n<p><span style=\"font-weight: 400;\">Punto de inter\u00e9s #2 Unity Center-Praise &amp; Dlvrnc, 9520 Prince William St, Manassas, VA 20110<\/span><\/p>\n<p><span style=\"font-weight: 400;\">Punto de inter\u00e9s #3 Zion Christian Assembly, 9518 Prince William St, Manassas, VA 20110<\/span><\/p>\n<p>C\u00f3mo Llegar A <a href=\"http:\/\/theirvinglawfirm.com\/es\">The Irving Law Firm<\/a> Desde Zion Christian Assembly<\/p>\n<p><iframe style=\"border: 0;\" src=\"https:\/\/www.google.com\/maps\/embed?pb=!1m28!1m12!1m3!1d6223.133850621247!2d-77.48459487268723!3d38.75069913555934!2m3!1f0!2f0!3f0!3m2!1i1024!2i768!4f13.1!4m13!3e0!4m5!1s0x89b65c130f68e433%3A0xbdc07e888a8d6afc!2sZion%20Christian%20Assembly%2C%209518%20Prince%20William%20St%2C%20Manassas%2C%20VA%2020110%2C%20United%20States!3m2!1d38.748027799999996!2d-77.4855651!4m5!1s0x89b65b8a5c9334bb%3A0x1f3aa0d68fc65fda!2sThe%20Irving%20Law%20Firm%2C%209253%20Mosby%20St%202nd%20Floor%2C%20Manassas%2C%20VA%2020110%2C%20United%20States!3m2!1d38.7531865!2d-77.47651599999999!5e0!3m2!1sen!2sph!4v1675807453441!5m2!1sen!2sph\" width=\"600\" height=\"450\" allowfullscreen=\"allowfullscreen\"><span data-mce-type=\"bookmark\" style=\"display: inline-block; width: 0px; overflow: hidden; line-height: 0;\" class=\"mce_SELRES_start\"><\/span><\/iframe><\/p>\n<p><a href=\"https:\/\/www.theirvinglawfirm.com\/es\/manassas-va\/manassas-historia-y-encanto\/\"><strong>Explore La Ciudad<\/strong><\/a><\/p>\n<\/div><\/div><\/div><\/div><\/div>\n","protected":false},"excerpt":{"rendered":"","protected":false},"author":3,"featured_media":0,"parent":0,"menu_order":0,"comment_status":"closed","ping_status":"closed","template":"","meta":{"_analytify_skip_tracking":false,"rank_math_title":"Manassas: Una Ciudad Que Querr\u00e1 Volver A Visitar | The Irving Law Firm","rank_math_description":"Si desea explorar parte de la historia de Virginia, Manassas VA es un excelente punto de partida. Esta ciudad alberga dos batallas de la Guerra Civil, un puente de piedra hist\u00f3rico y un pr\u00f3spero sistema de museos.","rank_math_focus_keyword":"manassas","rank_math_canonical_url":"","footnotes":""},"class_list":["post-10377","page","type-page","status-publish","hentry"],"acf":[],"_links":{"self":[{"href":"https:\/\/www.theirvinglawfirm.com\/es\/wp-json\/wp\/v2\/pages\/10377","targetHints":{"allow":["GET"]}}],"collection":[{"href":"https:\/\/www.theirvinglawfirm.com\/es\/wp-json\/wp\/v2\/pages"}],"about":[{"href":"https:\/\/www.theirvinglawfirm.com\/es\/wp-json\/wp\/v2\/types\/page"}],"author":[{"embeddable":true,"href":"https:\/\/www.theirvinglawfirm.com\/es\/wp-json\/wp\/v2\/users\/3"}],"replies":[{"embeddable":true,"href":"https:\/\/www.theirvinglawfirm.com\/es\/wp-json\/wp\/v2\/comments?post=10377"}],"version-history":[{"count":0,"href":"https:\/\/www.theirvinglawfirm.com\/es\/wp-json\/wp\/v2\/pages\/10377\/revisions"}],"wp:attachment":[{"href":"https:\/\/www.theirvinglawfirm.com\/es\/wp-json\/wp\/v2\/media?parent=10377"}],"curies":[{"name":"wp","href":"https:\/\/api.w.org\/{rel}","templated":true}]}}